{"id":11393,"date":"2023-08-11T07:47:40","date_gmt":"2023-08-11T07:47:40","guid":{"rendered":"https:\/\/o7-organic.com\/comprar\/opakowanie-5-szklanych-butelek-wielokrotnego-napelniania-250-ml-5-strzykawek-dozujacych-bursztynowe-szklane-kanistry-do-przechowywania-dwutlenku-chloru-cds-hermetycznie-uszczelnione-zamkniecie-g\/"},"modified":"2023-08-11T07:47:40","modified_gmt":"2023-08-11T07:47:40","slug":"butelki-krystaliczne-wielokrotnego-napelniania-ambar-przechowywanie-chloru-ditlenku-cds-gotero-doser","status":"publish","type":"product","link":"https:\/\/o7-organic.com\/pl\/kupi\u0107\/butelki-krystaliczne-wielokrotnego-napelniania-ambar-przechowywanie-chloru-ditlenku-cds-gotero-doser\/","title":{"rendered":"Opakowanie 5 szklanych butelek wielokrotnego nape\u0142niania 250 ml + 5 strzykawek dozuj\u0105cych. Bursztynowe szklane kanistry do przechowywania dwutlenku chloru (CDS). Hermetycznie uszczelnione zamkni\u0119cie gwintowane bez wylotu gazu i dozownika."},"content":{"rendered":"<h2>Szklane butelki wielokrotnego nape\u0142niania do przechowywania dwutlenku chloru: najlepsze rozwi\u0105zanie do optymalnego przechowywania wysokiej jako\u015bci CDS<\/h2>\n<p>W naszym sklepie internetowym dost\u0119pne s\u0105 butelki z bursztynowego szk\u0142a wielokrotnego nape\u0142niania, zaprojektowane specjalnie w celu zagwarantowania najwy\u017cszej jako\u015bci przechowywania dwutlenku chloru (CDS). Nasze zaanga\u017cowanie w doskona\u0142o\u015b\u0107 i ochron\u0119 cennej zawarto\u015bci jest widoczne w ka\u017cdym szczeg\u00f3le tych najnowocze\u015bniejszych butelek.<\/p>\n<h2>S\u0142oiki z bursztynowego szk\u0142a dla optymalnej konserwacji CDS: niezr\u00f3wnana ochrona<\/h2>\n<p>Wyb\u00f3r materia\u0142u ma kluczowe znaczenie dla utrzymania czysto\u015bci dwutlenku chloru (CDS). Nasze butelki s\u0105 wykonane z bardzo odpornego i trwa\u0142ego bursztynowego szk\u0142a, kt\u00f3re nie tylko ca\u0142kowicie blokuje szkodliwe promienie ultrafioletowe, ale tak\u017ce dzia\u0142a jako solidna bariera przed szkodliwym dzia\u0142aniem \u015bwiat\u0142a s\u0142onecznego. Zapewnia to, \u017ce CDS jest utrzymywany w optymalnym stanie, gotowy do u\u017cycia przez ca\u0142y czas.<\/p>\n<h2>Hermetycznie zamkni\u0119te szklane butelki z zakraplaczem: wbudowana precyzja i bezpiecze\u0144stwo<\/h2>\n<p>Innowacyjno\u015b\u0107 i funkcjonalno\u015b\u0107 \u0142\u0105cz\u0105 si\u0119 w naszych szklanych s\u0142oikach z hermetycznym zamkni\u0119ciem. Koniec z obawami o wycieki gazu lub niepo\u017c\u0105dane zanieczyszczenia. To zamkni\u0119cie zapewnia doskona\u0142e uszczelnienie, kt\u00f3re zachowuje integralno\u015b\u0107 dwutlenku chloru (CDS) i gwarantuje jego dost\u0119pno\u015b\u0107, gdy jest najbardziej potrzebny.<\/p>\n<p>Ale to nie wszystko. Poszli\u015bmy o krok dalej w kwestii wygody i precyzji, wprowadzaj\u0105c nasadk\u0119 dozuj\u0105c\u0105 w kszta\u0142cie zakraplacza. Funkcja ta pozwala na wygodne i dok\u0142adne dozowanie, co znacznie upraszcza proces pomiaru i dozowania CDS. Niezale\u017cnie od tego, czy u\u017cywasz tych butelek w \u015brodowisku domowym, czy profesjonalnym, nasz system dozowania zosta\u0142 zaprojektowany tak, aby zapewni\u0107 Ci pe\u0142n\u0105 kontrol\u0119.<\/p>\n<h2>Wielorakie zastosowania i zr\u00f3wnowa\u017cony rozw\u00f3j \u015brodowiska: poza przechowywaniem CDS<\/h2>\n<p>Chocia\u017c nasze butelki s\u0105 zoptymalizowane pod k\u0105tem bezpiecznego przechowywania dwutlenku chloru (CDS), ich wszechstronno\u015b\u0107 wykracza daleko poza to. Te szklane s\u0142oiki wielokrotnego nape\u0142niania s\u0105 idealne do r\u00f3\u017cnych zastosowa\u0144, od przechowywania produkt\u00f3w zdrowotnych i farmaceutycznych po p\u0142yny do higieny osobistej i domowe preparaty. Ich charakter wielokrotnego u\u017cytku i zaanga\u017cowanie w zr\u00f3wnowa\u017cony rozw\u00f3j sprawiaj\u0105, \u017ce s\u0105 one \u015bwiadomym wyborem dla tych, kt\u00f3rzy ceni\u0105 sobie ochron\u0119 \u015brodowiska.<\/p>\n<p>Kr\u00f3tko m\u00f3wi\u0105c, nasze szklane butelki do przechowywania dwutlenku chloru wielokrotnego nape\u0142niania s\u0105 najlepszym wyborem dla tych, kt\u00f3rzy szukaj\u0105 najwy\u017cszej jako\u015bci w przechowywaniu CDS. Dzi\u0119ki takim cechom jak bursztynowe szk\u0142o chronione przed promieniowaniem UV, gazoszczelne uszczelnienie i zakraplacz, butelki te zosta\u0142y zaprojektowane z my\u015bl\u0105 o precyzji, bezpiecze\u0144stwie i wszechstronno\u015bci. Odkryj r\u00f3\u017cnic\u0119, jak\u0105 mo\u017cesz wprowadzi\u0107 do swojego magazynu CDS i nie tylko, dzi\u0119ki naszym innowacyjnym rozwi\u0105zaniom.<\/p>\n<p>W naszym sklepie internetowym mo\u017cna kupi\u0107 ju\u017c <a href=\"https:\/\/o7-organic.com\/comprar\/dioxido-de-cloro-cds-3000-ppm\/\">wyprodukowany CDS o st\u0119\u017ceniu 3000 ppm.<\/a> kupi\u0107 <a href=\"https:\/\/lghealth-isystems.eu\/\" target=\"_blank\" rel=\"noopener\">elektrolityczny generator dwutlenku chloru (CDS), aby wytworzy\u0107 w\u0142asny CDS<\/a> i przechowywa\u0107 go w wysoce odpornych szklanych butelkach.<\/p>\n","protected":false},"excerpt":{"rendered":"<p><strong>ABSOLUTNA OCHRONA:<\/strong> Nasze najwy\u017cszej jako\u015bci butelki z bursztynowego szk\u0142a s\u0105 specjalnie zaprojektowane do bezpiecznego przechowywania dwutlenku chloru (CDS). Wysoce odporne bursztynowe szk\u0142o ca\u0142kowicie blokuje szkodliwe promienie ultrafioletowe, zapewniaj\u0105c skuteczn\u0105 barier\u0119 przed dzia\u0142aniem promieni s\u0142onecznych i zachowuj\u0105c czysto\u015b\u0107 zawarto\u015bci.<\/p>\n<p><strong>\u26a1\ufe0f HERMETYCZNE USZCZELNIENIE ANTYGAZOWE:<\/strong> Hermetyczna zakr\u0119tka zapewnia doskona\u0142e uszczelnienie, zapobiegaj\u0105c wyciekom gazu i utrzymuj\u0105c integralno\u015b\u0107 dwutlenku chloru (CDS). Mo\u017cesz mie\u0107 pewno\u015b\u0107, \u017ce Twoje cenne tre\u015bci pozostan\u0105 nienaruszone i zawsze gotowe do u\u017cycia.<\/p>\n<p><strong>DOK\u0141ADNE I WYGODNE DAWKOWANIE Z NASADK\u0104 DAWKUJ\u0104C\u0104:<\/strong> Nasadka dozuj\u0105ca w kszta\u0142cie zakraplacza zapewnia dok\u0142adny i \u0142atwy spos\u00f3b odmierzania i dozowania dwutlenku chloru (CDS). Nasza ergonomiczna konstrukcja zapewnia szybkie i dok\u0142adne dozowanie, dzi\u0119ki czemu jest \u0142atwa w u\u017cyciu zar\u00f3wno w zastosowaniach domowych, jak i profesjonalnych. Ponadto opakowanie zawiera 5 strzykawek dozuj\u0105cych, kt\u00f3re pomagaj\u0105 uzyska\u0107 dok\u0142adn\u0105 dawk\u0119.<\/p>\n<p><strong>BEZ BPA I PRZYJAZNE DLA \u015aRODOWISKA:<\/strong> W trosce o dobre samopoczucie u\u017cytkownika i ca\u0142ej planety nasze butelki s\u0105 w 100% wolne od BPA (bisfenolu A), zwi\u0105zku chemicznego szkodliwego dla zdrowia i \u015brodowiska. Przyczyniamy si\u0119 do ochrony \u015brodowiska, oferuj\u0105c opakowania nadaj\u0105ce si\u0119 do recyklingu i przyjazne dla \u015brodowiska.<\/p>\n<p><strong>WSZECHSTRONNE I WIELOKROTNEGO U\u017bYTKU:<\/strong> Te butelki z bursztynowego szk\u0142a s\u0105 idealne nie tylko do przechowywania dwutlenku chloru (CDS), ale tak\u017ce do r\u00f3\u017cnych zastosowa\u0144, takich jak urz\u0105dzenia medyczne, materia\u0142y laboratoryjne, farmaceutyki, p\u0142yny do higieny osobistej i preparaty gospodarstwa domowego. Jego \u0142adowalna i zmywalna konstrukcja zapewnia d\u0142ugie i wszechstronne u\u017cytkowanie.<\/p>\n","protected":false},"featured_media":11108,"comment_status":"open","ping_status":"closed","template":"","meta":[],"product_brand":[],"product_cat":[142],"product_tag":[281,279,282,280,278],"class_list":{"0":"post-11393","1":"product","2":"type-product","3":"status-publish","4":"has-post-thumbnail","6":"product_cat-pojemnik-magnetyczny","7":"product_tag-andreas-kalcker-pl","8":"product_tag-cds-pl","9":"product_tag-domowe-plyty-cd","10":"product_tag-dwutlenek-chloru","11":"product_tag-szklane-butelki","13":"first","14":"outofstock","15":"sale","16":"taxable","17":"shipping-taxable","18":"purchasable","19":"product-type-simple"},"yoast_head":"<!-- This site is optimized with the Yoast SEO plugin v27.3 - https:\/\/yoast.com\/product\/yoast-seo-wordpress\/ -->\n<title>Butelki i strzykawki z dwutlenkiem chloru do wielokrotnego nape\u0142niania CDS<\/title>\n<meta name=\"description\" content=\"Kup butelki wielokrotnego nape\u0142niania do przechowywania dwutlenku chloru (CDS) w domu. Szklane butelki z do\u0142\u0105czonym dozownikiem i hermetycznym zamkni\u0119ciem.\" \/>\n<meta name=\"robots\" content=\"index, follow, max-snippet:-1, max-image-preview:large, max-video-preview:-1\" \/>\n<link rel=\"canonical\" href=\"https:\/\/o7-organic.com\/pl\/kupi\u0107\/opakowanie-5-szklanych-butelek-wielokrotnego-napelniania-250-ml-5-strzykawek-dozujacych-bursztynowe-szklane-kanistry-do-przechowywania-dwutlenku-chloru-cds-hermetycznie-uszczelnione-zamkniecie-g\/\" \/>\n<meta property=\"og:locale\" content=\"pl_PL\" \/>\n<meta property=\"og:type\" content=\"article\" \/>\n<meta property=\"og:title\" content=\"Butelki i strzykawki z dwutlenkiem chloru do wielokrotnego nape\u0142niania CDS\" \/>\n<meta property=\"og:description\" content=\"Kup butelki wielokrotnego nape\u0142niania do przechowywania dwutlenku chloru (CDS) w domu. Szklane butelki z do\u0142\u0105czonym dozownikiem i hermetycznym zamkni\u0119ciem.\" \/>\n<meta property=\"og:url\" content=\"https:\/\/o7-organic.com\/pl\/kupi\u0107\/opakowanie-5-szklanych-butelek-wielokrotnego-napelniania-250-ml-5-strzykawek-dozujacych-bursztynowe-szklane-kanistry-do-przechowywania-dwutlenku-chloru-cds-hermetycznie-uszczelnione-zamkniecie-g\/\" \/>\n<meta property=\"og:site_name\" content=\"O7-Organic\" \/>\n<meta property=\"og:image\" content=\"https:\/\/o7-organic.com\/wp-content\/uploads\/2023\/08\/frascos-cristal-ambar-cierre-rosca-dosificador-gotero-cds-2.jpg\" \/>\n\t<meta property=\"og:image:width\" content=\"2000\" \/>\n\t<meta property=\"og:image:height\" content=\"2000\" \/>\n\t<meta property=\"og:image:type\" content=\"image\/jpeg\" \/>\n<meta name=\"twitter:card\" content=\"summary_large_image\" \/>\n<meta name=\"twitter:label1\" content=\"Szacowany czas czytania\" \/>\n\t<meta name=\"twitter:data1\" content=\"2 minuty\" \/>\n<script type=\"application\/ld+json\" class=\"yoast-schema-graph\">{\"@context\":\"https:\\\/\\\/schema.org\",\"@graph\":[{\"@type\":\"WebPage\",\"@id\":\"https:\\\/\\\/o7-organic.com\\\/pl\\\/kupi\u0107\\\/opakowanie-5-szklanych-butelek-wielokrotnego-napelniania-250-ml-5-strzykawek-dozujacych-bursztynowe-szklane-kanistry-do-przechowywania-dwutlenku-chloru-cds-hermetycznie-uszczelnione-zamkniecie-g\\\/\",\"url\":\"https:\\\/\\\/o7-organic.com\\\/pl\\\/kupi\u0107\\\/opakowanie-5-szklanych-butelek-wielokrotnego-napelniania-250-ml-5-strzykawek-dozujacych-bursztynowe-szklane-kanistry-do-przechowywania-dwutlenku-chloru-cds-hermetycznie-uszczelnione-zamkniecie-g\\\/\",\"name\":\"Butelki i strzykawki z dwutlenkiem chloru do wielokrotnego nape\u0142niania CDS\",\"isPartOf\":{\"@id\":\"https:\\\/\\\/o7-organic.com\\\/#website\"},\"primaryImageOfPage\":{\"@id\":\"https:\\\/\\\/o7-organic.com\\\/pl\\\/kupi\u0107\\\/opakowanie-5-szklanych-butelek-wielokrotnego-napelniania-250-ml-5-strzykawek-dozujacych-bursztynowe-szklane-kanistry-do-przechowywania-dwutlenku-chloru-cds-hermetycznie-uszczelnione-zamkniecie-g\\\/#primaryimage\"},\"image\":{\"@id\":\"https:\\\/\\\/o7-organic.com\\\/pl\\\/kupi\u0107\\\/opakowanie-5-szklanych-butelek-wielokrotnego-napelniania-250-ml-5-strzykawek-dozujacych-bursztynowe-szklane-kanistry-do-przechowywania-dwutlenku-chloru-cds-hermetycznie-uszczelnione-zamkniecie-g\\\/#primaryimage\"},\"thumbnailUrl\":\"https:\\\/\\\/o7-organic.com\\\/wp-content\\\/uploads\\\/2023\\\/08\\\/frascos-cristal-ambar-cierre-rosca-dosificador-gotero-cds-2.jpg\",\"datePublished\":\"2023-08-11T07:47:40+00:00\",\"description\":\"Kup butelki wielokrotnego nape\u0142niania do przechowywania dwutlenku chloru (CDS) w domu. Szklane butelki z do\u0142\u0105czonym dozownikiem i hermetycznym zamkni\u0119ciem.\",\"breadcrumb\":{\"@id\":\"https:\\\/\\\/o7-organic.com\\\/pl\\\/kupi\u0107\\\/opakowanie-5-szklanych-butelek-wielokrotnego-napelniania-250-ml-5-strzykawek-dozujacych-bursztynowe-szklane-kanistry-do-przechowywania-dwutlenku-chloru-cds-hermetycznie-uszczelnione-zamkniecie-g\\\/#breadcrumb\"},\"inLanguage\":\"pl-PL\",\"potentialAction\":[{\"@type\":\"ReadAction\",\"target\":[\"https:\\\/\\\/o7-organic.com\\\/pl\\\/kupi\u0107\\\/opakowanie-5-szklanych-butelek-wielokrotnego-napelniania-250-ml-5-strzykawek-dozujacych-bursztynowe-szklane-kanistry-do-przechowywania-dwutlenku-chloru-cds-hermetycznie-uszczelnione-zamkniecie-g\\\/\"]}]},{\"@type\":\"ImageObject\",\"inLanguage\":\"pl-PL\",\"@id\":\"https:\\\/\\\/o7-organic.com\\\/pl\\\/kupi\u0107\\\/opakowanie-5-szklanych-butelek-wielokrotnego-napelniania-250-ml-5-strzykawek-dozujacych-bursztynowe-szklane-kanistry-do-przechowywania-dwutlenku-chloru-cds-hermetycznie-uszczelnione-zamkniecie-g\\\/#primaryimage\",\"url\":\"https:\\\/\\\/o7-organic.com\\\/wp-content\\\/uploads\\\/2023\\\/08\\\/frascos-cristal-ambar-cierre-rosca-dosificador-gotero-cds-2.jpg\",\"contentUrl\":\"https:\\\/\\\/o7-organic.com\\\/wp-content\\\/uploads\\\/2023\\\/08\\\/frascos-cristal-ambar-cierre-rosca-dosificador-gotero-cds-2.jpg\",\"width\":2000,\"height\":2000,\"caption\":\"Botellas rellenables para almacenar di\u00f3xido de cloro con Cierre de Rosca y Gotero Dosificador\"},{\"@type\":\"BreadcrumbList\",\"@id\":\"https:\\\/\\\/o7-organic.com\\\/pl\\\/kupi\u0107\\\/opakowanie-5-szklanych-butelek-wielokrotnego-napelniania-250-ml-5-strzykawek-dozujacych-bursztynowe-szklane-kanistry-do-przechowywania-dwutlenku-chloru-cds-hermetycznie-uszczelnione-zamkniecie-g\\\/#breadcrumb\",\"itemListElement\":[{\"@type\":\"ListItem\",\"position\":1,\"name\":\"Portada\",\"item\":\"https:\\\/\\\/o7-organic.com\\\/\"},{\"@type\":\"ListItem\",\"position\":2,\"name\":\"Sklep\",\"item\":\"https:\\\/\\\/o7-organic.com\\\/pl\\\/sklep\\\/\"},{\"@type\":\"ListItem\",\"position\":3,\"name\":\"Opakowanie 5 szklanych butelek wielokrotnego nape\u0142niania 250 ml + 5 strzykawek dozuj\u0105cych. Bursztynowe szklane kanistry do przechowywania dwutlenku chloru (CDS). Hermetycznie uszczelnione zamkni\u0119cie gwintowane bez wylotu gazu i dozownika.\"}]},{\"@type\":\"WebSite\",\"@id\":\"https:\\\/\\\/o7-organic.com\\\/#website\",\"url\":\"https:\\\/\\\/o7-organic.com\\\/\",\"name\":\"O7-Organic\",\"description\":\"Innovaci\u00f3n en salud a tu alcance\",\"publisher\":{\"@id\":\"https:\\\/\\\/o7-organic.com\\\/#organization\"},\"potentialAction\":[{\"@type\":\"SearchAction\",\"target\":{\"@type\":\"EntryPoint\",\"urlTemplate\":\"https:\\\/\\\/o7-organic.com\\\/?s={search_term_string}\"},\"query-input\":{\"@type\":\"PropertyValueSpecification\",\"valueRequired\":true,\"valueName\":\"search_term_string\"}}],\"inLanguage\":\"pl-PL\"},{\"@type\":\"Organization\",\"@id\":\"https:\\\/\\\/o7-organic.com\\\/#organization\",\"name\":\"O7-Organic\",\"url\":\"https:\\\/\\\/o7-organic.com\\\/\",\"logo\":{\"@type\":\"ImageObject\",\"inLanguage\":\"pl-PL\",\"@id\":\"https:\\\/\\\/o7-organic.com\\\/#\\\/schema\\\/logo\\\/image\\\/\",\"url\":\"https:\\\/\\\/o7-organic.com\\\/wp-content\\\/uploads\\\/2023\\\/03\\\/logo_o7_organic.png\",\"contentUrl\":\"https:\\\/\\\/o7-organic.com\\\/wp-content\\\/uploads\\\/2023\\\/03\\\/logo_o7_organic.png\",\"width\":512,\"height\":512,\"caption\":\"O7-Organic\"},\"image\":{\"@id\":\"https:\\\/\\\/o7-organic.com\\\/#\\\/schema\\\/logo\\\/image\\\/\"},\"sameAs\":[\"https:\\\/\\\/www.instagram.com\\\/o7organic\\\/\"]}]}<\/script>\n<!-- \/ Yoast SEO plugin. -->","yoast_head_json":{"title":"Butelki i strzykawki z dwutlenkiem chloru do wielokrotnego nape\u0142niania CDS","description":"Kup butelki wielokrotnego nape\u0142niania do przechowywania dwutlenku chloru (CDS) w domu. Szklane butelki z do\u0142\u0105czonym dozownikiem i hermetycznym zamkni\u0119ciem.","robots":{"index":"index","follow":"follow","max-snippet":"max-snippet:-1","max-image-preview":"max-image-preview:large","max-video-preview":"max-video-preview:-1"},"canonical":"https:\/\/o7-organic.com\/pl\/kupi\u0107\/opakowanie-5-szklanych-butelek-wielokrotnego-napelniania-250-ml-5-strzykawek-dozujacych-bursztynowe-szklane-kanistry-do-przechowywania-dwutlenku-chloru-cds-hermetycznie-uszczelnione-zamkniecie-g\/","og_locale":"pl_PL","og_type":"article","og_title":"Butelki i strzykawki z dwutlenkiem chloru do wielokrotnego nape\u0142niania CDS","og_description":"Kup butelki wielokrotnego nape\u0142niania do przechowywania dwutlenku chloru (CDS) w domu. Szklane butelki z do\u0142\u0105czonym dozownikiem i hermetycznym zamkni\u0119ciem.","og_url":"https:\/\/o7-organic.com\/pl\/kupi\u0107\/opakowanie-5-szklanych-butelek-wielokrotnego-napelniania-250-ml-5-strzykawek-dozujacych-bursztynowe-szklane-kanistry-do-przechowywania-dwutlenku-chloru-cds-hermetycznie-uszczelnione-zamkniecie-g\/","og_site_name":"O7-Organic","og_image":[{"width":2000,"height":2000,"url":"https:\/\/o7-organic.com\/wp-content\/uploads\/2023\/08\/frascos-cristal-ambar-cierre-rosca-dosificador-gotero-cds-2.jpg","type":"image\/jpeg"}],"twitter_card":"summary_large_image","twitter_misc":{"Szacowany czas czytania":"2 minuty"},"schema":{"@context":"https:\/\/schema.org","@graph":[{"@type":"WebPage","@id":"https:\/\/o7-organic.com\/pl\/kupi\u0107\/opakowanie-5-szklanych-butelek-wielokrotnego-napelniania-250-ml-5-strzykawek-dozujacych-bursztynowe-szklane-kanistry-do-przechowywania-dwutlenku-chloru-cds-hermetycznie-uszczelnione-zamkniecie-g\/","url":"https:\/\/o7-organic.com\/pl\/kupi\u0107\/opakowanie-5-szklanych-butelek-wielokrotnego-napelniania-250-ml-5-strzykawek-dozujacych-bursztynowe-szklane-kanistry-do-przechowywania-dwutlenku-chloru-cds-hermetycznie-uszczelnione-zamkniecie-g\/","name":"Butelki i strzykawki z dwutlenkiem chloru do wielokrotnego nape\u0142niania CDS","isPartOf":{"@id":"https:\/\/o7-organic.com\/#website"},"primaryImageOfPage":{"@id":"https:\/\/o7-organic.com\/pl\/kupi\u0107\/opakowanie-5-szklanych-butelek-wielokrotnego-napelniania-250-ml-5-strzykawek-dozujacych-bursztynowe-szklane-kanistry-do-przechowywania-dwutlenku-chloru-cds-hermetycznie-uszczelnione-zamkniecie-g\/#primaryimage"},"image":{"@id":"https:\/\/o7-organic.com\/pl\/kupi\u0107\/opakowanie-5-szklanych-butelek-wielokrotnego-napelniania-250-ml-5-strzykawek-dozujacych-bursztynowe-szklane-kanistry-do-przechowywania-dwutlenku-chloru-cds-hermetycznie-uszczelnione-zamkniecie-g\/#primaryimage"},"thumbnailUrl":"https:\/\/o7-organic.com\/wp-content\/uploads\/2023\/08\/frascos-cristal-ambar-cierre-rosca-dosificador-gotero-cds-2.jpg","datePublished":"2023-08-11T07:47:40+00:00","description":"Kup butelki wielokrotnego nape\u0142niania do przechowywania dwutlenku chloru (CDS) w domu. Szklane butelki z do\u0142\u0105czonym dozownikiem i hermetycznym zamkni\u0119ciem.","breadcrumb":{"@id":"https:\/\/o7-organic.com\/pl\/kupi\u0107\/opakowanie-5-szklanych-butelek-wielokrotnego-napelniania-250-ml-5-strzykawek-dozujacych-bursztynowe-szklane-kanistry-do-przechowywania-dwutlenku-chloru-cds-hermetycznie-uszczelnione-zamkniecie-g\/#breadcrumb"},"inLanguage":"pl-PL","potentialAction":[{"@type":"ReadAction","target":["https:\/\/o7-organic.com\/pl\/kupi\u0107\/opakowanie-5-szklanych-butelek-wielokrotnego-napelniania-250-ml-5-strzykawek-dozujacych-bursztynowe-szklane-kanistry-do-przechowywania-dwutlenku-chloru-cds-hermetycznie-uszczelnione-zamkniecie-g\/"]}]},{"@type":"ImageObject","inLanguage":"pl-PL","@id":"https:\/\/o7-organic.com\/pl\/kupi\u0107\/opakowanie-5-szklanych-butelek-wielokrotnego-napelniania-250-ml-5-strzykawek-dozujacych-bursztynowe-szklane-kanistry-do-przechowywania-dwutlenku-chloru-cds-hermetycznie-uszczelnione-zamkniecie-g\/#primaryimage","url":"https:\/\/o7-organic.com\/wp-content\/uploads\/2023\/08\/frascos-cristal-ambar-cierre-rosca-dosificador-gotero-cds-2.jpg","contentUrl":"https:\/\/o7-organic.com\/wp-content\/uploads\/2023\/08\/frascos-cristal-ambar-cierre-rosca-dosificador-gotero-cds-2.jpg","width":2000,"height":2000,"caption":"Botellas rellenables para almacenar di\u00f3xido de cloro con Cierre de Rosca y Gotero Dosificador"},{"@type":"BreadcrumbList","@id":"https:\/\/o7-organic.com\/pl\/kupi\u0107\/opakowanie-5-szklanych-butelek-wielokrotnego-napelniania-250-ml-5-strzykawek-dozujacych-bursztynowe-szklane-kanistry-do-przechowywania-dwutlenku-chloru-cds-hermetycznie-uszczelnione-zamkniecie-g\/#breadcrumb","itemListElement":[{"@type":"ListItem","position":1,"name":"Portada","item":"https:\/\/o7-organic.com\/"},{"@type":"ListItem","position":2,"name":"Sklep","item":"https:\/\/o7-organic.com\/pl\/sklep\/"},{"@type":"ListItem","position":3,"name":"Opakowanie 5 szklanych butelek wielokrotnego nape\u0142niania 250 ml + 5 strzykawek dozuj\u0105cych. Bursztynowe szklane kanistry do przechowywania dwutlenku chloru (CDS). Hermetycznie uszczelnione zamkni\u0119cie gwintowane bez wylotu gazu i dozownika."}]},{"@type":"WebSite","@id":"https:\/\/o7-organic.com\/#website","url":"https:\/\/o7-organic.com\/","name":"O7-Organic","description":"Innovaci\u00f3n en salud a tu alcance","publisher":{"@id":"https:\/\/o7-organic.com\/#organization"},"potentialAction":[{"@type":"SearchAction","target":{"@type":"EntryPoint","urlTemplate":"https:\/\/o7-organic.com\/?s={search_term_string}"},"query-input":{"@type":"PropertyValueSpecification","valueRequired":true,"valueName":"search_term_string"}}],"inLanguage":"pl-PL"},{"@type":"Organization","@id":"https:\/\/o7-organic.com\/#organization","name":"O7-Organic","url":"https:\/\/o7-organic.com\/","logo":{"@type":"ImageObject","inLanguage":"pl-PL","@id":"https:\/\/o7-organic.com\/#\/schema\/logo\/image\/","url":"https:\/\/o7-organic.com\/wp-content\/uploads\/2023\/03\/logo_o7_organic.png","contentUrl":"https:\/\/o7-organic.com\/wp-content\/uploads\/2023\/03\/logo_o7_organic.png","width":512,"height":512,"caption":"O7-Organic"},"image":{"@id":"https:\/\/o7-organic.com\/#\/schema\/logo\/image\/"},"sameAs":["https:\/\/www.instagram.com\/o7organic\/"]}]}},"_links":{"self":[{"href":"https:\/\/o7-organic.com\/pl\/wp-json\/wp\/v2\/product\/11393","targetHints":{"allow":["GET"]}}],"collection":[{"href":"https:\/\/o7-organic.com\/pl\/wp-json\/wp\/v2\/product"}],"about":[{"href":"https:\/\/o7-organic.com\/pl\/wp-json\/wp\/v2\/types\/product"}],"replies":[{"embeddable":true,"href":"https:\/\/o7-organic.com\/pl\/wp-json\/wp\/v2\/comments?post=11393"}],"version-history":[{"count":0,"href":"https:\/\/o7-organic.com\/pl\/wp-json\/wp\/v2\/product\/11393\/revisions"}],"wp:featuredmedia":[{"embeddable":true,"href":"https:\/\/o7-organic.com\/pl\/wp-json\/wp\/v2\/media\/11108"}],"wp:attachment":[{"href":"https:\/\/o7-organic.com\/pl\/wp-json\/wp\/v2\/media?parent=11393"}],"wp:term":[{"taxonomy":"product_brand","embeddable":true,"href":"https:\/\/o7-organic.com\/pl\/wp-json\/wp\/v2\/product_brand?post=11393"},{"taxonomy":"product_cat","embeddable":true,"href":"https:\/\/o7-organic.com\/pl\/wp-json\/wp\/v2\/product_cat?post=11393"},{"taxonomy":"product_tag","embeddable":true,"href":"https:\/\/o7-organic.com\/pl\/wp-json\/wp\/v2\/product_tag?post=11393"}],"curies":[{"name":"wp","href":"https:\/\/api.w.org\/{rel}","templated":true}]}}