{"id":10973,"date":"2023-03-03T10:01:26","date_gmt":"2023-03-03T10:01:26","guid":{"rendered":"https:\/\/o7-organic.com\/comprar\/pure-chlorine-dioxide-3000-ppm-cds-250-ml-w-butelce-z-bursztynowego-szkla-z-nakretka-dozujaca-i-strzykawka-w-zestawie\/"},"modified":"2023-03-03T10:01:26","modified_gmt":"2023-03-03T10:01:26","slug":"dwutlenek-chloru-cds-3000-ppm","status":"publish","type":"product","link":"https:\/\/o7-organic.com\/pl\/kupi\u0107\/dwutlenek-chloru-cds-3000-ppm\/","title":{"rendered":"Pure Chlorine Dioxide 3000 ppm &#8211; CDS 250 ml w butelce z bursztynowego szk\u0142a z nakr\u0119tk\u0105 dozuj\u0105c\u0105 i strzykawk\u0105 w zestawie."},"content":{"rendered":"<h2>Kup Dwutlenek chloru (CDS) w butelce z bursztynowego szk\u0142a 250 ml<\/h2>\n<p>Wysoko oczyszczony roztw\u00f3r dwutlenku chloru wytwarzany metod\u0105 elektrolizy o st\u0119\u017ceniu 3000 ppm. Pojemnik z bursztynowego szk\u0142a o pojemno\u015bci 250 ml specjalnie zaprojektowany do ochrony przed promieniami UV i \u017ar\u00f3d\u0142ami ciep\u0142a. Zawiera nasadk\u0119 dozuj\u0105c\u0105 i strzykawk\u0119 o pojemno\u015bci 5 ml, kt\u00f3ra zapewnia idealne dopasowanie, co zapobiega wyciekowi gazu z CDS.<\/p>\n<p>Kup Dwutlenek chloru wytwarzany przez elektroliz\u0119 o wysokiej jako\u015bci i czysto\u015bci na poziomie 0,3% aktywowany wod\u0105 destylowan\u0105. Jego trwa\u0142o\u015b\u0107 wynosi co najmniej 6 miesi\u0119cy, je\u015bli jest przechowywany w optymalnych warunkach. Dwutlenek chloru (CDS) wytwarzany w procesie elektrolizy przy 3000 ppm O7-Organic nie posiada substancji pomocniczych, konserwant\u00f3w, aromat\u00f3w ani stabilizuj\u0105cych substancji chemicznych.<\/p>\n<p>Dwutlenek chloru jest uj\u0119ty w art. 95 rozporz\u0105dzenia o produktach biob\u00f3jczych UE 528\/2012. Wy\u0142\u0105czne zastosowanie do uzdatniania i dezynfekcji wody przeznaczonej do spo\u017cycia przez ludzi i zwierz\u0119ta.<\/p>\n<h2>Co to jest CDS i do czego s\u0142u\u017cy?<\/h2>\n<h3>Poznaj zastosowania dwutlenku chloru<\/h3>\n<p>CDS jest biocydem o wielu w\u0142a\u015bciwo\u015bciach, powszechnie stosowanym w dezynfekcji i stabilizacji wody. Ze wzgl\u0119du na silne dzia\u0142anie dezynfekuj\u0105ce znajduje szerokie zastosowanie w gruntownym czyszczeniu przedmiot\u00f3w i powierzchni, a tak\u017ce w szpitalach (sterylizacja sprz\u0119tu medycznego i czyszczenie sal operacyjnych).<\/p>\n<p>Udowodniono, \u017ce dwutlenek chloru w st\u0119\u017ceniu 3000 ppm jest wysoce skuteczny i bezpieczny w zabijaniu wirus\u00f3w, bakterii, mikrob\u00f3w, grzyb\u00f3w i zarazk\u00f3w chorobotw\u00f3rczych, takich jak <em>legionella<\/em>.<\/p>\n<h2>Konserwacja dwutlenku chloru (CDS)<\/h2>\n<p>Pojemnik nale\u017cy przechowywa\u0107 w ch\u0142odnym, suchym miejscu, chronionym przed \u015bwiat\u0142em. Po otwarciu przechowywa\u0107 w lod\u00f3wce w pozycji pionowej. Zalecamy stosowanie dwutlenku chloru w st\u0119\u017ceniu 3000 ppm w temperaturze poni\u017cej 11\u00baC, a po otwarciu do u\u017cytku szybkie zamkni\u0119cie, aby gaz nie wyparowa\u0142. CDS o st\u0119\u017ceniu 3000 ppm pakowany jest w specjalnie dobran\u0105 butelk\u0119 z bursztynowego szk\u0142a, kt\u00f3ra pomaga dwutlenkowi chloru dobrze si\u0119 trzyma\u0107 i chroni go przed promieniowaniem ultrafioletowym i \u017ar\u00f3d\u0142ami ciep\u0142a.<\/p>\n<p>CDS ma termin wa\u017cno\u015bci 6 miesi\u0119cy od daty produkcji podanej na etykiecie produktu.<\/p>\n<h2>Instrukcja u\u017cytkowania<\/h2>\n<h3>Jak stosowa\u0107 dwutlenek chloru i w jakich dawkach?<\/h3>\n<p>Rozcie\u0144czy\u0107 w wodzie 1 ml produktu na litr uzdatnianej wody i pozostawi\u0107 do dzia\u0142ania na co najmniej 30 minut. W tym celu wystarczy w\u0142o\u017cy\u0107 strzykawk\u0119 do dyszy butelki i pobra\u0107 1 ml dwutlenku chloru. Mo\u017cna u\u017cywa\u0107 zar\u00f3wno do\u0142\u0105czonej strzykawki (pobieraj\u0105c dok\u0142adnie ml), jak i nasadki z miark\u0105 (oko\u0142o 20 kropli r\u00f3wna si\u0119 1 ml).<\/p>\n<p>Ilo\u015b\u0107 produktu mo\u017ce by\u0107 r\u00f3\u017cna w zale\u017cno\u015bci od jako\u015bci uzdatnianej wody. Stosowa\u0107 z zachowaniem ostro\u017cno\u015bci.<\/p>\n<p>Nie nale\u017cy spo\u017cywa\u0107 uzdatnionej wody, dop\u00f3ki poziom aktywnego chloru nie osi\u0105gnie warto\u015bci 0.5 &#8211; 1.5 ppm.<\/p>\n<h2>Przeciwwskazania przy zakupie Dwutlenek chloru (CDS)<\/h2>\n<p>Przy zakupie dwutlenku chloru (CDS) wytwarzanego metod\u0105 elektrolizy zalecamy zapoznanie si\u0119 z <a href=\"https:\/\/o7-organic.com\/wp-content\/uploads\/2023\/03\/ES-FDS-DIOXIDO-DE-CLORO-EN-DISOLUCION-Ed.1.pdf\">kart\u0105 charakterystyki<\/a> produktu w celu poprawnego i w\u0142a\u015bciwego stosowania. Stosowa\u0107 z ostro\u017cno\u015bci\u0105, zawsze czyta\u0107 etykiety i informacje o produkcie.<\/p>\n<h2>Jak generowa\u0107 czysty CDS przy 3000 ppm za pomoc\u0105 generatora elektrolitycznego<\/h2>\n<p>Jako uzupe\u0142nienie tego produktu, mo\u017cesz by\u0107 zainteresowany <a href=\"https:\/\/lghealth-isystems.eu\/\" target=\"_blank\" rel=\"noopener\">zakupem opatentowanego na \u015bwiecie Generatora Elektrolitycznego Ultrapure CDS<\/a>, kt\u00f3ry pozwala na produkcj\u0119 Dwutlenku Chloru na poziomie 3000 ppm w warunkach domowych.<\/p>\n<h2>Najcz\u0119\u015bciej zadawane pytania przy zakupie dwutlenku chloru (FAQ)<\/h2>\n<h3>Czy konieczne jest aktywowanie O7-Organic Chlorine Dioxide (CDS)?<\/h3>\n<p>To nie jest konieczne. Nasz CDS wytworzony w procesie elektrolizy jest gotowy do bezpo\u015bredniego u\u017cycia, tzn. jest ju\u017c aktywowany i nie musisz robi\u0107 nic wi\u0119cej. Przed spo\u017cyciem zalecamy jedynie sch\u0142odzenie go do temperatury poni\u017cej 11\u00baC.<\/p>\n<h3>Czy CDS 250 ml zawiera jakie\u015b substancje pomocnicze?<\/h3>\n<p>Nie, nasz dwutlenek chloru (CDS) jest produktem bez substancji pomocniczych, konserwant\u00f3w i stabilizuj\u0105cych substancji chemicznych.<\/p>\n<h3>Zdecydowa\u0142em si\u0119 na zakup Dwutlenku Chloru, jak\u0105 dawk\u0119 powinienem zastosowa\u0107, aby 1 litr wody by\u0142 zdatny do picia?<\/h3>\n<p>Do wypicia 1 litra wody niezdatnej do picia zaleca si\u0119 u\u017cycie 1 ml (lub 20 kropli) Dwutlenku Chloru o st\u0119\u017ceniu 3000 ppm, kt\u00f3ry zdezynfekuje wod\u0119 z zarazk\u00f3w, bakterii i grzyb\u00f3w.<\/p>\n<h4>Jak odmierzy\u0107 ilo\u015b\u0107, je\u015bli zdecyduj\u0119 si\u0119 na u\u017cycie kroplomierza nasadki dozuj\u0105cej?<\/h4>\n<p>Je\u015bli wygodniej jest u\u017cywa\u0107 nakr\u0119tki z miark\u0105, nale\u017cy u\u017cy\u0107 20 kropli, gdy\u017c jest to odpowiednik 1 ml dwutlenku chloru.<\/p>\n<h4>Jak odmierzy\u0107 ilo\u015b\u0107, je\u015bli zdecyduj\u0119 si\u0119 na u\u017cycie strzykawki?<\/h4>\n<p>Wystarczy w\u0142o\u017cy\u0107 strzykawk\u0119 5 ml do otworu w dyszy korka i pobra\u0107 1 ml.<\/p>\n","protected":false},"excerpt":{"rendered":"<p>Ultraczysty roztw\u00f3r <strong>dwutlenku chloru<\/strong> o st\u0119\u017ceniu <strong>3000 ppm<\/strong> w butelce z <strong>bursztynowego szk\u0142a<\/strong>. Zawiera <strong>nasadk\u0119 dozuj\u0105c\u0105 i strzykawk\u0119<\/strong> o pojemno\u015bci 5 ml, kt\u00f3ra zapewnia idealne dopasowanie, co zapobiega wyciekowi gazu z CDS.<\/p>\n<p><strong>Dwutlenek chloru<\/strong> (CDS) 0,3% w butelce z bursztynowego szk\u0142a z nakr\u0119tk\u0105 dozuj\u0105c\u0105. Bez substancji pomocniczych i konserwant\u00f3w.<\/p>\n<p>CDS generowany przez elektroliz\u0119, bardziej naturaln\u0105 i skuteczn\u0105 metod\u0119 ni\u017c ta powszechnie aktywowana za pomoc\u0105 25% Chlorynu Sodu i 4% Kwasu Wodnego.<\/p>\n","protected":false},"featured_media":10727,"comment_status":"open","ping_status":"closed","template":"","meta":[],"product_brand":[],"product_cat":[141],"product_tag":[],"class_list":{"0":"post-10973","1":"product","2":"type-product","3":"status-publish","4":"has-post-thumbnail","6":"product_cat-dwutlenek-chloru","8":"first","9":"outofstock","10":"sale","11":"taxable","12":"shipping-taxable","13":"purchasable","14":"product-type-simple"},"yoast_head":"<!-- This site is optimized with the Yoast SEO plugin v27.4 - https:\/\/yoast.com\/product\/yoast-seo-wordpress\/ -->\n<title>Kup Dwutlenek chloru (CDS) 3000 ppm - 250 ml | O7-Organic<\/title>\n<meta name=\"description\" content=\"Kup dwutlenek chloru (CDS) w ilo\u015bci 3000 ppm w butelce z bursztynowego szk\u0142a. Ekskluzywny uzdatniacz do oczyszczania wody przeznaczonej do spo\u017cycia przez ludzi i zwierz\u0119ta.\" \/>\n<meta name=\"robots\" content=\"index, follow, max-snippet:-1, max-image-preview:large, max-video-preview:-1\" \/>\n<link rel=\"canonical\" href=\"https:\/\/o7-organic.com\/pl\/kupi\u0107\/pure-chlorine-dioxide-3000-ppm-cds-250-ml-w-butelce-z-bursztynowego-szkla-z-nakretka-dozujaca-i-strzykawka-w-zestawie\/\" \/>\n<meta property=\"og:locale\" content=\"pl_PL\" \/>\n<meta property=\"og:type\" content=\"article\" \/>\n<meta property=\"og:title\" content=\"Kup Dwutlenek chloru (CDS) 3000 ppm - 250 ml | O7-Organic\" \/>\n<meta property=\"og:description\" content=\"Kup dwutlenek chloru (CDS) w ilo\u015bci 3000 ppm w butelce z bursztynowego szk\u0142a. Ekskluzywny uzdatniacz do oczyszczania wody przeznaczonej do spo\u017cycia przez ludzi i zwierz\u0119ta.\" \/>\n<meta property=\"og:url\" content=\"https:\/\/o7-organic.com\/pl\/kupi\u0107\/pure-chlorine-dioxide-3000-ppm-cds-250-ml-w-butelce-z-bursztynowego-szkla-z-nakretka-dozujaca-i-strzykawka-w-zestawie\/\" \/>\n<meta property=\"og:site_name\" content=\"O7-Organic\" \/>\n<meta property=\"og:image\" content=\"https:\/\/o7-organic.com\/wp-content\/uploads\/2023\/03\/cds-250-ml_resultado.jpg\" \/>\n\t<meta property=\"og:image:width\" content=\"1000\" \/>\n\t<meta property=\"og:image:height\" content=\"1000\" \/>\n\t<meta property=\"og:image:type\" content=\"image\/jpeg\" \/>\n<meta name=\"twitter:card\" content=\"summary_large_image\" \/>\n<meta name=\"twitter:label1\" content=\"Szacowany czas czytania\" \/>\n\t<meta name=\"twitter:data1\" content=\"4 minuty\" \/>\n<script type=\"application\/ld+json\" class=\"yoast-schema-graph\">{\"@context\":\"https:\\\/\\\/schema.org\",\"@graph\":[{\"@type\":\"WebPage\",\"@id\":\"https:\\\/\\\/o7-organic.com\\\/pl\\\/kupi\u0107\\\/pure-chlorine-dioxide-3000-ppm-cds-250-ml-w-butelce-z-bursztynowego-szkla-z-nakretka-dozujaca-i-strzykawka-w-zestawie\\\/\",\"url\":\"https:\\\/\\\/o7-organic.com\\\/pl\\\/kupi\u0107\\\/pure-chlorine-dioxide-3000-ppm-cds-250-ml-w-butelce-z-bursztynowego-szkla-z-nakretka-dozujaca-i-strzykawka-w-zestawie\\\/\",\"name\":\"Kup Dwutlenek chloru (CDS) 3000 ppm - 250 ml | O7-Organic\",\"isPartOf\":{\"@id\":\"https:\\\/\\\/o7-organic.com\\\/#website\"},\"primaryImageOfPage\":{\"@id\":\"https:\\\/\\\/o7-organic.com\\\/pl\\\/kupi\u0107\\\/pure-chlorine-dioxide-3000-ppm-cds-250-ml-w-butelce-z-bursztynowego-szkla-z-nakretka-dozujaca-i-strzykawka-w-zestawie\\\/#primaryimage\"},\"image\":{\"@id\":\"https:\\\/\\\/o7-organic.com\\\/pl\\\/kupi\u0107\\\/pure-chlorine-dioxide-3000-ppm-cds-250-ml-w-butelce-z-bursztynowego-szkla-z-nakretka-dozujaca-i-strzykawka-w-zestawie\\\/#primaryimage\"},\"thumbnailUrl\":\"https:\\\/\\\/o7-organic.com\\\/wp-content\\\/uploads\\\/2023\\\/03\\\/cds-250-ml_resultado.jpg\",\"datePublished\":\"2023-03-03T10:01:26+00:00\",\"description\":\"Kup dwutlenek chloru (CDS) w ilo\u015bci 3000 ppm w butelce z bursztynowego szk\u0142a. Ekskluzywny uzdatniacz do oczyszczania wody przeznaczonej do spo\u017cycia przez ludzi i zwierz\u0119ta.\",\"breadcrumb\":{\"@id\":\"https:\\\/\\\/o7-organic.com\\\/pl\\\/kupi\u0107\\\/pure-chlorine-dioxide-3000-ppm-cds-250-ml-w-butelce-z-bursztynowego-szkla-z-nakretka-dozujaca-i-strzykawka-w-zestawie\\\/#breadcrumb\"},\"inLanguage\":\"pl-PL\",\"potentialAction\":[{\"@type\":\"ReadAction\",\"target\":[\"https:\\\/\\\/o7-organic.com\\\/pl\\\/kupi\u0107\\\/pure-chlorine-dioxide-3000-ppm-cds-250-ml-w-butelce-z-bursztynowego-szkla-z-nakretka-dozujaca-i-strzykawka-w-zestawie\\\/\"]}]},{\"@type\":\"ImageObject\",\"inLanguage\":\"pl-PL\",\"@id\":\"https:\\\/\\\/o7-organic.com\\\/pl\\\/kupi\u0107\\\/pure-chlorine-dioxide-3000-ppm-cds-250-ml-w-butelce-z-bursztynowego-szkla-z-nakretka-dozujaca-i-strzykawka-w-zestawie\\\/#primaryimage\",\"url\":\"https:\\\/\\\/o7-organic.com\\\/wp-content\\\/uploads\\\/2023\\\/03\\\/cds-250-ml_resultado.jpg\",\"contentUrl\":\"https:\\\/\\\/o7-organic.com\\\/wp-content\\\/uploads\\\/2023\\\/03\\\/cds-250-ml_resultado.jpg\",\"width\":1000,\"height\":1000},{\"@type\":\"BreadcrumbList\",\"@id\":\"https:\\\/\\\/o7-organic.com\\\/pl\\\/kupi\u0107\\\/pure-chlorine-dioxide-3000-ppm-cds-250-ml-w-butelce-z-bursztynowego-szkla-z-nakretka-dozujaca-i-strzykawka-w-zestawie\\\/#breadcrumb\",\"itemListElement\":[{\"@type\":\"ListItem\",\"position\":1,\"name\":\"Portada\",\"item\":\"https:\\\/\\\/o7-organic.com\\\/\"},{\"@type\":\"ListItem\",\"position\":2,\"name\":\"Sklep\",\"item\":\"https:\\\/\\\/o7-organic.com\\\/pl\\\/sklep\\\/\"},{\"@type\":\"ListItem\",\"position\":3,\"name\":\"Pure Chlorine Dioxide 3000 ppm &#8211; CDS 250 ml w butelce z bursztynowego szk\u0142a z nakr\u0119tk\u0105 dozuj\u0105c\u0105 i strzykawk\u0105 w zestawie.\"}]},{\"@type\":\"WebSite\",\"@id\":\"https:\\\/\\\/o7-organic.com\\\/#website\",\"url\":\"https:\\\/\\\/o7-organic.com\\\/\",\"name\":\"O7-Organic\",\"description\":\"Innovaci\u00f3n en salud a tu alcance\",\"publisher\":{\"@id\":\"https:\\\/\\\/o7-organic.com\\\/#organization\"},\"potentialAction\":[{\"@type\":\"SearchAction\",\"target\":{\"@type\":\"EntryPoint\",\"urlTemplate\":\"https:\\\/\\\/o7-organic.com\\\/?s={search_term_string}\"},\"query-input\":{\"@type\":\"PropertyValueSpecification\",\"valueRequired\":true,\"valueName\":\"search_term_string\"}}],\"inLanguage\":\"pl-PL\"},{\"@type\":\"Organization\",\"@id\":\"https:\\\/\\\/o7-organic.com\\\/#organization\",\"name\":\"O7-Organic\",\"url\":\"https:\\\/\\\/o7-organic.com\\\/\",\"logo\":{\"@type\":\"ImageObject\",\"inLanguage\":\"pl-PL\",\"@id\":\"https:\\\/\\\/o7-organic.com\\\/#\\\/schema\\\/logo\\\/image\\\/\",\"url\":\"https:\\\/\\\/o7-organic.com\\\/wp-content\\\/uploads\\\/2023\\\/03\\\/logo_o7_organic.png\",\"contentUrl\":\"https:\\\/\\\/o7-organic.com\\\/wp-content\\\/uploads\\\/2023\\\/03\\\/logo_o7_organic.png\",\"width\":512,\"height\":512,\"caption\":\"O7-Organic\"},\"image\":{\"@id\":\"https:\\\/\\\/o7-organic.com\\\/#\\\/schema\\\/logo\\\/image\\\/\"},\"sameAs\":[\"https:\\\/\\\/www.instagram.com\\\/o7organic\\\/\"]}]}<\/script>\n<!-- \/ Yoast SEO plugin. -->","yoast_head_json":{"title":"Kup Dwutlenek chloru (CDS) 3000 ppm - 250 ml | O7-Organic","description":"Kup dwutlenek chloru (CDS) w ilo\u015bci 3000 ppm w butelce z bursztynowego szk\u0142a. Ekskluzywny uzdatniacz do oczyszczania wody przeznaczonej do spo\u017cycia przez ludzi i zwierz\u0119ta.","robots":{"index":"index","follow":"follow","max-snippet":"max-snippet:-1","max-image-preview":"max-image-preview:large","max-video-preview":"max-video-preview:-1"},"canonical":"https:\/\/o7-organic.com\/pl\/kupi\u0107\/pure-chlorine-dioxide-3000-ppm-cds-250-ml-w-butelce-z-bursztynowego-szkla-z-nakretka-dozujaca-i-strzykawka-w-zestawie\/","og_locale":"pl_PL","og_type":"article","og_title":"Kup Dwutlenek chloru (CDS) 3000 ppm - 250 ml | O7-Organic","og_description":"Kup dwutlenek chloru (CDS) w ilo\u015bci 3000 ppm w butelce z bursztynowego szk\u0142a. Ekskluzywny uzdatniacz do oczyszczania wody przeznaczonej do spo\u017cycia przez ludzi i zwierz\u0119ta.","og_url":"https:\/\/o7-organic.com\/pl\/kupi\u0107\/pure-chlorine-dioxide-3000-ppm-cds-250-ml-w-butelce-z-bursztynowego-szkla-z-nakretka-dozujaca-i-strzykawka-w-zestawie\/","og_site_name":"O7-Organic","og_image":[{"width":1000,"height":1000,"url":"https:\/\/o7-organic.com\/wp-content\/uploads\/2023\/03\/cds-250-ml_resultado.jpg","type":"image\/jpeg"}],"twitter_card":"summary_large_image","twitter_misc":{"Szacowany czas czytania":"4 minuty"},"schema":{"@context":"https:\/\/schema.org","@graph":[{"@type":"WebPage","@id":"https:\/\/o7-organic.com\/pl\/kupi\u0107\/pure-chlorine-dioxide-3000-ppm-cds-250-ml-w-butelce-z-bursztynowego-szkla-z-nakretka-dozujaca-i-strzykawka-w-zestawie\/","url":"https:\/\/o7-organic.com\/pl\/kupi\u0107\/pure-chlorine-dioxide-3000-ppm-cds-250-ml-w-butelce-z-bursztynowego-szkla-z-nakretka-dozujaca-i-strzykawka-w-zestawie\/","name":"Kup Dwutlenek chloru (CDS) 3000 ppm - 250 ml | O7-Organic","isPartOf":{"@id":"https:\/\/o7-organic.com\/#website"},"primaryImageOfPage":{"@id":"https:\/\/o7-organic.com\/pl\/kupi\u0107\/pure-chlorine-dioxide-3000-ppm-cds-250-ml-w-butelce-z-bursztynowego-szkla-z-nakretka-dozujaca-i-strzykawka-w-zestawie\/#primaryimage"},"image":{"@id":"https:\/\/o7-organic.com\/pl\/kupi\u0107\/pure-chlorine-dioxide-3000-ppm-cds-250-ml-w-butelce-z-bursztynowego-szkla-z-nakretka-dozujaca-i-strzykawka-w-zestawie\/#primaryimage"},"thumbnailUrl":"https:\/\/o7-organic.com\/wp-content\/uploads\/2023\/03\/cds-250-ml_resultado.jpg","datePublished":"2023-03-03T10:01:26+00:00","description":"Kup dwutlenek chloru (CDS) w ilo\u015bci 3000 ppm w butelce z bursztynowego szk\u0142a. Ekskluzywny uzdatniacz do oczyszczania wody przeznaczonej do spo\u017cycia przez ludzi i zwierz\u0119ta.","breadcrumb":{"@id":"https:\/\/o7-organic.com\/pl\/kupi\u0107\/pure-chlorine-dioxide-3000-ppm-cds-250-ml-w-butelce-z-bursztynowego-szkla-z-nakretka-dozujaca-i-strzykawka-w-zestawie\/#breadcrumb"},"inLanguage":"pl-PL","potentialAction":[{"@type":"ReadAction","target":["https:\/\/o7-organic.com\/pl\/kupi\u0107\/pure-chlorine-dioxide-3000-ppm-cds-250-ml-w-butelce-z-bursztynowego-szkla-z-nakretka-dozujaca-i-strzykawka-w-zestawie\/"]}]},{"@type":"ImageObject","inLanguage":"pl-PL","@id":"https:\/\/o7-organic.com\/pl\/kupi\u0107\/pure-chlorine-dioxide-3000-ppm-cds-250-ml-w-butelce-z-bursztynowego-szkla-z-nakretka-dozujaca-i-strzykawka-w-zestawie\/#primaryimage","url":"https:\/\/o7-organic.com\/wp-content\/uploads\/2023\/03\/cds-250-ml_resultado.jpg","contentUrl":"https:\/\/o7-organic.com\/wp-content\/uploads\/2023\/03\/cds-250-ml_resultado.jpg","width":1000,"height":1000},{"@type":"BreadcrumbList","@id":"https:\/\/o7-organic.com\/pl\/kupi\u0107\/pure-chlorine-dioxide-3000-ppm-cds-250-ml-w-butelce-z-bursztynowego-szkla-z-nakretka-dozujaca-i-strzykawka-w-zestawie\/#breadcrumb","itemListElement":[{"@type":"ListItem","position":1,"name":"Portada","item":"https:\/\/o7-organic.com\/"},{"@type":"ListItem","position":2,"name":"Sklep","item":"https:\/\/o7-organic.com\/pl\/sklep\/"},{"@type":"ListItem","position":3,"name":"Pure Chlorine Dioxide 3000 ppm &#8211; CDS 250 ml w butelce z bursztynowego szk\u0142a z nakr\u0119tk\u0105 dozuj\u0105c\u0105 i strzykawk\u0105 w zestawie."}]},{"@type":"WebSite","@id":"https:\/\/o7-organic.com\/#website","url":"https:\/\/o7-organic.com\/","name":"O7-Organic","description":"Innovaci\u00f3n en salud a tu alcance","publisher":{"@id":"https:\/\/o7-organic.com\/#organization"},"potentialAction":[{"@type":"SearchAction","target":{"@type":"EntryPoint","urlTemplate":"https:\/\/o7-organic.com\/?s={search_term_string}"},"query-input":{"@type":"PropertyValueSpecification","valueRequired":true,"valueName":"search_term_string"}}],"inLanguage":"pl-PL"},{"@type":"Organization","@id":"https:\/\/o7-organic.com\/#organization","name":"O7-Organic","url":"https:\/\/o7-organic.com\/","logo":{"@type":"ImageObject","inLanguage":"pl-PL","@id":"https:\/\/o7-organic.com\/#\/schema\/logo\/image\/","url":"https:\/\/o7-organic.com\/wp-content\/uploads\/2023\/03\/logo_o7_organic.png","contentUrl":"https:\/\/o7-organic.com\/wp-content\/uploads\/2023\/03\/logo_o7_organic.png","width":512,"height":512,"caption":"O7-Organic"},"image":{"@id":"https:\/\/o7-organic.com\/#\/schema\/logo\/image\/"},"sameAs":["https:\/\/www.instagram.com\/o7organic\/"]}]}},"_links":{"self":[{"href":"https:\/\/o7-organic.com\/pl\/wp-json\/wp\/v2\/product\/10973","targetHints":{"allow":["GET"]}}],"collection":[{"href":"https:\/\/o7-organic.com\/pl\/wp-json\/wp\/v2\/product"}],"about":[{"href":"https:\/\/o7-organic.com\/pl\/wp-json\/wp\/v2\/types\/product"}],"replies":[{"embeddable":true,"href":"https:\/\/o7-organic.com\/pl\/wp-json\/wp\/v2\/comments?post=10973"}],"version-history":[{"count":0,"href":"https:\/\/o7-organic.com\/pl\/wp-json\/wp\/v2\/product\/10973\/revisions"}],"wp:featuredmedia":[{"embeddable":true,"href":"https:\/\/o7-organic.com\/pl\/wp-json\/wp\/v2\/media\/10727"}],"wp:attachment":[{"href":"https:\/\/o7-organic.com\/pl\/wp-json\/wp\/v2\/media?parent=10973"}],"wp:term":[{"taxonomy":"product_brand","embeddable":true,"href":"https:\/\/o7-organic.com\/pl\/wp-json\/wp\/v2\/product_brand?post=10973"},{"taxonomy":"product_cat","embeddable":true,"href":"https:\/\/o7-organic.com\/pl\/wp-json\/wp\/v2\/product_cat?post=10973"},{"taxonomy":"product_tag","embeddable":true,"href":"https:\/\/o7-organic.com\/pl\/wp-json\/wp\/v2\/product_tag?post=10973"}],"curies":[{"name":"wp","href":"https:\/\/api.w.org\/{rel}","templated":true}]}}