{"id":10967,"date":"2023-03-08T11:17:21","date_gmt":"2023-03-08T11:17:21","guid":{"rendered":"https:\/\/o7-organic.com\/comprar\/dimethyl-sulfoxide-999-dmso-amber-glass-bottle-stopper-with-dropper-dispenser\/"},"modified":"2023-03-08T11:17:21","modified_gmt":"2023-03-08T11:17:21","slug":"dimetylosulfotlenek-puro-dmso-gotero-doser","status":"publish","type":"product","link":"https:\/\/o7-organic.com\/pl\/kupi\u0107\/dimetylosulfotlenek-puro-dmso-gotero-doser\/","title":{"rendered":"Dimethyl sulfoxide 99,9% (DMSO) &#8211; Amber Glass Bottle Stopper with Dropper Dispenser."},"content":{"rendered":"<div class=\"w-full border-b border-black\/10 dark:border-gray-900\/50 text-gray-800 dark:text-gray-100 group bg-gray-50 dark:bg-[#444654]\">\n<div class=\"text-base gap-4 md:gap-6 m-auto md:max-w-2xl lg:max-w-2xl xl:max-w-3xl p-4 md:py-6 flex lg:px-0\">\n<div class=\"relative flex w-[calc(100%-50px)] flex-col gap-1 md:gap-3 lg:w-[calc(100%-115px)]\">\n<div class=\"flex flex-grow flex-col gap-3\">\n<div class=\"min-h-[20px] flex flex-col items-start gap-4 whitespace-pre-wrap\">\n<div class=\"markdown prose w-full break-words dark:prose-invert light\">\n<h2>Co to jest DMSO?<\/h2>\n<p>DMSO (Dimethyl sulfoxide) jest bardzo uniwersalnym zwi\u0105zkiem organicznym. Ten zwi\u0105zek chemiczny znany jest ze swoich licznych w\u0142a\u015bciwo\u015bci w r\u00f3\u017cnych dziedzinach.<\/p>\n<div class=\"celwidget aplus-module module-2 aplus-standard\" data-cel-widget=\"aplus-module-2\" data-csa-c-id=\"a3wgd8-k96mfw-8ip42v-4xkxak\">\n<div class=\"a-expander-collapsed-height a-row a-expander-container a-expander-partial-collapse-container\" data-a-expander-name=\"aplus-module-expander\" data-a-expander-collapsed-height=\"700\">\n<div class=\"a-expander-content a-expander-partial-collapse-content\" aria-expanded=\"false\">\n<div class=\"aplus-module-wrapper apm-floatnone apm-fixed-width\">\n<div class=\"apm-sidemodule apm-spacing\">\n<div class=\"apm-sidemodule-textright\">\n<p><span class=\"a-list-item\">Jest to produkt w 100% wega\u0144ski i cruelty free.<\/span><\/p>\n<\/div>\n<\/div>\n<\/div>\n<\/div>\n<\/div>\n<\/div>\n<h2>DMSO o wysokiej czysto\u015bci<\/h2>\n<p>Wysokiej jako\u015bci DMSO jest produkowany poprzez staranny i rygorystyczny proces destylacji, aby zapewni\u0107 jego czysto\u015b\u0107 i jako\u015b\u0107.<\/p>\n<div class=\"w-full border-b border-black\/10 dark:border-gray-900\/50 text-gray-800 dark:text-gray-100 group bg-gray-50 dark:bg-[#444654]\">\n<div class=\"text-base gap-4 md:gap-6 m-auto md:max-w-2xl lg:max-w-2xl xl:max-w-3xl p-4 md:py-6 flex lg:px-0\">\n<div class=\"relative flex w-[calc(100%-50px)] flex-col gap-1 md:gap-3 lg:w-[calc(100%-115px)]\">\n<div class=\"flex flex-grow flex-col gap-3\">\n<div class=\"min-h-[20px] flex flex-col items-start gap-4 whitespace-pre-wrap\">\n<div class=\"markdown prose w-full break-words dark:prose-invert light\">\n<p>Ten uniwersalny rozpuszczalnik jest bardzo wszechstronny i mo\u017ce by\u0107 stosowany w po\u0142\u0105czeniu z wieloma r\u00f3\u017cnymi substancjami, a tak\u017ce w r\u00f3\u017cnych sytuacjach i na r\u00f3\u017cnych powierzchniach.<\/p>\n<h2>Jak stosuje si\u0119 sulfotlenek dimetylu?<\/h2>\n<div class=\"w-full border-b border-black\/10 dark:border-gray-900\/50 text-gray-800 dark:text-gray-100 group bg-gray-50 dark:bg-[#444654]\">\n<div class=\"text-base gap-4 md:gap-6 m-auto md:max-w-2xl lg:max-w-2xl xl:max-w-3xl p-4 md:py-6 flex lg:px-0\">\n<div class=\"relative flex w-[calc(100%-50px)] flex-col gap-1 md:gap-3 lg:w-[calc(100%-115px)]\">\n<div class=\"flex flex-grow flex-col gap-3\">\n<div class=\"min-h-[20px] flex flex-col items-start gap-4 whitespace-pre-wrap\">\n<div class=\"markdown prose w-full break-words dark:prose-invert light\">\n<p>DMSO jest doskona\u0142ym sprzymierze\u0144cem w czyszczeniu i oczyszczaniu powierzchni, a tak\u017ce innych substancji chemicznych, takich jak <a href=\"https:\/\/o7-organic.com\/comprar\/dioxido-de-cloro-ultrapuro-cds-3000-ppm\/\">dwutlenek chloru<\/a>.<\/p>\n<div class=\"w-full border-b border-black\/10 dark:border-gray-900\/50 text-gray-800 dark:text-gray-100 group bg-gray-50 dark:bg-[#444654]\">\n<div class=\"text-base gap-4 md:gap-6 m-auto md:max-w-2xl lg:max-w-2xl xl:max-w-3xl p-4 md:py-6 flex lg:px-0\">\n<div class=\"relative flex w-[calc(100%-50px)] flex-col gap-1 md:gap-3 lg:w-[calc(100%-115px)]\">\n<div class=\"flex flex-grow flex-col gap-3\">\n<div class=\"min-h-[20px] flex flex-col items-start gap-4 whitespace-pre-wrap\">\n<div class=\"result-streaming markdown prose w-full break-words dark:prose-invert light\">\n<p>Przed zastosowaniem sulfotlenku dimetylu nale\u017cy zachowa\u0107 \u015brodki ostro\u017cno\u015bci, poniewa\u017c jest to produkt o wysokiej skuteczno\u015bci, kt\u00f3ry sprzyja przenikaniu substancji i zwi\u0105zk\u00f3w chemicznych przez sk\u00f3r\u0119.<\/p>\n<p>Zaleca si\u0119 przechowywanie produktu w oryginalnym opakowaniu.<\/p>\n<\/div>\n<\/div>\n<\/div>\n<\/div>\n<\/div>\n<\/div>\n<h3>DMSO w butelce ze szk\u0142a oran\u017cowego z nasadk\u0105 dozuj\u0105c\u0105 i kroplomierzem<\/h3>\n<p>Nasz Dimethyl sulfoxide jest przechowywany w pojemniku z bursztynowego szk\u0142a z kroplomierzem dozuj\u0105cym dla precyzyjnego i dok\u0142adnego zastosowania.<\/p>\n<h3>Jak przechowywa\u0107 DMSO?<\/h3>\n<p>Produkt nale\u017cy przechowywa\u0107 w oryginalnym opakowaniu, <span class=\"gb-headline-text\">z dala od ciep\u0142a, gor\u0105cych powierzchni i wszelkich \u017ar\u00f3de\u0142 zap\u0142onu.<\/span><\/p>\n<h2>Poznaj najnowsz\u0105 nowo\u015b\u0107 na rynku: Ultrapure Electrolytic CDS Generator at 3000 ppm<\/h2>\n<p>Jako uzupe\u0142nienie tego produktu, mo\u017cesz by\u0107 zainteresowany <a href=\"https:\/\/lghealth-isystems.eu\/\" target=\"_blank\" rel=\"noopener\">zakupem opatentowanego na \u015bwiecie Generatora Elektrolitycznego Ultrapure CDS<\/a>, kt\u00f3ry pozwala na produkcj\u0119 Dwutlenku Chloru na poziomie 3000 ppm w warunkach domowych.<\/p>\n<h3>Wsparcie i obs\u0142uga klienta<\/h3>\n<p>W razie jakichkolwiek pyta\u0144 dotycz\u0105cych produktu, mo\u017cna si\u0119 z nami skontaktowa\u0107 drog\u0105 mailow\u0105 pod adresem: <a href=\"mailto:store@o7-organic.com\">store@o7-organic.com<\/a>.<\/p>\n<\/div>\n<\/div>\n<\/div>\n<\/div>\n<\/div>\n<\/div>\n<\/div>\n<\/div>\n<\/div>\n<\/div>\n<\/div>\n<\/div>\n<\/div>\n<\/div>\n<\/div>\n<\/div>\n<\/div>\n<\/div>\n","protected":false},"excerpt":{"rendered":"<p>99,9% czysty dimetylosulfotlenek (DMSO) firmy O7-Organic jest naturalnym rozpuszczalnikiem o wielu zastosowaniach dzi\u0119ki swoim r\u00f3\u017cnorodnym w\u0142a\u015bciwo\u015bciom. Zawiera kroplomierz dozuj\u0105cy dla \u0142atwego i dok\u0142adnego dozowania.<\/p>\n","protected":false},"featured_media":10742,"comment_status":"open","ping_status":"closed","template":"","meta":[],"product_brand":[],"product_cat":[136],"product_tag":[],"class_list":{"0":"post-10967","1":"product","2":"type-product","3":"status-publish","4":"has-post-thumbnail","6":"product_cat-dimetylosulfotlenek","8":"first","9":"instock","10":"taxable","11":"shipping-taxable","12":"purchasable","13":"product-type-variable"},"yoast_head":"<!-- This site is optimized with the Yoast SEO plugin v27.5 - https:\/\/yoast.com\/product\/yoast-seo-wordpress\/ -->\n<title>99,9% sulfotlenek dimetylu (DMSO) 250 ml | O7-Organic<\/title>\n<meta name=\"description\" content=\"DMSO jest ciecz\u0105 organiczn\u0105 o czysto\u015bci 99,9%. Wysokiej jako\u015bci sulfotlenek dimetylu. Idealny do zwi\u0119kszonego oczyszczania powierzchni.\" \/>\n<meta name=\"robots\" content=\"index, follow, max-snippet:-1, max-image-preview:large, max-video-preview:-1\" \/>\n<link rel=\"canonical\" href=\"https:\/\/o7-organic.com\/pl\/kupi\u0107\/dimetylosulfotlenek-puro-dmso-gotero-doser\/\" \/>\n<meta property=\"og:locale\" content=\"pl_PL\" \/>\n<meta property=\"og:type\" content=\"article\" \/>\n<meta property=\"og:title\" content=\"99,9% sulfotlenek dimetylu (DMSO) 250 ml | O7-Organic\" \/>\n<meta property=\"og:description\" content=\"DMSO jest ciecz\u0105 organiczn\u0105 o czysto\u015bci 99,9%. Wysokiej jako\u015bci sulfotlenek dimetylu. Idealny do zwi\u0119kszonego oczyszczania powierzchni.\" \/>\n<meta property=\"og:url\" content=\"https:\/\/o7-organic.com\/pl\/kupi\u0107\/dimetylosulfotlenek-puro-dmso-gotero-doser\/\" \/>\n<meta property=\"og:site_name\" content=\"O7-Organic\" \/>\n<meta property=\"og:image\" content=\"https:\/\/o7-organic.com\/wp-content\/uploads\/2023\/03\/dmso-250-ml_resultado.jpg\" \/>\n\t<meta property=\"og:image:width\" content=\"1000\" \/>\n\t<meta property=\"og:image:height\" content=\"1000\" \/>\n\t<meta property=\"og:image:type\" content=\"image\/jpeg\" \/>\n<meta name=\"twitter:card\" content=\"summary_large_image\" \/>\n<meta name=\"twitter:label1\" content=\"Szacowany czas czytania\" \/>\n\t<meta name=\"twitter:data1\" content=\"1 minuta\" \/>\n<script type=\"application\/ld+json\" class=\"yoast-schema-graph\">{\"@context\":\"https:\\\/\\\/schema.org\",\"@graph\":[{\"@type\":\"WebPage\",\"@id\":\"https:\\\/\\\/o7-organic.com\\\/pl\\\/kupi\u0107\\\/dimetylosulfotlenek-puro-dmso-gotero-doser\\\/\",\"url\":\"https:\\\/\\\/o7-organic.com\\\/pl\\\/kupi\u0107\\\/dimetylosulfotlenek-puro-dmso-gotero-doser\\\/\",\"name\":\"99,9% sulfotlenek dimetylu (DMSO) 250 ml | O7-Organic\",\"isPartOf\":{\"@id\":\"https:\\\/\\\/o7-organic.com\\\/#website\"},\"primaryImageOfPage\":{\"@id\":\"https:\\\/\\\/o7-organic.com\\\/pl\\\/kupi\u0107\\\/dimetylosulfotlenek-puro-dmso-gotero-doser\\\/#primaryimage\"},\"image\":{\"@id\":\"https:\\\/\\\/o7-organic.com\\\/pl\\\/kupi\u0107\\\/dimetylosulfotlenek-puro-dmso-gotero-doser\\\/#primaryimage\"},\"thumbnailUrl\":\"https:\\\/\\\/o7-organic.com\\\/wp-content\\\/uploads\\\/2023\\\/03\\\/dmso-250-ml_resultado.jpg\",\"datePublished\":\"2023-03-08T11:17:21+00:00\",\"description\":\"DMSO jest ciecz\u0105 organiczn\u0105 o czysto\u015bci 99,9%. Wysokiej jako\u015bci sulfotlenek dimetylu. Idealny do zwi\u0119kszonego oczyszczania powierzchni.\",\"breadcrumb\":{\"@id\":\"https:\\\/\\\/o7-organic.com\\\/pl\\\/kupi\u0107\\\/dimetylosulfotlenek-puro-dmso-gotero-doser\\\/#breadcrumb\"},\"inLanguage\":\"pl-PL\",\"potentialAction\":[{\"@type\":\"ReadAction\",\"target\":[\"https:\\\/\\\/o7-organic.com\\\/pl\\\/kupi\u0107\\\/dimetylosulfotlenek-puro-dmso-gotero-doser\\\/\"]}]},{\"@type\":\"ImageObject\",\"inLanguage\":\"pl-PL\",\"@id\":\"https:\\\/\\\/o7-organic.com\\\/pl\\\/kupi\u0107\\\/dimetylosulfotlenek-puro-dmso-gotero-doser\\\/#primaryimage\",\"url\":\"https:\\\/\\\/o7-organic.com\\\/wp-content\\\/uploads\\\/2023\\\/03\\\/dmso-250-ml_resultado.jpg\",\"contentUrl\":\"https:\\\/\\\/o7-organic.com\\\/wp-content\\\/uploads\\\/2023\\\/03\\\/dmso-250-ml_resultado.jpg\",\"width\":1000,\"height\":1000},{\"@type\":\"BreadcrumbList\",\"@id\":\"https:\\\/\\\/o7-organic.com\\\/pl\\\/kupi\u0107\\\/dimetylosulfotlenek-puro-dmso-gotero-doser\\\/#breadcrumb\",\"itemListElement\":[{\"@type\":\"ListItem\",\"position\":1,\"name\":\"Portada\",\"item\":\"https:\\\/\\\/o7-organic.com\\\/\"},{\"@type\":\"ListItem\",\"position\":2,\"name\":\"Sklep\",\"item\":\"https:\\\/\\\/o7-organic.com\\\/pl\\\/sklep\\\/\"},{\"@type\":\"ListItem\",\"position\":3,\"name\":\"Dimethyl sulfoxide 99,9% (DMSO) &#8211; Amber Glass Bottle Stopper with Dropper Dispenser.\"}]},{\"@type\":\"WebSite\",\"@id\":\"https:\\\/\\\/o7-organic.com\\\/#website\",\"url\":\"https:\\\/\\\/o7-organic.com\\\/\",\"name\":\"O7-Organic\",\"description\":\"Innovaci\u00f3n en salud a tu alcance\",\"publisher\":{\"@id\":\"https:\\\/\\\/o7-organic.com\\\/#organization\"},\"potentialAction\":[{\"@type\":\"SearchAction\",\"target\":{\"@type\":\"EntryPoint\",\"urlTemplate\":\"https:\\\/\\\/o7-organic.com\\\/?s={search_term_string}\"},\"query-input\":{\"@type\":\"PropertyValueSpecification\",\"valueRequired\":true,\"valueName\":\"search_term_string\"}}],\"inLanguage\":\"pl-PL\"},{\"@type\":\"Organization\",\"@id\":\"https:\\\/\\\/o7-organic.com\\\/#organization\",\"name\":\"O7-Organic\",\"url\":\"https:\\\/\\\/o7-organic.com\\\/\",\"logo\":{\"@type\":\"ImageObject\",\"inLanguage\":\"pl-PL\",\"@id\":\"https:\\\/\\\/o7-organic.com\\\/#\\\/schema\\\/logo\\\/image\\\/\",\"url\":\"https:\\\/\\\/o7-organic.com\\\/wp-content\\\/uploads\\\/2023\\\/03\\\/logo_o7_organic.png\",\"contentUrl\":\"https:\\\/\\\/o7-organic.com\\\/wp-content\\\/uploads\\\/2023\\\/03\\\/logo_o7_organic.png\",\"width\":512,\"height\":512,\"caption\":\"O7-Organic\"},\"image\":{\"@id\":\"https:\\\/\\\/o7-organic.com\\\/#\\\/schema\\\/logo\\\/image\\\/\"},\"sameAs\":[\"https:\\\/\\\/www.instagram.com\\\/o7organic\\\/\"]}]}<\/script>\n<!-- \/ Yoast SEO plugin. -->","yoast_head_json":{"title":"99,9% sulfotlenek dimetylu (DMSO) 250 ml | O7-Organic","description":"DMSO jest ciecz\u0105 organiczn\u0105 o czysto\u015bci 99,9%. Wysokiej jako\u015bci sulfotlenek dimetylu. Idealny do zwi\u0119kszonego oczyszczania powierzchni.","robots":{"index":"index","follow":"follow","max-snippet":"max-snippet:-1","max-image-preview":"max-image-preview:large","max-video-preview":"max-video-preview:-1"},"canonical":"https:\/\/o7-organic.com\/pl\/kupi\u0107\/dimetylosulfotlenek-puro-dmso-gotero-doser\/","og_locale":"pl_PL","og_type":"article","og_title":"99,9% sulfotlenek dimetylu (DMSO) 250 ml | O7-Organic","og_description":"DMSO jest ciecz\u0105 organiczn\u0105 o czysto\u015bci 99,9%. Wysokiej jako\u015bci sulfotlenek dimetylu. Idealny do zwi\u0119kszonego oczyszczania powierzchni.","og_url":"https:\/\/o7-organic.com\/pl\/kupi\u0107\/dimetylosulfotlenek-puro-dmso-gotero-doser\/","og_site_name":"O7-Organic","og_image":[{"width":1000,"height":1000,"url":"https:\/\/o7-organic.com\/wp-content\/uploads\/2023\/03\/dmso-250-ml_resultado.jpg","type":"image\/jpeg"}],"twitter_card":"summary_large_image","twitter_misc":{"Szacowany czas czytania":"1 minuta"},"schema":{"@context":"https:\/\/schema.org","@graph":[{"@type":"WebPage","@id":"https:\/\/o7-organic.com\/pl\/kupi\u0107\/dimetylosulfotlenek-puro-dmso-gotero-doser\/","url":"https:\/\/o7-organic.com\/pl\/kupi\u0107\/dimetylosulfotlenek-puro-dmso-gotero-doser\/","name":"99,9% sulfotlenek dimetylu (DMSO) 250 ml | O7-Organic","isPartOf":{"@id":"https:\/\/o7-organic.com\/#website"},"primaryImageOfPage":{"@id":"https:\/\/o7-organic.com\/pl\/kupi\u0107\/dimetylosulfotlenek-puro-dmso-gotero-doser\/#primaryimage"},"image":{"@id":"https:\/\/o7-organic.com\/pl\/kupi\u0107\/dimetylosulfotlenek-puro-dmso-gotero-doser\/#primaryimage"},"thumbnailUrl":"https:\/\/o7-organic.com\/wp-content\/uploads\/2023\/03\/dmso-250-ml_resultado.jpg","datePublished":"2023-03-08T11:17:21+00:00","description":"DMSO jest ciecz\u0105 organiczn\u0105 o czysto\u015bci 99,9%. Wysokiej jako\u015bci sulfotlenek dimetylu. Idealny do zwi\u0119kszonego oczyszczania powierzchni.","breadcrumb":{"@id":"https:\/\/o7-organic.com\/pl\/kupi\u0107\/dimetylosulfotlenek-puro-dmso-gotero-doser\/#breadcrumb"},"inLanguage":"pl-PL","potentialAction":[{"@type":"ReadAction","target":["https:\/\/o7-organic.com\/pl\/kupi\u0107\/dimetylosulfotlenek-puro-dmso-gotero-doser\/"]}]},{"@type":"ImageObject","inLanguage":"pl-PL","@id":"https:\/\/o7-organic.com\/pl\/kupi\u0107\/dimetylosulfotlenek-puro-dmso-gotero-doser\/#primaryimage","url":"https:\/\/o7-organic.com\/wp-content\/uploads\/2023\/03\/dmso-250-ml_resultado.jpg","contentUrl":"https:\/\/o7-organic.com\/wp-content\/uploads\/2023\/03\/dmso-250-ml_resultado.jpg","width":1000,"height":1000},{"@type":"BreadcrumbList","@id":"https:\/\/o7-organic.com\/pl\/kupi\u0107\/dimetylosulfotlenek-puro-dmso-gotero-doser\/#breadcrumb","itemListElement":[{"@type":"ListItem","position":1,"name":"Portada","item":"https:\/\/o7-organic.com\/"},{"@type":"ListItem","position":2,"name":"Sklep","item":"https:\/\/o7-organic.com\/pl\/sklep\/"},{"@type":"ListItem","position":3,"name":"Dimethyl sulfoxide 99,9% (DMSO) &#8211; Amber Glass Bottle Stopper with Dropper Dispenser."}]},{"@type":"WebSite","@id":"https:\/\/o7-organic.com\/#website","url":"https:\/\/o7-organic.com\/","name":"O7-Organic","description":"Innovaci\u00f3n en salud a tu alcance","publisher":{"@id":"https:\/\/o7-organic.com\/#organization"},"potentialAction":[{"@type":"SearchAction","target":{"@type":"EntryPoint","urlTemplate":"https:\/\/o7-organic.com\/?s={search_term_string}"},"query-input":{"@type":"PropertyValueSpecification","valueRequired":true,"valueName":"search_term_string"}}],"inLanguage":"pl-PL"},{"@type":"Organization","@id":"https:\/\/o7-organic.com\/#organization","name":"O7-Organic","url":"https:\/\/o7-organic.com\/","logo":{"@type":"ImageObject","inLanguage":"pl-PL","@id":"https:\/\/o7-organic.com\/#\/schema\/logo\/image\/","url":"https:\/\/o7-organic.com\/wp-content\/uploads\/2023\/03\/logo_o7_organic.png","contentUrl":"https:\/\/o7-organic.com\/wp-content\/uploads\/2023\/03\/logo_o7_organic.png","width":512,"height":512,"caption":"O7-Organic"},"image":{"@id":"https:\/\/o7-organic.com\/#\/schema\/logo\/image\/"},"sameAs":["https:\/\/www.instagram.com\/o7organic\/"]}]}},"_links":{"self":[{"href":"https:\/\/o7-organic.com\/pl\/wp-json\/wp\/v2\/product\/10967","targetHints":{"allow":["GET"]}}],"collection":[{"href":"https:\/\/o7-organic.com\/pl\/wp-json\/wp\/v2\/product"}],"about":[{"href":"https:\/\/o7-organic.com\/pl\/wp-json\/wp\/v2\/types\/product"}],"replies":[{"embeddable":true,"href":"https:\/\/o7-organic.com\/pl\/wp-json\/wp\/v2\/comments?post=10967"}],"version-history":[{"count":0,"href":"https:\/\/o7-organic.com\/pl\/wp-json\/wp\/v2\/product\/10967\/revisions"}],"wp:featuredmedia":[{"embeddable":true,"href":"https:\/\/o7-organic.com\/pl\/wp-json\/wp\/v2\/media\/10742"}],"wp:attachment":[{"href":"https:\/\/o7-organic.com\/pl\/wp-json\/wp\/v2\/media?parent=10967"}],"wp:term":[{"taxonomy":"product_brand","embeddable":true,"href":"https:\/\/o7-organic.com\/pl\/wp-json\/wp\/v2\/product_brand?post=10967"},{"taxonomy":"product_cat","embeddable":true,"href":"https:\/\/o7-organic.com\/pl\/wp-json\/wp\/v2\/product_cat?post=10967"},{"taxonomy":"product_tag","embeddable":true,"href":"https:\/\/o7-organic.com\/pl\/wp-json\/wp\/v2\/product_tag?post=10967"}],"curies":[{"name":"wp","href":"https:\/\/api.w.org\/{rel}","templated":true}]}}