{"id":10960,"date":"2023-03-08T12:54:59","date_gmt":"2023-03-08T12:54:59","guid":{"rendered":"https:\/\/o7-organic.com\/comprar\/sodium-chlorite-25-activator-hydrochloric-acid-4-w-zestawie-zatyczka-z-kroplomierzem-dozujacym\/"},"modified":"2023-03-08T12:54:59","modified_gmt":"2023-03-08T12:54:59","slug":"kit-potabilizador-clorito-de-sodio-activador","status":"publish","type":"product","link":"https:\/\/o7-organic.com\/pl\/kupi\u0107\/kit-potabilizador-clorito-de-sodio-activador\/","title":{"rendered":"Sodium Chlorite 25% + Activator (Hydrochloric Acid) 4%. W zestawie zatyczka z kroplomierzem dozuj\u0105cym."},"content":{"rendered":"<h2>Zestaw do uzdatniania wody Chloryn Sodu 25% (Prekursor) + \u00c1. Kwas chlorowodorowy 4% (aktywator)<\/h2>\n<p>Zestaw O7-Organic Watermaker sk\u0142ada si\u0119 z 25% p\u0142ynnego Chlorynu Sodu, zwanego potocznie Prekursorem oraz 4% p\u0142ynnego Kwasu Solnego, zwanego r\u00f3wnie\u017c Aktywatorem. S\u0105 one zazwyczaj wykorzystywane do produkcji na miejscu biocydu (dwutlenek chloru MMS).<\/p>\n<h2>Sk\u0142ad zestawu do oczyszczania wody z dwutlenkiem chloru<\/h2>\n<div class=\"group w-full text-gray-800 dark:text-gray-100 border-b border-black\/10 dark:border-gray-900\/50 bg-gray-50 dark:bg-[#444654]\">\n<div class=\"text-base gap-4 md:gap-6 md:max-w-2xl lg:max-w-2xl xl:max-w-3xl p-4 md:py-6 flex lg:px-0 m-auto\">\n<div class=\"relative flex w-[calc(100%-50px)] flex-col gap-1 md:gap-3 lg:w-[calc(100%-115px)]\">\n<div class=\"flex flex-grow flex-col gap-3\">\n<div class=\"min-h-[20px] flex flex-col items-start gap-4 whitespace-pre-wrap\">\n<div class=\"markdown prose w-full break-words dark:prose-invert light\">\n<p>25% roztw\u00f3r chlorynu sodu (NaCIO2), kt\u00f3ry jest u\u017cywany jako prekursor biocydu zwanego dwutlenkiem chloru. Aby otrzyma\u0107 dwutlenek chloru, konieczne jest zakwaszenie roztworu aktywatorem (kwasem solnym) HCL w st\u0119\u017ceniu 4%. Zestaw do uzdatniania wody pitnej sk\u0142ada si\u0119 z dw\u00f3ch produkt\u00f3w, jednego z 25% roztworem Chlorynu Sodu i drugiego z 4% aktywatorem HCL.<\/p>\n<h2>Jak przygotowa\u0107 dwutlenek chloru MMS z chlorynem sodu (prekursor) + kwasem solnym HCL (aktywator)<\/h2>\n<p>Aby uzyska\u0107 Dwutlenek Chloru do eliminacji wirus\u00f3w i bakterii do wody pitnej, dodaj 3 krople Aktywatora (Kwas solny HCl &#8211; 4%) i 3 krople Prekursora (Chloryn sodu 25%) w suchym pojemniku na ka\u017cdy litr wody, odczekaj 20 sekund do uzyskania z\u0142otobursztynowego koloru.<\/p>\n<p>Uzupe\u0142ni\u0107 wod\u0105, kt\u00f3ra ma by\u0107 uzdatniona i odczeka\u0107 30 minut. Poziom aktywnego chloru powinien mie\u015bci\u0107 si\u0119 w granicach 0,5 &#8211; 1,5 ppm.<\/p>\n<p>Zobacz jak zrobi\u0107 dwutlenek chloru z 25% chlorynem sodu i 4% kwasem solnym (Prekursor i Aktywator) wyja\u015bnione przez <a href=\"https:\/\/andreaskalcker.com\/\" target=\"_blank\" rel=\"noopener\">Andreas Kalcker<\/a>.<\/p>\n<p><a href=\"https:\/\/www.youtube.com\/watch?v=g9umUo-WOtI\">https:\/\/www.youtube.com\/watch?v=g9umUo-WOtI<\/a><\/p>\n<\/div>\n<\/div>\n<\/div>\n<\/div>\n<\/div>\n<\/div>\n<h3>Kupi\u0107 gotowy dwutlenek chloru<\/h3>\n<p>W O7-Organic posiadamy r\u00f3wnie\u017c gotowy <a href=\"https:\/\/o7-organic.com\/comprar\/dioxido-de-cloro-cds-3000-ppm\/\" target=\"_blank\" rel=\"noopener\">dwutlenek chloru (CDS)<\/a> w butelce z bursztynowego szk\u0142a o pojemno\u015bci 250 ml z nakr\u0119tk\u0105 dozuj\u0105c\u0105 i strzykawk\u0105. Nasz dwutlenek chloru jest wytwarzany poprzez elektroliz\u0119, najbardziej naturaln\u0105 i wydajn\u0105 metod\u0119 produkcji CDS.<\/p>\n<h3>Jak wytworzy\u0107 czysty dwutlenek chloru CDS na 3000 ppm z generatorem elektrolitycznym<\/h3>\n<p>Jako uzupe\u0142nienie tego produktu, mo\u017cesz by\u0107 zainteresowany <a href=\"https:\/\/lghealth-isystems.eu\/\" target=\"_blank\" rel=\"noopener\">zakupem opatentowanego na \u015bwiecie Generatora Elektrolitycznego Ultrapure CDS<\/a>, kt\u00f3ry pozwala na produkcj\u0119 Dwutlenku Chloru na poziomie 3000 ppm w warunkach domowych.<\/p>\n","protected":false},"excerpt":{"rendered":"<p>Sodium Chlorite 25% (Precursor) + Hydrochloric Acid HCL 4% (Activator) w butelkach z bursztynowego szk\u0142a o pojemno\u015bci 250 ml oraz z tworzywa sztucznego (PP) przeznaczonego do kontaktu z \u017cywno\u015bci\u0105, wolnego od BPA, o pojemno\u015bci 120 ml i 60 ml. Zawiera szczeln\u0105 zakr\u0119tk\u0119 z kroplomierzem dozuj\u0105cym dla dok\u0142adnego i \u0142atwego dozowania.<\/p>\n<p>Ten idealny zestaw do produkcji dwutlenku chloru (MMS) zawiera dwa produkty:<\/p>\n<ul>\n<li><strong>Chloryn sodu 25% ciecz<\/strong>: Prekursor do otrzymywania <em>in situ<\/em>, z po\u0142\u0105czeniem aktywatora, biocydu (dwutlenku chloru) do potabilizacji wody przeznaczonej do spo\u017cycia przez ludzi i zwierz\u0119ta.<\/li>\n<li><strong>Ciek\u0142y kwas solny 4%<\/strong>: Aktywator do otrzymywania <em>in situ<\/em>, z po\u0142\u0105czeniem prekursora, biocydu (dwutlenku chloru) do potabilizacji wody przeznaczonej do spo\u017cycia przez ludzi i zwierz\u0119ta.<\/li>\n<\/ul>\n","protected":false},"featured_media":10777,"comment_status":"open","ping_status":"closed","template":"","meta":[],"product_brand":[],"product_cat":[151],"product_tag":[],"class_list":{"0":"post-10960","1":"product","2":"type-product","3":"status-publish","4":"has-post-thumbnail","6":"product_cat-zestaw-do-uzdatniania-wody-pitnej","8":"first","9":"instock","10":"taxable","11":"shipping-taxable","12":"purchasable","13":"product-type-variable"},"yoast_head":"<!-- This site is optimized with the Yoast SEO plugin v27.5 - https:\/\/yoast.com\/product\/yoast-seo-wordpress\/ -->\n<title>Oczyszczacz wody z chlorynem sodu + zestaw aktywuj\u0105cy | O7-Organic<\/title>\n<meta name=\"description\" content=\"Kup Sodium Chlorite 25% + Activator 4% do produkcji MMS (dwutlenek chloru). Butelki z bursztynowego szk\u0142a z kroplomierzem.\" \/>\n<meta name=\"robots\" content=\"index, follow, max-snippet:-1, max-image-preview:large, max-video-preview:-1\" \/>\n<link rel=\"canonical\" href=\"https:\/\/o7-organic.com\/pl\/kupi\u0107\/sodium-chlorite-25-activator-hydrochloric-acid-4-w-zestawie-zatyczka-z-kroplomierzem-dozujacym\/\" \/>\n<meta property=\"og:locale\" content=\"pl_PL\" \/>\n<meta property=\"og:type\" content=\"article\" \/>\n<meta property=\"og:title\" content=\"Oczyszczacz wody z chlorynem sodu + zestaw aktywuj\u0105cy | O7-Organic\" \/>\n<meta property=\"og:description\" content=\"Kup Sodium Chlorite 25% + Activator 4% do produkcji MMS (dwutlenek chloru). Butelki z bursztynowego szk\u0142a z kroplomierzem.\" \/>\n<meta property=\"og:url\" content=\"https:\/\/o7-organic.com\/pl\/kupi\u0107\/sodium-chlorite-25-activator-hydrochloric-acid-4-w-zestawie-zatyczka-z-kroplomierzem-dozujacym\/\" \/>\n<meta property=\"og:site_name\" content=\"O7-Organic\" \/>\n<meta property=\"og:image\" content=\"https:\/\/o7-organic.com\/wp-content\/uploads\/2023\/03\/Clorito-Cristal-250ml_resultado.jpg\" \/>\n\t<meta property=\"og:image:width\" content=\"1000\" \/>\n\t<meta property=\"og:image:height\" content=\"1000\" \/>\n\t<meta property=\"og:image:type\" content=\"image\/jpeg\" \/>\n<meta name=\"twitter:card\" content=\"summary_large_image\" \/>\n<meta name=\"twitter:label1\" content=\"Szacowany czas czytania\" \/>\n\t<meta name=\"twitter:data1\" content=\"1 minuta\" \/>\n<script type=\"application\/ld+json\" class=\"yoast-schema-graph\">{\"@context\":\"https:\\\/\\\/schema.org\",\"@graph\":[{\"@type\":\"WebPage\",\"@id\":\"https:\\\/\\\/o7-organic.com\\\/pl\\\/kupi\u0107\\\/sodium-chlorite-25-activator-hydrochloric-acid-4-w-zestawie-zatyczka-z-kroplomierzem-dozujacym\\\/\",\"url\":\"https:\\\/\\\/o7-organic.com\\\/pl\\\/kupi\u0107\\\/sodium-chlorite-25-activator-hydrochloric-acid-4-w-zestawie-zatyczka-z-kroplomierzem-dozujacym\\\/\",\"name\":\"Oczyszczacz wody z chlorynem sodu + zestaw aktywuj\u0105cy | O7-Organic\",\"isPartOf\":{\"@id\":\"https:\\\/\\\/o7-organic.com\\\/#website\"},\"primaryImageOfPage\":{\"@id\":\"https:\\\/\\\/o7-organic.com\\\/pl\\\/kupi\u0107\\\/sodium-chlorite-25-activator-hydrochloric-acid-4-w-zestawie-zatyczka-z-kroplomierzem-dozujacym\\\/#primaryimage\"},\"image\":{\"@id\":\"https:\\\/\\\/o7-organic.com\\\/pl\\\/kupi\u0107\\\/sodium-chlorite-25-activator-hydrochloric-acid-4-w-zestawie-zatyczka-z-kroplomierzem-dozujacym\\\/#primaryimage\"},\"thumbnailUrl\":\"https:\\\/\\\/o7-organic.com\\\/wp-content\\\/uploads\\\/2023\\\/03\\\/Clorito-Cristal-250ml_resultado.jpg\",\"datePublished\":\"2023-03-08T12:54:59+00:00\",\"description\":\"Kup Sodium Chlorite 25% + Activator 4% do produkcji MMS (dwutlenek chloru). Butelki z bursztynowego szk\u0142a z kroplomierzem.\",\"breadcrumb\":{\"@id\":\"https:\\\/\\\/o7-organic.com\\\/pl\\\/kupi\u0107\\\/sodium-chlorite-25-activator-hydrochloric-acid-4-w-zestawie-zatyczka-z-kroplomierzem-dozujacym\\\/#breadcrumb\"},\"inLanguage\":\"pl-PL\",\"potentialAction\":[{\"@type\":\"ReadAction\",\"target\":[\"https:\\\/\\\/o7-organic.com\\\/pl\\\/kupi\u0107\\\/sodium-chlorite-25-activator-hydrochloric-acid-4-w-zestawie-zatyczka-z-kroplomierzem-dozujacym\\\/\"]}]},{\"@type\":\"ImageObject\",\"inLanguage\":\"pl-PL\",\"@id\":\"https:\\\/\\\/o7-organic.com\\\/pl\\\/kupi\u0107\\\/sodium-chlorite-25-activator-hydrochloric-acid-4-w-zestawie-zatyczka-z-kroplomierzem-dozujacym\\\/#primaryimage\",\"url\":\"https:\\\/\\\/o7-organic.com\\\/wp-content\\\/uploads\\\/2023\\\/03\\\/Clorito-Cristal-250ml_resultado.jpg\",\"contentUrl\":\"https:\\\/\\\/o7-organic.com\\\/wp-content\\\/uploads\\\/2023\\\/03\\\/Clorito-Cristal-250ml_resultado.jpg\",\"width\":1000,\"height\":1000},{\"@type\":\"BreadcrumbList\",\"@id\":\"https:\\\/\\\/o7-organic.com\\\/pl\\\/kupi\u0107\\\/sodium-chlorite-25-activator-hydrochloric-acid-4-w-zestawie-zatyczka-z-kroplomierzem-dozujacym\\\/#breadcrumb\",\"itemListElement\":[{\"@type\":\"ListItem\",\"position\":1,\"name\":\"Portada\",\"item\":\"https:\\\/\\\/o7-organic.com\\\/\"},{\"@type\":\"ListItem\",\"position\":2,\"name\":\"Sklep\",\"item\":\"https:\\\/\\\/o7-organic.com\\\/pl\\\/sklep\\\/\"},{\"@type\":\"ListItem\",\"position\":3,\"name\":\"Sodium Chlorite 25% + Activator (Hydrochloric Acid) 4%. W zestawie zatyczka z kroplomierzem dozuj\u0105cym.\"}]},{\"@type\":\"WebSite\",\"@id\":\"https:\\\/\\\/o7-organic.com\\\/#website\",\"url\":\"https:\\\/\\\/o7-organic.com\\\/\",\"name\":\"O7-Organic\",\"description\":\"Innovaci\u00f3n en salud a tu alcance\",\"publisher\":{\"@id\":\"https:\\\/\\\/o7-organic.com\\\/#organization\"},\"potentialAction\":[{\"@type\":\"SearchAction\",\"target\":{\"@type\":\"EntryPoint\",\"urlTemplate\":\"https:\\\/\\\/o7-organic.com\\\/?s={search_term_string}\"},\"query-input\":{\"@type\":\"PropertyValueSpecification\",\"valueRequired\":true,\"valueName\":\"search_term_string\"}}],\"inLanguage\":\"pl-PL\"},{\"@type\":\"Organization\",\"@id\":\"https:\\\/\\\/o7-organic.com\\\/#organization\",\"name\":\"O7-Organic\",\"url\":\"https:\\\/\\\/o7-organic.com\\\/\",\"logo\":{\"@type\":\"ImageObject\",\"inLanguage\":\"pl-PL\",\"@id\":\"https:\\\/\\\/o7-organic.com\\\/#\\\/schema\\\/logo\\\/image\\\/\",\"url\":\"https:\\\/\\\/o7-organic.com\\\/wp-content\\\/uploads\\\/2023\\\/03\\\/logo_o7_organic.png\",\"contentUrl\":\"https:\\\/\\\/o7-organic.com\\\/wp-content\\\/uploads\\\/2023\\\/03\\\/logo_o7_organic.png\",\"width\":512,\"height\":512,\"caption\":\"O7-Organic\"},\"image\":{\"@id\":\"https:\\\/\\\/o7-organic.com\\\/#\\\/schema\\\/logo\\\/image\\\/\"},\"sameAs\":[\"https:\\\/\\\/www.instagram.com\\\/o7organic\\\/\"]}]}<\/script>\n<!-- \/ Yoast SEO plugin. -->","yoast_head_json":{"title":"Oczyszczacz wody z chlorynem sodu + zestaw aktywuj\u0105cy | O7-Organic","description":"Kup Sodium Chlorite 25% + Activator 4% do produkcji MMS (dwutlenek chloru). Butelki z bursztynowego szk\u0142a z kroplomierzem.","robots":{"index":"index","follow":"follow","max-snippet":"max-snippet:-1","max-image-preview":"max-image-preview:large","max-video-preview":"max-video-preview:-1"},"canonical":"https:\/\/o7-organic.com\/pl\/kupi\u0107\/sodium-chlorite-25-activator-hydrochloric-acid-4-w-zestawie-zatyczka-z-kroplomierzem-dozujacym\/","og_locale":"pl_PL","og_type":"article","og_title":"Oczyszczacz wody z chlorynem sodu + zestaw aktywuj\u0105cy | O7-Organic","og_description":"Kup Sodium Chlorite 25% + Activator 4% do produkcji MMS (dwutlenek chloru). Butelki z bursztynowego szk\u0142a z kroplomierzem.","og_url":"https:\/\/o7-organic.com\/pl\/kupi\u0107\/sodium-chlorite-25-activator-hydrochloric-acid-4-w-zestawie-zatyczka-z-kroplomierzem-dozujacym\/","og_site_name":"O7-Organic","og_image":[{"width":1000,"height":1000,"url":"https:\/\/o7-organic.com\/wp-content\/uploads\/2023\/03\/Clorito-Cristal-250ml_resultado.jpg","type":"image\/jpeg"}],"twitter_card":"summary_large_image","twitter_misc":{"Szacowany czas czytania":"1 minuta"},"schema":{"@context":"https:\/\/schema.org","@graph":[{"@type":"WebPage","@id":"https:\/\/o7-organic.com\/pl\/kupi\u0107\/sodium-chlorite-25-activator-hydrochloric-acid-4-w-zestawie-zatyczka-z-kroplomierzem-dozujacym\/","url":"https:\/\/o7-organic.com\/pl\/kupi\u0107\/sodium-chlorite-25-activator-hydrochloric-acid-4-w-zestawie-zatyczka-z-kroplomierzem-dozujacym\/","name":"Oczyszczacz wody z chlorynem sodu + zestaw aktywuj\u0105cy | O7-Organic","isPartOf":{"@id":"https:\/\/o7-organic.com\/#website"},"primaryImageOfPage":{"@id":"https:\/\/o7-organic.com\/pl\/kupi\u0107\/sodium-chlorite-25-activator-hydrochloric-acid-4-w-zestawie-zatyczka-z-kroplomierzem-dozujacym\/#primaryimage"},"image":{"@id":"https:\/\/o7-organic.com\/pl\/kupi\u0107\/sodium-chlorite-25-activator-hydrochloric-acid-4-w-zestawie-zatyczka-z-kroplomierzem-dozujacym\/#primaryimage"},"thumbnailUrl":"https:\/\/o7-organic.com\/wp-content\/uploads\/2023\/03\/Clorito-Cristal-250ml_resultado.jpg","datePublished":"2023-03-08T12:54:59+00:00","description":"Kup Sodium Chlorite 25% + Activator 4% do produkcji MMS (dwutlenek chloru). Butelki z bursztynowego szk\u0142a z kroplomierzem.","breadcrumb":{"@id":"https:\/\/o7-organic.com\/pl\/kupi\u0107\/sodium-chlorite-25-activator-hydrochloric-acid-4-w-zestawie-zatyczka-z-kroplomierzem-dozujacym\/#breadcrumb"},"inLanguage":"pl-PL","potentialAction":[{"@type":"ReadAction","target":["https:\/\/o7-organic.com\/pl\/kupi\u0107\/sodium-chlorite-25-activator-hydrochloric-acid-4-w-zestawie-zatyczka-z-kroplomierzem-dozujacym\/"]}]},{"@type":"ImageObject","inLanguage":"pl-PL","@id":"https:\/\/o7-organic.com\/pl\/kupi\u0107\/sodium-chlorite-25-activator-hydrochloric-acid-4-w-zestawie-zatyczka-z-kroplomierzem-dozujacym\/#primaryimage","url":"https:\/\/o7-organic.com\/wp-content\/uploads\/2023\/03\/Clorito-Cristal-250ml_resultado.jpg","contentUrl":"https:\/\/o7-organic.com\/wp-content\/uploads\/2023\/03\/Clorito-Cristal-250ml_resultado.jpg","width":1000,"height":1000},{"@type":"BreadcrumbList","@id":"https:\/\/o7-organic.com\/pl\/kupi\u0107\/sodium-chlorite-25-activator-hydrochloric-acid-4-w-zestawie-zatyczka-z-kroplomierzem-dozujacym\/#breadcrumb","itemListElement":[{"@type":"ListItem","position":1,"name":"Portada","item":"https:\/\/o7-organic.com\/"},{"@type":"ListItem","position":2,"name":"Sklep","item":"https:\/\/o7-organic.com\/pl\/sklep\/"},{"@type":"ListItem","position":3,"name":"Sodium Chlorite 25% + Activator (Hydrochloric Acid) 4%. W zestawie zatyczka z kroplomierzem dozuj\u0105cym."}]},{"@type":"WebSite","@id":"https:\/\/o7-organic.com\/#website","url":"https:\/\/o7-organic.com\/","name":"O7-Organic","description":"Innovaci\u00f3n en salud a tu alcance","publisher":{"@id":"https:\/\/o7-organic.com\/#organization"},"potentialAction":[{"@type":"SearchAction","target":{"@type":"EntryPoint","urlTemplate":"https:\/\/o7-organic.com\/?s={search_term_string}"},"query-input":{"@type":"PropertyValueSpecification","valueRequired":true,"valueName":"search_term_string"}}],"inLanguage":"pl-PL"},{"@type":"Organization","@id":"https:\/\/o7-organic.com\/#organization","name":"O7-Organic","url":"https:\/\/o7-organic.com\/","logo":{"@type":"ImageObject","inLanguage":"pl-PL","@id":"https:\/\/o7-organic.com\/#\/schema\/logo\/image\/","url":"https:\/\/o7-organic.com\/wp-content\/uploads\/2023\/03\/logo_o7_organic.png","contentUrl":"https:\/\/o7-organic.com\/wp-content\/uploads\/2023\/03\/logo_o7_organic.png","width":512,"height":512,"caption":"O7-Organic"},"image":{"@id":"https:\/\/o7-organic.com\/#\/schema\/logo\/image\/"},"sameAs":["https:\/\/www.instagram.com\/o7organic\/"]}]}},"_links":{"self":[{"href":"https:\/\/o7-organic.com\/pl\/wp-json\/wp\/v2\/product\/10960","targetHints":{"allow":["GET"]}}],"collection":[{"href":"https:\/\/o7-organic.com\/pl\/wp-json\/wp\/v2\/product"}],"about":[{"href":"https:\/\/o7-organic.com\/pl\/wp-json\/wp\/v2\/types\/product"}],"replies":[{"embeddable":true,"href":"https:\/\/o7-organic.com\/pl\/wp-json\/wp\/v2\/comments?post=10960"}],"version-history":[{"count":0,"href":"https:\/\/o7-organic.com\/pl\/wp-json\/wp\/v2\/product\/10960\/revisions"}],"wp:featuredmedia":[{"embeddable":true,"href":"https:\/\/o7-organic.com\/pl\/wp-json\/wp\/v2\/media\/10777"}],"wp:attachment":[{"href":"https:\/\/o7-organic.com\/pl\/wp-json\/wp\/v2\/media?parent=10960"}],"wp:term":[{"taxonomy":"product_brand","embeddable":true,"href":"https:\/\/o7-organic.com\/pl\/wp-json\/wp\/v2\/product_brand?post=10960"},{"taxonomy":"product_cat","embeddable":true,"href":"https:\/\/o7-organic.com\/pl\/wp-json\/wp\/v2\/product_cat?post=10960"},{"taxonomy":"product_tag","embeddable":true,"href":"https:\/\/o7-organic.com\/pl\/wp-json\/wp\/v2\/product_tag?post=10960"}],"curies":[{"name":"wp","href":"https:\/\/api.w.org\/{rel}","templated":true}]}}