{"id":10957,"date":"2023-03-08T13:25:31","date_gmt":"2023-03-08T13:25:31","guid":{"rendered":"https:\/\/o7-organic.com\/comprar\/przenosna-walizka-chloryn-sodu-aktywator-hcl-z-magnetycznym-zamknieciem-kroplomierz-z-uzupelnianego-szkla-bursztynowego-i-szronionego-2x30-ml-idealny-do-podrozy\/"},"modified":"2023-03-08T13:25:31","modified_gmt":"2023-03-08T13:25:31","slug":"sodowo-chlorynowo-krystaliczny-aktywator-fazy-gazowej","status":"publish","type":"product","link":"https:\/\/o7-organic.com\/pl\/kupi\u0107\/sodowo-chlorynowo-krystaliczny-aktywator-fazy-gazowej\/","title":{"rendered":"Przeno\u015bna walizka Chloryn sodu + Aktywator (HCL) z magnetycznym zamkni\u0119ciem. Kroplomierz z uzupe\u0142nianego szk\u0142a bursztynowego i szronionego. 2&#215;30 ml. Idealny do podr\u00f3\u017cy."},"content":{"rendered":"<h2>Do czego s\u0142u\u017cy przeno\u015bny zestaw Sodium Chlorite + Activator?<\/h2>\n<p>Specjalna przeno\u015bna walizka na Chloryn Sodu + Aktywator (HCl) jest idealna, aby zabra\u0107 ze sob\u0105 zestaw do oczyszczania wody dla ludzi i zwierz\u0105t, gdziekolwiek jeste\u015b.<\/p>\n<p>Dzi\u0119ki temu zestawowi w prosty spos\u00f3b uzyskasz dwutlenek chloru (MMS), uzyskuj\u0105c czyst\u0105 wod\u0119 woln\u0105 od bakterii, wirus\u00f3w i grzyb\u00f3w.<\/p>\n<h2>Co to jest zestaw Sodium Chlorite Watermaker + Activator Kit?<\/h2>\n<p>Zestaw O7-Organic Watermaker sk\u0142ada si\u0119 z 25% p\u0142ynnego Chlorynu Sodu, zwanego potocznie Prekursorem oraz 4% p\u0142ynnego Kwasu Solnego, zwanego r\u00f3wnie\u017c Aktywatorem.<\/p>\n<p>S\u0105 one zazwyczaj wykorzystywane do produkcji na miejscu biocydu (dwutlenek chloru MMS).<\/p>\n<h2>Co wchodzi w sk\u0142ad Sodium Chlorite + O7-Organic Activator Magnetic Case?<\/h2>\n<p><span class=\"a-list-item\">Zawiera butelk\u0119 z kroplomierzem wykonan\u0105 z bursztynowego szk\u0142a oraz bardzo odporn\u0105 i w 100% woln\u0105 od BPA (Bisfenol A, substancja chemiczna szkodliwa dla zdrowia i \u015brodowiska) butelk\u0119 z kroplomierzem w kolorze szronu. <\/span><\/p>\n<p><span class=\"a-list-item\">W skr\u00f3cie, kroplomierze posiadaj\u0105 szklane pipety z mi\u0119kk\u0105 silikonow\u0105 g\u0142\u00f3wk\u0105 dla wygodnego i precyzyjnego dozowania. Dozowniki nadaj\u0105 si\u0119 do recyklingu, s\u0105 bezwonne i nietoksyczne.<\/span><\/p>\n<h3>Jak wytworzy\u0107 czysty dwutlenek chloru CDS na 3000 ppm z generatorem elektrolitycznym<\/h3>\n<p>Jako uzupe\u0142nienie tego produktu, mo\u017cesz by\u0107 zainteresowany <a href=\"https:\/\/lghealth-isystems.eu\/\" target=\"_blank\" rel=\"noopener\">zakupem opatentowanego na \u015bwiecie Generatora Elektrolitycznego Ultrapure CDS<\/a>, kt\u00f3ry pozwala na produkcj\u0119 Dwutlenku Chloru na poziomie 3000 ppm w warunkach domowych.<\/p>\n<h2>Czy O7-Organic Sodium Chlorite + HCL Portable Magnetic Carry Case zawiera kroplomierze wype\u0142nione Aktywatorem i Prekursorem czy s\u0105 one puste?<\/h2>\n<p>Nasza przeno\u015bna walizka O7-Organic na Chloryn Sodu + Aktywator z magnetycznym zamkni\u0119ciem zawiera dwie puste butelki z kroplomierzem (specjaln\u0105 bursztynow\u0105 na Prekursor, 25% Chloryn Sodu, oraz specjaln\u0105 oszronion\u0105 na Aktywator, 4% Kwas Solny).<\/p>\n<p>Z drugiej strony, aby m\u00f3c uzupe\u0142nia\u0107 zakraplacze i zabiera\u0107 je ze sob\u0105 w dowolne miejsce, mo\u017cna <a href=\"https:\/\/o7-organic.com\/comprar\/kit-potabilizador-clorito-de-sodio-activador\/?attribute_pa_opciones=kit-clorito-de-sodio-activador-250-ml\">zakupi\u0107 nasz zestaw Watermaker Kit sk\u0142adaj\u0105cy si\u0119 z Sodium Chlorite 25% + Activator 4%.<\/a><\/p>\n<h2>Jak du\u017ce s\u0105 do\u0142\u0105czone kroplomierze Magnetic Carry Case?<\/h2>\n<p>Oba kroplomierze maj\u0105 pojemno\u015b\u0107 30 ml Chlorynu Sodu i Aktywatora.<\/p>\n","protected":false},"excerpt":{"rendered":"<p>Specjalna przeno\u015bna walizka na Chloryn Sodu + Aktywator (Hydrochloric &#8211; HCL) z magnetycznym zamkni\u0119ciem. Amber (Prekursor &#8211; Sodium Chlorite) i Frosted (Aktywator &#8211; Hydrochloric HCL) kroplomierz 30 ml.<\/p>\n<p>Zakr\u0119tka i szklana pipeta. Kroplomierze z mo\u017cliwo\u015bci\u0105 uzupe\u0142niania. Idealny do podr\u00f3\u017cy.<\/p>\n<ul>\n<li>Obie kroplomierze s\u0105 puste. S\u0105 to pojemniki, kt\u00f3re musz\u0105 by\u0107 uzupe\u0142niane.<\/li>\n<\/ul>\n","protected":false},"featured_media":10772,"comment_status":"open","ping_status":"closed","template":"","meta":[],"product_brand":[],"product_cat":[142],"product_tag":[],"class_list":{"0":"post-10957","1":"product","2":"type-product","3":"status-publish","4":"has-post-thumbnail","6":"product_cat-pojemnik-magnetyczny","8":"first","9":"instock","10":"taxable","11":"shipping-taxable","12":"purchasable","13":"product-type-simple"},"yoast_head":"<!-- This site is optimized with the Yoast SEO plugin v27.4 - https:\/\/yoast.com\/product\/yoast-seo-wordpress\/ -->\n<title>Walizka przeno\u015bna Chloryn sodu + aktywator (HCL) | O7-Organic<\/title>\n<meta name=\"description\" content=\"Buy Portable Sodium Chlorite + Activator (Hydrochloric - HCL) Case with Magnetic Closure. Dwa szklane kroplomierze o pojemno\u015bci 30 ml. Idealny do podr\u00f3\u017cy.\" \/>\n<meta name=\"robots\" content=\"index, follow, max-snippet:-1, max-image-preview:large, max-video-preview:-1\" \/>\n<link rel=\"canonical\" href=\"https:\/\/o7-organic.com\/pl\/kupi\u0107\/przenosna-walizka-chloryn-sodu-aktywator-hcl-z-magnetycznym-zamknieciem-kroplomierz-z-uzupelnianego-szkla-bursztynowego-i-szronionego-2x30-ml-idealny-do-podrozy\/\" \/>\n<meta property=\"og:locale\" content=\"pl_PL\" \/>\n<meta property=\"og:type\" content=\"article\" \/>\n<meta property=\"og:title\" content=\"Walizka przeno\u015bna Chloryn sodu + aktywator (HCL) | O7-Organic\" \/>\n<meta property=\"og:description\" content=\"Buy Portable Sodium Chlorite + Activator (Hydrochloric - HCL) Case with Magnetic Closure. Dwa szklane kroplomierze o pojemno\u015bci 30 ml. Idealny do podr\u00f3\u017cy.\" \/>\n<meta property=\"og:url\" content=\"https:\/\/o7-organic.com\/pl\/kupi\u0107\/przenosna-walizka-chloryn-sodu-aktywator-hcl-z-magnetycznym-zamknieciem-kroplomierz-z-uzupelnianego-szkla-bursztynowego-i-szronionego-2x30-ml-idealny-do-podrozy\/\" \/>\n<meta property=\"og:site_name\" content=\"O7-Organic\" \/>\n<meta property=\"og:image\" content=\"https:\/\/o7-organic.com\/wp-content\/uploads\/2023\/03\/Caja-magnetica-goteros-purificador_resultado.jpg\" \/>\n\t<meta property=\"og:image:width\" content=\"1000\" \/>\n\t<meta property=\"og:image:height\" content=\"1000\" \/>\n\t<meta property=\"og:image:type\" content=\"image\/jpeg\" \/>\n<meta name=\"twitter:card\" content=\"summary_large_image\" \/>\n<meta name=\"twitter:label1\" content=\"Szacowany czas czytania\" \/>\n\t<meta name=\"twitter:data1\" content=\"2 minuty\" \/>\n<script type=\"application\/ld+json\" class=\"yoast-schema-graph\">{\"@context\":\"https:\\\/\\\/schema.org\",\"@graph\":[{\"@type\":\"WebPage\",\"@id\":\"https:\\\/\\\/o7-organic.com\\\/pl\\\/kupi\u0107\\\/przenosna-walizka-chloryn-sodu-aktywator-hcl-z-magnetycznym-zamknieciem-kroplomierz-z-uzupelnianego-szkla-bursztynowego-i-szronionego-2x30-ml-idealny-do-podrozy\\\/\",\"url\":\"https:\\\/\\\/o7-organic.com\\\/pl\\\/kupi\u0107\\\/przenosna-walizka-chloryn-sodu-aktywator-hcl-z-magnetycznym-zamknieciem-kroplomierz-z-uzupelnianego-szkla-bursztynowego-i-szronionego-2x30-ml-idealny-do-podrozy\\\/\",\"name\":\"Walizka przeno\u015bna Chloryn sodu + aktywator (HCL) | O7-Organic\",\"isPartOf\":{\"@id\":\"https:\\\/\\\/o7-organic.com\\\/#website\"},\"primaryImageOfPage\":{\"@id\":\"https:\\\/\\\/o7-organic.com\\\/pl\\\/kupi\u0107\\\/przenosna-walizka-chloryn-sodu-aktywator-hcl-z-magnetycznym-zamknieciem-kroplomierz-z-uzupelnianego-szkla-bursztynowego-i-szronionego-2x30-ml-idealny-do-podrozy\\\/#primaryimage\"},\"image\":{\"@id\":\"https:\\\/\\\/o7-organic.com\\\/pl\\\/kupi\u0107\\\/przenosna-walizka-chloryn-sodu-aktywator-hcl-z-magnetycznym-zamknieciem-kroplomierz-z-uzupelnianego-szkla-bursztynowego-i-szronionego-2x30-ml-idealny-do-podrozy\\\/#primaryimage\"},\"thumbnailUrl\":\"https:\\\/\\\/o7-organic.com\\\/wp-content\\\/uploads\\\/2023\\\/03\\\/Caja-magnetica-goteros-purificador_resultado.jpg\",\"datePublished\":\"2023-03-08T13:25:31+00:00\",\"description\":\"Buy Portable Sodium Chlorite + Activator (Hydrochloric - HCL) Case with Magnetic Closure. Dwa szklane kroplomierze o pojemno\u015bci 30 ml. Idealny do podr\u00f3\u017cy.\",\"breadcrumb\":{\"@id\":\"https:\\\/\\\/o7-organic.com\\\/pl\\\/kupi\u0107\\\/przenosna-walizka-chloryn-sodu-aktywator-hcl-z-magnetycznym-zamknieciem-kroplomierz-z-uzupelnianego-szkla-bursztynowego-i-szronionego-2x30-ml-idealny-do-podrozy\\\/#breadcrumb\"},\"inLanguage\":\"pl-PL\",\"potentialAction\":[{\"@type\":\"ReadAction\",\"target\":[\"https:\\\/\\\/o7-organic.com\\\/pl\\\/kupi\u0107\\\/przenosna-walizka-chloryn-sodu-aktywator-hcl-z-magnetycznym-zamknieciem-kroplomierz-z-uzupelnianego-szkla-bursztynowego-i-szronionego-2x30-ml-idealny-do-podrozy\\\/\"]}]},{\"@type\":\"ImageObject\",\"inLanguage\":\"pl-PL\",\"@id\":\"https:\\\/\\\/o7-organic.com\\\/pl\\\/kupi\u0107\\\/przenosna-walizka-chloryn-sodu-aktywator-hcl-z-magnetycznym-zamknieciem-kroplomierz-z-uzupelnianego-szkla-bursztynowego-i-szronionego-2x30-ml-idealny-do-podrozy\\\/#primaryimage\",\"url\":\"https:\\\/\\\/o7-organic.com\\\/wp-content\\\/uploads\\\/2023\\\/03\\\/Caja-magnetica-goteros-purificador_resultado.jpg\",\"contentUrl\":\"https:\\\/\\\/o7-organic.com\\\/wp-content\\\/uploads\\\/2023\\\/03\\\/Caja-magnetica-goteros-purificador_resultado.jpg\",\"width\":1000,\"height\":1000},{\"@type\":\"BreadcrumbList\",\"@id\":\"https:\\\/\\\/o7-organic.com\\\/pl\\\/kupi\u0107\\\/przenosna-walizka-chloryn-sodu-aktywator-hcl-z-magnetycznym-zamknieciem-kroplomierz-z-uzupelnianego-szkla-bursztynowego-i-szronionego-2x30-ml-idealny-do-podrozy\\\/#breadcrumb\",\"itemListElement\":[{\"@type\":\"ListItem\",\"position\":1,\"name\":\"Portada\",\"item\":\"https:\\\/\\\/o7-organic.com\\\/\"},{\"@type\":\"ListItem\",\"position\":2,\"name\":\"Sklep\",\"item\":\"https:\\\/\\\/o7-organic.com\\\/pl\\\/sklep\\\/\"},{\"@type\":\"ListItem\",\"position\":3,\"name\":\"Przeno\u015bna walizka Chloryn sodu + Aktywator (HCL) z magnetycznym zamkni\u0119ciem. Kroplomierz z uzupe\u0142nianego szk\u0142a bursztynowego i szronionego. 2&#215;30 ml. Idealny do podr\u00f3\u017cy.\"}]},{\"@type\":\"WebSite\",\"@id\":\"https:\\\/\\\/o7-organic.com\\\/#website\",\"url\":\"https:\\\/\\\/o7-organic.com\\\/\",\"name\":\"O7-Organic\",\"description\":\"Innovaci\u00f3n en salud a tu alcance\",\"publisher\":{\"@id\":\"https:\\\/\\\/o7-organic.com\\\/#organization\"},\"potentialAction\":[{\"@type\":\"SearchAction\",\"target\":{\"@type\":\"EntryPoint\",\"urlTemplate\":\"https:\\\/\\\/o7-organic.com\\\/?s={search_term_string}\"},\"query-input\":{\"@type\":\"PropertyValueSpecification\",\"valueRequired\":true,\"valueName\":\"search_term_string\"}}],\"inLanguage\":\"pl-PL\"},{\"@type\":\"Organization\",\"@id\":\"https:\\\/\\\/o7-organic.com\\\/#organization\",\"name\":\"O7-Organic\",\"url\":\"https:\\\/\\\/o7-organic.com\\\/\",\"logo\":{\"@type\":\"ImageObject\",\"inLanguage\":\"pl-PL\",\"@id\":\"https:\\\/\\\/o7-organic.com\\\/#\\\/schema\\\/logo\\\/image\\\/\",\"url\":\"https:\\\/\\\/o7-organic.com\\\/wp-content\\\/uploads\\\/2023\\\/03\\\/logo_o7_organic.png\",\"contentUrl\":\"https:\\\/\\\/o7-organic.com\\\/wp-content\\\/uploads\\\/2023\\\/03\\\/logo_o7_organic.png\",\"width\":512,\"height\":512,\"caption\":\"O7-Organic\"},\"image\":{\"@id\":\"https:\\\/\\\/o7-organic.com\\\/#\\\/schema\\\/logo\\\/image\\\/\"},\"sameAs\":[\"https:\\\/\\\/www.instagram.com\\\/o7organic\\\/\"]}]}<\/script>\n<!-- \/ Yoast SEO plugin. -->","yoast_head_json":{"title":"Walizka przeno\u015bna Chloryn sodu + aktywator (HCL) | O7-Organic","description":"Buy Portable Sodium Chlorite + Activator (Hydrochloric - HCL) Case with Magnetic Closure. Dwa szklane kroplomierze o pojemno\u015bci 30 ml. Idealny do podr\u00f3\u017cy.","robots":{"index":"index","follow":"follow","max-snippet":"max-snippet:-1","max-image-preview":"max-image-preview:large","max-video-preview":"max-video-preview:-1"},"canonical":"https:\/\/o7-organic.com\/pl\/kupi\u0107\/przenosna-walizka-chloryn-sodu-aktywator-hcl-z-magnetycznym-zamknieciem-kroplomierz-z-uzupelnianego-szkla-bursztynowego-i-szronionego-2x30-ml-idealny-do-podrozy\/","og_locale":"pl_PL","og_type":"article","og_title":"Walizka przeno\u015bna Chloryn sodu + aktywator (HCL) | O7-Organic","og_description":"Buy Portable Sodium Chlorite + Activator (Hydrochloric - HCL) Case with Magnetic Closure. Dwa szklane kroplomierze o pojemno\u015bci 30 ml. Idealny do podr\u00f3\u017cy.","og_url":"https:\/\/o7-organic.com\/pl\/kupi\u0107\/przenosna-walizka-chloryn-sodu-aktywator-hcl-z-magnetycznym-zamknieciem-kroplomierz-z-uzupelnianego-szkla-bursztynowego-i-szronionego-2x30-ml-idealny-do-podrozy\/","og_site_name":"O7-Organic","og_image":[{"width":1000,"height":1000,"url":"https:\/\/o7-organic.com\/wp-content\/uploads\/2023\/03\/Caja-magnetica-goteros-purificador_resultado.jpg","type":"image\/jpeg"}],"twitter_card":"summary_large_image","twitter_misc":{"Szacowany czas czytania":"2 minuty"},"schema":{"@context":"https:\/\/schema.org","@graph":[{"@type":"WebPage","@id":"https:\/\/o7-organic.com\/pl\/kupi\u0107\/przenosna-walizka-chloryn-sodu-aktywator-hcl-z-magnetycznym-zamknieciem-kroplomierz-z-uzupelnianego-szkla-bursztynowego-i-szronionego-2x30-ml-idealny-do-podrozy\/","url":"https:\/\/o7-organic.com\/pl\/kupi\u0107\/przenosna-walizka-chloryn-sodu-aktywator-hcl-z-magnetycznym-zamknieciem-kroplomierz-z-uzupelnianego-szkla-bursztynowego-i-szronionego-2x30-ml-idealny-do-podrozy\/","name":"Walizka przeno\u015bna Chloryn sodu + aktywator (HCL) | O7-Organic","isPartOf":{"@id":"https:\/\/o7-organic.com\/#website"},"primaryImageOfPage":{"@id":"https:\/\/o7-organic.com\/pl\/kupi\u0107\/przenosna-walizka-chloryn-sodu-aktywator-hcl-z-magnetycznym-zamknieciem-kroplomierz-z-uzupelnianego-szkla-bursztynowego-i-szronionego-2x30-ml-idealny-do-podrozy\/#primaryimage"},"image":{"@id":"https:\/\/o7-organic.com\/pl\/kupi\u0107\/przenosna-walizka-chloryn-sodu-aktywator-hcl-z-magnetycznym-zamknieciem-kroplomierz-z-uzupelnianego-szkla-bursztynowego-i-szronionego-2x30-ml-idealny-do-podrozy\/#primaryimage"},"thumbnailUrl":"https:\/\/o7-organic.com\/wp-content\/uploads\/2023\/03\/Caja-magnetica-goteros-purificador_resultado.jpg","datePublished":"2023-03-08T13:25:31+00:00","description":"Buy Portable Sodium Chlorite + Activator (Hydrochloric - HCL) Case with Magnetic Closure. Dwa szklane kroplomierze o pojemno\u015bci 30 ml. Idealny do podr\u00f3\u017cy.","breadcrumb":{"@id":"https:\/\/o7-organic.com\/pl\/kupi\u0107\/przenosna-walizka-chloryn-sodu-aktywator-hcl-z-magnetycznym-zamknieciem-kroplomierz-z-uzupelnianego-szkla-bursztynowego-i-szronionego-2x30-ml-idealny-do-podrozy\/#breadcrumb"},"inLanguage":"pl-PL","potentialAction":[{"@type":"ReadAction","target":["https:\/\/o7-organic.com\/pl\/kupi\u0107\/przenosna-walizka-chloryn-sodu-aktywator-hcl-z-magnetycznym-zamknieciem-kroplomierz-z-uzupelnianego-szkla-bursztynowego-i-szronionego-2x30-ml-idealny-do-podrozy\/"]}]},{"@type":"ImageObject","inLanguage":"pl-PL","@id":"https:\/\/o7-organic.com\/pl\/kupi\u0107\/przenosna-walizka-chloryn-sodu-aktywator-hcl-z-magnetycznym-zamknieciem-kroplomierz-z-uzupelnianego-szkla-bursztynowego-i-szronionego-2x30-ml-idealny-do-podrozy\/#primaryimage","url":"https:\/\/o7-organic.com\/wp-content\/uploads\/2023\/03\/Caja-magnetica-goteros-purificador_resultado.jpg","contentUrl":"https:\/\/o7-organic.com\/wp-content\/uploads\/2023\/03\/Caja-magnetica-goteros-purificador_resultado.jpg","width":1000,"height":1000},{"@type":"BreadcrumbList","@id":"https:\/\/o7-organic.com\/pl\/kupi\u0107\/przenosna-walizka-chloryn-sodu-aktywator-hcl-z-magnetycznym-zamknieciem-kroplomierz-z-uzupelnianego-szkla-bursztynowego-i-szronionego-2x30-ml-idealny-do-podrozy\/#breadcrumb","itemListElement":[{"@type":"ListItem","position":1,"name":"Portada","item":"https:\/\/o7-organic.com\/"},{"@type":"ListItem","position":2,"name":"Sklep","item":"https:\/\/o7-organic.com\/pl\/sklep\/"},{"@type":"ListItem","position":3,"name":"Przeno\u015bna walizka Chloryn sodu + Aktywator (HCL) z magnetycznym zamkni\u0119ciem. Kroplomierz z uzupe\u0142nianego szk\u0142a bursztynowego i szronionego. 2&#215;30 ml. Idealny do podr\u00f3\u017cy."}]},{"@type":"WebSite","@id":"https:\/\/o7-organic.com\/#website","url":"https:\/\/o7-organic.com\/","name":"O7-Organic","description":"Innovaci\u00f3n en salud a tu alcance","publisher":{"@id":"https:\/\/o7-organic.com\/#organization"},"potentialAction":[{"@type":"SearchAction","target":{"@type":"EntryPoint","urlTemplate":"https:\/\/o7-organic.com\/?s={search_term_string}"},"query-input":{"@type":"PropertyValueSpecification","valueRequired":true,"valueName":"search_term_string"}}],"inLanguage":"pl-PL"},{"@type":"Organization","@id":"https:\/\/o7-organic.com\/#organization","name":"O7-Organic","url":"https:\/\/o7-organic.com\/","logo":{"@type":"ImageObject","inLanguage":"pl-PL","@id":"https:\/\/o7-organic.com\/#\/schema\/logo\/image\/","url":"https:\/\/o7-organic.com\/wp-content\/uploads\/2023\/03\/logo_o7_organic.png","contentUrl":"https:\/\/o7-organic.com\/wp-content\/uploads\/2023\/03\/logo_o7_organic.png","width":512,"height":512,"caption":"O7-Organic"},"image":{"@id":"https:\/\/o7-organic.com\/#\/schema\/logo\/image\/"},"sameAs":["https:\/\/www.instagram.com\/o7organic\/"]}]}},"_links":{"self":[{"href":"https:\/\/o7-organic.com\/pl\/wp-json\/wp\/v2\/product\/10957","targetHints":{"allow":["GET"]}}],"collection":[{"href":"https:\/\/o7-organic.com\/pl\/wp-json\/wp\/v2\/product"}],"about":[{"href":"https:\/\/o7-organic.com\/pl\/wp-json\/wp\/v2\/types\/product"}],"replies":[{"embeddable":true,"href":"https:\/\/o7-organic.com\/pl\/wp-json\/wp\/v2\/comments?post=10957"}],"version-history":[{"count":0,"href":"https:\/\/o7-organic.com\/pl\/wp-json\/wp\/v2\/product\/10957\/revisions"}],"wp:featuredmedia":[{"embeddable":true,"href":"https:\/\/o7-organic.com\/pl\/wp-json\/wp\/v2\/media\/10772"}],"wp:attachment":[{"href":"https:\/\/o7-organic.com\/pl\/wp-json\/wp\/v2\/media?parent=10957"}],"wp:term":[{"taxonomy":"product_brand","embeddable":true,"href":"https:\/\/o7-organic.com\/pl\/wp-json\/wp\/v2\/product_brand?post=10957"},{"taxonomy":"product_cat","embeddable":true,"href":"https:\/\/o7-organic.com\/pl\/wp-json\/wp\/v2\/product_cat?post=10957"},{"taxonomy":"product_tag","embeddable":true,"href":"https:\/\/o7-organic.com\/pl\/wp-json\/wp\/v2\/product_tag?post=10957"}],"curies":[{"name":"wp","href":"https:\/\/api.w.org\/{rel}","templated":true}]}}