{"id":10950,"date":"2023-03-08T13:34:17","date_gmt":"2023-03-08T13:34:17","guid":{"rendered":"https:\/\/o7-organic.com\/comprar\/chloryn-sodowy-w-proszku-80-zawiera-miarke-do-dokladnego-dozowania\/"},"modified":"2023-03-08T13:34:17","modified_gmt":"2023-03-08T13:34:17","slug":"proszek-do-dozowania-chlorynu-sodu-czysty-kacyt","status":"publish","type":"product","link":"https:\/\/o7-organic.com\/pl\/kupi\u0107\/proszek-do-dozowania-chlorynu-sodu-czysty-kacyt\/","title":{"rendered":"Chloryn sodowy w proszku 80%. Zawiera miark\u0119 do dok\u0142adnego dozowania."},"content":{"rendered":"<h2>Co to jest chloryn sodu?<\/h2>\n<p>Sodium Chlorite Powder 80% to bia\u0142y krystaliczny proszek, kt\u00f3ry rozpuszcza si\u0119 w wodzie, dzi\u0119ki czemu jest skutecznym rozwi\u0105zaniem w wielu zastosowaniach.<\/p>\n<h2>Do czego s\u0142u\u017cy Sodium Chlorite Powder?<\/h2>\n<div class=\"group w-full text-gray-800 dark:text-gray-100 border-b border-black\/10 dark:border-gray-900\/50 bg-gray-50 dark:bg-[#444654]\">\n<div class=\"text-base gap-4 md:gap-6 md:max-w-2xl lg:max-w-2xl xl:max-w-3xl p-4 md:py-6 flex lg:px-0 m-auto\">\n<div class=\"relative flex w-[calc(100%-50px)] flex-col gap-1 md:gap-3 lg:w-[calc(100%-115px)]\">\n<div class=\"flex flex-grow flex-col gap-3\">\n<div class=\"min-h-[20px] flex flex-col items-start gap-4 whitespace-pre-wrap\">\n<div class=\"markdown prose w-full break-words dark:prose-invert light\">\n<p>Sodium Chlorite Powder 80% jest stosowany jako \u015brodek wybielaj\u0105cy w produkcji celulozy i papieru, a tak\u017ce w produkcji tekstyli\u00f3w i chemikali\u00f3w. Uwa\u017cany jest za silny \u015brodek dezynfekuj\u0105cy.<\/p>\n<p>Ponadto, Sodium Chlorite Powder 80% jest stosowany w oczyszczaniu wody. Jest silnym utleniaczem, kt\u00f3ry mo\u017ce zniszczy\u0107 wiele r\u00f3\u017cnych mikroorganizm\u00f3w, w tym bakterie, wirusy i grzyby.<\/p>\n<p>Z tego powodu znajduje zastosowanie w dezynfekcji wody pitnej oraz w usuwaniu mikroorganizm\u00f3w ze \u015bciek\u00f3w.<\/p>\n<h2>Korzy\u015bci i zastosowania Chlorynu Sodu w proszku<\/h2>\n<p>W\u015br\u00f3d wszystkich korzy\u015bci i zastosowa\u0144 chlorynu sodu, podkre\u015blamy nast\u0119puj\u0105ce:<\/p>\n<ol>\n<li>\u015arodek do oczyszczania wody przeznaczonej do spo\u017cycia przez ludzi<\/li>\n<li>Dezynfekcja owoc\u00f3w i warzyw<\/li>\n<li>Sterylizacja obszar\u00f3w i instrument\u00f3w medycznych<\/li>\n<li>Czyszczenie produkt\u00f3w do higieny jamy ustnej<\/li>\n<\/ol>\n<h2>Jak wygenerowa\u0107 czysty CDS na poziomie 3000 ppm za pomoc\u0105 generatora elektrolitycznego + Chloryn Sodu w proszku na poziomie 80%.<\/h2>\n<p>Aby wygenerowa\u0107 dwutlenek chloru z naszym proszkiem chlorynu sodu, mo\u017cesz by\u0107 <a href=\"https:\/\/lghealth-isystems.eu\/\" target=\"_blank\" rel=\"noopener\">zainteresowany zakupem opatentowanego na ca\u0142ym \u015bwiecie generatora elektrolitycznego Ultrapure CDS<\/a>, kt\u00f3ry pomo\u017ce Ci wyprodukowa\u0107 dwutlenek chloru na poziomie 3000 ppm w domu. Zawiera miark\u0119 o pojemno\u015bci 15 ml.<\/p>\n<p>Aby wygenerowa\u0107 <a href=\"https:\/\/o7-organic.com\/comprar\/dioxido-de-cloro-cds-3000-ppm\/\" target=\"_blank\" rel=\"noopener\">dwutlenek chloru (CDS) na poziomie 3000 ppm<\/a>, u\u017cywa si\u0119 80% proszku chlorytowego.<\/p>\n<h2>Dost\u0119pne postacie chlorynu sodu<\/h2>\n<p>Produkt ten dost\u0119pny jest w dw\u00f3ch formatach: 300 g i 1 kg.<\/p>\n<h3>Przeciwwskazania<\/h3>\n<p>Sodium Chlorite Powder nale\u017cy stosowa\u0107 z zachowaniem ostro\u017cno\u015bci. Przeczytaj etykiet\u0119 produktu i zapoznaj si\u0119 z <a href=\"https:\/\/o7-organic.com\/wp-content\/uploads\/2023\/03\/ES-FDS-CLORITO-SODICO-Ed.3.pdf\" target=\"_blank\" rel=\"noopener\">Kart\u0105 Charakterystyki<\/a>, aby uzyska\u0107 wi\u0119cej informacji.<\/p>\n<\/div>\n<\/div>\n<\/div>\n<\/div>\n<\/div>\n<\/div>\n","protected":false},"excerpt":{"rendered":"<div class=\"group w-full text-gray-800 dark:text-gray-100 border-b border-black\/10 dark:border-gray-900\/50 bg-gray-50 dark:bg-[#444654]\">\n<div class=\"text-base gap-4 md:gap-6 md:max-w-2xl lg:max-w-2xl xl:max-w-3xl p-4 md:py-6 flex lg:px-0 m-auto\">\n<div class=\"relative flex w-[calc(100%-50px)] flex-col gap-1 md:gap-3 lg:w-[calc(100%-115px)]\">\n<div class=\"flex flex-grow flex-col gap-3\">\n<div class=\"min-h-[20px] flex flex-col items-start gap-4 whitespace-pre-wrap\">\n<div class=\"markdown prose w-full break-words dark:prose-invert light\">\n<p>Sodium Chlorite Powder 80% to zwi\u0105zek chemiczny wykorzystywany w wielu zastosowaniach przemys\u0142owych i komercyjnych. Jest to wysoko skoncentrowany, wysokiej jako\u015bci produkt stosowany do uzdatniania i dezynfekcji wody.<\/p>\n<p>Stosowany jest w produkcji \u015brodk\u00f3w czyszcz\u0105cych i dezynfekuj\u0105cych, a tak\u017ce w oczyszczaniu wody przeznaczonej do spo\u017cycia przez ludzi i zwierz\u0119ta.<\/p>\n<p>Sodium Chlorite Powder 80% to skuteczne rozwi\u0105zanie do wielu zastosowa\u0144.<\/p>\n<p>&nbsp;<\/p>\n<\/div>\n<\/div>\n<\/div>\n<\/div>\n<\/div>\n<\/div>\n","protected":false},"featured_media":10752,"comment_status":"open","ping_status":"closed","template":"","meta":[],"product_brand":[],"product_cat":[128],"product_tag":[],"class_list":{"0":"post-10950","1":"product","2":"type-product","3":"status-publish","4":"has-post-thumbnail","6":"product_cat-chloryn-sodu-w-proszku","8":"first","9":"instock","10":"sale","11":"taxable","12":"shipping-taxable","13":"purchasable","14":"product-type-variable"},"yoast_head":"<!-- This site is optimized with the Yoast SEO plugin v27.4 - https:\/\/yoast.com\/product\/yoast-seo-wordpress\/ -->\n<title>Chloryn sodowy w proszku 80%. Ga\u0142ka dozuj\u0105ca | O7-Organic<\/title>\n<meta name=\"description\" content=\"Kup Sodium Chlorite Powder 80% (NaClO2) do dezynfekcji wody przeznaczonej do spo\u017cycia przez ludzi i zwierz\u0119ta. Zawiera miark\u0119 o pojemno\u015bci 15 ml.\" \/>\n<meta name=\"robots\" content=\"index, follow, max-snippet:-1, max-image-preview:large, max-video-preview:-1\" \/>\n<link rel=\"canonical\" href=\"https:\/\/o7-organic.com\/pl\/kupi\u0107\/chloryn-sodowy-w-proszku-80-zawiera-miarke-do-dokladnego-dozowania\/\" \/>\n<meta property=\"og:locale\" content=\"pl_PL\" \/>\n<meta property=\"og:type\" content=\"article\" \/>\n<meta property=\"og:title\" content=\"Chloryn sodowy w proszku 80%. Ga\u0142ka dozuj\u0105ca | O7-Organic\" \/>\n<meta property=\"og:description\" content=\"Kup Sodium Chlorite Powder 80% (NaClO2) do dezynfekcji wody przeznaczonej do spo\u017cycia przez ludzi i zwierz\u0119ta. Zawiera miark\u0119 o pojemno\u015bci 15 ml.\" \/>\n<meta property=\"og:url\" content=\"https:\/\/o7-organic.com\/pl\/kupi\u0107\/chloryn-sodowy-w-proszku-80-zawiera-miarke-do-dokladnego-dozowania\/\" \/>\n<meta property=\"og:site_name\" content=\"O7-Organic\" \/>\n<meta property=\"og:image\" content=\"https:\/\/o7-organic.com\/wp-content\/uploads\/2023\/03\/Clorito-polvo-300gr_resultado.jpg\" \/>\n\t<meta property=\"og:image:width\" content=\"1000\" \/>\n\t<meta property=\"og:image:height\" content=\"1000\" \/>\n\t<meta property=\"og:image:type\" content=\"image\/jpeg\" \/>\n<meta name=\"twitter:card\" content=\"summary_large_image\" \/>\n<meta name=\"twitter:label1\" content=\"Szacowany czas czytania\" \/>\n\t<meta name=\"twitter:data1\" content=\"1 minuta\" \/>\n<script type=\"application\/ld+json\" class=\"yoast-schema-graph\">{\"@context\":\"https:\\\/\\\/schema.org\",\"@graph\":[{\"@type\":\"WebPage\",\"@id\":\"https:\\\/\\\/o7-organic.com\\\/pl\\\/kupi\u0107\\\/chloryn-sodowy-w-proszku-80-zawiera-miarke-do-dokladnego-dozowania\\\/\",\"url\":\"https:\\\/\\\/o7-organic.com\\\/pl\\\/kupi\u0107\\\/chloryn-sodowy-w-proszku-80-zawiera-miarke-do-dokladnego-dozowania\\\/\",\"name\":\"Chloryn sodowy w proszku 80%. Ga\u0142ka dozuj\u0105ca | O7-Organic\",\"isPartOf\":{\"@id\":\"https:\\\/\\\/o7-organic.com\\\/#website\"},\"primaryImageOfPage\":{\"@id\":\"https:\\\/\\\/o7-organic.com\\\/pl\\\/kupi\u0107\\\/chloryn-sodowy-w-proszku-80-zawiera-miarke-do-dokladnego-dozowania\\\/#primaryimage\"},\"image\":{\"@id\":\"https:\\\/\\\/o7-organic.com\\\/pl\\\/kupi\u0107\\\/chloryn-sodowy-w-proszku-80-zawiera-miarke-do-dokladnego-dozowania\\\/#primaryimage\"},\"thumbnailUrl\":\"https:\\\/\\\/o7-organic.com\\\/wp-content\\\/uploads\\\/2023\\\/03\\\/Clorito-polvo-300gr_resultado.jpg\",\"datePublished\":\"2023-03-08T13:34:17+00:00\",\"description\":\"Kup Sodium Chlorite Powder 80% (NaClO2) do dezynfekcji wody przeznaczonej do spo\u017cycia przez ludzi i zwierz\u0119ta. Zawiera miark\u0119 o pojemno\u015bci 15 ml.\",\"breadcrumb\":{\"@id\":\"https:\\\/\\\/o7-organic.com\\\/pl\\\/kupi\u0107\\\/chloryn-sodowy-w-proszku-80-zawiera-miarke-do-dokladnego-dozowania\\\/#breadcrumb\"},\"inLanguage\":\"pl-PL\",\"potentialAction\":[{\"@type\":\"ReadAction\",\"target\":[\"https:\\\/\\\/o7-organic.com\\\/pl\\\/kupi\u0107\\\/chloryn-sodowy-w-proszku-80-zawiera-miarke-do-dokladnego-dozowania\\\/\"]}]},{\"@type\":\"ImageObject\",\"inLanguage\":\"pl-PL\",\"@id\":\"https:\\\/\\\/o7-organic.com\\\/pl\\\/kupi\u0107\\\/chloryn-sodowy-w-proszku-80-zawiera-miarke-do-dokladnego-dozowania\\\/#primaryimage\",\"url\":\"https:\\\/\\\/o7-organic.com\\\/wp-content\\\/uploads\\\/2023\\\/03\\\/Clorito-polvo-300gr_resultado.jpg\",\"contentUrl\":\"https:\\\/\\\/o7-organic.com\\\/wp-content\\\/uploads\\\/2023\\\/03\\\/Clorito-polvo-300gr_resultado.jpg\",\"width\":1000,\"height\":1000},{\"@type\":\"BreadcrumbList\",\"@id\":\"https:\\\/\\\/o7-organic.com\\\/pl\\\/kupi\u0107\\\/chloryn-sodowy-w-proszku-80-zawiera-miarke-do-dokladnego-dozowania\\\/#breadcrumb\",\"itemListElement\":[{\"@type\":\"ListItem\",\"position\":1,\"name\":\"Portada\",\"item\":\"https:\\\/\\\/o7-organic.com\\\/\"},{\"@type\":\"ListItem\",\"position\":2,\"name\":\"Sklep\",\"item\":\"https:\\\/\\\/o7-organic.com\\\/pl\\\/sklep\\\/\"},{\"@type\":\"ListItem\",\"position\":3,\"name\":\"Chloryn sodowy w proszku 80%. Zawiera miark\u0119 do dok\u0142adnego dozowania.\"}]},{\"@type\":\"WebSite\",\"@id\":\"https:\\\/\\\/o7-organic.com\\\/#website\",\"url\":\"https:\\\/\\\/o7-organic.com\\\/\",\"name\":\"O7-Organic\",\"description\":\"Innovaci\u00f3n en salud a tu alcance\",\"publisher\":{\"@id\":\"https:\\\/\\\/o7-organic.com\\\/#organization\"},\"potentialAction\":[{\"@type\":\"SearchAction\",\"target\":{\"@type\":\"EntryPoint\",\"urlTemplate\":\"https:\\\/\\\/o7-organic.com\\\/?s={search_term_string}\"},\"query-input\":{\"@type\":\"PropertyValueSpecification\",\"valueRequired\":true,\"valueName\":\"search_term_string\"}}],\"inLanguage\":\"pl-PL\"},{\"@type\":\"Organization\",\"@id\":\"https:\\\/\\\/o7-organic.com\\\/#organization\",\"name\":\"O7-Organic\",\"url\":\"https:\\\/\\\/o7-organic.com\\\/\",\"logo\":{\"@type\":\"ImageObject\",\"inLanguage\":\"pl-PL\",\"@id\":\"https:\\\/\\\/o7-organic.com\\\/#\\\/schema\\\/logo\\\/image\\\/\",\"url\":\"https:\\\/\\\/o7-organic.com\\\/wp-content\\\/uploads\\\/2023\\\/03\\\/logo_o7_organic.png\",\"contentUrl\":\"https:\\\/\\\/o7-organic.com\\\/wp-content\\\/uploads\\\/2023\\\/03\\\/logo_o7_organic.png\",\"width\":512,\"height\":512,\"caption\":\"O7-Organic\"},\"image\":{\"@id\":\"https:\\\/\\\/o7-organic.com\\\/#\\\/schema\\\/logo\\\/image\\\/\"},\"sameAs\":[\"https:\\\/\\\/www.instagram.com\\\/o7organic\\\/\"]}]}<\/script>\n<!-- \/ Yoast SEO plugin. -->","yoast_head_json":{"title":"Chloryn sodowy w proszku 80%. Ga\u0142ka dozuj\u0105ca | O7-Organic","description":"Kup Sodium Chlorite Powder 80% (NaClO2) do dezynfekcji wody przeznaczonej do spo\u017cycia przez ludzi i zwierz\u0119ta. Zawiera miark\u0119 o pojemno\u015bci 15 ml.","robots":{"index":"index","follow":"follow","max-snippet":"max-snippet:-1","max-image-preview":"max-image-preview:large","max-video-preview":"max-video-preview:-1"},"canonical":"https:\/\/o7-organic.com\/pl\/kupi\u0107\/chloryn-sodowy-w-proszku-80-zawiera-miarke-do-dokladnego-dozowania\/","og_locale":"pl_PL","og_type":"article","og_title":"Chloryn sodowy w proszku 80%. Ga\u0142ka dozuj\u0105ca | O7-Organic","og_description":"Kup Sodium Chlorite Powder 80% (NaClO2) do dezynfekcji wody przeznaczonej do spo\u017cycia przez ludzi i zwierz\u0119ta. Zawiera miark\u0119 o pojemno\u015bci 15 ml.","og_url":"https:\/\/o7-organic.com\/pl\/kupi\u0107\/chloryn-sodowy-w-proszku-80-zawiera-miarke-do-dokladnego-dozowania\/","og_site_name":"O7-Organic","og_image":[{"width":1000,"height":1000,"url":"https:\/\/o7-organic.com\/wp-content\/uploads\/2023\/03\/Clorito-polvo-300gr_resultado.jpg","type":"image\/jpeg"}],"twitter_card":"summary_large_image","twitter_misc":{"Szacowany czas czytania":"1 minuta"},"schema":{"@context":"https:\/\/schema.org","@graph":[{"@type":"WebPage","@id":"https:\/\/o7-organic.com\/pl\/kupi\u0107\/chloryn-sodowy-w-proszku-80-zawiera-miarke-do-dokladnego-dozowania\/","url":"https:\/\/o7-organic.com\/pl\/kupi\u0107\/chloryn-sodowy-w-proszku-80-zawiera-miarke-do-dokladnego-dozowania\/","name":"Chloryn sodowy w proszku 80%. Ga\u0142ka dozuj\u0105ca | O7-Organic","isPartOf":{"@id":"https:\/\/o7-organic.com\/#website"},"primaryImageOfPage":{"@id":"https:\/\/o7-organic.com\/pl\/kupi\u0107\/chloryn-sodowy-w-proszku-80-zawiera-miarke-do-dokladnego-dozowania\/#primaryimage"},"image":{"@id":"https:\/\/o7-organic.com\/pl\/kupi\u0107\/chloryn-sodowy-w-proszku-80-zawiera-miarke-do-dokladnego-dozowania\/#primaryimage"},"thumbnailUrl":"https:\/\/o7-organic.com\/wp-content\/uploads\/2023\/03\/Clorito-polvo-300gr_resultado.jpg","datePublished":"2023-03-08T13:34:17+00:00","description":"Kup Sodium Chlorite Powder 80% (NaClO2) do dezynfekcji wody przeznaczonej do spo\u017cycia przez ludzi i zwierz\u0119ta. Zawiera miark\u0119 o pojemno\u015bci 15 ml.","breadcrumb":{"@id":"https:\/\/o7-organic.com\/pl\/kupi\u0107\/chloryn-sodowy-w-proszku-80-zawiera-miarke-do-dokladnego-dozowania\/#breadcrumb"},"inLanguage":"pl-PL","potentialAction":[{"@type":"ReadAction","target":["https:\/\/o7-organic.com\/pl\/kupi\u0107\/chloryn-sodowy-w-proszku-80-zawiera-miarke-do-dokladnego-dozowania\/"]}]},{"@type":"ImageObject","inLanguage":"pl-PL","@id":"https:\/\/o7-organic.com\/pl\/kupi\u0107\/chloryn-sodowy-w-proszku-80-zawiera-miarke-do-dokladnego-dozowania\/#primaryimage","url":"https:\/\/o7-organic.com\/wp-content\/uploads\/2023\/03\/Clorito-polvo-300gr_resultado.jpg","contentUrl":"https:\/\/o7-organic.com\/wp-content\/uploads\/2023\/03\/Clorito-polvo-300gr_resultado.jpg","width":1000,"height":1000},{"@type":"BreadcrumbList","@id":"https:\/\/o7-organic.com\/pl\/kupi\u0107\/chloryn-sodowy-w-proszku-80-zawiera-miarke-do-dokladnego-dozowania\/#breadcrumb","itemListElement":[{"@type":"ListItem","position":1,"name":"Portada","item":"https:\/\/o7-organic.com\/"},{"@type":"ListItem","position":2,"name":"Sklep","item":"https:\/\/o7-organic.com\/pl\/sklep\/"},{"@type":"ListItem","position":3,"name":"Chloryn sodowy w proszku 80%. Zawiera miark\u0119 do dok\u0142adnego dozowania."}]},{"@type":"WebSite","@id":"https:\/\/o7-organic.com\/#website","url":"https:\/\/o7-organic.com\/","name":"O7-Organic","description":"Innovaci\u00f3n en salud a tu alcance","publisher":{"@id":"https:\/\/o7-organic.com\/#organization"},"potentialAction":[{"@type":"SearchAction","target":{"@type":"EntryPoint","urlTemplate":"https:\/\/o7-organic.com\/?s={search_term_string}"},"query-input":{"@type":"PropertyValueSpecification","valueRequired":true,"valueName":"search_term_string"}}],"inLanguage":"pl-PL"},{"@type":"Organization","@id":"https:\/\/o7-organic.com\/#organization","name":"O7-Organic","url":"https:\/\/o7-organic.com\/","logo":{"@type":"ImageObject","inLanguage":"pl-PL","@id":"https:\/\/o7-organic.com\/#\/schema\/logo\/image\/","url":"https:\/\/o7-organic.com\/wp-content\/uploads\/2023\/03\/logo_o7_organic.png","contentUrl":"https:\/\/o7-organic.com\/wp-content\/uploads\/2023\/03\/logo_o7_organic.png","width":512,"height":512,"caption":"O7-Organic"},"image":{"@id":"https:\/\/o7-organic.com\/#\/schema\/logo\/image\/"},"sameAs":["https:\/\/www.instagram.com\/o7organic\/"]}]}},"_links":{"self":[{"href":"https:\/\/o7-organic.com\/pl\/wp-json\/wp\/v2\/product\/10950","targetHints":{"allow":["GET"]}}],"collection":[{"href":"https:\/\/o7-organic.com\/pl\/wp-json\/wp\/v2\/product"}],"about":[{"href":"https:\/\/o7-organic.com\/pl\/wp-json\/wp\/v2\/types\/product"}],"replies":[{"embeddable":true,"href":"https:\/\/o7-organic.com\/pl\/wp-json\/wp\/v2\/comments?post=10950"}],"version-history":[{"count":0,"href":"https:\/\/o7-organic.com\/pl\/wp-json\/wp\/v2\/product\/10950\/revisions"}],"wp:featuredmedia":[{"embeddable":true,"href":"https:\/\/o7-organic.com\/pl\/wp-json\/wp\/v2\/media\/10752"}],"wp:attachment":[{"href":"https:\/\/o7-organic.com\/pl\/wp-json\/wp\/v2\/media?parent=10950"}],"wp:term":[{"taxonomy":"product_brand","embeddable":true,"href":"https:\/\/o7-organic.com\/pl\/wp-json\/wp\/v2\/product_brand?post=10950"},{"taxonomy":"product_cat","embeddable":true,"href":"https:\/\/o7-organic.com\/pl\/wp-json\/wp\/v2\/product_cat?post=10950"},{"taxonomy":"product_tag","embeddable":true,"href":"https:\/\/o7-organic.com\/pl\/wp-json\/wp\/v2\/product_tag?post=10950"}],"curies":[{"name":"wp","href":"https:\/\/api.w.org\/{rel}","templated":true}]}}