{"id":10949,"date":"2023-03-30T07:47:00","date_gmt":"2023-03-30T07:47:00","guid":{"rendered":"https:\/\/o7-organic.com\/comprar\/zeolit-w-proszku-200-g-zeolith-med-proszki-detoksykacyjne-vulkanmineralien\/"},"modified":"2023-03-30T07:47:00","modified_gmt":"2023-03-30T07:47:00","slug":"zeolit-med-200g-proszek-detox","status":"publish","type":"product","link":"https:\/\/o7-organic.com\/pl\/kupi\u0107\/zeolit-med-200g-proszek-detox\/","title":{"rendered":"Zeolit w Proszku 200 g. Zeolith MED\u00ae. Proszki detoksykacyjne. Vulkanmineralien."},"content":{"rendered":"<div class=\"group w-full text-gray-800 dark:text-gray-100 border-b border-black\/10 dark:border-gray-900\/50 bg-gray-50 dark:bg-[#444654]\">\n<div class=\"text-base gap-4 md:gap-6 md:max-w-2xl lg:max-w-xl xl:max-w-3xl p-4 md:py-6 flex lg:px-0 m-auto\">\n<div class=\"relative flex w-[calc(100%-50px)] flex-col gap-1 md:gap-3 lg:w-[calc(100%-115px)]\">\n<div class=\"flex flex-grow flex-col gap-3\">\n<div class=\"min-h-[20px] flex flex-col items-start gap-4 whitespace-pre-wrap\">\n<div class=\"markdown prose w-full break-words dark:prose-invert light\">\n<h2>Kupi\u0107 Zeolit w proszku<\/h2>\n<p>Vulkanmineralien Zeolite Powder 200 g to naturalny i skuteczny produkt, kt\u00f3ry znajduje zastosowanie w eliminacji toksyn z organizmu.<\/p>\n<h2>Co to jest Zeolit?<\/h2>\n<p>Zeolit jest mikroporowatym minera\u0142em o unikalnej tr\u00f3jwymiarowej strukturze krystalicznej, kt\u00f3ra pozwala mu dzia\u0142a\u0107 jako sito molekularne, pozwalaj\u0105c niekt\u00f3rym cz\u0105steczkom przechodzi\u0107 przez jego pory, podczas gdy inne s\u0105 zatrzymywane. Zeolit Powder 200g to wysokiej jako\u015bci produkt, kt\u00f3ry zosta\u0142 starannie przetworzony, aby zachowa\u0107 jego unikaln\u0105 struktur\u0119 molekularn\u0105 i zapewni\u0107 maksymaln\u0105 skuteczno\u015b\u0107.<\/p>\n<h2>Proszek zeolitowy do detoksykacji<\/h2>\n<p>Produkt ten jest szczeg\u00f3lnie przydatny dla os\u00f3b, kt\u00f3re s\u0105 regularnie nara\u017cone na zanieczyszczenia \u015brodowiskowe, takie jak metale ci\u0119\u017ckie, toksyny chemiczne i wolne rodniki. Jest r\u00f3wnie\u017c przydatny dla os\u00f3b d\u0105\u017c\u0105cych do poprawy og\u00f3lnego stanu zdrowia, zmniejszenia stanu zapalnego i wzmocnienia uk\u0142adu odporno\u015bciowego.<\/p>\n<p>Zeolit mo\u017ce by\u0107 stosowany codziennie jako cz\u0119\u015b\u0107 og\u00f3lnego re\u017cimu wellness.<\/p>\n<h3>Zeolit zarejestrowany w Ministerstwie Zdrowia &#8211; 100% legalny<\/h3>\n<p>Zeolit to bezpieczny i niezawodny produkt, kt\u00f3ry zosta\u0142 zarejestrowany w Ministerstwie Zdrowia pod numerem PS \/ 2018\/6022.<\/p>\n<h3>Proszek zeolitowy do usuwania metali ci\u0119\u017ckich<\/h3>\n<p>Produkt ten mo\u017cna bez obaw stosowa\u0107 do usuwania metali ci\u0119\u017ckich, takich jak rt\u0119\u0107, o\u0142\u00f3w i kadm, a tak\u017ce aluminium, amonu i histaminy. Produkt jest \u0142atwy w u\u017cyciu i mo\u017ce by\u0107 mieszany z p\u0142ynami lub \u017cywno\u015bci\u0105, co czyni go wygodnym i dost\u0119pnym dla wszystkich.<\/p>\n<h3>Dlaczego warto kupi\u0107 proszek zeolitowy?<\/h3>\n<p>Podsumowuj\u0105c, Zeolite Powder 200g to naturalny i skuteczny produkt, kt\u00f3ry mo\u017ce pom\u00f3c w poprawie og\u00f3lnego stanu zdrowia i samopoczucia. Dzi\u0119ki zdolno\u015bci do eliminacji toksyn z organizmu i wzmocnienia uk\u0142adu odporno\u015bciowego, produkt ten jest doskona\u0142ym wyborem dla os\u00f3b poszukuj\u0105cych bezpiecznej i skutecznej poprawy jako\u015bci \u017cycia. Dzi\u0119ki rejestracji Ministerstwa Zdrowia i wysokiej jako\u015bci, Zeolit w proszku &#8211; 200g to pewny i skuteczny wyb\u00f3r dla os\u00f3b pragn\u0105cych zadba\u0107 o swoje cia\u0142o i samopoczucie.<\/p>\n<h3>Kup Zeolit na Amazon<\/h3>\n<p>Mo\u017cesz r\u00f3wnie\u017c kupi\u0107 <a href=\"https:\/\/amzn.to\/40JtxRl\" target=\"_blank\" rel=\"noopener\">Zeolite Powder 200g<\/a> tego produktu na Amazon.<\/p>\n<h3>Konserwacja i przechowywanie proszku zeolitowego<\/h3>\n<p>Przechowywa\u0107 w miejscu niedost\u0119pnym dla dzieci poni\u017cej 6 roku \u017cycia. Po ka\u017cdym u\u017cyciu nale\u017cy zawsze zamkn\u0105\u0107 opakowanie. Produkt nale\u017cy przechowywa\u0107 w suchym miejscu w temperaturze<br \/>\npokojowej. Termin wa\u017cno\u015bci jest wydrukowany na spodzie opakowania. Nie nale\u017cy stosowa\u0107 produktu po up\u0142ywie terminu wa\u017cno\u015bci.<\/p>\n<h3 class=\"text-gray-400 flex self-end lg:self-center justify-center mt-2 gap-2 md:gap-3 lg:gap-1 lg:absolute lg:top-0 lg:translate-x-full lg:right-0 lg:mt-0 lg:pl-2 visible\">Instrukcja stosowania Zeolitu w proszku<\/h3>\n<p>Pobierz PDF z <a href=\"https:\/\/o7-organic.com\/wp-content\/uploads\/2023\/03\/instrucciones_de_uso_zeolita-polvo.pdf\">instrukcj\u0105 stosowania Zeolitu w proszku<\/a> wed\u0142ug producenta. O7-Organic nie ponosi odpowiedzialno\u015bci za stosowanie zalecane przez producenta. Przed zastosowaniem tego produktu medycznego nale\u017cy skonsultowa\u0107 si\u0119 z lekarzem.<\/p>\n<h2>Kup dwutlenek chloru (CDL) na 3000 ppm | DMSO | Zestaw do oczyszczania wody | Chloryn sodu w proszku<\/h2>\n<p>W <a href=\"https:\/\/o7-organic.com\/tienda\/\">naszym sklepie<\/a> mo\u017cna znale\u017a\u0107 takie produkty pod nasz\u0105 mark\u0105 O7-Organic.<\/p>\n<\/div>\n<\/div>\n<\/div>\n<\/div>\n<\/div>\n<\/div>\n","protected":false},"excerpt":{"rendered":"<div class=\"group w-full text-gray-800 dark:text-gray-100 border-b border-black\/10 dark:border-gray-900\/50 bg-gray-50 dark:bg-[#444654]\">\n<div class=\"text-base gap-4 md:gap-6 md:max-w-2xl lg:max-w-xl xl:max-w-3xl p-4 md:py-6 flex lg:px-0 m-auto\">\n<div class=\"relative flex w-[calc(100%-50px)] flex-col gap-1 md:gap-3 lg:w-[calc(100%-115px)]\">\n<div class=\"flex flex-grow flex-col gap-3\">\n<div class=\"min-h-[20px] flex flex-col items-start gap-4 whitespace-pre-wrap\">\n<div class=\"markdown prose w-full break-words dark:prose-invert light\">\n<p>Zeolit MED to <strong>naturalny bioregulator<\/strong>, kt\u00f3ry mo\u017ce pom\u00f3c w ochronie <strong>zdrowia<\/strong> ca\u0142ej rodziny. Produkt ten mo\u017ce by\u0107 stosowany codziennie w celu <strong>zapobiegania i \u0142agodzenia<\/strong> objaw\u00f3w zwi\u0105zanych z <strong>nagromadzeniem toksyn<\/strong> w organizmie. Zeolit MED dzia\u0142a jak naturalna g\u0105bka, poch\u0142aniaj\u0105c i <strong>eliminuj\u0105c toksyny z organizmu<\/strong> bez wp\u0142ywu na metabolizm.<\/p>\n<p>Produkt ten mo\u017ce pom\u00f3c w <strong>usuni\u0119ciu metali ci\u0119\u017ckich<\/strong>, takich jak rt\u0119\u0107, o\u0142\u00f3w i kadm, a tak\u017ce aluminium, amonu i histaminy. Ponadto <strong>Zeolita MED jest zarejestrowana w Ministerstwie Zdrowia<\/strong> pod numerem PS \/ 2018\/6022.<\/p>\n<p>Wykorzystaj zalety tego pot\u0119\u017cnego naturalnego bioregulatora, aby poprawi\u0107 swoje zdrowie i samopoczucie!<\/p>\n<\/div>\n<\/div>\n<\/div>\n<\/div>\n<\/div>\n<\/div>\n","protected":false},"featured_media":10812,"comment_status":"open","ping_status":"closed","template":"","meta":[],"product_brand":[],"product_cat":[156],"product_tag":[],"class_list":{"0":"post-10949","1":"product","2":"type-product","3":"status-publish","4":"has-post-thumbnail","6":"product_cat-zeolit","8":"first","9":"instock","10":"taxable","11":"shipping-taxable","12":"purchasable","13":"product-type-simple"},"yoast_head":"<!-- This site is optimized with the Yoast SEO plugin v27.5 - https:\/\/yoast.com\/product\/yoast-seo-wordpress\/ -->\n<title>Zeolit w proszku. Zeolith MED Detox | Vulkanmineralien<\/title>\n<meta name=\"description\" content=\"Kupi\u0107 Zeolit w proszku od Vulkanmineraien. 100% czysty naturalny proszek mineralny bez dodatk\u00f3w. Zeolit Clinoptilolite 100% Pure.\" \/>\n<meta name=\"robots\" content=\"index, follow, max-snippet:-1, max-image-preview:large, max-video-preview:-1\" \/>\n<link rel=\"canonical\" href=\"https:\/\/o7-organic.com\/pl\/kupi\u0107\/zeolit-w-proszku-200-g-zeolith-med-proszki-detoksykacyjne-vulkanmineralien\/\" \/>\n<meta property=\"og:locale\" content=\"pl_PL\" \/>\n<meta property=\"og:type\" content=\"article\" \/>\n<meta property=\"og:title\" content=\"Zeolit w proszku. Zeolith MED Detox | Vulkanmineralien\" \/>\n<meta property=\"og:description\" content=\"Kupi\u0107 Zeolit w proszku od Vulkanmineraien. 100% czysty naturalny proszek mineralny bez dodatk\u00f3w. Zeolit Clinoptilolite 100% Pure.\" \/>\n<meta property=\"og:url\" content=\"https:\/\/o7-organic.com\/pl\/kupi\u0107\/zeolit-w-proszku-200-g-zeolith-med-proszki-detoksykacyjne-vulkanmineralien\/\" \/>\n<meta property=\"og:site_name\" content=\"O7-Organic\" \/>\n<meta property=\"og:image\" content=\"https:\/\/o7-organic.com\/wp-content\/uploads\/2023\/03\/zeolita-med-vulkan-mineralien-200g-polvos-desintoxicantes.jpg\" \/>\n\t<meta property=\"og:image:width\" content=\"1000\" \/>\n\t<meta property=\"og:image:height\" content=\"1000\" \/>\n\t<meta property=\"og:image:type\" content=\"image\/jpeg\" \/>\n<meta name=\"twitter:card\" content=\"summary_large_image\" \/>\n<meta name=\"twitter:label1\" content=\"Szacowany czas czytania\" \/>\n\t<meta name=\"twitter:data1\" content=\"2 minuty\" \/>\n<script type=\"application\/ld+json\" class=\"yoast-schema-graph\">{\"@context\":\"https:\\\/\\\/schema.org\",\"@graph\":[{\"@type\":\"WebPage\",\"@id\":\"https:\\\/\\\/o7-organic.com\\\/pl\\\/kupi\u0107\\\/zeolit-w-proszku-200-g-zeolith-med-proszki-detoksykacyjne-vulkanmineralien\\\/\",\"url\":\"https:\\\/\\\/o7-organic.com\\\/pl\\\/kupi\u0107\\\/zeolit-w-proszku-200-g-zeolith-med-proszki-detoksykacyjne-vulkanmineralien\\\/\",\"name\":\"Zeolit w proszku. Zeolith MED Detox | Vulkanmineralien\",\"isPartOf\":{\"@id\":\"https:\\\/\\\/o7-organic.com\\\/#website\"},\"primaryImageOfPage\":{\"@id\":\"https:\\\/\\\/o7-organic.com\\\/pl\\\/kupi\u0107\\\/zeolit-w-proszku-200-g-zeolith-med-proszki-detoksykacyjne-vulkanmineralien\\\/#primaryimage\"},\"image\":{\"@id\":\"https:\\\/\\\/o7-organic.com\\\/pl\\\/kupi\u0107\\\/zeolit-w-proszku-200-g-zeolith-med-proszki-detoksykacyjne-vulkanmineralien\\\/#primaryimage\"},\"thumbnailUrl\":\"https:\\\/\\\/o7-organic.com\\\/wp-content\\\/uploads\\\/2023\\\/03\\\/zeolita-med-vulkan-mineralien-200g-polvos-desintoxicantes.jpg\",\"datePublished\":\"2023-03-30T07:47:00+00:00\",\"description\":\"Kupi\u0107 Zeolit w proszku od Vulkanmineraien. 100% czysty naturalny proszek mineralny bez dodatk\u00f3w. Zeolit Clinoptilolite 100% Pure.\",\"breadcrumb\":{\"@id\":\"https:\\\/\\\/o7-organic.com\\\/pl\\\/kupi\u0107\\\/zeolit-w-proszku-200-g-zeolith-med-proszki-detoksykacyjne-vulkanmineralien\\\/#breadcrumb\"},\"inLanguage\":\"pl-PL\",\"potentialAction\":[{\"@type\":\"ReadAction\",\"target\":[\"https:\\\/\\\/o7-organic.com\\\/pl\\\/kupi\u0107\\\/zeolit-w-proszku-200-g-zeolith-med-proszki-detoksykacyjne-vulkanmineralien\\\/\"]}]},{\"@type\":\"ImageObject\",\"inLanguage\":\"pl-PL\",\"@id\":\"https:\\\/\\\/o7-organic.com\\\/pl\\\/kupi\u0107\\\/zeolit-w-proszku-200-g-zeolith-med-proszki-detoksykacyjne-vulkanmineralien\\\/#primaryimage\",\"url\":\"https:\\\/\\\/o7-organic.com\\\/wp-content\\\/uploads\\\/2023\\\/03\\\/zeolita-med-vulkan-mineralien-200g-polvos-desintoxicantes.jpg\",\"contentUrl\":\"https:\\\/\\\/o7-organic.com\\\/wp-content\\\/uploads\\\/2023\\\/03\\\/zeolita-med-vulkan-mineralien-200g-polvos-desintoxicantes.jpg\",\"width\":1000,\"height\":1000},{\"@type\":\"BreadcrumbList\",\"@id\":\"https:\\\/\\\/o7-organic.com\\\/pl\\\/kupi\u0107\\\/zeolit-w-proszku-200-g-zeolith-med-proszki-detoksykacyjne-vulkanmineralien\\\/#breadcrumb\",\"itemListElement\":[{\"@type\":\"ListItem\",\"position\":1,\"name\":\"Portada\",\"item\":\"https:\\\/\\\/o7-organic.com\\\/\"},{\"@type\":\"ListItem\",\"position\":2,\"name\":\"Sklep\",\"item\":\"https:\\\/\\\/o7-organic.com\\\/pl\\\/sklep\\\/\"},{\"@type\":\"ListItem\",\"position\":3,\"name\":\"Zeolit w Proszku 200 g. Zeolith MED\u00ae. Proszki detoksykacyjne. Vulkanmineralien.\"}]},{\"@type\":\"WebSite\",\"@id\":\"https:\\\/\\\/o7-organic.com\\\/#website\",\"url\":\"https:\\\/\\\/o7-organic.com\\\/\",\"name\":\"O7-Organic\",\"description\":\"Innovaci\u00f3n en salud a tu alcance\",\"publisher\":{\"@id\":\"https:\\\/\\\/o7-organic.com\\\/#organization\"},\"potentialAction\":[{\"@type\":\"SearchAction\",\"target\":{\"@type\":\"EntryPoint\",\"urlTemplate\":\"https:\\\/\\\/o7-organic.com\\\/?s={search_term_string}\"},\"query-input\":{\"@type\":\"PropertyValueSpecification\",\"valueRequired\":true,\"valueName\":\"search_term_string\"}}],\"inLanguage\":\"pl-PL\"},{\"@type\":\"Organization\",\"@id\":\"https:\\\/\\\/o7-organic.com\\\/#organization\",\"name\":\"O7-Organic\",\"url\":\"https:\\\/\\\/o7-organic.com\\\/\",\"logo\":{\"@type\":\"ImageObject\",\"inLanguage\":\"pl-PL\",\"@id\":\"https:\\\/\\\/o7-organic.com\\\/#\\\/schema\\\/logo\\\/image\\\/\",\"url\":\"https:\\\/\\\/o7-organic.com\\\/wp-content\\\/uploads\\\/2023\\\/03\\\/logo_o7_organic.png\",\"contentUrl\":\"https:\\\/\\\/o7-organic.com\\\/wp-content\\\/uploads\\\/2023\\\/03\\\/logo_o7_organic.png\",\"width\":512,\"height\":512,\"caption\":\"O7-Organic\"},\"image\":{\"@id\":\"https:\\\/\\\/o7-organic.com\\\/#\\\/schema\\\/logo\\\/image\\\/\"},\"sameAs\":[\"https:\\\/\\\/www.instagram.com\\\/o7organic\\\/\"]}]}<\/script>\n<!-- \/ Yoast SEO plugin. -->","yoast_head_json":{"title":"Zeolit w proszku. Zeolith MED Detox | Vulkanmineralien","description":"Kupi\u0107 Zeolit w proszku od Vulkanmineraien. 100% czysty naturalny proszek mineralny bez dodatk\u00f3w. Zeolit Clinoptilolite 100% Pure.","robots":{"index":"index","follow":"follow","max-snippet":"max-snippet:-1","max-image-preview":"max-image-preview:large","max-video-preview":"max-video-preview:-1"},"canonical":"https:\/\/o7-organic.com\/pl\/kupi\u0107\/zeolit-w-proszku-200-g-zeolith-med-proszki-detoksykacyjne-vulkanmineralien\/","og_locale":"pl_PL","og_type":"article","og_title":"Zeolit w proszku. Zeolith MED Detox | Vulkanmineralien","og_description":"Kupi\u0107 Zeolit w proszku od Vulkanmineraien. 100% czysty naturalny proszek mineralny bez dodatk\u00f3w. Zeolit Clinoptilolite 100% Pure.","og_url":"https:\/\/o7-organic.com\/pl\/kupi\u0107\/zeolit-w-proszku-200-g-zeolith-med-proszki-detoksykacyjne-vulkanmineralien\/","og_site_name":"O7-Organic","og_image":[{"width":1000,"height":1000,"url":"https:\/\/o7-organic.com\/wp-content\/uploads\/2023\/03\/zeolita-med-vulkan-mineralien-200g-polvos-desintoxicantes.jpg","type":"image\/jpeg"}],"twitter_card":"summary_large_image","twitter_misc":{"Szacowany czas czytania":"2 minuty"},"schema":{"@context":"https:\/\/schema.org","@graph":[{"@type":"WebPage","@id":"https:\/\/o7-organic.com\/pl\/kupi\u0107\/zeolit-w-proszku-200-g-zeolith-med-proszki-detoksykacyjne-vulkanmineralien\/","url":"https:\/\/o7-organic.com\/pl\/kupi\u0107\/zeolit-w-proszku-200-g-zeolith-med-proszki-detoksykacyjne-vulkanmineralien\/","name":"Zeolit w proszku. Zeolith MED Detox | Vulkanmineralien","isPartOf":{"@id":"https:\/\/o7-organic.com\/#website"},"primaryImageOfPage":{"@id":"https:\/\/o7-organic.com\/pl\/kupi\u0107\/zeolit-w-proszku-200-g-zeolith-med-proszki-detoksykacyjne-vulkanmineralien\/#primaryimage"},"image":{"@id":"https:\/\/o7-organic.com\/pl\/kupi\u0107\/zeolit-w-proszku-200-g-zeolith-med-proszki-detoksykacyjne-vulkanmineralien\/#primaryimage"},"thumbnailUrl":"https:\/\/o7-organic.com\/wp-content\/uploads\/2023\/03\/zeolita-med-vulkan-mineralien-200g-polvos-desintoxicantes.jpg","datePublished":"2023-03-30T07:47:00+00:00","description":"Kupi\u0107 Zeolit w proszku od Vulkanmineraien. 100% czysty naturalny proszek mineralny bez dodatk\u00f3w. Zeolit Clinoptilolite 100% Pure.","breadcrumb":{"@id":"https:\/\/o7-organic.com\/pl\/kupi\u0107\/zeolit-w-proszku-200-g-zeolith-med-proszki-detoksykacyjne-vulkanmineralien\/#breadcrumb"},"inLanguage":"pl-PL","potentialAction":[{"@type":"ReadAction","target":["https:\/\/o7-organic.com\/pl\/kupi\u0107\/zeolit-w-proszku-200-g-zeolith-med-proszki-detoksykacyjne-vulkanmineralien\/"]}]},{"@type":"ImageObject","inLanguage":"pl-PL","@id":"https:\/\/o7-organic.com\/pl\/kupi\u0107\/zeolit-w-proszku-200-g-zeolith-med-proszki-detoksykacyjne-vulkanmineralien\/#primaryimage","url":"https:\/\/o7-organic.com\/wp-content\/uploads\/2023\/03\/zeolita-med-vulkan-mineralien-200g-polvos-desintoxicantes.jpg","contentUrl":"https:\/\/o7-organic.com\/wp-content\/uploads\/2023\/03\/zeolita-med-vulkan-mineralien-200g-polvos-desintoxicantes.jpg","width":1000,"height":1000},{"@type":"BreadcrumbList","@id":"https:\/\/o7-organic.com\/pl\/kupi\u0107\/zeolit-w-proszku-200-g-zeolith-med-proszki-detoksykacyjne-vulkanmineralien\/#breadcrumb","itemListElement":[{"@type":"ListItem","position":1,"name":"Portada","item":"https:\/\/o7-organic.com\/"},{"@type":"ListItem","position":2,"name":"Sklep","item":"https:\/\/o7-organic.com\/pl\/sklep\/"},{"@type":"ListItem","position":3,"name":"Zeolit w Proszku 200 g. Zeolith MED\u00ae. Proszki detoksykacyjne. Vulkanmineralien."}]},{"@type":"WebSite","@id":"https:\/\/o7-organic.com\/#website","url":"https:\/\/o7-organic.com\/","name":"O7-Organic","description":"Innovaci\u00f3n en salud a tu alcance","publisher":{"@id":"https:\/\/o7-organic.com\/#organization"},"potentialAction":[{"@type":"SearchAction","target":{"@type":"EntryPoint","urlTemplate":"https:\/\/o7-organic.com\/?s={search_term_string}"},"query-input":{"@type":"PropertyValueSpecification","valueRequired":true,"valueName":"search_term_string"}}],"inLanguage":"pl-PL"},{"@type":"Organization","@id":"https:\/\/o7-organic.com\/#organization","name":"O7-Organic","url":"https:\/\/o7-organic.com\/","logo":{"@type":"ImageObject","inLanguage":"pl-PL","@id":"https:\/\/o7-organic.com\/#\/schema\/logo\/image\/","url":"https:\/\/o7-organic.com\/wp-content\/uploads\/2023\/03\/logo_o7_organic.png","contentUrl":"https:\/\/o7-organic.com\/wp-content\/uploads\/2023\/03\/logo_o7_organic.png","width":512,"height":512,"caption":"O7-Organic"},"image":{"@id":"https:\/\/o7-organic.com\/#\/schema\/logo\/image\/"},"sameAs":["https:\/\/www.instagram.com\/o7organic\/"]}]}},"_links":{"self":[{"href":"https:\/\/o7-organic.com\/pl\/wp-json\/wp\/v2\/product\/10949","targetHints":{"allow":["GET"]}}],"collection":[{"href":"https:\/\/o7-organic.com\/pl\/wp-json\/wp\/v2\/product"}],"about":[{"href":"https:\/\/o7-organic.com\/pl\/wp-json\/wp\/v2\/types\/product"}],"replies":[{"embeddable":true,"href":"https:\/\/o7-organic.com\/pl\/wp-json\/wp\/v2\/comments?post=10949"}],"version-history":[{"count":0,"href":"https:\/\/o7-organic.com\/pl\/wp-json\/wp\/v2\/product\/10949\/revisions"}],"wp:featuredmedia":[{"embeddable":true,"href":"https:\/\/o7-organic.com\/pl\/wp-json\/wp\/v2\/media\/10812"}],"wp:attachment":[{"href":"https:\/\/o7-organic.com\/pl\/wp-json\/wp\/v2\/media?parent=10949"}],"wp:term":[{"taxonomy":"product_brand","embeddable":true,"href":"https:\/\/o7-organic.com\/pl\/wp-json\/wp\/v2\/product_brand?post=10949"},{"taxonomy":"product_cat","embeddable":true,"href":"https:\/\/o7-organic.com\/pl\/wp-json\/wp\/v2\/product_cat?post=10949"},{"taxonomy":"product_tag","embeddable":true,"href":"https:\/\/o7-organic.com\/pl\/wp-json\/wp\/v2\/product_tag?post=10949"}],"curies":[{"name":"wp","href":"https:\/\/api.w.org\/{rel}","templated":true}]}}