{"id":10925,"date":"2023-03-03T10:01:26","date_gmt":"2023-03-03T10:01:26","guid":{"rendered":"https:\/\/o7-organic.com\/comprar\/dioxido-de-cloro-puro-3000-ppm-cds-250-ml-en-botella-de-cristal-ambar-con-tapon-dosificador-y-jeringuilla-incluida\/"},"modified":"2025-06-09T00:32:04","modified_gmt":"2025-06-09T00:32:04","slug":"dioxido-de-cloro-cds-3000-ppm","status":"publish","type":"product","link":"https:\/\/o7-organic.com\/it\/acquistare\/dioxido-de-cloro-cds-3000-ppm\/","title":{"rendered":"Di\u00f3xido de Cloro Puro 3000 ppm &#8211; CDS 250 ml en Botella de Cristal \u00c1mbar con Tap\u00f3n Dosificador y Jeringuilla incluida."},"content":{"rendered":"<h2>Acquistare Biossido di cloro (CDS) in flacone di vetro ambrato da 250 ml<\/h2>\n<p>Soluzione di biossido di cloro altamente purificata generata per elettrolisi con una concentrazione di 3000 ppm. Soluzione di biossido di cloro altamente purificata generata per elettrolisi con una concentrazione di 3000 ppm. Include un tappo di dosaggio e una siringa da 5 ml che garantisce una perfetta aderenza, evitando cos\u00ec la fuoriuscita di gas dal CDS.<\/p>\n<p>Acquistate Biossido di cloro generato per elettrolisi di alta qualit\u00e0 e purezza allo 0,3% attivato con acqua distillata. La sua durata di conservazione \u00e8 di almeno 6 mesi se conservato in condizioni ottimali. Il biossido di cloro (CDS) generato dall&#8217;elettrolisi a 3000 ppm di O7-Organic non contiene eccipienti, conservanti, aromi o sostanze chimiche stabilizzanti.<\/p>\n<p>Il biossido di cloro \u00e8 incluso nell&#8217;articolo 95 del regolamento UE 528\/2012 sui biocidi. Uso esclusivo per il trattamento e la disinfezione dell&#8217;acqua destinata al consumo umano e animale.<\/p>\n<h2>Cos&#8217;\u00e8 il CDS e a cosa serve?<\/h2>\n<h3>Scopri gli usi e le applicazioni del biossido di cloro<\/h3>\n<p>Il CDS \u00e8 un biocida dalle molteplici propriet\u00e0 comunemente utilizzato per la disinfezione e la potabilizzazione dell&#8217;acqua. Grazie alla sua potente azione disinfettante, \u00e8 ampiamente utilizzato nella pulizia accurata di oggetti e superfici, nonch\u00e9 negli ospedali (sterilizzazione di apparecchiature mediche e pulizia delle sale operatorie).<\/p>\n<p>\u00c8 stato dimostrato che il biossido di cloro a 3000 ppm \u00e8 altamente efficace e sicuro nell&#8217;uccidere virus, batteri, microbi, funghi e germi patogeni come la <em>legionella.<\/em><\/p>\n<h2>Conservazione del biossido di cloro (CDS)<\/h2>\n<p>Conservare il contenitore in un luogo fresco e asciutto, al riparo dalla luce. Una volta aperto, conservare in frigorifero in posizione verticale. Si consiglia di utilizzare il biossido di cloro a 3000 ppm a una temperatura inferiore a 11\u00baC e, una volta aperto per l&#8217;uso, di chiuderlo rapidamente in modo che il gas non evapori. Il CDS a 3000 ppm \u00e8 confezionato in una bottiglia di vetro ambrato appositamente selezionata, che favorisce la buona conservazione del biossido di cloro e lo protegge dai raggi ultravioletti e dalle fonti di calore.<\/p>\n<p>Il CDS ha una data di scadenza di 6 mesi dalla data di produzione indicata sull&#8217;etichetta del prodotto.<\/p>\n<h2>Istruzioni per l&#8217;uso<\/h2>\n<h3>Come utilizzare il biossido di cloro e in quale dosaggio?<\/h3>\n<p>Diluire in acqua 1 ml di prodotto per litro di acqua da trattare e lasciare agire per almeno 30 minuti. Per farlo, \u00e8 sufficiente inserire la siringa nel beccuccio del flacone e prelevare 1 ml di biossido di cloro. \u00c8 possibile utilizzare sia la siringa in dotazione (prelevando gli esatti ml) sia il tappo dosatore (circa 20 gocce equivalgono a 1 ml).<\/p>\n<p>La quantit\u00e0 di prodotto pu\u00f2 variare a seconda della qualit\u00e0 dell&#8217;acqua da trattare. Usare con cautela.<\/p>\n<p>Non consumare l&#8217;acqua trattata finch\u00e9 il livello di cloro attivo non \u00e8 compreso tra 0,5 e 1,5 ppm.<\/p>\n<h2>Controindicazioni all&#8217;acquisto del biossido di cloro (CDS)<\/h2>\n<p>Quando si acquista il biossido di cloro (CDS) generato per elettrolisi, si raccomanda di leggere <a href=\"https:\/\/o7-organic.com\/wp-content\/uploads\/2023\/03\/ES-FDS-DIOXIDO-DE-CLORO-EN-DISOLUCION-Ed.1.pdf\">la scheda di sicurezza<\/a> del prodotto per un uso corretto e appropriato. Usare con cautela, leggere sempre le etichette e le informazioni sul prodotto.<\/p>\n<h2>Come generare CDS puro a 3000 ppm con un generatore elettrolitico<\/h2>\n<p>Come complemento a questo prodotto, potreste essere interessati <a href=\"https:\/\/lghealth-isystems.eu\/\" target=\"_blank\" rel=\"noopener\">ad acquistare il generatore elettrolitico Ultrapure CDS, brevettato a livello mondiale,<\/a> che vi permette di produrre a casa vostra biossido di cloro a 3000 ppm.<\/p>\n<h2>Domande frequenti sull&#8217;acquisto di biossido di cloro (FAQ)<\/h2>\n<h3>\u00c8 necessario attivare il biossido di cloro organico O7 (CDS)?<\/h3>\n<p>Non \u00e8 necessario. Il nostro CDS generato dall&#8217;elettrolisi \u00e8 pronto per l&#8217;uso diretto, cio\u00e8 \u00e8 gi\u00e0 attivato e non \u00e8 necessario fare altro. Si consiglia di raffreddarlo a una temperatura inferiore a 11\u00baC prima del consumo.<\/p>\n<h3>CDS 250 ml contiene eccipienti?<\/h3>\n<p>No, il nostro biossido di cloro (CDS) \u00e8 un prodotto senza eccipienti, conservanti o sostanze chimiche stabilizzanti.<\/p>\n<h3>Ho deciso di acquistare il biossido di cloro, quale dosaggio devo utilizzare per rendere potabile 1 litro d&#8217;acqua?<\/h3>\n<p>Para poder beber 1 litro de agua no potable, se recomienda usar 1 ml (o 20 gotas) de Di\u00f3xido de Cloro a 3000 ppm, de esta manera se conseguir\u00e1 desinfectar el agua de g\u00e9rmenes, bacterias y hongos.<\/p>\n<h4>Come si misura la quantit\u00e0 se si decide di utilizzare il contagocce del tappo dosatore?<\/h4>\n<p>Se vi sentite pi\u00f9 a vostro agio nell&#8217;usare il tappo dosatore, dovreste usare 20 gocce, che equivalgono a 1 ml di biossido di cloro.<\/p>\n<h4>Come si misura la quantit\u00e0 se si decide di usare la siringa?<\/h4>\n<p>\u00c8 sufficiente inserire la siringa da 5 ml nel foro del beccuccio del tappo e prelevare 1 ml.<\/p>\n","protected":false},"excerpt":{"rendered":"<p>Soluzione <strong>ultrapura di biossido di cloro<\/strong> a <strong>3000 ppm<\/strong> <strong>in flacone di vetro ambrato.<\/strong> Include <strong>un tappo di dosaggio e una siringa<\/strong> da 5 ml che garantisce una perfetta aderenza, evitando cos\u00ec la fuoriuscita di gas dal CDS.<\/p>\n<p><strong>Biossido di cloro<\/strong> (CDS) 0,3% in flacone di vetro ambrato con tappo dosatore. Senza eccipienti n\u00e9 conservanti.<\/p>\n<p>CDS generato per elettrolisi, un metodo pi\u00f9 naturale ed efficace di quello comunemente attivato con il 25% di clorito di sodio e il 4% di acido cloridrico.<\/p>\n","protected":false},"featured_media":10726,"comment_status":"open","ping_status":"closed","template":"","meta":[],"product_brand":[],"product_cat":[140],"product_tag":[],"class_list":{"0":"post-10925","1":"product","2":"type-product","3":"status-publish","4":"has-post-thumbnail","6":"product_cat-biossido-di-cloro","8":"first","9":"outofstock","10":"sale","11":"taxable","12":"shipping-taxable","13":"purchasable","14":"product-type-simple"},"yoast_head":"<!-- This site is optimized with the Yoast SEO plugin v27.4 - https:\/\/yoast.com\/product\/yoast-seo-wordpress\/ -->\n<title>Acquistare il biossido di cloro (CDS) 3000 ppm - 250 ml | O7-Organic<\/title>\n<meta name=\"description\" content=\"Acquistate il biossido di cloro (CDS) a 3000 ppm in bottiglia di vetro ambrato. Depuratore esclusivo per la pulizia dell&#039;acqua destinata al consumo umano e animale.\" \/>\n<meta name=\"robots\" content=\"index, follow, max-snippet:-1, max-image-preview:large, max-video-preview:-1\" \/>\n<link rel=\"canonical\" href=\"https:\/\/o7-organic.com\/it\/acquistare\/dioxido-de-cloro-puro-3000-ppm-cds-250-ml-en-botella-de-cristal-ambar-con-tapon-dosificador-y-jeringuilla-incluida\/\" \/>\n<meta property=\"og:locale\" content=\"it_IT\" \/>\n<meta property=\"og:type\" content=\"article\" \/>\n<meta property=\"og:title\" content=\"Acquistare il biossido di cloro (CDS) 3000 ppm - 250 ml | O7-Organic\" \/>\n<meta property=\"og:description\" content=\"Acquistate il biossido di cloro (CDS) a 3000 ppm in bottiglia di vetro ambrato. Depuratore esclusivo per la pulizia dell&#039;acqua destinata al consumo umano e animale.\" \/>\n<meta property=\"og:url\" content=\"https:\/\/o7-organic.com\/it\/acquistare\/dioxido-de-cloro-puro-3000-ppm-cds-250-ml-en-botella-de-cristal-ambar-con-tapon-dosificador-y-jeringuilla-incluida\/\" \/>\n<meta property=\"og:site_name\" content=\"O7-Organic\" \/>\n<meta property=\"article:modified_time\" content=\"2025-06-09T00:32:04+00:00\" \/>\n<meta property=\"og:image\" content=\"https:\/\/o7-organic.com\/wp-content\/uploads\/2023\/03\/cds-250-ml_resultado.jpg\" \/>\n\t<meta property=\"og:image:width\" content=\"1000\" \/>\n\t<meta property=\"og:image:height\" content=\"1000\" \/>\n\t<meta property=\"og:image:type\" content=\"image\/jpeg\" \/>\n<meta name=\"twitter:card\" content=\"summary_large_image\" \/>\n<meta name=\"twitter:label1\" content=\"Tempo di lettura stimato\" \/>\n\t<meta name=\"twitter:data1\" content=\"4 minuti\" \/>\n<script type=\"application\/ld+json\" class=\"yoast-schema-graph\">{\"@context\":\"https:\\\/\\\/schema.org\",\"@graph\":[{\"@type\":\"WebPage\",\"@id\":\"https:\\\/\\\/o7-organic.com\\\/it\\\/acquistare\\\/dioxido-de-cloro-puro-3000-ppm-cds-250-ml-en-botella-de-cristal-ambar-con-tapon-dosificador-y-jeringuilla-incluida\\\/\",\"url\":\"https:\\\/\\\/o7-organic.com\\\/it\\\/acquistare\\\/dioxido-de-cloro-puro-3000-ppm-cds-250-ml-en-botella-de-cristal-ambar-con-tapon-dosificador-y-jeringuilla-incluida\\\/\",\"name\":\"Acquistare il biossido di cloro (CDS) 3000 ppm - 250 ml | O7-Organic\",\"isPartOf\":{\"@id\":\"https:\\\/\\\/o7-organic.com\\\/#website\"},\"primaryImageOfPage\":{\"@id\":\"https:\\\/\\\/o7-organic.com\\\/it\\\/acquistare\\\/dioxido-de-cloro-puro-3000-ppm-cds-250-ml-en-botella-de-cristal-ambar-con-tapon-dosificador-y-jeringuilla-incluida\\\/#primaryimage\"},\"image\":{\"@id\":\"https:\\\/\\\/o7-organic.com\\\/it\\\/acquistare\\\/dioxido-de-cloro-puro-3000-ppm-cds-250-ml-en-botella-de-cristal-ambar-con-tapon-dosificador-y-jeringuilla-incluida\\\/#primaryimage\"},\"thumbnailUrl\":\"https:\\\/\\\/o7-organic.com\\\/wp-content\\\/uploads\\\/2023\\\/03\\\/cds-250-ml_resultado.jpg\",\"datePublished\":\"2023-03-03T10:01:26+00:00\",\"dateModified\":\"2025-06-09T00:32:04+00:00\",\"description\":\"Acquistate il biossido di cloro (CDS) a 3000 ppm in bottiglia di vetro ambrato. Depuratore esclusivo per la pulizia dell'acqua destinata al consumo umano e animale.\",\"breadcrumb\":{\"@id\":\"https:\\\/\\\/o7-organic.com\\\/it\\\/acquistare\\\/dioxido-de-cloro-puro-3000-ppm-cds-250-ml-en-botella-de-cristal-ambar-con-tapon-dosificador-y-jeringuilla-incluida\\\/#breadcrumb\"},\"inLanguage\":\"it-IT\",\"potentialAction\":[{\"@type\":\"ReadAction\",\"target\":[\"https:\\\/\\\/o7-organic.com\\\/it\\\/acquistare\\\/dioxido-de-cloro-puro-3000-ppm-cds-250-ml-en-botella-de-cristal-ambar-con-tapon-dosificador-y-jeringuilla-incluida\\\/\"]}]},{\"@type\":\"ImageObject\",\"inLanguage\":\"it-IT\",\"@id\":\"https:\\\/\\\/o7-organic.com\\\/it\\\/acquistare\\\/dioxido-de-cloro-puro-3000-ppm-cds-250-ml-en-botella-de-cristal-ambar-con-tapon-dosificador-y-jeringuilla-incluida\\\/#primaryimage\",\"url\":\"https:\\\/\\\/o7-organic.com\\\/wp-content\\\/uploads\\\/2023\\\/03\\\/cds-250-ml_resultado.jpg\",\"contentUrl\":\"https:\\\/\\\/o7-organic.com\\\/wp-content\\\/uploads\\\/2023\\\/03\\\/cds-250-ml_resultado.jpg\",\"width\":1000,\"height\":1000},{\"@type\":\"BreadcrumbList\",\"@id\":\"https:\\\/\\\/o7-organic.com\\\/it\\\/acquistare\\\/dioxido-de-cloro-puro-3000-ppm-cds-250-ml-en-botella-de-cristal-ambar-con-tapon-dosificador-y-jeringuilla-incluida\\\/#breadcrumb\",\"itemListElement\":[{\"@type\":\"ListItem\",\"position\":1,\"name\":\"Portada\",\"item\":\"https:\\\/\\\/o7-organic.com\\\/\"},{\"@type\":\"ListItem\",\"position\":2,\"name\":\"Negozio\",\"item\":\"https:\\\/\\\/o7-organic.com\\\/it\\\/negozio\\\/\"},{\"@type\":\"ListItem\",\"position\":3,\"name\":\"Di\u00f3xido de Cloro Puro 3000 ppm &#8211; CDS 250 ml en Botella de Cristal \u00c1mbar con Tap\u00f3n Dosificador y Jeringuilla incluida.\"}]},{\"@type\":\"WebSite\",\"@id\":\"https:\\\/\\\/o7-organic.com\\\/#website\",\"url\":\"https:\\\/\\\/o7-organic.com\\\/\",\"name\":\"O7-Organic\",\"description\":\"Innovaci\u00f3n en salud a tu alcance\",\"publisher\":{\"@id\":\"https:\\\/\\\/o7-organic.com\\\/#organization\"},\"potentialAction\":[{\"@type\":\"SearchAction\",\"target\":{\"@type\":\"EntryPoint\",\"urlTemplate\":\"https:\\\/\\\/o7-organic.com\\\/?s={search_term_string}\"},\"query-input\":{\"@type\":\"PropertyValueSpecification\",\"valueRequired\":true,\"valueName\":\"search_term_string\"}}],\"inLanguage\":\"it-IT\"},{\"@type\":\"Organization\",\"@id\":\"https:\\\/\\\/o7-organic.com\\\/#organization\",\"name\":\"O7-Organic\",\"url\":\"https:\\\/\\\/o7-organic.com\\\/\",\"logo\":{\"@type\":\"ImageObject\",\"inLanguage\":\"it-IT\",\"@id\":\"https:\\\/\\\/o7-organic.com\\\/#\\\/schema\\\/logo\\\/image\\\/\",\"url\":\"https:\\\/\\\/o7-organic.com\\\/wp-content\\\/uploads\\\/2023\\\/03\\\/logo_o7_organic.png\",\"contentUrl\":\"https:\\\/\\\/o7-organic.com\\\/wp-content\\\/uploads\\\/2023\\\/03\\\/logo_o7_organic.png\",\"width\":512,\"height\":512,\"caption\":\"O7-Organic\"},\"image\":{\"@id\":\"https:\\\/\\\/o7-organic.com\\\/#\\\/schema\\\/logo\\\/image\\\/\"},\"sameAs\":[\"https:\\\/\\\/www.instagram.com\\\/o7organic\\\/\"]}]}<\/script>\n<!-- \/ Yoast SEO plugin. -->","yoast_head_json":{"title":"Acquistare il biossido di cloro (CDS) 3000 ppm - 250 ml | O7-Organic","description":"Acquistate il biossido di cloro (CDS) a 3000 ppm in bottiglia di vetro ambrato. Depuratore esclusivo per la pulizia dell'acqua destinata al consumo umano e animale.","robots":{"index":"index","follow":"follow","max-snippet":"max-snippet:-1","max-image-preview":"max-image-preview:large","max-video-preview":"max-video-preview:-1"},"canonical":"https:\/\/o7-organic.com\/it\/acquistare\/dioxido-de-cloro-puro-3000-ppm-cds-250-ml-en-botella-de-cristal-ambar-con-tapon-dosificador-y-jeringuilla-incluida\/","og_locale":"it_IT","og_type":"article","og_title":"Acquistare il biossido di cloro (CDS) 3000 ppm - 250 ml | O7-Organic","og_description":"Acquistate il biossido di cloro (CDS) a 3000 ppm in bottiglia di vetro ambrato. Depuratore esclusivo per la pulizia dell'acqua destinata al consumo umano e animale.","og_url":"https:\/\/o7-organic.com\/it\/acquistare\/dioxido-de-cloro-puro-3000-ppm-cds-250-ml-en-botella-de-cristal-ambar-con-tapon-dosificador-y-jeringuilla-incluida\/","og_site_name":"O7-Organic","article_modified_time":"2025-06-09T00:32:04+00:00","og_image":[{"width":1000,"height":1000,"url":"https:\/\/o7-organic.com\/wp-content\/uploads\/2023\/03\/cds-250-ml_resultado.jpg","type":"image\/jpeg"}],"twitter_card":"summary_large_image","twitter_misc":{"Tempo di lettura stimato":"4 minuti"},"schema":{"@context":"https:\/\/schema.org","@graph":[{"@type":"WebPage","@id":"https:\/\/o7-organic.com\/it\/acquistare\/dioxido-de-cloro-puro-3000-ppm-cds-250-ml-en-botella-de-cristal-ambar-con-tapon-dosificador-y-jeringuilla-incluida\/","url":"https:\/\/o7-organic.com\/it\/acquistare\/dioxido-de-cloro-puro-3000-ppm-cds-250-ml-en-botella-de-cristal-ambar-con-tapon-dosificador-y-jeringuilla-incluida\/","name":"Acquistare il biossido di cloro (CDS) 3000 ppm - 250 ml | O7-Organic","isPartOf":{"@id":"https:\/\/o7-organic.com\/#website"},"primaryImageOfPage":{"@id":"https:\/\/o7-organic.com\/it\/acquistare\/dioxido-de-cloro-puro-3000-ppm-cds-250-ml-en-botella-de-cristal-ambar-con-tapon-dosificador-y-jeringuilla-incluida\/#primaryimage"},"image":{"@id":"https:\/\/o7-organic.com\/it\/acquistare\/dioxido-de-cloro-puro-3000-ppm-cds-250-ml-en-botella-de-cristal-ambar-con-tapon-dosificador-y-jeringuilla-incluida\/#primaryimage"},"thumbnailUrl":"https:\/\/o7-organic.com\/wp-content\/uploads\/2023\/03\/cds-250-ml_resultado.jpg","datePublished":"2023-03-03T10:01:26+00:00","dateModified":"2025-06-09T00:32:04+00:00","description":"Acquistate il biossido di cloro (CDS) a 3000 ppm in bottiglia di vetro ambrato. Depuratore esclusivo per la pulizia dell'acqua destinata al consumo umano e animale.","breadcrumb":{"@id":"https:\/\/o7-organic.com\/it\/acquistare\/dioxido-de-cloro-puro-3000-ppm-cds-250-ml-en-botella-de-cristal-ambar-con-tapon-dosificador-y-jeringuilla-incluida\/#breadcrumb"},"inLanguage":"it-IT","potentialAction":[{"@type":"ReadAction","target":["https:\/\/o7-organic.com\/it\/acquistare\/dioxido-de-cloro-puro-3000-ppm-cds-250-ml-en-botella-de-cristal-ambar-con-tapon-dosificador-y-jeringuilla-incluida\/"]}]},{"@type":"ImageObject","inLanguage":"it-IT","@id":"https:\/\/o7-organic.com\/it\/acquistare\/dioxido-de-cloro-puro-3000-ppm-cds-250-ml-en-botella-de-cristal-ambar-con-tapon-dosificador-y-jeringuilla-incluida\/#primaryimage","url":"https:\/\/o7-organic.com\/wp-content\/uploads\/2023\/03\/cds-250-ml_resultado.jpg","contentUrl":"https:\/\/o7-organic.com\/wp-content\/uploads\/2023\/03\/cds-250-ml_resultado.jpg","width":1000,"height":1000},{"@type":"BreadcrumbList","@id":"https:\/\/o7-organic.com\/it\/acquistare\/dioxido-de-cloro-puro-3000-ppm-cds-250-ml-en-botella-de-cristal-ambar-con-tapon-dosificador-y-jeringuilla-incluida\/#breadcrumb","itemListElement":[{"@type":"ListItem","position":1,"name":"Portada","item":"https:\/\/o7-organic.com\/"},{"@type":"ListItem","position":2,"name":"Negozio","item":"https:\/\/o7-organic.com\/it\/negozio\/"},{"@type":"ListItem","position":3,"name":"Di\u00f3xido de Cloro Puro 3000 ppm &#8211; CDS 250 ml en Botella de Cristal \u00c1mbar con Tap\u00f3n Dosificador y Jeringuilla incluida."}]},{"@type":"WebSite","@id":"https:\/\/o7-organic.com\/#website","url":"https:\/\/o7-organic.com\/","name":"O7-Organic","description":"Innovaci\u00f3n en salud a tu alcance","publisher":{"@id":"https:\/\/o7-organic.com\/#organization"},"potentialAction":[{"@type":"SearchAction","target":{"@type":"EntryPoint","urlTemplate":"https:\/\/o7-organic.com\/?s={search_term_string}"},"query-input":{"@type":"PropertyValueSpecification","valueRequired":true,"valueName":"search_term_string"}}],"inLanguage":"it-IT"},{"@type":"Organization","@id":"https:\/\/o7-organic.com\/#organization","name":"O7-Organic","url":"https:\/\/o7-organic.com\/","logo":{"@type":"ImageObject","inLanguage":"it-IT","@id":"https:\/\/o7-organic.com\/#\/schema\/logo\/image\/","url":"https:\/\/o7-organic.com\/wp-content\/uploads\/2023\/03\/logo_o7_organic.png","contentUrl":"https:\/\/o7-organic.com\/wp-content\/uploads\/2023\/03\/logo_o7_organic.png","width":512,"height":512,"caption":"O7-Organic"},"image":{"@id":"https:\/\/o7-organic.com\/#\/schema\/logo\/image\/"},"sameAs":["https:\/\/www.instagram.com\/o7organic\/"]}]}},"_links":{"self":[{"href":"https:\/\/o7-organic.com\/it\/wp-json\/wp\/v2\/product\/10925","targetHints":{"allow":["GET"]}}],"collection":[{"href":"https:\/\/o7-organic.com\/it\/wp-json\/wp\/v2\/product"}],"about":[{"href":"https:\/\/o7-organic.com\/it\/wp-json\/wp\/v2\/types\/product"}],"replies":[{"embeddable":true,"href":"https:\/\/o7-organic.com\/it\/wp-json\/wp\/v2\/comments?post=10925"}],"version-history":[{"count":0,"href":"https:\/\/o7-organic.com\/it\/wp-json\/wp\/v2\/product\/10925\/revisions"}],"wp:featuredmedia":[{"embeddable":true,"href":"https:\/\/o7-organic.com\/it\/wp-json\/wp\/v2\/media\/10726"}],"wp:attachment":[{"href":"https:\/\/o7-organic.com\/it\/wp-json\/wp\/v2\/media?parent=10925"}],"wp:term":[{"taxonomy":"product_brand","embeddable":true,"href":"https:\/\/o7-organic.com\/it\/wp-json\/wp\/v2\/product_brand?post=10925"},{"taxonomy":"product_cat","embeddable":true,"href":"https:\/\/o7-organic.com\/it\/wp-json\/wp\/v2\/product_cat?post=10925"},{"taxonomy":"product_tag","embeddable":true,"href":"https:\/\/o7-organic.com\/it\/wp-json\/wp\/v2\/product_tag?post=10925"}],"curies":[{"name":"wp","href":"https:\/\/api.w.org\/{rel}","templated":true}]}}