{"id":10921,"date":"2023-03-08T11:17:21","date_gmt":"2023-03-08T11:17:21","guid":{"rendered":"https:\/\/o7-organic.com\/comprar\/dimetilsolfossido-999-dmso-tappo-in-vetro-ambrato-con-dosatore-a-contagocce\/"},"modified":"2023-03-08T11:17:21","modified_gmt":"2023-03-08T11:17:21","slug":"dimetilsulfossido-puro-dmso-gotero-dosatore","status":"publish","type":"product","link":"https:\/\/o7-organic.com\/it\/acquistare\/dimetilsulfossido-puro-dmso-gotero-dosatore\/","title":{"rendered":"Dimetilsolfossido 99,9% (DMSO) &#8211; Tappo in vetro ambrato con dosatore a contagocce."},"content":{"rendered":"<div class=\"w-full border-b border-black\/10 dark:border-gray-900\/50 text-gray-800 dark:text-gray-100 group bg-gray-50 dark:bg-[#444654]\">\n<div class=\"text-base gap-4 md:gap-6 m-auto md:max-w-2xl lg:max-w-2xl xl:max-w-3xl p-4 md:py-6 flex lg:px-0\">\n<div class=\"relative flex w-[calc(100%-50px)] flex-col gap-1 md:gap-3 lg:w-[calc(100%-115px)]\">\n<div class=\"flex flex-grow flex-col gap-3\">\n<div class=\"min-h-[20px] flex flex-col items-start gap-4 whitespace-pre-wrap\">\n<div class=\"markdown prose w-full break-words dark:prose-invert light\">\n<h2>Che cos&#8217;\u00e8 il DMSO?<\/h2>\n<p>Il DMSO (dimetilsolfossido) \u00e8 un composto organico molto versatile. Questa sostanza chimica \u00e8 nota per le sue numerose propriet\u00e0 in diversi campi.<\/p>\n<div class=\"celwidget aplus-module module-2 aplus-standard\" data-cel-widget=\"aplus-module-2\" data-csa-c-id=\"a3wgd8-k96mfw-8ip42v-4xkxak\">\n<div class=\"a-expander-collapsed-height a-row a-expander-container a-expander-partial-collapse-container\" data-a-expander-name=\"aplus-module-expander\" data-a-expander-collapsed-height=\"700\">\n<div class=\"a-expander-content a-expander-partial-collapse-content\" aria-expanded=\"false\">\n<div class=\"aplus-module-wrapper apm-floatnone apm-fixed-width\">\n<div class=\"apm-sidemodule apm-spacing\">\n<div class=\"apm-sidemodule-textright\">\n<p><span class=\"a-list-item\">\u00c8 un prodotto 100% vegano e cruelty free.<\/span><\/p>\n<\/div>\n<\/div>\n<\/div>\n<\/div>\n<\/div>\n<\/div>\n<h2>DMSO ad alta purezza<\/h2>\n<p>Il DMSO di alta qualit\u00e0 viene prodotto mediante un attento e rigoroso processo di distillazione per garantirne la purezza e la qualit\u00e0.<\/p>\n<div class=\"w-full border-b border-black\/10 dark:border-gray-900\/50 text-gray-800 dark:text-gray-100 group bg-gray-50 dark:bg-[#444654]\">\n<div class=\"text-base gap-4 md:gap-6 m-auto md:max-w-2xl lg:max-w-2xl xl:max-w-3xl p-4 md:py-6 flex lg:px-0\">\n<div class=\"relative flex w-[calc(100%-50px)] flex-col gap-1 md:gap-3 lg:w-[calc(100%-115px)]\">\n<div class=\"flex flex-grow flex-col gap-3\">\n<div class=\"min-h-[20px] flex flex-col items-start gap-4 whitespace-pre-wrap\">\n<div class=\"markdown prose w-full break-words dark:prose-invert light\">\n<p>El DMSO de alta calidad se produce mediante un proceso de destilaci\u00f3n cuidadoso y riguroso para garantizar su pureza y calidad.<\/p>\n<h2>Come si usa il dimetilsolfossido?<\/h2>\n<div class=\"w-full border-b border-black\/10 dark:border-gray-900\/50 text-gray-800 dark:text-gray-100 group bg-gray-50 dark:bg-[#444654]\">\n<div class=\"text-base gap-4 md:gap-6 m-auto md:max-w-2xl lg:max-w-2xl xl:max-w-3xl p-4 md:py-6 flex lg:px-0\">\n<div class=\"relative flex w-[calc(100%-50px)] flex-col gap-1 md:gap-3 lg:w-[calc(100%-115px)]\">\n<div class=\"flex flex-grow flex-col gap-3\">\n<div class=\"min-h-[20px] flex flex-col items-start gap-4 whitespace-pre-wrap\">\n<div class=\"markdown prose w-full break-words dark:prose-invert light\">\n<p>Il DMSO \u00e8 un ottimo alleato nella pulizia e nella purificazione delle superfici, cos\u00ec come altri prodotti chimici come il <a href=\"https:\/\/o7-organic.com\/comprar\/dioxido-de-cloro-ultrapuro-cds-3000-ppm\/\">biossido di cloro.<\/a><\/p>\n<div class=\"w-full border-b border-black\/10 dark:border-gray-900\/50 text-gray-800 dark:text-gray-100 group bg-gray-50 dark:bg-[#444654]\">\n<div class=\"text-base gap-4 md:gap-6 m-auto md:max-w-2xl lg:max-w-2xl xl:max-w-3xl p-4 md:py-6 flex lg:px-0\">\n<div class=\"relative flex w-[calc(100%-50px)] flex-col gap-1 md:gap-3 lg:w-[calc(100%-115px)]\">\n<div class=\"flex flex-grow flex-col gap-3\">\n<div class=\"min-h-[20px] flex flex-col items-start gap-4 whitespace-pre-wrap\">\n<div class=\"result-streaming markdown prose w-full break-words dark:prose-invert light\">\n<p>Prima di utilizzare il dimetilsolfossido, \u00e8 importante prendere delle precauzioni, poich\u00e9 si tratta di un prodotto altamente efficace che favorisce la penetrazione di sostanze e prodotti chimici attraverso la pelle.<\/p>\n<p>Si raccomanda di conservare il prodotto nella sua confezione originale.<\/p>\n<\/div>\n<\/div>\n<\/div>\n<\/div>\n<\/div>\n<\/div>\n<h3>DMSO in flacone di vetro ambrato con tappo dosatore e contagocce<\/h3>\n<p>Il nostro Dimetilsolfossido \u00e8 conservato in un contenitore di vetro ambrato con un contagocce per un&#8217;applicazione precisa e accurata.<\/p>\n<h3>Come conservare il DMSO?<\/h3>\n<p>Conservare il prodotto nel contenitore originale, <span class=\"gb-headline-text\">lontano da fonti di calore, superfici calde e qualsiasi fonte di accensione.<\/span><\/p>\n<h2>Vi presentiamo l&#8217;ultima novit\u00e0 sul mercato: generatore elettrolitico di CDS ultrapuro a 3000 ppm<\/h2>\n<p>Come complemento a questo prodotto, potreste essere interessati <a href=\"https:\/\/lghealth-isystems.eu\/\" target=\"_blank\" rel=\"noopener\">ad acquistare il generatore elettrolitico Ultrapure CDS, brevettato a livello mondiale,<\/a> che vi permette di produrre a casa vostra biossido di cloro a 3000 ppm.<\/p>\n<h3>Assistenza e servizio clienti<\/h3>\n<p>In caso di domande sul prodotto, \u00e8 possibile contattarci via e-mail al seguente indirizzo: <a href=\"mailto:store@o7-organic.com\">store@o7-organic.com<\/a><\/p>\n<\/div>\n<\/div>\n<\/div>\n<\/div>\n<\/div>\n<\/div>\n<\/div>\n<\/div>\n<\/div>\n<\/div>\n<\/div>\n<\/div>\n<\/div>\n<\/div>\n<\/div>\n<\/div>\n<\/div>\n<\/div>\n","protected":false},"excerpt":{"rendered":"<p>Il dimetilsolfossido (DMSO) puro al 99,9% di O7-Organic \u00e8 un solvente naturale dalle molteplici applicazioni grazie alle sue diverse propriet\u00e0. Include un contagocce per un dosaggio facile e preciso.<\/p>\n","protected":false},"featured_media":10741,"comment_status":"open","ping_status":"closed","template":"","meta":[],"product_brand":[],"product_cat":[135],"product_tag":[],"class_list":{"0":"post-10921","1":"product","2":"type-product","3":"status-publish","4":"has-post-thumbnail","6":"product_cat-dimetilsolfossido","8":"first","9":"instock","10":"taxable","11":"shipping-taxable","12":"purchasable","13":"product-type-variable"},"yoast_head":"<!-- This site is optimized with the Yoast SEO plugin v27.5 - https:\/\/yoast.com\/product\/yoast-seo-wordpress\/ -->\n<title>Dimetilsulf\u00f3xido 99,9% (DMSO) 250 ml | O7-Organic<\/title>\n<meta name=\"description\" content=\"Il DMSO \u00e8 un liquido organico con una purezza del 99,9%. Dimetilsolfossido di alta qualit\u00e0. Ideale per una maggiore purificazione delle superfici.\" \/>\n<meta name=\"robots\" content=\"index, follow, max-snippet:-1, max-image-preview:large, max-video-preview:-1\" \/>\n<link rel=\"canonical\" href=\"https:\/\/o7-organic.com\/it\/acquistare\/dimetilsulfossido-puro-dmso-gotero-dosatore\/\" \/>\n<meta property=\"og:locale\" content=\"it_IT\" \/>\n<meta property=\"og:type\" content=\"article\" \/>\n<meta property=\"og:title\" content=\"Dimetilsulf\u00f3xido 99,9% (DMSO) 250 ml | O7-Organic\" \/>\n<meta property=\"og:description\" content=\"Il DMSO \u00e8 un liquido organico con una purezza del 99,9%. Dimetilsolfossido di alta qualit\u00e0. Ideale per una maggiore purificazione delle superfici.\" \/>\n<meta property=\"og:url\" content=\"https:\/\/o7-organic.com\/it\/acquistare\/dimetilsulfossido-puro-dmso-gotero-dosatore\/\" \/>\n<meta property=\"og:site_name\" content=\"O7-Organic\" \/>\n<meta property=\"og:image\" content=\"https:\/\/o7-organic.com\/wp-content\/uploads\/2023\/03\/dmso-250-ml_resultado.jpg\" \/>\n\t<meta property=\"og:image:width\" content=\"1000\" \/>\n\t<meta property=\"og:image:height\" content=\"1000\" \/>\n\t<meta property=\"og:image:type\" content=\"image\/jpeg\" \/>\n<meta name=\"twitter:card\" content=\"summary_large_image\" \/>\n<meta name=\"twitter:label1\" content=\"Tempo di lettura stimato\" \/>\n\t<meta name=\"twitter:data1\" content=\"1 minuto\" \/>\n<script type=\"application\/ld+json\" class=\"yoast-schema-graph\">{\"@context\":\"https:\\\/\\\/schema.org\",\"@graph\":[{\"@type\":\"WebPage\",\"@id\":\"https:\\\/\\\/o7-organic.com\\\/it\\\/acquistare\\\/dimetilsulfossido-puro-dmso-gotero-dosatore\\\/\",\"url\":\"https:\\\/\\\/o7-organic.com\\\/it\\\/acquistare\\\/dimetilsulfossido-puro-dmso-gotero-dosatore\\\/\",\"name\":\"Dimetilsulf\u00f3xido 99,9% (DMSO) 250 ml | O7-Organic\",\"isPartOf\":{\"@id\":\"https:\\\/\\\/o7-organic.com\\\/#website\"},\"primaryImageOfPage\":{\"@id\":\"https:\\\/\\\/o7-organic.com\\\/it\\\/acquistare\\\/dimetilsulfossido-puro-dmso-gotero-dosatore\\\/#primaryimage\"},\"image\":{\"@id\":\"https:\\\/\\\/o7-organic.com\\\/it\\\/acquistare\\\/dimetilsulfossido-puro-dmso-gotero-dosatore\\\/#primaryimage\"},\"thumbnailUrl\":\"https:\\\/\\\/o7-organic.com\\\/wp-content\\\/uploads\\\/2023\\\/03\\\/dmso-250-ml_resultado.jpg\",\"datePublished\":\"2023-03-08T11:17:21+00:00\",\"description\":\"Il DMSO \u00e8 un liquido organico con una purezza del 99,9%. Dimetilsolfossido di alta qualit\u00e0. Ideale per una maggiore purificazione delle superfici.\",\"breadcrumb\":{\"@id\":\"https:\\\/\\\/o7-organic.com\\\/it\\\/acquistare\\\/dimetilsulfossido-puro-dmso-gotero-dosatore\\\/#breadcrumb\"},\"inLanguage\":\"it-IT\",\"potentialAction\":[{\"@type\":\"ReadAction\",\"target\":[\"https:\\\/\\\/o7-organic.com\\\/it\\\/acquistare\\\/dimetilsulfossido-puro-dmso-gotero-dosatore\\\/\"]}]},{\"@type\":\"ImageObject\",\"inLanguage\":\"it-IT\",\"@id\":\"https:\\\/\\\/o7-organic.com\\\/it\\\/acquistare\\\/dimetilsulfossido-puro-dmso-gotero-dosatore\\\/#primaryimage\",\"url\":\"https:\\\/\\\/o7-organic.com\\\/wp-content\\\/uploads\\\/2023\\\/03\\\/dmso-250-ml_resultado.jpg\",\"contentUrl\":\"https:\\\/\\\/o7-organic.com\\\/wp-content\\\/uploads\\\/2023\\\/03\\\/dmso-250-ml_resultado.jpg\",\"width\":1000,\"height\":1000},{\"@type\":\"BreadcrumbList\",\"@id\":\"https:\\\/\\\/o7-organic.com\\\/it\\\/acquistare\\\/dimetilsulfossido-puro-dmso-gotero-dosatore\\\/#breadcrumb\",\"itemListElement\":[{\"@type\":\"ListItem\",\"position\":1,\"name\":\"Portada\",\"item\":\"https:\\\/\\\/o7-organic.com\\\/\"},{\"@type\":\"ListItem\",\"position\":2,\"name\":\"Negozio\",\"item\":\"https:\\\/\\\/o7-organic.com\\\/it\\\/negozio\\\/\"},{\"@type\":\"ListItem\",\"position\":3,\"name\":\"Dimetilsolfossido 99,9% (DMSO) &#8211; Tappo in vetro ambrato con dosatore a contagocce.\"}]},{\"@type\":\"WebSite\",\"@id\":\"https:\\\/\\\/o7-organic.com\\\/#website\",\"url\":\"https:\\\/\\\/o7-organic.com\\\/\",\"name\":\"O7-Organic\",\"description\":\"Innovaci\u00f3n en salud a tu alcance\",\"publisher\":{\"@id\":\"https:\\\/\\\/o7-organic.com\\\/#organization\"},\"potentialAction\":[{\"@type\":\"SearchAction\",\"target\":{\"@type\":\"EntryPoint\",\"urlTemplate\":\"https:\\\/\\\/o7-organic.com\\\/?s={search_term_string}\"},\"query-input\":{\"@type\":\"PropertyValueSpecification\",\"valueRequired\":true,\"valueName\":\"search_term_string\"}}],\"inLanguage\":\"it-IT\"},{\"@type\":\"Organization\",\"@id\":\"https:\\\/\\\/o7-organic.com\\\/#organization\",\"name\":\"O7-Organic\",\"url\":\"https:\\\/\\\/o7-organic.com\\\/\",\"logo\":{\"@type\":\"ImageObject\",\"inLanguage\":\"it-IT\",\"@id\":\"https:\\\/\\\/o7-organic.com\\\/#\\\/schema\\\/logo\\\/image\\\/\",\"url\":\"https:\\\/\\\/o7-organic.com\\\/wp-content\\\/uploads\\\/2023\\\/03\\\/logo_o7_organic.png\",\"contentUrl\":\"https:\\\/\\\/o7-organic.com\\\/wp-content\\\/uploads\\\/2023\\\/03\\\/logo_o7_organic.png\",\"width\":512,\"height\":512,\"caption\":\"O7-Organic\"},\"image\":{\"@id\":\"https:\\\/\\\/o7-organic.com\\\/#\\\/schema\\\/logo\\\/image\\\/\"},\"sameAs\":[\"https:\\\/\\\/www.instagram.com\\\/o7organic\\\/\"]}]}<\/script>\n<!-- \/ Yoast SEO plugin. -->","yoast_head_json":{"title":"Dimetilsulf\u00f3xido 99,9% (DMSO) 250 ml | O7-Organic","description":"Il DMSO \u00e8 un liquido organico con una purezza del 99,9%. Dimetilsolfossido di alta qualit\u00e0. Ideale per una maggiore purificazione delle superfici.","robots":{"index":"index","follow":"follow","max-snippet":"max-snippet:-1","max-image-preview":"max-image-preview:large","max-video-preview":"max-video-preview:-1"},"canonical":"https:\/\/o7-organic.com\/it\/acquistare\/dimetilsulfossido-puro-dmso-gotero-dosatore\/","og_locale":"it_IT","og_type":"article","og_title":"Dimetilsulf\u00f3xido 99,9% (DMSO) 250 ml | O7-Organic","og_description":"Il DMSO \u00e8 un liquido organico con una purezza del 99,9%. Dimetilsolfossido di alta qualit\u00e0. Ideale per una maggiore purificazione delle superfici.","og_url":"https:\/\/o7-organic.com\/it\/acquistare\/dimetilsulfossido-puro-dmso-gotero-dosatore\/","og_site_name":"O7-Organic","og_image":[{"width":1000,"height":1000,"url":"https:\/\/o7-organic.com\/wp-content\/uploads\/2023\/03\/dmso-250-ml_resultado.jpg","type":"image\/jpeg"}],"twitter_card":"summary_large_image","twitter_misc":{"Tempo di lettura stimato":"1 minuto"},"schema":{"@context":"https:\/\/schema.org","@graph":[{"@type":"WebPage","@id":"https:\/\/o7-organic.com\/it\/acquistare\/dimetilsulfossido-puro-dmso-gotero-dosatore\/","url":"https:\/\/o7-organic.com\/it\/acquistare\/dimetilsulfossido-puro-dmso-gotero-dosatore\/","name":"Dimetilsulf\u00f3xido 99,9% (DMSO) 250 ml | O7-Organic","isPartOf":{"@id":"https:\/\/o7-organic.com\/#website"},"primaryImageOfPage":{"@id":"https:\/\/o7-organic.com\/it\/acquistare\/dimetilsulfossido-puro-dmso-gotero-dosatore\/#primaryimage"},"image":{"@id":"https:\/\/o7-organic.com\/it\/acquistare\/dimetilsulfossido-puro-dmso-gotero-dosatore\/#primaryimage"},"thumbnailUrl":"https:\/\/o7-organic.com\/wp-content\/uploads\/2023\/03\/dmso-250-ml_resultado.jpg","datePublished":"2023-03-08T11:17:21+00:00","description":"Il DMSO \u00e8 un liquido organico con una purezza del 99,9%. Dimetilsolfossido di alta qualit\u00e0. Ideale per una maggiore purificazione delle superfici.","breadcrumb":{"@id":"https:\/\/o7-organic.com\/it\/acquistare\/dimetilsulfossido-puro-dmso-gotero-dosatore\/#breadcrumb"},"inLanguage":"it-IT","potentialAction":[{"@type":"ReadAction","target":["https:\/\/o7-organic.com\/it\/acquistare\/dimetilsulfossido-puro-dmso-gotero-dosatore\/"]}]},{"@type":"ImageObject","inLanguage":"it-IT","@id":"https:\/\/o7-organic.com\/it\/acquistare\/dimetilsulfossido-puro-dmso-gotero-dosatore\/#primaryimage","url":"https:\/\/o7-organic.com\/wp-content\/uploads\/2023\/03\/dmso-250-ml_resultado.jpg","contentUrl":"https:\/\/o7-organic.com\/wp-content\/uploads\/2023\/03\/dmso-250-ml_resultado.jpg","width":1000,"height":1000},{"@type":"BreadcrumbList","@id":"https:\/\/o7-organic.com\/it\/acquistare\/dimetilsulfossido-puro-dmso-gotero-dosatore\/#breadcrumb","itemListElement":[{"@type":"ListItem","position":1,"name":"Portada","item":"https:\/\/o7-organic.com\/"},{"@type":"ListItem","position":2,"name":"Negozio","item":"https:\/\/o7-organic.com\/it\/negozio\/"},{"@type":"ListItem","position":3,"name":"Dimetilsolfossido 99,9% (DMSO) &#8211; Tappo in vetro ambrato con dosatore a contagocce."}]},{"@type":"WebSite","@id":"https:\/\/o7-organic.com\/#website","url":"https:\/\/o7-organic.com\/","name":"O7-Organic","description":"Innovaci\u00f3n en salud a tu alcance","publisher":{"@id":"https:\/\/o7-organic.com\/#organization"},"potentialAction":[{"@type":"SearchAction","target":{"@type":"EntryPoint","urlTemplate":"https:\/\/o7-organic.com\/?s={search_term_string}"},"query-input":{"@type":"PropertyValueSpecification","valueRequired":true,"valueName":"search_term_string"}}],"inLanguage":"it-IT"},{"@type":"Organization","@id":"https:\/\/o7-organic.com\/#organization","name":"O7-Organic","url":"https:\/\/o7-organic.com\/","logo":{"@type":"ImageObject","inLanguage":"it-IT","@id":"https:\/\/o7-organic.com\/#\/schema\/logo\/image\/","url":"https:\/\/o7-organic.com\/wp-content\/uploads\/2023\/03\/logo_o7_organic.png","contentUrl":"https:\/\/o7-organic.com\/wp-content\/uploads\/2023\/03\/logo_o7_organic.png","width":512,"height":512,"caption":"O7-Organic"},"image":{"@id":"https:\/\/o7-organic.com\/#\/schema\/logo\/image\/"},"sameAs":["https:\/\/www.instagram.com\/o7organic\/"]}]}},"_links":{"self":[{"href":"https:\/\/o7-organic.com\/it\/wp-json\/wp\/v2\/product\/10921","targetHints":{"allow":["GET"]}}],"collection":[{"href":"https:\/\/o7-organic.com\/it\/wp-json\/wp\/v2\/product"}],"about":[{"href":"https:\/\/o7-organic.com\/it\/wp-json\/wp\/v2\/types\/product"}],"replies":[{"embeddable":true,"href":"https:\/\/o7-organic.com\/it\/wp-json\/wp\/v2\/comments?post=10921"}],"version-history":[{"count":0,"href":"https:\/\/o7-organic.com\/it\/wp-json\/wp\/v2\/product\/10921\/revisions"}],"wp:featuredmedia":[{"embeddable":true,"href":"https:\/\/o7-organic.com\/it\/wp-json\/wp\/v2\/media\/10741"}],"wp:attachment":[{"href":"https:\/\/o7-organic.com\/it\/wp-json\/wp\/v2\/media?parent=10921"}],"wp:term":[{"taxonomy":"product_brand","embeddable":true,"href":"https:\/\/o7-organic.com\/it\/wp-json\/wp\/v2\/product_brand?post=10921"},{"taxonomy":"product_cat","embeddable":true,"href":"https:\/\/o7-organic.com\/it\/wp-json\/wp\/v2\/product_cat?post=10921"},{"taxonomy":"product_tag","embeddable":true,"href":"https:\/\/o7-organic.com\/it\/wp-json\/wp\/v2\/product_tag?post=10921"}],"curies":[{"name":"wp","href":"https:\/\/api.w.org\/{rel}","templated":true}]}}