{"id":10912,"date":"2023-03-08T13:34:17","date_gmt":"2023-03-08T13:34:17","guid":{"rendered":"https:\/\/o7-organic.com\/comprar\/clorito-di-sodio-in-polvere-80-include-un-misurino-per-un-dosaggio-preciso\/"},"modified":"2023-03-08T13:34:17","modified_gmt":"2023-03-08T13:34:17","slug":"sodio-clorito-polvere-pure-cacite-polvere-di-dosaggio","status":"publish","type":"product","link":"https:\/\/o7-organic.com\/it\/acquistare\/sodio-clorito-polvere-pure-cacite-polvere-di-dosaggio\/","title":{"rendered":"Clorito di sodio in polvere 80%. Include un misurino per un dosaggio preciso."},"content":{"rendered":"<h2>Che cos&#8217;\u00e8 il clorito di sodio?<\/h2>\n<p>Il clorito di sodio in polvere all&#8217;80% \u00e8 una polvere cristallina bianca che si scioglie in acqua e rappresenta una soluzione efficace per un&#8217;ampia gamma di applicazioni.<\/p>\n<h2>A cosa serve il clorito di sodio in polvere?<\/h2>\n<div class=\"group w-full text-gray-800 dark:text-gray-100 border-b border-black\/10 dark:border-gray-900\/50 bg-gray-50 dark:bg-[#444654]\">\n<div class=\"text-base gap-4 md:gap-6 md:max-w-2xl lg:max-w-2xl xl:max-w-3xl p-4 md:py-6 flex lg:px-0 m-auto\">\n<div class=\"relative flex w-[calc(100%-50px)] flex-col gap-1 md:gap-3 lg:w-[calc(100%-115px)]\">\n<div class=\"flex flex-grow flex-col gap-3\">\n<div class=\"min-h-[20px] flex flex-col items-start gap-4 whitespace-pre-wrap\">\n<div class=\"markdown prose w-full break-words dark:prose-invert light\">\n<p>El clorito s\u00f3dico en polvo al 80% se utiliza como agente blanqueador en la producci\u00f3n de pasta y papel, as\u00ed como en la fabricaci\u00f3n de textiles y productos qu\u00edmicos. \u00c8 considerato un potente agente disinfettante.<\/p>\n<p>Inoltre, il clorito di sodio in polvere all&#8217;80% viene utilizzato per la purificazione dell&#8217;acqua. \u00c8 un forte ossidante in grado di distruggere un&#8217;ampia variet\u00e0 di microrganismi, tra cui batteri, virus e funghi.<\/p>\n<p>Per questo motivo, viene utilizzato nella disinfezione dell&#8217;acqua potabile e nella rimozione dei microrganismi dalle acque reflue.<\/p>\n<h2>Benefici e usi del clorito di sodio in polvere<\/h2>\n<p>Tra tutti i benefici e gli usi del clorito di sodio, segnaliamo i seguenti:<\/p>\n<ol>\n<li>Agente di purificazione dell&#8217;acqua per l&#8217;acqua destinata al consumo umano<\/li>\n<li>Disinfezione di frutta e verdura<\/li>\n<li>Sterilizzazione di aree e strumenti medici<\/li>\n<li>Pulizia dei prodotti per l&#8217;igiene orale<\/li>\n<\/ol>\n<h2>Come generare CDS puro a 3000 ppm con un generatore elettrolitico + clorito di sodio in polvere all&#8217;80%.<\/h2>\n<p>Per generare biossido di cloro con la nostra polvere di clorito di sodio, potreste essere interessati ad <a href=\"https:\/\/lghealth-isystems.eu\/\" target=\"_blank\" rel=\"noopener\">acquistare il generatore elettrolitico CDS Ultrapure, brevettato in tutto il mondo,<\/a> che vi aiuter\u00e0 a produrre biossido di cloro a 3000 ppm a casa vostra. Include un misurino da 15 ml.<\/p>\n<p>Per generare <a href=\"https:\/\/o7-organic.com\/comprar\/dioxido-de-cloro-cds-3000-ppm\/\" target=\"_blank\" rel=\"noopener\">biossido di cloro (CDS) a 3000 ppm<\/a>, si utilizza una polvere di clorito all&#8217;80%.<\/p>\n<h2>Formati di clorito di sodio disponibili<\/h2>\n<p>Questo prodotto \u00e8 disponibile in due formati: 300 g e 1 kg.<\/p>\n<h3>Controindicazioni<\/h3>\n<p>Il clorito di sodio in polvere deve essere usato con cautela. Per ulteriori informazioni, leggere l&#8217;etichetta del prodotto e <a href=\"https:\/\/o7-organic.com\/wp-content\/uploads\/2023\/03\/ES-FDS-CLORITO-SODICO-Ed.3.pdf\" target=\"_blank\" rel=\"noopener\">consultare la scheda di sicurezza.<\/a><\/p>\n<\/div>\n<\/div>\n<\/div>\n<\/div>\n<\/div>\n<\/div>\n","protected":false},"excerpt":{"rendered":"<div class=\"group w-full text-gray-800 dark:text-gray-100 border-b border-black\/10 dark:border-gray-900\/50 bg-gray-50 dark:bg-[#444654]\">\n<div class=\"text-base gap-4 md:gap-6 md:max-w-2xl lg:max-w-2xl xl:max-w-3xl p-4 md:py-6 flex lg:px-0 m-auto\">\n<div class=\"relative flex w-[calc(100%-50px)] flex-col gap-1 md:gap-3 lg:w-[calc(100%-115px)]\">\n<div class=\"flex flex-grow flex-col gap-3\">\n<div class=\"min-h-[20px] flex flex-col items-start gap-4 whitespace-pre-wrap\">\n<div class=\"markdown prose w-full break-words dark:prose-invert light\">\n<p>Il clorito di sodio in polvere 80% \u00e8 un composto chimico utilizzato in diverse applicazioni industriali e commerciali. \u00c8 un prodotto altamente concentrato e di alta qualit\u00e0 utilizzato per il trattamento e la disinfezione dell&#8217;acqua.<\/p>\n<p>Viene utilizzato nella produzione di prodotti detergenti e disinfettanti, nonch\u00e9 nella purificazione dell&#8217;acqua destinata al consumo umano e animale.<\/p>\n<p>Il clorito di sodio in polvere all&#8217;80% \u00e8 una soluzione efficace per un&#8217;ampia gamma di applicazioni.<\/p>\n<p>&nbsp;<\/p>\n<\/div>\n<\/div>\n<\/div>\n<\/div>\n<\/div>\n<\/div>\n","protected":false},"featured_media":10751,"comment_status":"open","ping_status":"closed","template":"","meta":[],"product_brand":[],"product_cat":[131],"product_tag":[],"class_list":{"0":"post-10912","1":"product","2":"type-product","3":"status-publish","4":"has-post-thumbnail","6":"product_cat-clorito-di-sodio-in-polvere","8":"first","9":"instock","10":"sale","11":"taxable","12":"shipping-taxable","13":"purchasable","14":"product-type-variable"},"yoast_head":"<!-- This site is optimized with the Yoast SEO plugin v27.4 - https:\/\/yoast.com\/product\/yoast-seo-wordpress\/ -->\n<title>Clorito di sodio in polvere 80%. Misurino di dosaggio % |% O7-Organic% O7-Organic%<\/title>\n<meta name=\"description\" content=\"Acquistate il clorito di sodio in polvere all&#039;80% (NaClO2) per la disinfezione dell&#039;acqua destinata al consumo umano e animale. Include un misurino da 15 ml.\" \/>\n<meta name=\"robots\" content=\"index, follow, max-snippet:-1, max-image-preview:large, max-video-preview:-1\" \/>\n<link rel=\"canonical\" href=\"https:\/\/o7-organic.com\/it\/acquistare\/clorito-di-sodio-in-polvere-80-include-un-misurino-per-un-dosaggio-preciso\/\" \/>\n<meta property=\"og:locale\" content=\"it_IT\" \/>\n<meta property=\"og:type\" content=\"article\" \/>\n<meta property=\"og:title\" content=\"Clorito di sodio in polvere 80%. Misurino di dosaggio % |% O7-Organic% O7-Organic%\" \/>\n<meta property=\"og:description\" content=\"Acquistate il clorito di sodio in polvere all&#039;80% (NaClO2) per la disinfezione dell&#039;acqua destinata al consumo umano e animale. Include un misurino da 15 ml.\" \/>\n<meta property=\"og:url\" content=\"https:\/\/o7-organic.com\/it\/acquistare\/clorito-di-sodio-in-polvere-80-include-un-misurino-per-un-dosaggio-preciso\/\" \/>\n<meta property=\"og:site_name\" content=\"O7-Organic\" \/>\n<meta property=\"og:image\" content=\"https:\/\/o7-organic.com\/wp-content\/uploads\/2023\/03\/Clorito-polvo-300gr_resultado.jpg\" \/>\n\t<meta property=\"og:image:width\" content=\"1000\" \/>\n\t<meta property=\"og:image:height\" content=\"1000\" \/>\n\t<meta property=\"og:image:type\" content=\"image\/jpeg\" \/>\n<meta name=\"twitter:card\" content=\"summary_large_image\" \/>\n<meta name=\"twitter:label1\" content=\"Tempo di lettura stimato\" \/>\n\t<meta name=\"twitter:data1\" content=\"1 minuto\" \/>\n<script type=\"application\/ld+json\" class=\"yoast-schema-graph\">{\"@context\":\"https:\\\/\\\/schema.org\",\"@graph\":[{\"@type\":\"WebPage\",\"@id\":\"https:\\\/\\\/o7-organic.com\\\/it\\\/acquistare\\\/clorito-di-sodio-in-polvere-80-include-un-misurino-per-un-dosaggio-preciso\\\/\",\"url\":\"https:\\\/\\\/o7-organic.com\\\/it\\\/acquistare\\\/clorito-di-sodio-in-polvere-80-include-un-misurino-per-un-dosaggio-preciso\\\/\",\"name\":\"Clorito di sodio in polvere 80%. Misurino di dosaggio % |% O7-Organic% O7-Organic%\",\"isPartOf\":{\"@id\":\"https:\\\/\\\/o7-organic.com\\\/#website\"},\"primaryImageOfPage\":{\"@id\":\"https:\\\/\\\/o7-organic.com\\\/it\\\/acquistare\\\/clorito-di-sodio-in-polvere-80-include-un-misurino-per-un-dosaggio-preciso\\\/#primaryimage\"},\"image\":{\"@id\":\"https:\\\/\\\/o7-organic.com\\\/it\\\/acquistare\\\/clorito-di-sodio-in-polvere-80-include-un-misurino-per-un-dosaggio-preciso\\\/#primaryimage\"},\"thumbnailUrl\":\"https:\\\/\\\/o7-organic.com\\\/wp-content\\\/uploads\\\/2023\\\/03\\\/Clorito-polvo-300gr_resultado.jpg\",\"datePublished\":\"2023-03-08T13:34:17+00:00\",\"description\":\"Acquistate il clorito di sodio in polvere all'80% (NaClO2) per la disinfezione dell'acqua destinata al consumo umano e animale. Include un misurino da 15 ml.\",\"breadcrumb\":{\"@id\":\"https:\\\/\\\/o7-organic.com\\\/it\\\/acquistare\\\/clorito-di-sodio-in-polvere-80-include-un-misurino-per-un-dosaggio-preciso\\\/#breadcrumb\"},\"inLanguage\":\"it-IT\",\"potentialAction\":[{\"@type\":\"ReadAction\",\"target\":[\"https:\\\/\\\/o7-organic.com\\\/it\\\/acquistare\\\/clorito-di-sodio-in-polvere-80-include-un-misurino-per-un-dosaggio-preciso\\\/\"]}]},{\"@type\":\"ImageObject\",\"inLanguage\":\"it-IT\",\"@id\":\"https:\\\/\\\/o7-organic.com\\\/it\\\/acquistare\\\/clorito-di-sodio-in-polvere-80-include-un-misurino-per-un-dosaggio-preciso\\\/#primaryimage\",\"url\":\"https:\\\/\\\/o7-organic.com\\\/wp-content\\\/uploads\\\/2023\\\/03\\\/Clorito-polvo-300gr_resultado.jpg\",\"contentUrl\":\"https:\\\/\\\/o7-organic.com\\\/wp-content\\\/uploads\\\/2023\\\/03\\\/Clorito-polvo-300gr_resultado.jpg\",\"width\":1000,\"height\":1000},{\"@type\":\"BreadcrumbList\",\"@id\":\"https:\\\/\\\/o7-organic.com\\\/it\\\/acquistare\\\/clorito-di-sodio-in-polvere-80-include-un-misurino-per-un-dosaggio-preciso\\\/#breadcrumb\",\"itemListElement\":[{\"@type\":\"ListItem\",\"position\":1,\"name\":\"Portada\",\"item\":\"https:\\\/\\\/o7-organic.com\\\/\"},{\"@type\":\"ListItem\",\"position\":2,\"name\":\"Negozio\",\"item\":\"https:\\\/\\\/o7-organic.com\\\/it\\\/negozio\\\/\"},{\"@type\":\"ListItem\",\"position\":3,\"name\":\"Clorito di sodio in polvere 80%. Include un misurino per un dosaggio preciso.\"}]},{\"@type\":\"WebSite\",\"@id\":\"https:\\\/\\\/o7-organic.com\\\/#website\",\"url\":\"https:\\\/\\\/o7-organic.com\\\/\",\"name\":\"O7-Organic\",\"description\":\"Innovaci\u00f3n en salud a tu alcance\",\"publisher\":{\"@id\":\"https:\\\/\\\/o7-organic.com\\\/#organization\"},\"potentialAction\":[{\"@type\":\"SearchAction\",\"target\":{\"@type\":\"EntryPoint\",\"urlTemplate\":\"https:\\\/\\\/o7-organic.com\\\/?s={search_term_string}\"},\"query-input\":{\"@type\":\"PropertyValueSpecification\",\"valueRequired\":true,\"valueName\":\"search_term_string\"}}],\"inLanguage\":\"it-IT\"},{\"@type\":\"Organization\",\"@id\":\"https:\\\/\\\/o7-organic.com\\\/#organization\",\"name\":\"O7-Organic\",\"url\":\"https:\\\/\\\/o7-organic.com\\\/\",\"logo\":{\"@type\":\"ImageObject\",\"inLanguage\":\"it-IT\",\"@id\":\"https:\\\/\\\/o7-organic.com\\\/#\\\/schema\\\/logo\\\/image\\\/\",\"url\":\"https:\\\/\\\/o7-organic.com\\\/wp-content\\\/uploads\\\/2023\\\/03\\\/logo_o7_organic.png\",\"contentUrl\":\"https:\\\/\\\/o7-organic.com\\\/wp-content\\\/uploads\\\/2023\\\/03\\\/logo_o7_organic.png\",\"width\":512,\"height\":512,\"caption\":\"O7-Organic\"},\"image\":{\"@id\":\"https:\\\/\\\/o7-organic.com\\\/#\\\/schema\\\/logo\\\/image\\\/\"},\"sameAs\":[\"https:\\\/\\\/www.instagram.com\\\/o7organic\\\/\"]}]}<\/script>\n<!-- \/ Yoast SEO plugin. -->","yoast_head_json":{"title":"Clorito di sodio in polvere 80%. Misurino di dosaggio % |% O7-Organic% O7-Organic%","description":"Acquistate il clorito di sodio in polvere all'80% (NaClO2) per la disinfezione dell'acqua destinata al consumo umano e animale. Include un misurino da 15 ml.","robots":{"index":"index","follow":"follow","max-snippet":"max-snippet:-1","max-image-preview":"max-image-preview:large","max-video-preview":"max-video-preview:-1"},"canonical":"https:\/\/o7-organic.com\/it\/acquistare\/clorito-di-sodio-in-polvere-80-include-un-misurino-per-un-dosaggio-preciso\/","og_locale":"it_IT","og_type":"article","og_title":"Clorito di sodio in polvere 80%. Misurino di dosaggio % |% O7-Organic% O7-Organic%","og_description":"Acquistate il clorito di sodio in polvere all'80% (NaClO2) per la disinfezione dell'acqua destinata al consumo umano e animale. Include un misurino da 15 ml.","og_url":"https:\/\/o7-organic.com\/it\/acquistare\/clorito-di-sodio-in-polvere-80-include-un-misurino-per-un-dosaggio-preciso\/","og_site_name":"O7-Organic","og_image":[{"width":1000,"height":1000,"url":"https:\/\/o7-organic.com\/wp-content\/uploads\/2023\/03\/Clorito-polvo-300gr_resultado.jpg","type":"image\/jpeg"}],"twitter_card":"summary_large_image","twitter_misc":{"Tempo di lettura stimato":"1 minuto"},"schema":{"@context":"https:\/\/schema.org","@graph":[{"@type":"WebPage","@id":"https:\/\/o7-organic.com\/it\/acquistare\/clorito-di-sodio-in-polvere-80-include-un-misurino-per-un-dosaggio-preciso\/","url":"https:\/\/o7-organic.com\/it\/acquistare\/clorito-di-sodio-in-polvere-80-include-un-misurino-per-un-dosaggio-preciso\/","name":"Clorito di sodio in polvere 80%. Misurino di dosaggio % |% O7-Organic% O7-Organic%","isPartOf":{"@id":"https:\/\/o7-organic.com\/#website"},"primaryImageOfPage":{"@id":"https:\/\/o7-organic.com\/it\/acquistare\/clorito-di-sodio-in-polvere-80-include-un-misurino-per-un-dosaggio-preciso\/#primaryimage"},"image":{"@id":"https:\/\/o7-organic.com\/it\/acquistare\/clorito-di-sodio-in-polvere-80-include-un-misurino-per-un-dosaggio-preciso\/#primaryimage"},"thumbnailUrl":"https:\/\/o7-organic.com\/wp-content\/uploads\/2023\/03\/Clorito-polvo-300gr_resultado.jpg","datePublished":"2023-03-08T13:34:17+00:00","description":"Acquistate il clorito di sodio in polvere all'80% (NaClO2) per la disinfezione dell'acqua destinata al consumo umano e animale. Include un misurino da 15 ml.","breadcrumb":{"@id":"https:\/\/o7-organic.com\/it\/acquistare\/clorito-di-sodio-in-polvere-80-include-un-misurino-per-un-dosaggio-preciso\/#breadcrumb"},"inLanguage":"it-IT","potentialAction":[{"@type":"ReadAction","target":["https:\/\/o7-organic.com\/it\/acquistare\/clorito-di-sodio-in-polvere-80-include-un-misurino-per-un-dosaggio-preciso\/"]}]},{"@type":"ImageObject","inLanguage":"it-IT","@id":"https:\/\/o7-organic.com\/it\/acquistare\/clorito-di-sodio-in-polvere-80-include-un-misurino-per-un-dosaggio-preciso\/#primaryimage","url":"https:\/\/o7-organic.com\/wp-content\/uploads\/2023\/03\/Clorito-polvo-300gr_resultado.jpg","contentUrl":"https:\/\/o7-organic.com\/wp-content\/uploads\/2023\/03\/Clorito-polvo-300gr_resultado.jpg","width":1000,"height":1000},{"@type":"BreadcrumbList","@id":"https:\/\/o7-organic.com\/it\/acquistare\/clorito-di-sodio-in-polvere-80-include-un-misurino-per-un-dosaggio-preciso\/#breadcrumb","itemListElement":[{"@type":"ListItem","position":1,"name":"Portada","item":"https:\/\/o7-organic.com\/"},{"@type":"ListItem","position":2,"name":"Negozio","item":"https:\/\/o7-organic.com\/it\/negozio\/"},{"@type":"ListItem","position":3,"name":"Clorito di sodio in polvere 80%. Include un misurino per un dosaggio preciso."}]},{"@type":"WebSite","@id":"https:\/\/o7-organic.com\/#website","url":"https:\/\/o7-organic.com\/","name":"O7-Organic","description":"Innovaci\u00f3n en salud a tu alcance","publisher":{"@id":"https:\/\/o7-organic.com\/#organization"},"potentialAction":[{"@type":"SearchAction","target":{"@type":"EntryPoint","urlTemplate":"https:\/\/o7-organic.com\/?s={search_term_string}"},"query-input":{"@type":"PropertyValueSpecification","valueRequired":true,"valueName":"search_term_string"}}],"inLanguage":"it-IT"},{"@type":"Organization","@id":"https:\/\/o7-organic.com\/#organization","name":"O7-Organic","url":"https:\/\/o7-organic.com\/","logo":{"@type":"ImageObject","inLanguage":"it-IT","@id":"https:\/\/o7-organic.com\/#\/schema\/logo\/image\/","url":"https:\/\/o7-organic.com\/wp-content\/uploads\/2023\/03\/logo_o7_organic.png","contentUrl":"https:\/\/o7-organic.com\/wp-content\/uploads\/2023\/03\/logo_o7_organic.png","width":512,"height":512,"caption":"O7-Organic"},"image":{"@id":"https:\/\/o7-organic.com\/#\/schema\/logo\/image\/"},"sameAs":["https:\/\/www.instagram.com\/o7organic\/"]}]}},"_links":{"self":[{"href":"https:\/\/o7-organic.com\/it\/wp-json\/wp\/v2\/product\/10912","targetHints":{"allow":["GET"]}}],"collection":[{"href":"https:\/\/o7-organic.com\/it\/wp-json\/wp\/v2\/product"}],"about":[{"href":"https:\/\/o7-organic.com\/it\/wp-json\/wp\/v2\/types\/product"}],"replies":[{"embeddable":true,"href":"https:\/\/o7-organic.com\/it\/wp-json\/wp\/v2\/comments?post=10912"}],"version-history":[{"count":0,"href":"https:\/\/o7-organic.com\/it\/wp-json\/wp\/v2\/product\/10912\/revisions"}],"wp:featuredmedia":[{"embeddable":true,"href":"https:\/\/o7-organic.com\/it\/wp-json\/wp\/v2\/media\/10751"}],"wp:attachment":[{"href":"https:\/\/o7-organic.com\/it\/wp-json\/wp\/v2\/media?parent=10912"}],"wp:term":[{"taxonomy":"product_brand","embeddable":true,"href":"https:\/\/o7-organic.com\/it\/wp-json\/wp\/v2\/product_brand?post=10912"},{"taxonomy":"product_cat","embeddable":true,"href":"https:\/\/o7-organic.com\/it\/wp-json\/wp\/v2\/product_cat?post=10912"},{"taxonomy":"product_tag","embeddable":true,"href":"https:\/\/o7-organic.com\/it\/wp-json\/wp\/v2\/product_tag?post=10912"}],"curies":[{"name":"wp","href":"https:\/\/api.w.org\/{rel}","templated":true}]}}