{"id":10911,"date":"2023-03-30T07:47:00","date_gmt":"2023-03-30T07:47:00","guid":{"rendered":"https:\/\/o7-organic.com\/comprar\/polvere-di-zeolite-200-g-zeolith-med-polveri-disintossicanti-vulkanmineralien\/"},"modified":"2023-03-30T07:47:00","modified_gmt":"2023-03-30T07:47:00","slug":"zeolita-med-200-g-en-polvo-detox","status":"publish","type":"product","link":"https:\/\/o7-organic.com\/it\/acquistare\/zeolita-med-200-g-en-polvo-detox\/","title":{"rendered":"polvere di zeolite 200 g. Zeolith MED\u00ae. Polveri disintossicanti. Vulkanmineralien."},"content":{"rendered":"<div class=\"group w-full text-gray-800 dark:text-gray-100 border-b border-black\/10 dark:border-gray-900\/50 bg-gray-50 dark:bg-[#444654]\">\n<div class=\"text-base gap-4 md:gap-6 md:max-w-2xl lg:max-w-xl xl:max-w-3xl p-4 md:py-6 flex lg:px-0 m-auto\">\n<div class=\"relative flex w-[calc(100%-50px)] flex-col gap-1 md:gap-3 lg:w-[calc(100%-115px)]\">\n<div class=\"flex flex-grow flex-col gap-3\">\n<div class=\"min-h-[20px] flex flex-col items-start gap-4 whitespace-pre-wrap\">\n<div class=\"markdown prose w-full break-words dark:prose-invert light\">\n<h2>Comprare Zeolite in polvere<\/h2>\n<p>Vulkanmineralien Zeolite Powder 200 g \u00e8 un prodotto naturale ed efficace che viene utilizzato per l&#8217;eliminazione delle tossine dall&#8217;organismo.<\/p>\n<h2>Che cos&#8217;\u00e8 la zeolite?<\/h2>\n<p>La zeolite \u00e8 un minerale microporoso con una struttura cristallina tridimensionale unica che le consente di agire come un setaccio molecolare, permettendo ad alcune molecole di passare attraverso i suoi pori mentre altre vengono trattenute. La Zeolite in polvere 200 g \u00e8 un prodotto di alta qualit\u00e0 che \u00e8 stato accuratamente trattato per preservare la sua struttura molecolare unica e garantire la massima efficacia.<\/p>\n<h2>Zeolite in polvere per la disintossicazione<\/h2>\n<p>Questo prodotto \u00e8 particolarmente utile per chi \u00e8 regolarmente esposto a inquinanti ambientali, come metalli pesanti, tossine chimiche e radicali liberi. \u00c8 utile anche per chi cerca di migliorare la propria salute generale, ridurre le infiammazioni e rafforzare il sistema immunitario.<\/p>\n<p>La zeolite pu\u00f2 essere utilizzata quotidianamente nell&#8217;ambito di un regime di benessere generale.<\/p>\n<h3>Zeolite registrata presso il Ministero della Salute &#8211; 100% legale<\/h3>\n<p>La zeolite \u00e8 un prodotto sicuro e affidabile, registrato presso il Ministero della Salute con il numero PS \/ 2018\/6022.<\/p>\n<h3>Polvere di zeolite per la rimozione dei metalli pesanti<\/h3>\n<p>Questo prodotto pu\u00f2 essere utilizzato con fiducia per rimuovere metalli pesanti come mercurio, piombo e cadmio, nonch\u00e9 alluminio, ammonio e istamina. Il prodotto \u00e8 facile da usare e pu\u00f2 essere mescolato con liquidi o alimenti, rendendolo comodo e accessibile a tutti.<\/p>\n<h3>Perch\u00e9 acquistare la polvere di zeolite?<\/h3>\n<p>In sintesi, Zeolite Powder 200g \u00e8 un prodotto naturale ed efficace che pu\u00f2 contribuire a migliorare la salute e il benessere generale. Grazie alla sua capacit\u00e0 di eliminare le tossine dall&#8217;organismo e di rafforzare il sistema immunitario, questo prodotto \u00e8 una scelta eccellente per chi desidera migliorare la qualit\u00e0 della vita in modo sicuro ed efficace. Grazie alla registrazione da parte del Ministero della Salute e all&#8217;alta qualit\u00e0, Zeolite Powder &#8211; 200g \u00e8 una scelta affidabile ed efficace per chi vuole prendersi cura del proprio corpo e del proprio benessere.<\/p>\n<h3>Acquistare Zeolite su Amazon<\/h3>\n<p>\u00c8 possibile acquistare <a href=\"https:\/\/amzn.to\/40JtxRl\" target=\"_blank\" rel=\"noopener\">la polvere di zeolite 200 g<\/a> di questo prodotto anche su Amazon.<\/p>\n<h3>Conservazione e stoccaggio della polvere di zeolite<\/h3>\n<p>Tenere fuori dalla portata dei bambini al di sotto dei 6 anni. Chiudere sempre la confezione dopo ogni utilizzo. Conservare il prodotto in un luogo asciutto a temperatura ambiente.<br \/>\nambiente La data di scadenza \u00e8 stampata sul fondo della confezione. Non utilizzare il prodotto dopo la data di scadenza.<\/p>\n<h3 class=\"text-gray-400 flex self-end lg:self-center justify-center mt-2 gap-2 md:gap-3 lg:gap-1 lg:absolute lg:top-0 lg:translate-x-full lg:right-0 lg:mt-0 lg:pl-2 visible\">Istruzioni per l&#8217;uso della polvere di zeolite<\/h3>\n<p>Scaricate il PDF con le <a href=\"https:\/\/o7-organic.com\/wp-content\/uploads\/2023\/03\/instrucciones_de_uso_zeolita-polvo.pdf\">istruzioni per l&#8217;uso della polvere di zeolite<\/a> secondo il produttore. O7-Organic non \u00e8 responsabile dell&#8217;uso raccomandato dal produttore. Consultare il medico prima di applicare questo prodotto medico.<\/p>\n<h2>Acquista Biossido di cloro (CDS) a 3000 ppm | DMSO | Kit per la purificazione dell&#8217;acqua | Polvere di clorito di sodio<\/h2>\n<p>Nel <a href=\"https:\/\/o7-organic.com\/tienda\/\">nostro negozio<\/a> potete trovare questi prodotti con il nostro marchio O7-Organic.<\/p>\n<\/div>\n<\/div>\n<\/div>\n<\/div>\n<\/div>\n<\/div>\n","protected":false},"excerpt":{"rendered":"<div class=\"group w-full text-gray-800 dark:text-gray-100 border-b border-black\/10 dark:border-gray-900\/50 bg-gray-50 dark:bg-[#444654]\">\n<div class=\"text-base gap-4 md:gap-6 md:max-w-2xl lg:max-w-xl xl:max-w-3xl p-4 md:py-6 flex lg:px-0 m-auto\">\n<div class=\"relative flex w-[calc(100%-50px)] flex-col gap-1 md:gap-3 lg:w-[calc(100%-115px)]\">\n<div class=\"flex flex-grow flex-col gap-3\">\n<div class=\"min-h-[20px] flex flex-col items-start gap-4 whitespace-pre-wrap\">\n<div class=\"markdown prose w-full break-words dark:prose-invert light\">\n<p>La zeolite MED \u00e8 un <strong>bioregolatore naturale<\/strong> che pu\u00f2 aiutare a proteggere la <strong>salute<\/strong> di tutta la famiglia. Questo prodotto pu\u00f2 essere utilizzato quotidianamente per <strong>prevenire e alleviare<\/strong> i sintomi legati <strong>all&#8217;accumulo di tossine<\/strong> nell&#8217;organismo. La zeolite MED agisce come una spugna naturale, assorbendo ed <strong>eliminando le tossine dal corpo<\/strong> senza influenzare il metabolismo.<\/p>\n<p>Este producto puede ayudar a <strong>eliminar metales pesados<\/strong> como mercurio, plomo y cadmio, as\u00ed como tambi\u00e9n aluminio, amonio y histamina. Inoltre, <strong>Zeolita MED \u00e8 registrata presso il Ministero della Salute<\/strong> con il numero PS \/ 2018\/6022.<\/p>\n<p>Approfittate dei benefici di questo potente bioregolatore naturale per migliorare la vostra salute e il vostro benessere!<\/p>\n<\/div>\n<\/div>\n<\/div>\n<\/div>\n<\/div>\n<\/div>\n","protected":false},"featured_media":10811,"comment_status":"open","ping_status":"closed","template":"","meta":[],"product_brand":[],"product_cat":[155],"product_tag":[],"class_list":{"0":"post-10911","1":"product","2":"type-product","3":"status-publish","4":"has-post-thumbnail","6":"product_cat-zeolite-it","8":"first","9":"instock","10":"taxable","11":"shipping-taxable","12":"purchasable","13":"product-type-simple"},"yoast_head":"<!-- This site is optimized with the Yoast SEO plugin v27.5 - https:\/\/yoast.com\/product\/yoast-seo-wordpress\/ -->\n<title>Polvere di zeolite. Zeolith MED Detox | Vulkanmineralien<\/title>\n<meta name=\"description\" content=\"Acquistare Zeolite in polvere da Vulkanmineraien. 100% pura polvere minerale naturale senza additivi. Zeolite Clinoptilolite pura al 100%.\" \/>\n<meta name=\"robots\" content=\"index, follow, max-snippet:-1, max-image-preview:large, max-video-preview:-1\" \/>\n<link rel=\"canonical\" href=\"https:\/\/o7-organic.com\/it\/acquistare\/polvere-di-zeolite-200-g-zeolith-med-polveri-disintossicanti-vulkanmineralien\/\" \/>\n<meta property=\"og:locale\" content=\"it_IT\" \/>\n<meta property=\"og:type\" content=\"article\" \/>\n<meta property=\"og:title\" content=\"Polvere di zeolite. Zeolith MED Detox | Vulkanmineralien\" \/>\n<meta property=\"og:description\" content=\"Acquistare Zeolite in polvere da Vulkanmineraien. 100% pura polvere minerale naturale senza additivi. Zeolite Clinoptilolite pura al 100%.\" \/>\n<meta property=\"og:url\" content=\"https:\/\/o7-organic.com\/it\/acquistare\/polvere-di-zeolite-200-g-zeolith-med-polveri-disintossicanti-vulkanmineralien\/\" \/>\n<meta property=\"og:site_name\" content=\"O7-Organic\" \/>\n<meta property=\"og:image\" content=\"https:\/\/o7-organic.com\/wp-content\/uploads\/2023\/03\/zeolita-med-vulkan-mineralien-200g-polvos-desintoxicantes.jpg\" \/>\n\t<meta property=\"og:image:width\" content=\"1000\" \/>\n\t<meta property=\"og:image:height\" content=\"1000\" \/>\n\t<meta property=\"og:image:type\" content=\"image\/jpeg\" \/>\n<meta name=\"twitter:card\" content=\"summary_large_image\" \/>\n<meta name=\"twitter:label1\" content=\"Tempo di lettura stimato\" \/>\n\t<meta name=\"twitter:data1\" content=\"2 minuti\" \/>\n<script type=\"application\/ld+json\" class=\"yoast-schema-graph\">{\"@context\":\"https:\\\/\\\/schema.org\",\"@graph\":[{\"@type\":\"WebPage\",\"@id\":\"https:\\\/\\\/o7-organic.com\\\/it\\\/acquistare\\\/polvere-di-zeolite-200-g-zeolith-med-polveri-disintossicanti-vulkanmineralien\\\/\",\"url\":\"https:\\\/\\\/o7-organic.com\\\/it\\\/acquistare\\\/polvere-di-zeolite-200-g-zeolith-med-polveri-disintossicanti-vulkanmineralien\\\/\",\"name\":\"Polvere di zeolite. Zeolith MED Detox | Vulkanmineralien\",\"isPartOf\":{\"@id\":\"https:\\\/\\\/o7-organic.com\\\/#website\"},\"primaryImageOfPage\":{\"@id\":\"https:\\\/\\\/o7-organic.com\\\/it\\\/acquistare\\\/polvere-di-zeolite-200-g-zeolith-med-polveri-disintossicanti-vulkanmineralien\\\/#primaryimage\"},\"image\":{\"@id\":\"https:\\\/\\\/o7-organic.com\\\/it\\\/acquistare\\\/polvere-di-zeolite-200-g-zeolith-med-polveri-disintossicanti-vulkanmineralien\\\/#primaryimage\"},\"thumbnailUrl\":\"https:\\\/\\\/o7-organic.com\\\/wp-content\\\/uploads\\\/2023\\\/03\\\/zeolita-med-vulkan-mineralien-200g-polvos-desintoxicantes.jpg\",\"datePublished\":\"2023-03-30T07:47:00+00:00\",\"description\":\"Acquistare Zeolite in polvere da Vulkanmineraien. 100% pura polvere minerale naturale senza additivi. Zeolite Clinoptilolite pura al 100%.\",\"breadcrumb\":{\"@id\":\"https:\\\/\\\/o7-organic.com\\\/it\\\/acquistare\\\/polvere-di-zeolite-200-g-zeolith-med-polveri-disintossicanti-vulkanmineralien\\\/#breadcrumb\"},\"inLanguage\":\"it-IT\",\"potentialAction\":[{\"@type\":\"ReadAction\",\"target\":[\"https:\\\/\\\/o7-organic.com\\\/it\\\/acquistare\\\/polvere-di-zeolite-200-g-zeolith-med-polveri-disintossicanti-vulkanmineralien\\\/\"]}]},{\"@type\":\"ImageObject\",\"inLanguage\":\"it-IT\",\"@id\":\"https:\\\/\\\/o7-organic.com\\\/it\\\/acquistare\\\/polvere-di-zeolite-200-g-zeolith-med-polveri-disintossicanti-vulkanmineralien\\\/#primaryimage\",\"url\":\"https:\\\/\\\/o7-organic.com\\\/wp-content\\\/uploads\\\/2023\\\/03\\\/zeolita-med-vulkan-mineralien-200g-polvos-desintoxicantes.jpg\",\"contentUrl\":\"https:\\\/\\\/o7-organic.com\\\/wp-content\\\/uploads\\\/2023\\\/03\\\/zeolita-med-vulkan-mineralien-200g-polvos-desintoxicantes.jpg\",\"width\":1000,\"height\":1000},{\"@type\":\"BreadcrumbList\",\"@id\":\"https:\\\/\\\/o7-organic.com\\\/it\\\/acquistare\\\/polvere-di-zeolite-200-g-zeolith-med-polveri-disintossicanti-vulkanmineralien\\\/#breadcrumb\",\"itemListElement\":[{\"@type\":\"ListItem\",\"position\":1,\"name\":\"Portada\",\"item\":\"https:\\\/\\\/o7-organic.com\\\/\"},{\"@type\":\"ListItem\",\"position\":2,\"name\":\"Negozio\",\"item\":\"https:\\\/\\\/o7-organic.com\\\/it\\\/negozio\\\/\"},{\"@type\":\"ListItem\",\"position\":3,\"name\":\"polvere di zeolite 200 g. Zeolith MED\u00ae. Polveri disintossicanti. Vulkanmineralien.\"}]},{\"@type\":\"WebSite\",\"@id\":\"https:\\\/\\\/o7-organic.com\\\/#website\",\"url\":\"https:\\\/\\\/o7-organic.com\\\/\",\"name\":\"O7-Organic\",\"description\":\"Innovaci\u00f3n en salud a tu alcance\",\"publisher\":{\"@id\":\"https:\\\/\\\/o7-organic.com\\\/#organization\"},\"potentialAction\":[{\"@type\":\"SearchAction\",\"target\":{\"@type\":\"EntryPoint\",\"urlTemplate\":\"https:\\\/\\\/o7-organic.com\\\/?s={search_term_string}\"},\"query-input\":{\"@type\":\"PropertyValueSpecification\",\"valueRequired\":true,\"valueName\":\"search_term_string\"}}],\"inLanguage\":\"it-IT\"},{\"@type\":\"Organization\",\"@id\":\"https:\\\/\\\/o7-organic.com\\\/#organization\",\"name\":\"O7-Organic\",\"url\":\"https:\\\/\\\/o7-organic.com\\\/\",\"logo\":{\"@type\":\"ImageObject\",\"inLanguage\":\"it-IT\",\"@id\":\"https:\\\/\\\/o7-organic.com\\\/#\\\/schema\\\/logo\\\/image\\\/\",\"url\":\"https:\\\/\\\/o7-organic.com\\\/wp-content\\\/uploads\\\/2023\\\/03\\\/logo_o7_organic.png\",\"contentUrl\":\"https:\\\/\\\/o7-organic.com\\\/wp-content\\\/uploads\\\/2023\\\/03\\\/logo_o7_organic.png\",\"width\":512,\"height\":512,\"caption\":\"O7-Organic\"},\"image\":{\"@id\":\"https:\\\/\\\/o7-organic.com\\\/#\\\/schema\\\/logo\\\/image\\\/\"},\"sameAs\":[\"https:\\\/\\\/www.instagram.com\\\/o7organic\\\/\"]}]}<\/script>\n<!-- \/ Yoast SEO plugin. -->","yoast_head_json":{"title":"Polvere di zeolite. Zeolith MED Detox | Vulkanmineralien","description":"Acquistare Zeolite in polvere da Vulkanmineraien. 100% pura polvere minerale naturale senza additivi. Zeolite Clinoptilolite pura al 100%.","robots":{"index":"index","follow":"follow","max-snippet":"max-snippet:-1","max-image-preview":"max-image-preview:large","max-video-preview":"max-video-preview:-1"},"canonical":"https:\/\/o7-organic.com\/it\/acquistare\/polvere-di-zeolite-200-g-zeolith-med-polveri-disintossicanti-vulkanmineralien\/","og_locale":"it_IT","og_type":"article","og_title":"Polvere di zeolite. Zeolith MED Detox | Vulkanmineralien","og_description":"Acquistare Zeolite in polvere da Vulkanmineraien. 100% pura polvere minerale naturale senza additivi. Zeolite Clinoptilolite pura al 100%.","og_url":"https:\/\/o7-organic.com\/it\/acquistare\/polvere-di-zeolite-200-g-zeolith-med-polveri-disintossicanti-vulkanmineralien\/","og_site_name":"O7-Organic","og_image":[{"width":1000,"height":1000,"url":"https:\/\/o7-organic.com\/wp-content\/uploads\/2023\/03\/zeolita-med-vulkan-mineralien-200g-polvos-desintoxicantes.jpg","type":"image\/jpeg"}],"twitter_card":"summary_large_image","twitter_misc":{"Tempo di lettura stimato":"2 minuti"},"schema":{"@context":"https:\/\/schema.org","@graph":[{"@type":"WebPage","@id":"https:\/\/o7-organic.com\/it\/acquistare\/polvere-di-zeolite-200-g-zeolith-med-polveri-disintossicanti-vulkanmineralien\/","url":"https:\/\/o7-organic.com\/it\/acquistare\/polvere-di-zeolite-200-g-zeolith-med-polveri-disintossicanti-vulkanmineralien\/","name":"Polvere di zeolite. Zeolith MED Detox | Vulkanmineralien","isPartOf":{"@id":"https:\/\/o7-organic.com\/#website"},"primaryImageOfPage":{"@id":"https:\/\/o7-organic.com\/it\/acquistare\/polvere-di-zeolite-200-g-zeolith-med-polveri-disintossicanti-vulkanmineralien\/#primaryimage"},"image":{"@id":"https:\/\/o7-organic.com\/it\/acquistare\/polvere-di-zeolite-200-g-zeolith-med-polveri-disintossicanti-vulkanmineralien\/#primaryimage"},"thumbnailUrl":"https:\/\/o7-organic.com\/wp-content\/uploads\/2023\/03\/zeolita-med-vulkan-mineralien-200g-polvos-desintoxicantes.jpg","datePublished":"2023-03-30T07:47:00+00:00","description":"Acquistare Zeolite in polvere da Vulkanmineraien. 100% pura polvere minerale naturale senza additivi. Zeolite Clinoptilolite pura al 100%.","breadcrumb":{"@id":"https:\/\/o7-organic.com\/it\/acquistare\/polvere-di-zeolite-200-g-zeolith-med-polveri-disintossicanti-vulkanmineralien\/#breadcrumb"},"inLanguage":"it-IT","potentialAction":[{"@type":"ReadAction","target":["https:\/\/o7-organic.com\/it\/acquistare\/polvere-di-zeolite-200-g-zeolith-med-polveri-disintossicanti-vulkanmineralien\/"]}]},{"@type":"ImageObject","inLanguage":"it-IT","@id":"https:\/\/o7-organic.com\/it\/acquistare\/polvere-di-zeolite-200-g-zeolith-med-polveri-disintossicanti-vulkanmineralien\/#primaryimage","url":"https:\/\/o7-organic.com\/wp-content\/uploads\/2023\/03\/zeolita-med-vulkan-mineralien-200g-polvos-desintoxicantes.jpg","contentUrl":"https:\/\/o7-organic.com\/wp-content\/uploads\/2023\/03\/zeolita-med-vulkan-mineralien-200g-polvos-desintoxicantes.jpg","width":1000,"height":1000},{"@type":"BreadcrumbList","@id":"https:\/\/o7-organic.com\/it\/acquistare\/polvere-di-zeolite-200-g-zeolith-med-polveri-disintossicanti-vulkanmineralien\/#breadcrumb","itemListElement":[{"@type":"ListItem","position":1,"name":"Portada","item":"https:\/\/o7-organic.com\/"},{"@type":"ListItem","position":2,"name":"Negozio","item":"https:\/\/o7-organic.com\/it\/negozio\/"},{"@type":"ListItem","position":3,"name":"polvere di zeolite 200 g. Zeolith MED\u00ae. Polveri disintossicanti. Vulkanmineralien."}]},{"@type":"WebSite","@id":"https:\/\/o7-organic.com\/#website","url":"https:\/\/o7-organic.com\/","name":"O7-Organic","description":"Innovaci\u00f3n en salud a tu alcance","publisher":{"@id":"https:\/\/o7-organic.com\/#organization"},"potentialAction":[{"@type":"SearchAction","target":{"@type":"EntryPoint","urlTemplate":"https:\/\/o7-organic.com\/?s={search_term_string}"},"query-input":{"@type":"PropertyValueSpecification","valueRequired":true,"valueName":"search_term_string"}}],"inLanguage":"it-IT"},{"@type":"Organization","@id":"https:\/\/o7-organic.com\/#organization","name":"O7-Organic","url":"https:\/\/o7-organic.com\/","logo":{"@type":"ImageObject","inLanguage":"it-IT","@id":"https:\/\/o7-organic.com\/#\/schema\/logo\/image\/","url":"https:\/\/o7-organic.com\/wp-content\/uploads\/2023\/03\/logo_o7_organic.png","contentUrl":"https:\/\/o7-organic.com\/wp-content\/uploads\/2023\/03\/logo_o7_organic.png","width":512,"height":512,"caption":"O7-Organic"},"image":{"@id":"https:\/\/o7-organic.com\/#\/schema\/logo\/image\/"},"sameAs":["https:\/\/www.instagram.com\/o7organic\/"]}]}},"_links":{"self":[{"href":"https:\/\/o7-organic.com\/it\/wp-json\/wp\/v2\/product\/10911","targetHints":{"allow":["GET"]}}],"collection":[{"href":"https:\/\/o7-organic.com\/it\/wp-json\/wp\/v2\/product"}],"about":[{"href":"https:\/\/o7-organic.com\/it\/wp-json\/wp\/v2\/types\/product"}],"replies":[{"embeddable":true,"href":"https:\/\/o7-organic.com\/it\/wp-json\/wp\/v2\/comments?post=10911"}],"version-history":[{"count":0,"href":"https:\/\/o7-organic.com\/it\/wp-json\/wp\/v2\/product\/10911\/revisions"}],"wp:featuredmedia":[{"embeddable":true,"href":"https:\/\/o7-organic.com\/it\/wp-json\/wp\/v2\/media\/10811"}],"wp:attachment":[{"href":"https:\/\/o7-organic.com\/it\/wp-json\/wp\/v2\/media?parent=10911"}],"wp:term":[{"taxonomy":"product_brand","embeddable":true,"href":"https:\/\/o7-organic.com\/it\/wp-json\/wp\/v2\/product_brand?post=10911"},{"taxonomy":"product_cat","embeddable":true,"href":"https:\/\/o7-organic.com\/it\/wp-json\/wp\/v2\/product_cat?post=10911"},{"taxonomy":"product_tag","embeddable":true,"href":"https:\/\/o7-organic.com\/it\/wp-json\/wp\/v2\/product_tag?post=10911"}],"curies":[{"name":"wp","href":"https:\/\/api.w.org\/{rel}","templated":true}]}}