{"id":10887,"date":"2023-03-03T10:01:26","date_gmt":"2023-03-03T10:01:26","guid":{"rendered":"https:\/\/o7-organic.com\/comprar\/dioxyde-de-chlore-pur-3000-ppm-cds-250-ml-en-bouteille-en-verre-ambre-avec-bouchon-doseur-et-seringue-inclus\/"},"modified":"2025-06-18T14:16:29","modified_gmt":"2025-06-18T14:16:29","slug":"dioxido-de-cloro-cds-3000-ppm","status":"publish","type":"product","link":"https:\/\/o7-organic.com\/fr\/acheter\/dioxido-de-cloro-cds-3000-ppm\/","title":{"rendered":"Dioxyde de chlore pur 3000 ppm &#8211; CDS 250 ml en bouteille en verre ambr\u00e9 avec bouchon doseur et seringue inclus."},"content":{"rendered":"<h2>Acheter du dioxyde de chlore (CDS) en bouteille de verre ambr\u00e9e de 250 ml<\/h2>\n<p>Solution de dioxyde de chlore hautement purifi\u00e9e g\u00e9n\u00e9r\u00e9e par \u00e9lectrolyse avec une concentration de 3000 ppm. R\u00e9cipient en verre ambr\u00e9 de 250 ml sp\u00e9cialement con\u00e7u pour la protection contre la lumi\u00e8re UV et les sources de chaleur. Comprend un bouchon de dosage et une seringue de 5 ml qui s&rsquo;adaptent parfaitement, \u00e9vitant ainsi les fuites de gaz du CDS.<\/p>\n<p>Acheter du dioxyde de chlore g\u00e9n\u00e9r\u00e9 par \u00e9lectrolyse de haute qualit\u00e9 et puret\u00e9 \u00e0 0,3% activ\u00e9 avec de l&rsquo;eau distill\u00e9e. Sa dur\u00e9e de conservation est d&rsquo;au moins 6 mois s&rsquo;il est conserv\u00e9 dans des conditions optimales. Le dioxyde de chlore (CDS) g\u00e9n\u00e9r\u00e9 par \u00e9lectrolyse \u00e0 3000 ppm de O7-Organic ne contient pas d&rsquo;excipients, de conservateurs, d&rsquo;ar\u00f4mes ou de produits chimiques stabilisants.<\/p>\n<p>Le dioxyde de chlore est inclus dans l&rsquo;article 95 du r\u00e8glement (UE) n\u00b0 528\/2012 sur les produits biocides. Utilisation exclusive pour le traitement et la d\u00e9sinfection de l&rsquo;eau destin\u00e9e \u00e0 la consommation humaine et animale<\/p>\n<h2>Qu&rsquo;est-ce que le CDS et \u00e0 quoi sert-il ?<\/h2>\n<h3>D\u00e9couvrez les utilisations et les applications du dioxyde de chlore<\/h3>\n<p>Le CDS est un biocide aux propri\u00e9t\u00e9s multiples couramment utilis\u00e9 pour la d\u00e9sinfection et la potabilisation de l&rsquo;eau. Gr\u00e2ce \u00e0 son action d\u00e9sinfectante puissante, il est largement utilis\u00e9 pour le nettoyage en profondeur d&rsquo;objets et de surfaces, ainsi que dans les h\u00f4pitaux (st\u00e9rilisation du mat\u00e9riel m\u00e9dical et nettoyage des salles d&rsquo;op\u00e9ration).<\/p>\n<p>Il a \u00e9t\u00e9 prouv\u00e9 que le dioxyde de chlore \u00e0 3000 ppm est tr\u00e8s efficace et s\u00fbr pour tuer les virus, les bact\u00e9ries, les microbes, les champignons et les germes pathog\u00e8nes tels que la <em>l\u00e9gionelle.<\/em><\/p>\n<h2>Conservation du dioxyde de chlore (CDS)<\/h2>\n<p>Conserver le r\u00e9cipient dans un endroit frais et sec, \u00e0 l&rsquo;abri de la lumi\u00e8re. Apr\u00e8s ouverture, conserver au r\u00e9frig\u00e9rateur en position verticale. Nous recommandons d&rsquo;utiliser du dioxyde de chlore \u00e0 3000 ppm \u00e0 une temp\u00e9rature inf\u00e9rieure \u00e0 11\u00baC et, une fois ouvert pour utilisation, de le refermer rapidement afin que le gaz ne s&rsquo;\u00e9vapore pas. Le CDS \u00e0 3000 ppm est conditionn\u00e9 dans une bouteille en verre ambr\u00e9 sp\u00e9cialement s\u00e9lectionn\u00e9e, qui permet au dioxyde de chlore de bien se conserver et de le prot\u00e9ger des rayons ultraviolets et des sources de chaleur.<\/p>\n<p>Le CDS a une date de p\u00e9remption de 6 mois \u00e0 partir de la date de fabrication indiqu\u00e9e sur l&rsquo;\u00e9tiquette du produit.<\/p>\n<h2>Mode d&#8217;emploi<\/h2>\n<h3>Comment utiliser le dioxyde de chlore et \u00e0 quel dosage ?<\/h3>\n<p>Diluer 1 ml de produit par litre d&rsquo;eau \u00e0 traiter dans l&rsquo;eau et laisser agir pendant au moins 30 minutes. Pour ce faire, il suffit d&rsquo;ins\u00e9rer la seringue dans l&#8217;embout du flacon et de pr\u00e9lever 1 ml de dioxyde de chlore. Vous pouvez utiliser \u00e0 la fois la seringue fournie (en pr\u00e9levant le nombre exact de ml) et le bouchon doseur (environ 20 gouttes \u00e9quivalent \u00e0 1 ml).<\/p>\n<p>La quantit\u00e9 de produit peut varier en fonction de la qualit\u00e9 de l&rsquo;eau \u00e0 traiter. A utiliser avec pr\u00e9caution.<\/p>\n<p>Ne consommez pas l&rsquo;eau trait\u00e9e tant que le niveau de chlore actif n&rsquo;est pas compris entre 0,5 et 1,5 ppm.<\/p>\n<h2>Contre-indications lors de l&rsquo;achat de dioxyde de chlore (CDS)<\/h2>\n<p>Lors de l&rsquo;achat de dioxyde de chlore (CDS) g\u00e9n\u00e9r\u00e9 par \u00e9lectrolyse, nous recommandons de lire la <a href=\"https:\/\/o7-organic.com\/wp-content\/uploads\/2023\/03\/ES-FDS-DIOXIDO-DE-CLORO-EN-DISOLUCION-Ed.1.pdf\">fiche de donn\u00e9es de s\u00e9curit\u00e9<\/a> du produit pour une utilisation correcte et ad\u00e9quate. A utiliser avec pr\u00e9caution, toujours lire les \u00e9tiquettes et les informations sur le produit.<\/p>\n<h2>Comment g\u00e9n\u00e9rer du CDS pur \u00e0 3000 ppm avec un g\u00e9n\u00e9rateur \u00e9lectrolytique ?<\/h2>\n<p>En compl\u00e9ment de ce produit, vous pourriez \u00eatre int\u00e9ress\u00e9 par <a href=\"https:\/\/lghealth-isystems.eu\/\" target=\"_blank\" rel=\"noopener\">l&rsquo;achat du g\u00e9n\u00e9rateur \u00e9lectrolytique Ultrapure CDS, brevet\u00e9 au niveau mondial,<\/a> qui vous permet de produire du dioxyde de chlore \u00e0 3000 ppm \u00e0 la maison.<\/p>\n<h2>Questions fr\u00e9quemment pos\u00e9es lors de l&rsquo;achat de dioxyde de chlore (FAQ)<\/h2>\n<h3>Est-il n\u00e9cessaire d&rsquo;activer le dioxyde de chlore organique O7 (\u00ab\u00a0CDS\u00a0\u00bb) ?<\/h3>\n<p>Ce n&rsquo;est pas n\u00e9cessaire. Notre CDS g\u00e9n\u00e9r\u00e9 par \u00e9lectrolyse est pr\u00eat \u00e0 \u00eatre utilis\u00e9 directement, c&rsquo;est-\u00e0-dire qu&rsquo;il est d\u00e9j\u00e0 activ\u00e9 et que vous n&rsquo;avez rien d&rsquo;autre \u00e0 faire. Il est seulement recommand\u00e9 de le refroidir \u00e0 une temp\u00e9rature inf\u00e9rieure \u00e0 11\u00baC avant de le consommer.<\/p>\n<h3>CDS 250 ml contient-il des excipients ?<\/h3>\n<p>Non, notre dioxyde de chlore (CDS) est un produit sans excipients, conservateurs ou produits chimiques stabilisants.<\/p>\n<h3>J&rsquo;ai d\u00e9cid\u00e9 d&rsquo;acheter du dioxyde de chlore. Quel dosage dois-je utiliser pour rendre un litre d&rsquo;eau potable ?<\/h3>\n<p>Pour boire 1 litre d&rsquo;eau non potable, il est recommand\u00e9 d&rsquo;utiliser 1 ml (ou 20 gouttes) de dioxyde de chlore \u00e0 3000 ppm pour d\u00e9sinfecter l&rsquo;eau des germes, bact\u00e9ries et champignons.<\/p>\n<h4>Comment mesurer la quantit\u00e9 si je d\u00e9cide d&rsquo;utiliser le compte-gouttes du bouchon doseur ?<\/h4>\n<p>Si vous \u00eates plus \u00e0 l&rsquo;aise avec le bouchon doseur, vous devez utiliser 20 gouttes, ce qui \u00e9quivaut \u00e0 1 ml de dioxyde de chlore.<\/p>\n<h4>Comment mesurer la quantit\u00e9 si je d\u00e9cide d&rsquo;utiliser la seringue ?<\/h4>\n<p>Il suffit d&rsquo;ins\u00e9rer la seringue de 5 ml dans le trou de l&#8217;embout du bouchon et de pr\u00e9lever 1 ml.<\/p>\n","protected":false},"excerpt":{"rendered":"<p>Solution de <strong>dioxyde de chlore ultra-pure<\/strong> \u00e0 <strong>3000 ppm<\/strong> dans une <strong>bouteille en verre ambr\u00e9.<\/strong> Comprend <strong>un bouchon de dosage et une seringue<\/strong> de 5 ml qui s&rsquo;adaptent parfaitement, \u00e9vitant ainsi les fuites de gaz du CDS.<\/p>\n<p><strong>Dioxyde de chlore<\/strong> (CDS) 0,3 % en flacon de verre ambr\u00e9 avec bouchon doseur. Sans excipients ni conservateurs.<\/p>\n<p>CDS g\u00e9n\u00e9r\u00e9 par \u00e9lectrolyse, une m\u00e9thode plus naturelle et plus efficace que celle g\u00e9n\u00e9ralement activ\u00e9e avec 25 % de chlorite de sodium et 4 % d&rsquo;acide chlorhydrique.<\/p>\n","protected":false},"featured_media":10724,"comment_status":"open","ping_status":"closed","template":"","meta":[],"product_brand":[],"product_cat":[138],"product_tag":[],"class_list":{"0":"post-10887","1":"product","2":"type-product","3":"status-publish","4":"has-post-thumbnail","6":"product_cat-dioxyde-de-chlore","8":"first","9":"outofstock","10":"sale","11":"taxable","12":"shipping-taxable","13":"purchasable","14":"product-type-simple"},"yoast_head":"<!-- This site is optimized with the Yoast SEO plugin v27.4 - https:\/\/yoast.com\/product\/yoast-seo-wordpress\/ -->\n<title>Acheter du dioxyde de chlore (CDS) 3000 ppm - 250 ml | O7-Organic<\/title>\n<meta name=\"description\" content=\"Acheter du dioxyde de chlore (CDS) \u00e0 3000 ppm dans une bouteille en verre ambr\u00e9 Purificateur exclusif pour le nettoyage de l&#039;eau destin\u00e9e \u00e0 la consommation humaine et animale.\" \/>\n<meta name=\"robots\" content=\"index, follow, max-snippet:-1, max-image-preview:large, max-video-preview:-1\" \/>\n<link rel=\"canonical\" href=\"https:\/\/o7-organic.com\/fr\/acheter\/dioxyde-de-chlore-pur-3000-ppm-cds-250-ml-en-bouteille-en-verre-ambre-avec-bouchon-doseur-et-seringue-inclus\/\" \/>\n<meta property=\"og:locale\" content=\"fr_FR\" \/>\n<meta property=\"og:type\" content=\"article\" \/>\n<meta property=\"og:title\" content=\"Acheter du dioxyde de chlore (CDS) 3000 ppm - 250 ml | O7-Organic\" \/>\n<meta property=\"og:description\" content=\"Acheter du dioxyde de chlore (CDS) \u00e0 3000 ppm dans une bouteille en verre ambr\u00e9 Purificateur exclusif pour le nettoyage de l&#039;eau destin\u00e9e \u00e0 la consommation humaine et animale.\" \/>\n<meta property=\"og:url\" content=\"https:\/\/o7-organic.com\/fr\/acheter\/dioxyde-de-chlore-pur-3000-ppm-cds-250-ml-en-bouteille-en-verre-ambre-avec-bouchon-doseur-et-seringue-inclus\/\" \/>\n<meta property=\"og:site_name\" content=\"O7-Organic\" \/>\n<meta property=\"article:modified_time\" content=\"2025-06-18T14:16:29+00:00\" \/>\n<meta property=\"og:image\" content=\"https:\/\/o7-organic.com\/wp-content\/uploads\/2023\/03\/cds-250-ml_resultado.jpg\" \/>\n\t<meta property=\"og:image:width\" content=\"1000\" \/>\n\t<meta property=\"og:image:height\" content=\"1000\" \/>\n\t<meta property=\"og:image:type\" content=\"image\/jpeg\" \/>\n<meta name=\"twitter:card\" content=\"summary_large_image\" \/>\n<meta name=\"twitter:label1\" content=\"Dur\u00e9e de lecture estim\u00e9e\" \/>\n\t<meta name=\"twitter:data1\" content=\"4 minutes\" \/>\n<script type=\"application\/ld+json\" class=\"yoast-schema-graph\">{\"@context\":\"https:\\\/\\\/schema.org\",\"@graph\":[{\"@type\":\"WebPage\",\"@id\":\"https:\\\/\\\/o7-organic.com\\\/fr\\\/acheter\\\/dioxyde-de-chlore-pur-3000-ppm-cds-250-ml-en-bouteille-en-verre-ambre-avec-bouchon-doseur-et-seringue-inclus\\\/\",\"url\":\"https:\\\/\\\/o7-organic.com\\\/fr\\\/acheter\\\/dioxyde-de-chlore-pur-3000-ppm-cds-250-ml-en-bouteille-en-verre-ambre-avec-bouchon-doseur-et-seringue-inclus\\\/\",\"name\":\"Acheter du dioxyde de chlore (CDS) 3000 ppm - 250 ml | O7-Organic\",\"isPartOf\":{\"@id\":\"https:\\\/\\\/o7-organic.com\\\/#website\"},\"primaryImageOfPage\":{\"@id\":\"https:\\\/\\\/o7-organic.com\\\/fr\\\/acheter\\\/dioxyde-de-chlore-pur-3000-ppm-cds-250-ml-en-bouteille-en-verre-ambre-avec-bouchon-doseur-et-seringue-inclus\\\/#primaryimage\"},\"image\":{\"@id\":\"https:\\\/\\\/o7-organic.com\\\/fr\\\/acheter\\\/dioxyde-de-chlore-pur-3000-ppm-cds-250-ml-en-bouteille-en-verre-ambre-avec-bouchon-doseur-et-seringue-inclus\\\/#primaryimage\"},\"thumbnailUrl\":\"https:\\\/\\\/o7-organic.com\\\/wp-content\\\/uploads\\\/2023\\\/03\\\/cds-250-ml_resultado.jpg\",\"datePublished\":\"2023-03-03T10:01:26+00:00\",\"dateModified\":\"2025-06-18T14:16:29+00:00\",\"description\":\"Acheter du dioxyde de chlore (CDS) \u00e0 3000 ppm dans une bouteille en verre ambr\u00e9 Purificateur exclusif pour le nettoyage de l'eau destin\u00e9e \u00e0 la consommation humaine et animale.\",\"breadcrumb\":{\"@id\":\"https:\\\/\\\/o7-organic.com\\\/fr\\\/acheter\\\/dioxyde-de-chlore-pur-3000-ppm-cds-250-ml-en-bouteille-en-verre-ambre-avec-bouchon-doseur-et-seringue-inclus\\\/#breadcrumb\"},\"inLanguage\":\"fr-FR\",\"potentialAction\":[{\"@type\":\"ReadAction\",\"target\":[\"https:\\\/\\\/o7-organic.com\\\/fr\\\/acheter\\\/dioxyde-de-chlore-pur-3000-ppm-cds-250-ml-en-bouteille-en-verre-ambre-avec-bouchon-doseur-et-seringue-inclus\\\/\"]}]},{\"@type\":\"ImageObject\",\"inLanguage\":\"fr-FR\",\"@id\":\"https:\\\/\\\/o7-organic.com\\\/fr\\\/acheter\\\/dioxyde-de-chlore-pur-3000-ppm-cds-250-ml-en-bouteille-en-verre-ambre-avec-bouchon-doseur-et-seringue-inclus\\\/#primaryimage\",\"url\":\"https:\\\/\\\/o7-organic.com\\\/wp-content\\\/uploads\\\/2023\\\/03\\\/cds-250-ml_resultado.jpg\",\"contentUrl\":\"https:\\\/\\\/o7-organic.com\\\/wp-content\\\/uploads\\\/2023\\\/03\\\/cds-250-ml_resultado.jpg\",\"width\":1000,\"height\":1000},{\"@type\":\"BreadcrumbList\",\"@id\":\"https:\\\/\\\/o7-organic.com\\\/fr\\\/acheter\\\/dioxyde-de-chlore-pur-3000-ppm-cds-250-ml-en-bouteille-en-verre-ambre-avec-bouchon-doseur-et-seringue-inclus\\\/#breadcrumb\",\"itemListElement\":[{\"@type\":\"ListItem\",\"position\":1,\"name\":\"Portada\",\"item\":\"https:\\\/\\\/o7-organic.com\\\/\"},{\"@type\":\"ListItem\",\"position\":2,\"name\":\"Boutique\",\"item\":\"https:\\\/\\\/o7-organic.com\\\/fr\\\/boutique\\\/\"},{\"@type\":\"ListItem\",\"position\":3,\"name\":\"Dioxyde de chlore pur 3000 ppm &#8211; CDS 250 ml en bouteille en verre ambr\u00e9 avec bouchon doseur et seringue inclus.\"}]},{\"@type\":\"WebSite\",\"@id\":\"https:\\\/\\\/o7-organic.com\\\/#website\",\"url\":\"https:\\\/\\\/o7-organic.com\\\/\",\"name\":\"O7-Organic\",\"description\":\"Innovaci\u00f3n en salud a tu alcance\",\"publisher\":{\"@id\":\"https:\\\/\\\/o7-organic.com\\\/#organization\"},\"potentialAction\":[{\"@type\":\"SearchAction\",\"target\":{\"@type\":\"EntryPoint\",\"urlTemplate\":\"https:\\\/\\\/o7-organic.com\\\/?s={search_term_string}\"},\"query-input\":{\"@type\":\"PropertyValueSpecification\",\"valueRequired\":true,\"valueName\":\"search_term_string\"}}],\"inLanguage\":\"fr-FR\"},{\"@type\":\"Organization\",\"@id\":\"https:\\\/\\\/o7-organic.com\\\/#organization\",\"name\":\"O7-Organic\",\"url\":\"https:\\\/\\\/o7-organic.com\\\/\",\"logo\":{\"@type\":\"ImageObject\",\"inLanguage\":\"fr-FR\",\"@id\":\"https:\\\/\\\/o7-organic.com\\\/#\\\/schema\\\/logo\\\/image\\\/\",\"url\":\"https:\\\/\\\/o7-organic.com\\\/wp-content\\\/uploads\\\/2023\\\/03\\\/logo_o7_organic.png\",\"contentUrl\":\"https:\\\/\\\/o7-organic.com\\\/wp-content\\\/uploads\\\/2023\\\/03\\\/logo_o7_organic.png\",\"width\":512,\"height\":512,\"caption\":\"O7-Organic\"},\"image\":{\"@id\":\"https:\\\/\\\/o7-organic.com\\\/#\\\/schema\\\/logo\\\/image\\\/\"},\"sameAs\":[\"https:\\\/\\\/www.instagram.com\\\/o7organic\\\/\"]}]}<\/script>\n<!-- \/ Yoast SEO plugin. -->","yoast_head_json":{"title":"Acheter du dioxyde de chlore (CDS) 3000 ppm - 250 ml | O7-Organic","description":"Acheter du dioxyde de chlore (CDS) \u00e0 3000 ppm dans une bouteille en verre ambr\u00e9 Purificateur exclusif pour le nettoyage de l'eau destin\u00e9e \u00e0 la consommation humaine et animale.","robots":{"index":"index","follow":"follow","max-snippet":"max-snippet:-1","max-image-preview":"max-image-preview:large","max-video-preview":"max-video-preview:-1"},"canonical":"https:\/\/o7-organic.com\/fr\/acheter\/dioxyde-de-chlore-pur-3000-ppm-cds-250-ml-en-bouteille-en-verre-ambre-avec-bouchon-doseur-et-seringue-inclus\/","og_locale":"fr_FR","og_type":"article","og_title":"Acheter du dioxyde de chlore (CDS) 3000 ppm - 250 ml | O7-Organic","og_description":"Acheter du dioxyde de chlore (CDS) \u00e0 3000 ppm dans une bouteille en verre ambr\u00e9 Purificateur exclusif pour le nettoyage de l'eau destin\u00e9e \u00e0 la consommation humaine et animale.","og_url":"https:\/\/o7-organic.com\/fr\/acheter\/dioxyde-de-chlore-pur-3000-ppm-cds-250-ml-en-bouteille-en-verre-ambre-avec-bouchon-doseur-et-seringue-inclus\/","og_site_name":"O7-Organic","article_modified_time":"2025-06-18T14:16:29+00:00","og_image":[{"width":1000,"height":1000,"url":"https:\/\/o7-organic.com\/wp-content\/uploads\/2023\/03\/cds-250-ml_resultado.jpg","type":"image\/jpeg"}],"twitter_card":"summary_large_image","twitter_misc":{"Dur\u00e9e de lecture estim\u00e9e":"4 minutes"},"schema":{"@context":"https:\/\/schema.org","@graph":[{"@type":"WebPage","@id":"https:\/\/o7-organic.com\/fr\/acheter\/dioxyde-de-chlore-pur-3000-ppm-cds-250-ml-en-bouteille-en-verre-ambre-avec-bouchon-doseur-et-seringue-inclus\/","url":"https:\/\/o7-organic.com\/fr\/acheter\/dioxyde-de-chlore-pur-3000-ppm-cds-250-ml-en-bouteille-en-verre-ambre-avec-bouchon-doseur-et-seringue-inclus\/","name":"Acheter du dioxyde de chlore (CDS) 3000 ppm - 250 ml | O7-Organic","isPartOf":{"@id":"https:\/\/o7-organic.com\/#website"},"primaryImageOfPage":{"@id":"https:\/\/o7-organic.com\/fr\/acheter\/dioxyde-de-chlore-pur-3000-ppm-cds-250-ml-en-bouteille-en-verre-ambre-avec-bouchon-doseur-et-seringue-inclus\/#primaryimage"},"image":{"@id":"https:\/\/o7-organic.com\/fr\/acheter\/dioxyde-de-chlore-pur-3000-ppm-cds-250-ml-en-bouteille-en-verre-ambre-avec-bouchon-doseur-et-seringue-inclus\/#primaryimage"},"thumbnailUrl":"https:\/\/o7-organic.com\/wp-content\/uploads\/2023\/03\/cds-250-ml_resultado.jpg","datePublished":"2023-03-03T10:01:26+00:00","dateModified":"2025-06-18T14:16:29+00:00","description":"Acheter du dioxyde de chlore (CDS) \u00e0 3000 ppm dans une bouteille en verre ambr\u00e9 Purificateur exclusif pour le nettoyage de l'eau destin\u00e9e \u00e0 la consommation humaine et animale.","breadcrumb":{"@id":"https:\/\/o7-organic.com\/fr\/acheter\/dioxyde-de-chlore-pur-3000-ppm-cds-250-ml-en-bouteille-en-verre-ambre-avec-bouchon-doseur-et-seringue-inclus\/#breadcrumb"},"inLanguage":"fr-FR","potentialAction":[{"@type":"ReadAction","target":["https:\/\/o7-organic.com\/fr\/acheter\/dioxyde-de-chlore-pur-3000-ppm-cds-250-ml-en-bouteille-en-verre-ambre-avec-bouchon-doseur-et-seringue-inclus\/"]}]},{"@type":"ImageObject","inLanguage":"fr-FR","@id":"https:\/\/o7-organic.com\/fr\/acheter\/dioxyde-de-chlore-pur-3000-ppm-cds-250-ml-en-bouteille-en-verre-ambre-avec-bouchon-doseur-et-seringue-inclus\/#primaryimage","url":"https:\/\/o7-organic.com\/wp-content\/uploads\/2023\/03\/cds-250-ml_resultado.jpg","contentUrl":"https:\/\/o7-organic.com\/wp-content\/uploads\/2023\/03\/cds-250-ml_resultado.jpg","width":1000,"height":1000},{"@type":"BreadcrumbList","@id":"https:\/\/o7-organic.com\/fr\/acheter\/dioxyde-de-chlore-pur-3000-ppm-cds-250-ml-en-bouteille-en-verre-ambre-avec-bouchon-doseur-et-seringue-inclus\/#breadcrumb","itemListElement":[{"@type":"ListItem","position":1,"name":"Portada","item":"https:\/\/o7-organic.com\/"},{"@type":"ListItem","position":2,"name":"Boutique","item":"https:\/\/o7-organic.com\/fr\/boutique\/"},{"@type":"ListItem","position":3,"name":"Dioxyde de chlore pur 3000 ppm &#8211; CDS 250 ml en bouteille en verre ambr\u00e9 avec bouchon doseur et seringue inclus."}]},{"@type":"WebSite","@id":"https:\/\/o7-organic.com\/#website","url":"https:\/\/o7-organic.com\/","name":"O7-Organic","description":"Innovaci\u00f3n en salud a tu alcance","publisher":{"@id":"https:\/\/o7-organic.com\/#organization"},"potentialAction":[{"@type":"SearchAction","target":{"@type":"EntryPoint","urlTemplate":"https:\/\/o7-organic.com\/?s={search_term_string}"},"query-input":{"@type":"PropertyValueSpecification","valueRequired":true,"valueName":"search_term_string"}}],"inLanguage":"fr-FR"},{"@type":"Organization","@id":"https:\/\/o7-organic.com\/#organization","name":"O7-Organic","url":"https:\/\/o7-organic.com\/","logo":{"@type":"ImageObject","inLanguage":"fr-FR","@id":"https:\/\/o7-organic.com\/#\/schema\/logo\/image\/","url":"https:\/\/o7-organic.com\/wp-content\/uploads\/2023\/03\/logo_o7_organic.png","contentUrl":"https:\/\/o7-organic.com\/wp-content\/uploads\/2023\/03\/logo_o7_organic.png","width":512,"height":512,"caption":"O7-Organic"},"image":{"@id":"https:\/\/o7-organic.com\/#\/schema\/logo\/image\/"},"sameAs":["https:\/\/www.instagram.com\/o7organic\/"]}]}},"_links":{"self":[{"href":"https:\/\/o7-organic.com\/fr\/wp-json\/wp\/v2\/product\/10887","targetHints":{"allow":["GET"]}}],"collection":[{"href":"https:\/\/o7-organic.com\/fr\/wp-json\/wp\/v2\/product"}],"about":[{"href":"https:\/\/o7-organic.com\/fr\/wp-json\/wp\/v2\/types\/product"}],"replies":[{"embeddable":true,"href":"https:\/\/o7-organic.com\/fr\/wp-json\/wp\/v2\/comments?post=10887"}],"version-history":[{"count":0,"href":"https:\/\/o7-organic.com\/fr\/wp-json\/wp\/v2\/product\/10887\/revisions"}],"wp:featuredmedia":[{"embeddable":true,"href":"https:\/\/o7-organic.com\/fr\/wp-json\/wp\/v2\/media\/10724"}],"wp:attachment":[{"href":"https:\/\/o7-organic.com\/fr\/wp-json\/wp\/v2\/media?parent=10887"}],"wp:term":[{"taxonomy":"product_brand","embeddable":true,"href":"https:\/\/o7-organic.com\/fr\/wp-json\/wp\/v2\/product_brand?post=10887"},{"taxonomy":"product_cat","embeddable":true,"href":"https:\/\/o7-organic.com\/fr\/wp-json\/wp\/v2\/product_cat?post=10887"},{"taxonomy":"product_tag","embeddable":true,"href":"https:\/\/o7-organic.com\/fr\/wp-json\/wp\/v2\/product_tag?post=10887"}],"curies":[{"name":"wp","href":"https:\/\/api.w.org\/{rel}","templated":true}]}}