{"id":10883,"date":"2023-03-08T11:17:21","date_gmt":"2023-03-08T11:17:21","guid":{"rendered":"https:\/\/o7-organic.com\/comprar\/dimethyl-sulfoxyde-999-dmso-bouchon-de-bouteille-en-verre-ambre-avec-compte-gouttes\/"},"modified":"2023-03-08T11:17:21","modified_gmt":"2023-03-08T11:17:21","slug":"dimethylsulfoxyde-puro-dmso-gotero-doser","status":"publish","type":"product","link":"https:\/\/o7-organic.com\/fr\/acheter\/dimethylsulfoxyde-puro-dmso-gotero-doser\/","title":{"rendered":"Dim\u00e9thyl sulfoxyde 99,9% (DMSO) &#8211; Bouchon de bouteille en verre ambr\u00e9 avec compte-gouttes."},"content":{"rendered":"<div class=\"w-full border-b border-black\/10 dark:border-gray-900\/50 text-gray-800 dark:text-gray-100 group bg-gray-50 dark:bg-[#444654]\">\n<div class=\"text-base gap-4 md:gap-6 m-auto md:max-w-2xl lg:max-w-2xl xl:max-w-3xl p-4 md:py-6 flex lg:px-0\">\n<div class=\"relative flex w-[calc(100%-50px)] flex-col gap-1 md:gap-3 lg:w-[calc(100%-115px)]\">\n<div class=\"flex flex-grow flex-col gap-3\">\n<div class=\"min-h-[20px] flex flex-col items-start gap-4 whitespace-pre-wrap\">\n<div class=\"markdown prose w-full break-words dark:prose-invert light\">\n<h2>Qu&rsquo;est-ce que le DMSO ?<\/h2>\n<p>Le DMSO (sulfoxyde de dim\u00e9thyle) est un compos\u00e9 organique tr\u00e8s polyvalent. Ce produit chimique est connu pour ses nombreuses propri\u00e9t\u00e9s dans diff\u00e9rents domaines.<\/p>\n<div class=\"celwidget aplus-module module-2 aplus-standard\" data-cel-widget=\"aplus-module-2\" data-csa-c-id=\"a3wgd8-k96mfw-8ip42v-4xkxak\">\n<div class=\"a-expander-collapsed-height a-row a-expander-container a-expander-partial-collapse-container\" data-a-expander-name=\"aplus-module-expander\" data-a-expander-collapsed-height=\"700\">\n<div class=\"a-expander-content a-expander-partial-collapse-content\" aria-expanded=\"false\">\n<div class=\"aplus-module-wrapper apm-floatnone apm-fixed-width\">\n<div class=\"apm-sidemodule apm-spacing\">\n<div class=\"apm-sidemodule-textright\">\n<p><span class=\"a-list-item\">Il s&rsquo;agit d&rsquo;un produit 100% v\u00e9g\u00e9talien et sans cruaut\u00e9.<\/span><\/p>\n<\/div>\n<\/div>\n<\/div>\n<\/div>\n<\/div>\n<\/div>\n<h2>DMSO de haute puret\u00e9<\/h2>\n<p>Le DMSO de haute qualit\u00e9 est produit par un processus de distillation minutieux et rigoureux afin de garantir sa puret\u00e9 et sa qualit\u00e9.<\/p>\n<div class=\"w-full border-b border-black\/10 dark:border-gray-900\/50 text-gray-800 dark:text-gray-100 group bg-gray-50 dark:bg-[#444654]\">\n<div class=\"text-base gap-4 md:gap-6 m-auto md:max-w-2xl lg:max-w-2xl xl:max-w-3xl p-4 md:py-6 flex lg:px-0\">\n<div class=\"relative flex w-[calc(100%-50px)] flex-col gap-1 md:gap-3 lg:w-[calc(100%-115px)]\">\n<div class=\"flex flex-grow flex-col gap-3\">\n<div class=\"min-h-[20px] flex flex-col items-start gap-4 whitespace-pre-wrap\">\n<div class=\"markdown prose w-full break-words dark:prose-invert light\">\n<p>Ce solvant universel est tr\u00e8s polyvalent et peut \u00eatre utilis\u00e9 avec une grande vari\u00e9t\u00e9 de substances, dans diverses situations et sur diverses surfaces.<\/p>\n<h2>Comment le sulfoxyde de dim\u00e9thyle est-il utilis\u00e9 ?<\/h2>\n<div class=\"w-full border-b border-black\/10 dark:border-gray-900\/50 text-gray-800 dark:text-gray-100 group bg-gray-50 dark:bg-[#444654]\">\n<div class=\"text-base gap-4 md:gap-6 m-auto md:max-w-2xl lg:max-w-2xl xl:max-w-3xl p-4 md:py-6 flex lg:px-0\">\n<div class=\"relative flex w-[calc(100%-50px)] flex-col gap-1 md:gap-3 lg:w-[calc(100%-115px)]\">\n<div class=\"flex flex-grow flex-col gap-3\">\n<div class=\"min-h-[20px] flex flex-col items-start gap-4 whitespace-pre-wrap\">\n<div class=\"markdown prose w-full break-words dark:prose-invert light\">\n<p>Le DMSO est un excellent alli\u00e9 pour le nettoyage et la purification des surfaces ainsi que d&rsquo;autres produits chimiques tels que le <a href=\"https:\/\/o7-organic.com\/comprar\/dioxido-de-cloro-ultrapuro-cds-3000-ppm\/\">dioxyde de chlore.<\/a><\/p>\n<div class=\"w-full border-b border-black\/10 dark:border-gray-900\/50 text-gray-800 dark:text-gray-100 group bg-gray-50 dark:bg-[#444654]\">\n<div class=\"text-base gap-4 md:gap-6 m-auto md:max-w-2xl lg:max-w-2xl xl:max-w-3xl p-4 md:py-6 flex lg:px-0\">\n<div class=\"relative flex w-[calc(100%-50px)] flex-col gap-1 md:gap-3 lg:w-[calc(100%-115px)]\">\n<div class=\"flex flex-grow flex-col gap-3\">\n<div class=\"min-h-[20px] flex flex-col items-start gap-4 whitespace-pre-wrap\">\n<div class=\"result-streaming markdown prose w-full break-words dark:prose-invert light\">\n<p>Avant d&rsquo;utiliser le sulfoxyde de dim\u00e9thyle, il est important de prendre des pr\u00e9cautions, car il s&rsquo;agit d&rsquo;un produit tr\u00e8s efficace qui favorise la p\u00e9n\u00e9tration des substances et des produits chimiques \u00e0 travers la peau.<\/p>\n<p>Il est recommand\u00e9 de conserver le produit dans son emballage d&rsquo;origine.<\/p>\n<\/div>\n<\/div>\n<\/div>\n<\/div>\n<\/div>\n<\/div>\n<h3>DMSO dans un flacon en verre ambr\u00e9 avec bouchon doseur et compte-gouttes<\/h3>\n<p>Notre sulfoxyde de dim\u00e9thyle est stock\u00e9 dans un r\u00e9cipient en verre ambr\u00e9 avec un compte-gouttes pour une application pr\u00e9cise et exacte.<\/p>\n<h3>Comment conserver le DMSO ?<\/h3>\n<p>Conserver le produit dans son emballage d&rsquo;origine, <span class=\"gb-headline-text\">\u00e0 l&rsquo;abri de la chaleur, des surfaces chaudes et de toute source d&rsquo;ignition.<\/span><\/p>\n<h2>D\u00e9couvrez la derni\u00e8re nouveaut\u00e9 sur le march\u00e9 : le g\u00e9n\u00e9rateur de CDS \u00e9lectrolytique ultra-pur \u00e0 3000 ppm<\/h2>\n<p>En compl\u00e9ment de ce produit, vous pourriez \u00eatre int\u00e9ress\u00e9 par <a href=\"https:\/\/lghealth-isystems.eu\/\" target=\"_blank\" rel=\"noopener\">l&rsquo;achat du g\u00e9n\u00e9rateur \u00e9lectrolytique Ultrapure CDS, brevet\u00e9 au niveau mondial,<\/a> qui vous permet de produire du dioxyde de chlore \u00e0 3000 ppm \u00e0 la maison.<\/p>\n<h3>Soutien et service \u00e0 la client\u00e8le<\/h3>\n<p>Si vous avez des questions sur le produit, vous pouvez nous contacter par courrier \u00e9lectronique \u00e0 l&rsquo;adresse suivante : <a href=\"mailto:store@o7-organic.com\">store@o7-organic.com<\/a><\/p>\n<\/div>\n<\/div>\n<\/div>\n<\/div>\n<\/div>\n<\/div>\n<\/div>\n<\/div>\n<\/div>\n<\/div>\n<\/div>\n<\/div>\n<\/div>\n<\/div>\n<\/div>\n<\/div>\n<\/div>\n<\/div>\n","protected":false},"excerpt":{"rendered":"<p>Le dim\u00e9thylsulfoxyde (DMSO) pur \u00e0 99,9 % d&rsquo;O7-Organic est un solvant naturel aux multiples applications gr\u00e2ce \u00e0 ses diverses propri\u00e9t\u00e9s. Comprend un compte-gouttes pour un dosage facile et pr\u00e9cis.<\/p>\n","protected":false},"featured_media":10739,"comment_status":"open","ping_status":"closed","template":"","meta":[],"product_brand":[],"product_cat":[133],"product_tag":[],"class_list":{"0":"post-10883","1":"product","2":"type-product","3":"status-publish","4":"has-post-thumbnail","6":"product_cat-dimethylsulfoxyde","8":"first","9":"instock","10":"taxable","11":"shipping-taxable","12":"purchasable","13":"product-type-variable"},"yoast_head":"<!-- This site is optimized with the Yoast SEO plugin v27.5 - https:\/\/yoast.com\/product\/yoast-seo-wordpress\/ -->\n<title>Sulfoxyde de dim\u00e9thyle 99,9 (DMSO) 250 ml | O7-Organic<\/title>\n<meta name=\"description\" content=\"Le DMSO est un liquide organique d&#039;une puret\u00e9 de 99,9 %. Sulfoxyde de dim\u00e9thyle de haute qualit\u00e9. Id\u00e9al pour une purification accrue des surfaces.\" \/>\n<meta name=\"robots\" content=\"index, follow, max-snippet:-1, max-image-preview:large, max-video-preview:-1\" \/>\n<link rel=\"canonical\" href=\"https:\/\/o7-organic.com\/fr\/acheter\/dimethylsulfoxyde-puro-dmso-gotero-doser\/\" \/>\n<meta property=\"og:locale\" content=\"fr_FR\" \/>\n<meta property=\"og:type\" content=\"article\" \/>\n<meta property=\"og:title\" content=\"Sulfoxyde de dim\u00e9thyle 99,9 (DMSO) 250 ml | O7-Organic\" \/>\n<meta property=\"og:description\" content=\"Le DMSO est un liquide organique d&#039;une puret\u00e9 de 99,9 %. Sulfoxyde de dim\u00e9thyle de haute qualit\u00e9. Id\u00e9al pour une purification accrue des surfaces.\" \/>\n<meta property=\"og:url\" content=\"https:\/\/o7-organic.com\/fr\/acheter\/dimethylsulfoxyde-puro-dmso-gotero-doser\/\" \/>\n<meta property=\"og:site_name\" content=\"O7-Organic\" \/>\n<meta property=\"og:image\" content=\"https:\/\/o7-organic.com\/wp-content\/uploads\/2023\/03\/dmso-250-ml_resultado.jpg\" \/>\n\t<meta property=\"og:image:width\" content=\"1000\" \/>\n\t<meta property=\"og:image:height\" content=\"1000\" \/>\n\t<meta property=\"og:image:type\" content=\"image\/jpeg\" \/>\n<meta name=\"twitter:card\" content=\"summary_large_image\" \/>\n<meta name=\"twitter:label1\" content=\"Dur\u00e9e de lecture estim\u00e9e\" \/>\n\t<meta name=\"twitter:data1\" content=\"2 minutes\" \/>\n<script type=\"application\/ld+json\" class=\"yoast-schema-graph\">{\"@context\":\"https:\\\/\\\/schema.org\",\"@graph\":[{\"@type\":\"WebPage\",\"@id\":\"https:\\\/\\\/o7-organic.com\\\/fr\\\/acheter\\\/dimethylsulfoxyde-puro-dmso-gotero-doser\\\/\",\"url\":\"https:\\\/\\\/o7-organic.com\\\/fr\\\/acheter\\\/dimethylsulfoxyde-puro-dmso-gotero-doser\\\/\",\"name\":\"Sulfoxyde de dim\u00e9thyle 99,9 (DMSO) 250 ml | O7-Organic\",\"isPartOf\":{\"@id\":\"https:\\\/\\\/o7-organic.com\\\/#website\"},\"primaryImageOfPage\":{\"@id\":\"https:\\\/\\\/o7-organic.com\\\/fr\\\/acheter\\\/dimethylsulfoxyde-puro-dmso-gotero-doser\\\/#primaryimage\"},\"image\":{\"@id\":\"https:\\\/\\\/o7-organic.com\\\/fr\\\/acheter\\\/dimethylsulfoxyde-puro-dmso-gotero-doser\\\/#primaryimage\"},\"thumbnailUrl\":\"https:\\\/\\\/o7-organic.com\\\/wp-content\\\/uploads\\\/2023\\\/03\\\/dmso-250-ml_resultado.jpg\",\"datePublished\":\"2023-03-08T11:17:21+00:00\",\"description\":\"Le DMSO est un liquide organique d'une puret\u00e9 de 99,9 %. Sulfoxyde de dim\u00e9thyle de haute qualit\u00e9. Id\u00e9al pour une purification accrue des surfaces.\",\"breadcrumb\":{\"@id\":\"https:\\\/\\\/o7-organic.com\\\/fr\\\/acheter\\\/dimethylsulfoxyde-puro-dmso-gotero-doser\\\/#breadcrumb\"},\"inLanguage\":\"fr-FR\",\"potentialAction\":[{\"@type\":\"ReadAction\",\"target\":[\"https:\\\/\\\/o7-organic.com\\\/fr\\\/acheter\\\/dimethylsulfoxyde-puro-dmso-gotero-doser\\\/\"]}]},{\"@type\":\"ImageObject\",\"inLanguage\":\"fr-FR\",\"@id\":\"https:\\\/\\\/o7-organic.com\\\/fr\\\/acheter\\\/dimethylsulfoxyde-puro-dmso-gotero-doser\\\/#primaryimage\",\"url\":\"https:\\\/\\\/o7-organic.com\\\/wp-content\\\/uploads\\\/2023\\\/03\\\/dmso-250-ml_resultado.jpg\",\"contentUrl\":\"https:\\\/\\\/o7-organic.com\\\/wp-content\\\/uploads\\\/2023\\\/03\\\/dmso-250-ml_resultado.jpg\",\"width\":1000,\"height\":1000},{\"@type\":\"BreadcrumbList\",\"@id\":\"https:\\\/\\\/o7-organic.com\\\/fr\\\/acheter\\\/dimethylsulfoxyde-puro-dmso-gotero-doser\\\/#breadcrumb\",\"itemListElement\":[{\"@type\":\"ListItem\",\"position\":1,\"name\":\"Portada\",\"item\":\"https:\\\/\\\/o7-organic.com\\\/\"},{\"@type\":\"ListItem\",\"position\":2,\"name\":\"Boutique\",\"item\":\"https:\\\/\\\/o7-organic.com\\\/fr\\\/boutique\\\/\"},{\"@type\":\"ListItem\",\"position\":3,\"name\":\"Dim\u00e9thyl sulfoxyde 99,9% (DMSO) &#8211; Bouchon de bouteille en verre ambr\u00e9 avec compte-gouttes.\"}]},{\"@type\":\"WebSite\",\"@id\":\"https:\\\/\\\/o7-organic.com\\\/#website\",\"url\":\"https:\\\/\\\/o7-organic.com\\\/\",\"name\":\"O7-Organic\",\"description\":\"Innovaci\u00f3n en salud a tu alcance\",\"publisher\":{\"@id\":\"https:\\\/\\\/o7-organic.com\\\/#organization\"},\"potentialAction\":[{\"@type\":\"SearchAction\",\"target\":{\"@type\":\"EntryPoint\",\"urlTemplate\":\"https:\\\/\\\/o7-organic.com\\\/?s={search_term_string}\"},\"query-input\":{\"@type\":\"PropertyValueSpecification\",\"valueRequired\":true,\"valueName\":\"search_term_string\"}}],\"inLanguage\":\"fr-FR\"},{\"@type\":\"Organization\",\"@id\":\"https:\\\/\\\/o7-organic.com\\\/#organization\",\"name\":\"O7-Organic\",\"url\":\"https:\\\/\\\/o7-organic.com\\\/\",\"logo\":{\"@type\":\"ImageObject\",\"inLanguage\":\"fr-FR\",\"@id\":\"https:\\\/\\\/o7-organic.com\\\/#\\\/schema\\\/logo\\\/image\\\/\",\"url\":\"https:\\\/\\\/o7-organic.com\\\/wp-content\\\/uploads\\\/2023\\\/03\\\/logo_o7_organic.png\",\"contentUrl\":\"https:\\\/\\\/o7-organic.com\\\/wp-content\\\/uploads\\\/2023\\\/03\\\/logo_o7_organic.png\",\"width\":512,\"height\":512,\"caption\":\"O7-Organic\"},\"image\":{\"@id\":\"https:\\\/\\\/o7-organic.com\\\/#\\\/schema\\\/logo\\\/image\\\/\"},\"sameAs\":[\"https:\\\/\\\/www.instagram.com\\\/o7organic\\\/\"]}]}<\/script>\n<!-- \/ Yoast SEO plugin. -->","yoast_head_json":{"title":"Sulfoxyde de dim\u00e9thyle 99,9 (DMSO) 250 ml | O7-Organic","description":"Le DMSO est un liquide organique d'une puret\u00e9 de 99,9 %. Sulfoxyde de dim\u00e9thyle de haute qualit\u00e9. Id\u00e9al pour une purification accrue des surfaces.","robots":{"index":"index","follow":"follow","max-snippet":"max-snippet:-1","max-image-preview":"max-image-preview:large","max-video-preview":"max-video-preview:-1"},"canonical":"https:\/\/o7-organic.com\/fr\/acheter\/dimethylsulfoxyde-puro-dmso-gotero-doser\/","og_locale":"fr_FR","og_type":"article","og_title":"Sulfoxyde de dim\u00e9thyle 99,9 (DMSO) 250 ml | O7-Organic","og_description":"Le DMSO est un liquide organique d'une puret\u00e9 de 99,9 %. Sulfoxyde de dim\u00e9thyle de haute qualit\u00e9. Id\u00e9al pour une purification accrue des surfaces.","og_url":"https:\/\/o7-organic.com\/fr\/acheter\/dimethylsulfoxyde-puro-dmso-gotero-doser\/","og_site_name":"O7-Organic","og_image":[{"width":1000,"height":1000,"url":"https:\/\/o7-organic.com\/wp-content\/uploads\/2023\/03\/dmso-250-ml_resultado.jpg","type":"image\/jpeg"}],"twitter_card":"summary_large_image","twitter_misc":{"Dur\u00e9e de lecture estim\u00e9e":"2 minutes"},"schema":{"@context":"https:\/\/schema.org","@graph":[{"@type":"WebPage","@id":"https:\/\/o7-organic.com\/fr\/acheter\/dimethylsulfoxyde-puro-dmso-gotero-doser\/","url":"https:\/\/o7-organic.com\/fr\/acheter\/dimethylsulfoxyde-puro-dmso-gotero-doser\/","name":"Sulfoxyde de dim\u00e9thyle 99,9 (DMSO) 250 ml | O7-Organic","isPartOf":{"@id":"https:\/\/o7-organic.com\/#website"},"primaryImageOfPage":{"@id":"https:\/\/o7-organic.com\/fr\/acheter\/dimethylsulfoxyde-puro-dmso-gotero-doser\/#primaryimage"},"image":{"@id":"https:\/\/o7-organic.com\/fr\/acheter\/dimethylsulfoxyde-puro-dmso-gotero-doser\/#primaryimage"},"thumbnailUrl":"https:\/\/o7-organic.com\/wp-content\/uploads\/2023\/03\/dmso-250-ml_resultado.jpg","datePublished":"2023-03-08T11:17:21+00:00","description":"Le DMSO est un liquide organique d'une puret\u00e9 de 99,9 %. Sulfoxyde de dim\u00e9thyle de haute qualit\u00e9. Id\u00e9al pour une purification accrue des surfaces.","breadcrumb":{"@id":"https:\/\/o7-organic.com\/fr\/acheter\/dimethylsulfoxyde-puro-dmso-gotero-doser\/#breadcrumb"},"inLanguage":"fr-FR","potentialAction":[{"@type":"ReadAction","target":["https:\/\/o7-organic.com\/fr\/acheter\/dimethylsulfoxyde-puro-dmso-gotero-doser\/"]}]},{"@type":"ImageObject","inLanguage":"fr-FR","@id":"https:\/\/o7-organic.com\/fr\/acheter\/dimethylsulfoxyde-puro-dmso-gotero-doser\/#primaryimage","url":"https:\/\/o7-organic.com\/wp-content\/uploads\/2023\/03\/dmso-250-ml_resultado.jpg","contentUrl":"https:\/\/o7-organic.com\/wp-content\/uploads\/2023\/03\/dmso-250-ml_resultado.jpg","width":1000,"height":1000},{"@type":"BreadcrumbList","@id":"https:\/\/o7-organic.com\/fr\/acheter\/dimethylsulfoxyde-puro-dmso-gotero-doser\/#breadcrumb","itemListElement":[{"@type":"ListItem","position":1,"name":"Portada","item":"https:\/\/o7-organic.com\/"},{"@type":"ListItem","position":2,"name":"Boutique","item":"https:\/\/o7-organic.com\/fr\/boutique\/"},{"@type":"ListItem","position":3,"name":"Dim\u00e9thyl sulfoxyde 99,9% (DMSO) &#8211; Bouchon de bouteille en verre ambr\u00e9 avec compte-gouttes."}]},{"@type":"WebSite","@id":"https:\/\/o7-organic.com\/#website","url":"https:\/\/o7-organic.com\/","name":"O7-Organic","description":"Innovaci\u00f3n en salud a tu alcance","publisher":{"@id":"https:\/\/o7-organic.com\/#organization"},"potentialAction":[{"@type":"SearchAction","target":{"@type":"EntryPoint","urlTemplate":"https:\/\/o7-organic.com\/?s={search_term_string}"},"query-input":{"@type":"PropertyValueSpecification","valueRequired":true,"valueName":"search_term_string"}}],"inLanguage":"fr-FR"},{"@type":"Organization","@id":"https:\/\/o7-organic.com\/#organization","name":"O7-Organic","url":"https:\/\/o7-organic.com\/","logo":{"@type":"ImageObject","inLanguage":"fr-FR","@id":"https:\/\/o7-organic.com\/#\/schema\/logo\/image\/","url":"https:\/\/o7-organic.com\/wp-content\/uploads\/2023\/03\/logo_o7_organic.png","contentUrl":"https:\/\/o7-organic.com\/wp-content\/uploads\/2023\/03\/logo_o7_organic.png","width":512,"height":512,"caption":"O7-Organic"},"image":{"@id":"https:\/\/o7-organic.com\/#\/schema\/logo\/image\/"},"sameAs":["https:\/\/www.instagram.com\/o7organic\/"]}]}},"_links":{"self":[{"href":"https:\/\/o7-organic.com\/fr\/wp-json\/wp\/v2\/product\/10883","targetHints":{"allow":["GET"]}}],"collection":[{"href":"https:\/\/o7-organic.com\/fr\/wp-json\/wp\/v2\/product"}],"about":[{"href":"https:\/\/o7-organic.com\/fr\/wp-json\/wp\/v2\/types\/product"}],"replies":[{"embeddable":true,"href":"https:\/\/o7-organic.com\/fr\/wp-json\/wp\/v2\/comments?post=10883"}],"version-history":[{"count":0,"href":"https:\/\/o7-organic.com\/fr\/wp-json\/wp\/v2\/product\/10883\/revisions"}],"wp:featuredmedia":[{"embeddable":true,"href":"https:\/\/o7-organic.com\/fr\/wp-json\/wp\/v2\/media\/10739"}],"wp:attachment":[{"href":"https:\/\/o7-organic.com\/fr\/wp-json\/wp\/v2\/media?parent=10883"}],"wp:term":[{"taxonomy":"product_brand","embeddable":true,"href":"https:\/\/o7-organic.com\/fr\/wp-json\/wp\/v2\/product_brand?post=10883"},{"taxonomy":"product_cat","embeddable":true,"href":"https:\/\/o7-organic.com\/fr\/wp-json\/wp\/v2\/product_cat?post=10883"},{"taxonomy":"product_tag","embeddable":true,"href":"https:\/\/o7-organic.com\/fr\/wp-json\/wp\/v2\/product_tag?post=10883"}],"curies":[{"name":"wp","href":"https:\/\/api.w.org\/{rel}","templated":true}]}}