{"id":10878,"date":"2023-03-08T12:54:59","date_gmt":"2023-03-08T12:54:59","guid":{"rendered":"https:\/\/o7-organic.com\/comprar\/chlorite-de-sodium-25-activateur-acide-chlorhydrique-4-comprend-un-bouchon-avec-un-compte-gouttes\/"},"modified":"2023-03-08T12:54:59","modified_gmt":"2023-03-08T12:54:59","slug":"kit-activateur-potabilisateur-de-chlorite-sodique","status":"publish","type":"product","link":"https:\/\/o7-organic.com\/fr\/acheter\/kit-activateur-potabilisateur-de-chlorite-sodique\/","title":{"rendered":"Chlorite de sodium 25% + activateur (acide chlorhydrique) 4%. Comprend un bouchon avec un compte-gouttes."},"content":{"rendered":"<h2>Comprend un bouchon avec un compte-gouttes. Acide chlorhydrique 4% (Activateur)<\/h2>\n<p>Le kit O7 pour dessalinisateur biologique se compose de 25 % de chlorite de sodium liquide, commun\u00e9ment appel\u00e9 pr\u00e9curseur, et de 4 % d&rsquo;acide chlorhydrique liquide, \u00e9galement appel\u00e9 activateur. Ils sont g\u00e9n\u00e9ralement utilis\u00e9s pour la production sur place d&rsquo;un biocide (dioxyde de chlore MMS).<\/p>\n<h2>Composition du kit de purification de l&rsquo;eau au dioxyde de chlore<\/h2>\n<div class=\"group w-full text-gray-800 dark:text-gray-100 border-b border-black\/10 dark:border-gray-900\/50 bg-gray-50 dark:bg-[#444654]\">\n<div class=\"text-base gap-4 md:gap-6 md:max-w-2xl lg:max-w-2xl xl:max-w-3xl p-4 md:py-6 flex lg:px-0 m-auto\">\n<div class=\"relative flex w-[calc(100%-50px)] flex-col gap-1 md:gap-3 lg:w-[calc(100%-115px)]\">\n<div class=\"flex flex-grow flex-col gap-3\">\n<div class=\"min-h-[20px] flex flex-col items-start gap-4 whitespace-pre-wrap\">\n<div class=\"markdown prose w-full break-words dark:prose-invert light\">\n<p>Solution de chlorite de sodium (NaCIO2) \u00e0 25 %, utilis\u00e9e comme pr\u00e9curseur d&rsquo;un biocide appel\u00e9 dioxyde de chlore. Pour obtenir du dioxyde de chlore, il est n\u00e9cessaire d&rsquo;acidifier la solution avec un activateur (acide chlorhydrique) HCL \u00e0 4%. Le kit de traitement de l&rsquo;eau potable se compose de deux produits, l&rsquo;un contenant une solution de chlorite de sodium \u00e0 25 % et l&rsquo;autre un activateur HCL \u00e0 4 %.<\/p>\n<h2>Comment pr\u00e9parer le dioxyde de chlore MMS avec du chlorite de sodium (pr\u00e9curseur) + de l&rsquo;acide chlorhydrique HCL (activateur) ?<\/h2>\n<p>Pour obtenir du dioxyde de chlore afin d&rsquo;\u00e9liminer les virus et les bact\u00e9ries dans l&rsquo;eau potable, ajoutez 3 gouttes d&rsquo;activateur (acide chlorhydrique HCl &#8211; 4 %) et 3 gouttes de pr\u00e9curseur (chlorite de sodium 25 %) dans un r\u00e9cipient sec pour chaque litre d&rsquo;eau, attendez 20 secondes jusqu&rsquo;\u00e0 l&rsquo;obtention d&rsquo;une couleur ambr\u00e9e dor\u00e9e.<\/p>\n<p>Compl\u00e9ter avec l&rsquo;eau \u00e0 traiter et attendre 30 minutes. Le niveau de chlore actif doit \u00eatre compris entre 0,5 et 1,5 ppm.<\/p>\n<p>Voir comment fabriquer du dioxyde de chlore avec 25 % de chlorite de sodium et 4 % d&rsquo;acide chlorhydrique (pr\u00e9curseur et activateur) expliqu\u00e9 par <a href=\"https:\/\/andreaskalcker.com\/\" target=\"_blank\" rel=\"noopener\">Andreas Kalcker.<\/a><\/p>\n<p><a href=\"https:\/\/www.youtube.com\/watch?v=g9umUo-WOtI\">https:\/\/www.youtube.com\/watch?v=g9umUo-WOtI<\/a><\/p>\n<\/div>\n<\/div>\n<\/div>\n<\/div>\n<\/div>\n<\/div>\n<h3>Acheter du dioxyde de chlore pr\u00eat \u00e0 l&#8217;emploi<\/h3>\n<p>Chez O7-Organic, nous proposons \u00e9galement du <a href=\"https:\/\/o7-organic.com\/comprar\/dioxido-de-cloro-cds-3000-ppm\/\" target=\"_blank\" rel=\"noopener\">dioxyde de chlore (CDS)<\/a> pr\u00eat \u00e0 l&#8217;emploi en flacon de verre ambr\u00e9 de 250 ml avec bouchon doseur et seringue. Notre dioxyde de chlore est g\u00e9n\u00e9r\u00e9 par \u00e9lectrolyse, la m\u00e9thode la plus naturelle et la plus efficace pour produire du CDS.<\/p>\n<h3>Comment g\u00e9n\u00e9rer du dioxyde de chlore CDS pur \u00e0 3000 ppm avec un g\u00e9n\u00e9rateur \u00e9lectrolytique ?<\/h3>\n<p>En compl\u00e9ment de ce produit, vous pourriez \u00eatre int\u00e9ress\u00e9 par <a href=\"https:\/\/lghealth-isystems.eu\/\" target=\"_blank\" rel=\"noopener\">l&rsquo;achat du g\u00e9n\u00e9rateur \u00e9lectrolytique Ultrapure CDS, brevet\u00e9 au niveau mondial,<\/a> qui vous permet de produire du dioxyde de chlore \u00e0 3000 ppm \u00e0 la maison.<\/p>\n","protected":false},"excerpt":{"rendered":"<p>Chlorite de sodium 25% (pr\u00e9curseur) + acide chlorhydrique HCL 4% (activateur) en flacons de verre ambr\u00e9 de 250 ml et en flacons de plastique alimentaire (PP) sans BPA de 120 ml et 60 ml. Comprend un bouchon \u00e0 vis scell\u00e9 avec un compte-gouttes pour un dosage pr\u00e9cis et facile.<\/p>\n<p>Ce kit id\u00e9al pour la production de dioxyde de chlore (MMS) contient deux produits :<\/p>\n<ul>\n<li><strong>Chlorite de sodium 25% liquide<\/strong> : Pr\u00e9curseur permettant d&rsquo;obtenir <em>in situ<\/em>, avec la combinaison de l&rsquo;activateur, un biocide (dioxyde de chlore) pour la potabilisation de l&rsquo;eau destin\u00e9e \u00e0 la consommation humaine et animale.<\/li>\n<li><strong>Acide chlorhydrique liquide 4%<\/strong> : Activateur permettant d&rsquo;obtenir <em>in situ<\/em>, avec la combinaison du pr\u00e9curseur, un biocide (dioxyde de chlore) pour la potabilisation de l&rsquo;eau destin\u00e9e \u00e0 la consommation humaine et animale.<\/li>\n<\/ul>\n","protected":false},"featured_media":10774,"comment_status":"open","ping_status":"closed","template":"","meta":[],"product_brand":[],"product_cat":[148],"product_tag":[],"class_list":{"0":"post-10878","1":"product","2":"type-product","3":"status-publish","4":"has-post-thumbnail","6":"product_cat-kit-de-traitement-de-leau-potable","8":"first","9":"instock","10":"taxable","11":"shipping-taxable","12":"purchasable","13":"product-type-variable"},"yoast_head":"<!-- This site is optimized with the Yoast SEO plugin v27.5 - https:\/\/yoast.com\/product\/yoast-seo-wordpress\/ -->\n<title>Kit d&#039;activation et de purification de l&#039;eau au chlorite de sodium | O7-Organic<\/title>\n<meta name=\"description\" content=\"Acheter Chlorite de sodium 25% + Activateur 4% pour la production de MMS (Dioxyde de chlore). Flacons en verre ambr\u00e9 avec compte-gouttes.\" \/>\n<meta name=\"robots\" content=\"index, follow, max-snippet:-1, max-image-preview:large, max-video-preview:-1\" \/>\n<link rel=\"canonical\" href=\"https:\/\/o7-organic.com\/fr\/acheter\/chlorite-de-sodium-25-activateur-acide-chlorhydrique-4-comprend-un-bouchon-avec-un-compte-gouttes\/\" \/>\n<meta property=\"og:locale\" content=\"fr_FR\" \/>\n<meta property=\"og:type\" content=\"article\" \/>\n<meta property=\"og:title\" content=\"Kit d&#039;activation et de purification de l&#039;eau au chlorite de sodium | O7-Organic\" \/>\n<meta property=\"og:description\" content=\"Acheter Chlorite de sodium 25% + Activateur 4% pour la production de MMS (Dioxyde de chlore). Flacons en verre ambr\u00e9 avec compte-gouttes.\" \/>\n<meta property=\"og:url\" content=\"https:\/\/o7-organic.com\/fr\/acheter\/chlorite-de-sodium-25-activateur-acide-chlorhydrique-4-comprend-un-bouchon-avec-un-compte-gouttes\/\" \/>\n<meta property=\"og:site_name\" content=\"O7-Organic\" \/>\n<meta property=\"og:image\" content=\"https:\/\/o7-organic.com\/wp-content\/uploads\/2023\/03\/Clorito-Cristal-250ml_resultado.jpg\" \/>\n\t<meta property=\"og:image:width\" content=\"1000\" \/>\n\t<meta property=\"og:image:height\" content=\"1000\" \/>\n\t<meta property=\"og:image:type\" content=\"image\/jpeg\" \/>\n<meta name=\"twitter:card\" content=\"summary_large_image\" \/>\n<meta name=\"twitter:label1\" content=\"Dur\u00e9e de lecture estim\u00e9e\" \/>\n\t<meta name=\"twitter:data1\" content=\"2 minutes\" \/>\n<script type=\"application\/ld+json\" class=\"yoast-schema-graph\">{\"@context\":\"https:\\\/\\\/schema.org\",\"@graph\":[{\"@type\":\"WebPage\",\"@id\":\"https:\\\/\\\/o7-organic.com\\\/fr\\\/acheter\\\/chlorite-de-sodium-25-activateur-acide-chlorhydrique-4-comprend-un-bouchon-avec-un-compte-gouttes\\\/\",\"url\":\"https:\\\/\\\/o7-organic.com\\\/fr\\\/acheter\\\/chlorite-de-sodium-25-activateur-acide-chlorhydrique-4-comprend-un-bouchon-avec-un-compte-gouttes\\\/\",\"name\":\"Kit d'activation et de purification de l'eau au chlorite de sodium | O7-Organic\",\"isPartOf\":{\"@id\":\"https:\\\/\\\/o7-organic.com\\\/#website\"},\"primaryImageOfPage\":{\"@id\":\"https:\\\/\\\/o7-organic.com\\\/fr\\\/acheter\\\/chlorite-de-sodium-25-activateur-acide-chlorhydrique-4-comprend-un-bouchon-avec-un-compte-gouttes\\\/#primaryimage\"},\"image\":{\"@id\":\"https:\\\/\\\/o7-organic.com\\\/fr\\\/acheter\\\/chlorite-de-sodium-25-activateur-acide-chlorhydrique-4-comprend-un-bouchon-avec-un-compte-gouttes\\\/#primaryimage\"},\"thumbnailUrl\":\"https:\\\/\\\/o7-organic.com\\\/wp-content\\\/uploads\\\/2023\\\/03\\\/Clorito-Cristal-250ml_resultado.jpg\",\"datePublished\":\"2023-03-08T12:54:59+00:00\",\"description\":\"Acheter Chlorite de sodium 25% + Activateur 4% pour la production de MMS (Dioxyde de chlore). Flacons en verre ambr\u00e9 avec compte-gouttes.\",\"breadcrumb\":{\"@id\":\"https:\\\/\\\/o7-organic.com\\\/fr\\\/acheter\\\/chlorite-de-sodium-25-activateur-acide-chlorhydrique-4-comprend-un-bouchon-avec-un-compte-gouttes\\\/#breadcrumb\"},\"inLanguage\":\"fr-FR\",\"potentialAction\":[{\"@type\":\"ReadAction\",\"target\":[\"https:\\\/\\\/o7-organic.com\\\/fr\\\/acheter\\\/chlorite-de-sodium-25-activateur-acide-chlorhydrique-4-comprend-un-bouchon-avec-un-compte-gouttes\\\/\"]}]},{\"@type\":\"ImageObject\",\"inLanguage\":\"fr-FR\",\"@id\":\"https:\\\/\\\/o7-organic.com\\\/fr\\\/acheter\\\/chlorite-de-sodium-25-activateur-acide-chlorhydrique-4-comprend-un-bouchon-avec-un-compte-gouttes\\\/#primaryimage\",\"url\":\"https:\\\/\\\/o7-organic.com\\\/wp-content\\\/uploads\\\/2023\\\/03\\\/Clorito-Cristal-250ml_resultado.jpg\",\"contentUrl\":\"https:\\\/\\\/o7-organic.com\\\/wp-content\\\/uploads\\\/2023\\\/03\\\/Clorito-Cristal-250ml_resultado.jpg\",\"width\":1000,\"height\":1000},{\"@type\":\"BreadcrumbList\",\"@id\":\"https:\\\/\\\/o7-organic.com\\\/fr\\\/acheter\\\/chlorite-de-sodium-25-activateur-acide-chlorhydrique-4-comprend-un-bouchon-avec-un-compte-gouttes\\\/#breadcrumb\",\"itemListElement\":[{\"@type\":\"ListItem\",\"position\":1,\"name\":\"Portada\",\"item\":\"https:\\\/\\\/o7-organic.com\\\/\"},{\"@type\":\"ListItem\",\"position\":2,\"name\":\"Boutique\",\"item\":\"https:\\\/\\\/o7-organic.com\\\/fr\\\/boutique\\\/\"},{\"@type\":\"ListItem\",\"position\":3,\"name\":\"Chlorite de sodium 25% + activateur (acide chlorhydrique) 4%. Comprend un bouchon avec un compte-gouttes.\"}]},{\"@type\":\"WebSite\",\"@id\":\"https:\\\/\\\/o7-organic.com\\\/#website\",\"url\":\"https:\\\/\\\/o7-organic.com\\\/\",\"name\":\"O7-Organic\",\"description\":\"Innovaci\u00f3n en salud a tu alcance\",\"publisher\":{\"@id\":\"https:\\\/\\\/o7-organic.com\\\/#organization\"},\"potentialAction\":[{\"@type\":\"SearchAction\",\"target\":{\"@type\":\"EntryPoint\",\"urlTemplate\":\"https:\\\/\\\/o7-organic.com\\\/?s={search_term_string}\"},\"query-input\":{\"@type\":\"PropertyValueSpecification\",\"valueRequired\":true,\"valueName\":\"search_term_string\"}}],\"inLanguage\":\"fr-FR\"},{\"@type\":\"Organization\",\"@id\":\"https:\\\/\\\/o7-organic.com\\\/#organization\",\"name\":\"O7-Organic\",\"url\":\"https:\\\/\\\/o7-organic.com\\\/\",\"logo\":{\"@type\":\"ImageObject\",\"inLanguage\":\"fr-FR\",\"@id\":\"https:\\\/\\\/o7-organic.com\\\/#\\\/schema\\\/logo\\\/image\\\/\",\"url\":\"https:\\\/\\\/o7-organic.com\\\/wp-content\\\/uploads\\\/2023\\\/03\\\/logo_o7_organic.png\",\"contentUrl\":\"https:\\\/\\\/o7-organic.com\\\/wp-content\\\/uploads\\\/2023\\\/03\\\/logo_o7_organic.png\",\"width\":512,\"height\":512,\"caption\":\"O7-Organic\"},\"image\":{\"@id\":\"https:\\\/\\\/o7-organic.com\\\/#\\\/schema\\\/logo\\\/image\\\/\"},\"sameAs\":[\"https:\\\/\\\/www.instagram.com\\\/o7organic\\\/\"]}]}<\/script>\n<!-- \/ Yoast SEO plugin. -->","yoast_head_json":{"title":"Kit d'activation et de purification de l'eau au chlorite de sodium | O7-Organic","description":"Acheter Chlorite de sodium 25% + Activateur 4% pour la production de MMS (Dioxyde de chlore). Flacons en verre ambr\u00e9 avec compte-gouttes.","robots":{"index":"index","follow":"follow","max-snippet":"max-snippet:-1","max-image-preview":"max-image-preview:large","max-video-preview":"max-video-preview:-1"},"canonical":"https:\/\/o7-organic.com\/fr\/acheter\/chlorite-de-sodium-25-activateur-acide-chlorhydrique-4-comprend-un-bouchon-avec-un-compte-gouttes\/","og_locale":"fr_FR","og_type":"article","og_title":"Kit d'activation et de purification de l'eau au chlorite de sodium | O7-Organic","og_description":"Acheter Chlorite de sodium 25% + Activateur 4% pour la production de MMS (Dioxyde de chlore). Flacons en verre ambr\u00e9 avec compte-gouttes.","og_url":"https:\/\/o7-organic.com\/fr\/acheter\/chlorite-de-sodium-25-activateur-acide-chlorhydrique-4-comprend-un-bouchon-avec-un-compte-gouttes\/","og_site_name":"O7-Organic","og_image":[{"width":1000,"height":1000,"url":"https:\/\/o7-organic.com\/wp-content\/uploads\/2023\/03\/Clorito-Cristal-250ml_resultado.jpg","type":"image\/jpeg"}],"twitter_card":"summary_large_image","twitter_misc":{"Dur\u00e9e de lecture estim\u00e9e":"2 minutes"},"schema":{"@context":"https:\/\/schema.org","@graph":[{"@type":"WebPage","@id":"https:\/\/o7-organic.com\/fr\/acheter\/chlorite-de-sodium-25-activateur-acide-chlorhydrique-4-comprend-un-bouchon-avec-un-compte-gouttes\/","url":"https:\/\/o7-organic.com\/fr\/acheter\/chlorite-de-sodium-25-activateur-acide-chlorhydrique-4-comprend-un-bouchon-avec-un-compte-gouttes\/","name":"Kit d'activation et de purification de l'eau au chlorite de sodium | O7-Organic","isPartOf":{"@id":"https:\/\/o7-organic.com\/#website"},"primaryImageOfPage":{"@id":"https:\/\/o7-organic.com\/fr\/acheter\/chlorite-de-sodium-25-activateur-acide-chlorhydrique-4-comprend-un-bouchon-avec-un-compte-gouttes\/#primaryimage"},"image":{"@id":"https:\/\/o7-organic.com\/fr\/acheter\/chlorite-de-sodium-25-activateur-acide-chlorhydrique-4-comprend-un-bouchon-avec-un-compte-gouttes\/#primaryimage"},"thumbnailUrl":"https:\/\/o7-organic.com\/wp-content\/uploads\/2023\/03\/Clorito-Cristal-250ml_resultado.jpg","datePublished":"2023-03-08T12:54:59+00:00","description":"Acheter Chlorite de sodium 25% + Activateur 4% pour la production de MMS (Dioxyde de chlore). Flacons en verre ambr\u00e9 avec compte-gouttes.","breadcrumb":{"@id":"https:\/\/o7-organic.com\/fr\/acheter\/chlorite-de-sodium-25-activateur-acide-chlorhydrique-4-comprend-un-bouchon-avec-un-compte-gouttes\/#breadcrumb"},"inLanguage":"fr-FR","potentialAction":[{"@type":"ReadAction","target":["https:\/\/o7-organic.com\/fr\/acheter\/chlorite-de-sodium-25-activateur-acide-chlorhydrique-4-comprend-un-bouchon-avec-un-compte-gouttes\/"]}]},{"@type":"ImageObject","inLanguage":"fr-FR","@id":"https:\/\/o7-organic.com\/fr\/acheter\/chlorite-de-sodium-25-activateur-acide-chlorhydrique-4-comprend-un-bouchon-avec-un-compte-gouttes\/#primaryimage","url":"https:\/\/o7-organic.com\/wp-content\/uploads\/2023\/03\/Clorito-Cristal-250ml_resultado.jpg","contentUrl":"https:\/\/o7-organic.com\/wp-content\/uploads\/2023\/03\/Clorito-Cristal-250ml_resultado.jpg","width":1000,"height":1000},{"@type":"BreadcrumbList","@id":"https:\/\/o7-organic.com\/fr\/acheter\/chlorite-de-sodium-25-activateur-acide-chlorhydrique-4-comprend-un-bouchon-avec-un-compte-gouttes\/#breadcrumb","itemListElement":[{"@type":"ListItem","position":1,"name":"Portada","item":"https:\/\/o7-organic.com\/"},{"@type":"ListItem","position":2,"name":"Boutique","item":"https:\/\/o7-organic.com\/fr\/boutique\/"},{"@type":"ListItem","position":3,"name":"Chlorite de sodium 25% + activateur (acide chlorhydrique) 4%. Comprend un bouchon avec un compte-gouttes."}]},{"@type":"WebSite","@id":"https:\/\/o7-organic.com\/#website","url":"https:\/\/o7-organic.com\/","name":"O7-Organic","description":"Innovaci\u00f3n en salud a tu alcance","publisher":{"@id":"https:\/\/o7-organic.com\/#organization"},"potentialAction":[{"@type":"SearchAction","target":{"@type":"EntryPoint","urlTemplate":"https:\/\/o7-organic.com\/?s={search_term_string}"},"query-input":{"@type":"PropertyValueSpecification","valueRequired":true,"valueName":"search_term_string"}}],"inLanguage":"fr-FR"},{"@type":"Organization","@id":"https:\/\/o7-organic.com\/#organization","name":"O7-Organic","url":"https:\/\/o7-organic.com\/","logo":{"@type":"ImageObject","inLanguage":"fr-FR","@id":"https:\/\/o7-organic.com\/#\/schema\/logo\/image\/","url":"https:\/\/o7-organic.com\/wp-content\/uploads\/2023\/03\/logo_o7_organic.png","contentUrl":"https:\/\/o7-organic.com\/wp-content\/uploads\/2023\/03\/logo_o7_organic.png","width":512,"height":512,"caption":"O7-Organic"},"image":{"@id":"https:\/\/o7-organic.com\/#\/schema\/logo\/image\/"},"sameAs":["https:\/\/www.instagram.com\/o7organic\/"]}]}},"_links":{"self":[{"href":"https:\/\/o7-organic.com\/fr\/wp-json\/wp\/v2\/product\/10878","targetHints":{"allow":["GET"]}}],"collection":[{"href":"https:\/\/o7-organic.com\/fr\/wp-json\/wp\/v2\/product"}],"about":[{"href":"https:\/\/o7-organic.com\/fr\/wp-json\/wp\/v2\/types\/product"}],"replies":[{"embeddable":true,"href":"https:\/\/o7-organic.com\/fr\/wp-json\/wp\/v2\/comments?post=10878"}],"version-history":[{"count":0,"href":"https:\/\/o7-organic.com\/fr\/wp-json\/wp\/v2\/product\/10878\/revisions"}],"wp:featuredmedia":[{"embeddable":true,"href":"https:\/\/o7-organic.com\/fr\/wp-json\/wp\/v2\/media\/10774"}],"wp:attachment":[{"href":"https:\/\/o7-organic.com\/fr\/wp-json\/wp\/v2\/media?parent=10878"}],"wp:term":[{"taxonomy":"product_brand","embeddable":true,"href":"https:\/\/o7-organic.com\/fr\/wp-json\/wp\/v2\/product_brand?post=10878"},{"taxonomy":"product_cat","embeddable":true,"href":"https:\/\/o7-organic.com\/fr\/wp-json\/wp\/v2\/product_cat?post=10878"},{"taxonomy":"product_tag","embeddable":true,"href":"https:\/\/o7-organic.com\/fr\/wp-json\/wp\/v2\/product_tag?post=10878"}],"curies":[{"name":"wp","href":"https:\/\/api.w.org\/{rel}","templated":true}]}}