{"id":10877,"date":"2023-03-08T13:25:31","date_gmt":"2023-03-08T13:25:31","guid":{"rendered":"https:\/\/o7-organic.com\/comprar\/mallette-portable-chlorite-de-sodium-activateur-hcl-avec-fermeture-magnetique-compte-gouttes-rechargeable-en-verre-ambre-et-givre-2x30-ml-ideal-pour-les-voyages\/"},"modified":"2023-03-08T13:25:31","modified_gmt":"2023-03-08T13:25:31","slug":"sodium-chlorite-activateur-de-chlorite-etui-porte-cristaux","status":"publish","type":"product","link":"https:\/\/o7-organic.com\/fr\/acheter\/sodium-chlorite-activateur-de-chlorite-etui-porte-cristaux\/","title":{"rendered":"Mallette portable Chlorite de sodium + Activateur (HCL) avec fermeture magn\u00e9tique. Compte-gouttes rechargeable en verre ambr\u00e9 et givr\u00e9. 2&#215;30 ml. Id\u00e9al pour les voyages."},"content":{"rendered":"<h2>\u00c0 quoi sert le kit portable Chlorite de sodium + activateur ?<\/h2>\n<p>La mallette sp\u00e9ciale pour le chlorite de sodium + activateur (HCl) est id\u00e9ale pour emporter le kit de purification de l&rsquo;eau pour la consommation humaine et animale partout o\u00f9 vous allez.<\/p>\n<p>Gr\u00e2ce \u00e0 cet ensemble, vous pourrez obtenir du dioxyde de chlore (MMS) de mani\u00e8re simple, en obtenant une eau pure exempte de bact\u00e9ries, de virus et de champignons.<\/p>\n<h2>Qu&rsquo;est-ce que le kit dessalinisateur + activateur de chlorite de sodium ?<\/h2>\n<p>Le kit O7 pour dessalinisateur biologique se compose de 25 % de chlorite de sodium liquide, commun\u00e9ment appel\u00e9 pr\u00e9curseur, et de 4 % d&rsquo;acide chlorhydrique liquide, \u00e9galement appel\u00e9 activateur.<\/p>\n<p>Ils sont g\u00e9n\u00e9ralement utilis\u00e9s pour la production sur place d&rsquo;un biocide (dioxyde de chlore MMS).<\/p>\n<h2>Qu&rsquo;est-ce qui compose l&rsquo;\u00e9tui magn\u00e9tique Chlorite de sodium + Activateur O7-Organique ?<\/h2>\n<p><span class=\"a-list-item\">Contient un flacon compte-gouttes en verre ambr\u00e9 et un flacon compte-gouttes givr\u00e9 tr\u00e8s r\u00e9sistant et 100 % sans BPA (bisph\u00e9nol A, substance chimique nocive pour la sant\u00e9 et l&rsquo;environnement). <\/span><\/p>\n<p><span class=\"a-list-item\">En bref, les compte-gouttes sont des pipettes en verre avec une t\u00eate en silicone souple pour un dosage confortable et pr\u00e9cis. Les distributeurs sont recyclables, inodores et non toxiques.<\/span><\/p>\n<h3>Comment g\u00e9n\u00e9rer du dioxyde de chlore CDS pur \u00e0 3000 ppm avec un g\u00e9n\u00e9rateur \u00e9lectrolytique ?<\/h3>\n<p>En compl\u00e9ment de ce produit, vous pourriez \u00eatre int\u00e9ress\u00e9 par <a href=\"https:\/\/lghealth-isystems.eu\/\" target=\"_blank\" rel=\"noopener\">l&rsquo;achat du g\u00e9n\u00e9rateur \u00e9lectrolytique Ultrapure CDS, brevet\u00e9 au niveau mondial,<\/a> qui vous permet de produire du dioxyde de chlore \u00e0 3000 ppm \u00e0 la maison.<\/p>\n<h2>La mallette magn\u00e9tique portable de O7-Organic Sodium Chlorite + HCL contient-elle des compte-gouttes remplis d&rsquo;activateur et de pr\u00e9curseur ou sont-ils vides ?<\/h2>\n<p>Notre mallette portable O7-Organic pour le chlorite de sodium + activateur avec fermeture magn\u00e9tique comprend deux flacons compte-gouttes vides (un flacon ambr\u00e9 sp\u00e9cial pour le pr\u00e9curseur, 25 % de chlorite de sodium, et un flacon givr\u00e9 sp\u00e9cial pour l&rsquo;activateur, 4 % d&rsquo;acide chlorhydrique).<\/p>\n<p>D&rsquo;autre part, pour pouvoir recharger les compte-gouttes et les emporter partout avec vous, <a href=\"https:\/\/o7-organic.com\/comprar\/kit-potabilizador-clorito-de-sodio-activador\/?attribute_pa_opciones=kit-clorito-de-sodio-activador-250-ml\">vous pouvez acheter notre kit de dessalinisateur compos\u00e9 de Chlorite de sodium 25% + Activateur 4%.<\/a><\/p>\n<h2>Quelle est la taille des compte-gouttes inclus dans la mallette de transport magn\u00e9tique ?<\/h2>\n<p>Les deux compte-gouttes peuvent contenir 30 ml de chlorite de sodium et d&rsquo;activateur.<\/p>\n","protected":false},"excerpt":{"rendered":"<p>Mallette portative sp\u00e9ciale pour le chlorite de sodium + activateur (chlorhydrique &#8211; HCL) avec fermeture magn\u00e9tique. Ambre (pr\u00e9curseur &#8211; chlorite de sodium) et givr\u00e9 (activateur &#8211; HCL chlorhydrique), compte-gouttes de 30 ml.<\/p>\n<p>Bouchon \u00e0 vis et pipette en verre. Gouttes rechargeables. Id\u00e9al pour les voyages.<\/p>\n<ul>\n<li>Les deux compte-gouttes sont vides. Il s&rsquo;agit de conteneurs qui doivent \u00eatre remplis.<\/li>\n<\/ul>\n","protected":false},"featured_media":10769,"comment_status":"open","ping_status":"closed","template":"","meta":[],"product_brand":[],"product_cat":[143],"product_tag":[],"class_list":{"0":"post-10877","1":"product","2":"type-product","3":"status-publish","4":"has-post-thumbnail","6":"product_cat-recipient-magnetique","8":"first","9":"instock","10":"taxable","11":"shipping-taxable","12":"purchasable","13":"product-type-simple"},"yoast_head":"<!-- This site is optimized with the Yoast SEO plugin v27.4 - https:\/\/yoast.com\/product\/yoast-seo-wordpress\/ -->\n<title>Mallette portable Chlorite de sodium + Activateur (HCL) | O7-Organic<\/title>\n<meta name=\"description\" content=\"Acheter une mallette portable de chlorite de sodium + activateur (chlorhydrique - HCL) avec fermeture magn\u00e9tique. Acheter une mallette portable de chlorite de sodium + activateur (chlorhydrique - HCL) avec fermeture magn\u00e9tique. Id\u00e9al pour les voyages.\" \/>\n<meta name=\"robots\" content=\"index, follow, max-snippet:-1, max-image-preview:large, max-video-preview:-1\" \/>\n<link rel=\"canonical\" href=\"https:\/\/o7-organic.com\/fr\/acheter\/mallette-portable-chlorite-de-sodium-activateur-hcl-avec-fermeture-magnetique-compte-gouttes-rechargeable-en-verre-ambre-et-givre-2x30-ml-ideal-pour-les-voyages\/\" \/>\n<meta property=\"og:locale\" content=\"fr_FR\" \/>\n<meta property=\"og:type\" content=\"article\" \/>\n<meta property=\"og:title\" content=\"Mallette portable Chlorite de sodium + Activateur (HCL) | O7-Organic\" \/>\n<meta property=\"og:description\" content=\"Acheter une mallette portable de chlorite de sodium + activateur (chlorhydrique - HCL) avec fermeture magn\u00e9tique. Acheter une mallette portable de chlorite de sodium + activateur (chlorhydrique - HCL) avec fermeture magn\u00e9tique. Id\u00e9al pour les voyages.\" \/>\n<meta property=\"og:url\" content=\"https:\/\/o7-organic.com\/fr\/acheter\/mallette-portable-chlorite-de-sodium-activateur-hcl-avec-fermeture-magnetique-compte-gouttes-rechargeable-en-verre-ambre-et-givre-2x30-ml-ideal-pour-les-voyages\/\" \/>\n<meta property=\"og:site_name\" content=\"O7-Organic\" \/>\n<meta property=\"og:image\" content=\"https:\/\/o7-organic.com\/wp-content\/uploads\/2023\/03\/Caja-magnetica-goteros-purificador_resultado.jpg\" \/>\n\t<meta property=\"og:image:width\" content=\"1000\" \/>\n\t<meta property=\"og:image:height\" content=\"1000\" \/>\n\t<meta property=\"og:image:type\" content=\"image\/jpeg\" \/>\n<meta name=\"twitter:card\" content=\"summary_large_image\" \/>\n<meta name=\"twitter:label1\" content=\"Dur\u00e9e de lecture estim\u00e9e\" \/>\n\t<meta name=\"twitter:data1\" content=\"2 minutes\" \/>\n<script type=\"application\/ld+json\" class=\"yoast-schema-graph\">{\"@context\":\"https:\\\/\\\/schema.org\",\"@graph\":[{\"@type\":\"WebPage\",\"@id\":\"https:\\\/\\\/o7-organic.com\\\/fr\\\/acheter\\\/mallette-portable-chlorite-de-sodium-activateur-hcl-avec-fermeture-magnetique-compte-gouttes-rechargeable-en-verre-ambre-et-givre-2x30-ml-ideal-pour-les-voyages\\\/\",\"url\":\"https:\\\/\\\/o7-organic.com\\\/fr\\\/acheter\\\/mallette-portable-chlorite-de-sodium-activateur-hcl-avec-fermeture-magnetique-compte-gouttes-rechargeable-en-verre-ambre-et-givre-2x30-ml-ideal-pour-les-voyages\\\/\",\"name\":\"Mallette portable Chlorite de sodium + Activateur (HCL) | O7-Organic\",\"isPartOf\":{\"@id\":\"https:\\\/\\\/o7-organic.com\\\/#website\"},\"primaryImageOfPage\":{\"@id\":\"https:\\\/\\\/o7-organic.com\\\/fr\\\/acheter\\\/mallette-portable-chlorite-de-sodium-activateur-hcl-avec-fermeture-magnetique-compte-gouttes-rechargeable-en-verre-ambre-et-givre-2x30-ml-ideal-pour-les-voyages\\\/#primaryimage\"},\"image\":{\"@id\":\"https:\\\/\\\/o7-organic.com\\\/fr\\\/acheter\\\/mallette-portable-chlorite-de-sodium-activateur-hcl-avec-fermeture-magnetique-compte-gouttes-rechargeable-en-verre-ambre-et-givre-2x30-ml-ideal-pour-les-voyages\\\/#primaryimage\"},\"thumbnailUrl\":\"https:\\\/\\\/o7-organic.com\\\/wp-content\\\/uploads\\\/2023\\\/03\\\/Caja-magnetica-goteros-purificador_resultado.jpg\",\"datePublished\":\"2023-03-08T13:25:31+00:00\",\"description\":\"Acheter une mallette portable de chlorite de sodium + activateur (chlorhydrique - HCL) avec fermeture magn\u00e9tique. Acheter une mallette portable de chlorite de sodium + activateur (chlorhydrique - HCL) avec fermeture magn\u00e9tique. Id\u00e9al pour les voyages.\",\"breadcrumb\":{\"@id\":\"https:\\\/\\\/o7-organic.com\\\/fr\\\/acheter\\\/mallette-portable-chlorite-de-sodium-activateur-hcl-avec-fermeture-magnetique-compte-gouttes-rechargeable-en-verre-ambre-et-givre-2x30-ml-ideal-pour-les-voyages\\\/#breadcrumb\"},\"inLanguage\":\"fr-FR\",\"potentialAction\":[{\"@type\":\"ReadAction\",\"target\":[\"https:\\\/\\\/o7-organic.com\\\/fr\\\/acheter\\\/mallette-portable-chlorite-de-sodium-activateur-hcl-avec-fermeture-magnetique-compte-gouttes-rechargeable-en-verre-ambre-et-givre-2x30-ml-ideal-pour-les-voyages\\\/\"]}]},{\"@type\":\"ImageObject\",\"inLanguage\":\"fr-FR\",\"@id\":\"https:\\\/\\\/o7-organic.com\\\/fr\\\/acheter\\\/mallette-portable-chlorite-de-sodium-activateur-hcl-avec-fermeture-magnetique-compte-gouttes-rechargeable-en-verre-ambre-et-givre-2x30-ml-ideal-pour-les-voyages\\\/#primaryimage\",\"url\":\"https:\\\/\\\/o7-organic.com\\\/wp-content\\\/uploads\\\/2023\\\/03\\\/Caja-magnetica-goteros-purificador_resultado.jpg\",\"contentUrl\":\"https:\\\/\\\/o7-organic.com\\\/wp-content\\\/uploads\\\/2023\\\/03\\\/Caja-magnetica-goteros-purificador_resultado.jpg\",\"width\":1000,\"height\":1000},{\"@type\":\"BreadcrumbList\",\"@id\":\"https:\\\/\\\/o7-organic.com\\\/fr\\\/acheter\\\/mallette-portable-chlorite-de-sodium-activateur-hcl-avec-fermeture-magnetique-compte-gouttes-rechargeable-en-verre-ambre-et-givre-2x30-ml-ideal-pour-les-voyages\\\/#breadcrumb\",\"itemListElement\":[{\"@type\":\"ListItem\",\"position\":1,\"name\":\"Portada\",\"item\":\"https:\\\/\\\/o7-organic.com\\\/\"},{\"@type\":\"ListItem\",\"position\":2,\"name\":\"Boutique\",\"item\":\"https:\\\/\\\/o7-organic.com\\\/fr\\\/boutique\\\/\"},{\"@type\":\"ListItem\",\"position\":3,\"name\":\"Mallette portable Chlorite de sodium + Activateur (HCL) avec fermeture magn\u00e9tique. Compte-gouttes rechargeable en verre ambr\u00e9 et givr\u00e9. 2&#215;30 ml. Id\u00e9al pour les voyages.\"}]},{\"@type\":\"WebSite\",\"@id\":\"https:\\\/\\\/o7-organic.com\\\/#website\",\"url\":\"https:\\\/\\\/o7-organic.com\\\/\",\"name\":\"O7-Organic\",\"description\":\"Innovaci\u00f3n en salud a tu alcance\",\"publisher\":{\"@id\":\"https:\\\/\\\/o7-organic.com\\\/#organization\"},\"potentialAction\":[{\"@type\":\"SearchAction\",\"target\":{\"@type\":\"EntryPoint\",\"urlTemplate\":\"https:\\\/\\\/o7-organic.com\\\/?s={search_term_string}\"},\"query-input\":{\"@type\":\"PropertyValueSpecification\",\"valueRequired\":true,\"valueName\":\"search_term_string\"}}],\"inLanguage\":\"fr-FR\"},{\"@type\":\"Organization\",\"@id\":\"https:\\\/\\\/o7-organic.com\\\/#organization\",\"name\":\"O7-Organic\",\"url\":\"https:\\\/\\\/o7-organic.com\\\/\",\"logo\":{\"@type\":\"ImageObject\",\"inLanguage\":\"fr-FR\",\"@id\":\"https:\\\/\\\/o7-organic.com\\\/#\\\/schema\\\/logo\\\/image\\\/\",\"url\":\"https:\\\/\\\/o7-organic.com\\\/wp-content\\\/uploads\\\/2023\\\/03\\\/logo_o7_organic.png\",\"contentUrl\":\"https:\\\/\\\/o7-organic.com\\\/wp-content\\\/uploads\\\/2023\\\/03\\\/logo_o7_organic.png\",\"width\":512,\"height\":512,\"caption\":\"O7-Organic\"},\"image\":{\"@id\":\"https:\\\/\\\/o7-organic.com\\\/#\\\/schema\\\/logo\\\/image\\\/\"},\"sameAs\":[\"https:\\\/\\\/www.instagram.com\\\/o7organic\\\/\"]}]}<\/script>\n<!-- \/ Yoast SEO plugin. -->","yoast_head_json":{"title":"Mallette portable Chlorite de sodium + Activateur (HCL) | O7-Organic","description":"Acheter une mallette portable de chlorite de sodium + activateur (chlorhydrique - HCL) avec fermeture magn\u00e9tique. Acheter une mallette portable de chlorite de sodium + activateur (chlorhydrique - HCL) avec fermeture magn\u00e9tique. Id\u00e9al pour les voyages.","robots":{"index":"index","follow":"follow","max-snippet":"max-snippet:-1","max-image-preview":"max-image-preview:large","max-video-preview":"max-video-preview:-1"},"canonical":"https:\/\/o7-organic.com\/fr\/acheter\/mallette-portable-chlorite-de-sodium-activateur-hcl-avec-fermeture-magnetique-compte-gouttes-rechargeable-en-verre-ambre-et-givre-2x30-ml-ideal-pour-les-voyages\/","og_locale":"fr_FR","og_type":"article","og_title":"Mallette portable Chlorite de sodium + Activateur (HCL) | O7-Organic","og_description":"Acheter une mallette portable de chlorite de sodium + activateur (chlorhydrique - HCL) avec fermeture magn\u00e9tique. Acheter une mallette portable de chlorite de sodium + activateur (chlorhydrique - HCL) avec fermeture magn\u00e9tique. Id\u00e9al pour les voyages.","og_url":"https:\/\/o7-organic.com\/fr\/acheter\/mallette-portable-chlorite-de-sodium-activateur-hcl-avec-fermeture-magnetique-compte-gouttes-rechargeable-en-verre-ambre-et-givre-2x30-ml-ideal-pour-les-voyages\/","og_site_name":"O7-Organic","og_image":[{"width":1000,"height":1000,"url":"https:\/\/o7-organic.com\/wp-content\/uploads\/2023\/03\/Caja-magnetica-goteros-purificador_resultado.jpg","type":"image\/jpeg"}],"twitter_card":"summary_large_image","twitter_misc":{"Dur\u00e9e de lecture estim\u00e9e":"2 minutes"},"schema":{"@context":"https:\/\/schema.org","@graph":[{"@type":"WebPage","@id":"https:\/\/o7-organic.com\/fr\/acheter\/mallette-portable-chlorite-de-sodium-activateur-hcl-avec-fermeture-magnetique-compte-gouttes-rechargeable-en-verre-ambre-et-givre-2x30-ml-ideal-pour-les-voyages\/","url":"https:\/\/o7-organic.com\/fr\/acheter\/mallette-portable-chlorite-de-sodium-activateur-hcl-avec-fermeture-magnetique-compte-gouttes-rechargeable-en-verre-ambre-et-givre-2x30-ml-ideal-pour-les-voyages\/","name":"Mallette portable Chlorite de sodium + Activateur (HCL) | O7-Organic","isPartOf":{"@id":"https:\/\/o7-organic.com\/#website"},"primaryImageOfPage":{"@id":"https:\/\/o7-organic.com\/fr\/acheter\/mallette-portable-chlorite-de-sodium-activateur-hcl-avec-fermeture-magnetique-compte-gouttes-rechargeable-en-verre-ambre-et-givre-2x30-ml-ideal-pour-les-voyages\/#primaryimage"},"image":{"@id":"https:\/\/o7-organic.com\/fr\/acheter\/mallette-portable-chlorite-de-sodium-activateur-hcl-avec-fermeture-magnetique-compte-gouttes-rechargeable-en-verre-ambre-et-givre-2x30-ml-ideal-pour-les-voyages\/#primaryimage"},"thumbnailUrl":"https:\/\/o7-organic.com\/wp-content\/uploads\/2023\/03\/Caja-magnetica-goteros-purificador_resultado.jpg","datePublished":"2023-03-08T13:25:31+00:00","description":"Acheter une mallette portable de chlorite de sodium + activateur (chlorhydrique - HCL) avec fermeture magn\u00e9tique. Acheter une mallette portable de chlorite de sodium + activateur (chlorhydrique - HCL) avec fermeture magn\u00e9tique. Id\u00e9al pour les voyages.","breadcrumb":{"@id":"https:\/\/o7-organic.com\/fr\/acheter\/mallette-portable-chlorite-de-sodium-activateur-hcl-avec-fermeture-magnetique-compte-gouttes-rechargeable-en-verre-ambre-et-givre-2x30-ml-ideal-pour-les-voyages\/#breadcrumb"},"inLanguage":"fr-FR","potentialAction":[{"@type":"ReadAction","target":["https:\/\/o7-organic.com\/fr\/acheter\/mallette-portable-chlorite-de-sodium-activateur-hcl-avec-fermeture-magnetique-compte-gouttes-rechargeable-en-verre-ambre-et-givre-2x30-ml-ideal-pour-les-voyages\/"]}]},{"@type":"ImageObject","inLanguage":"fr-FR","@id":"https:\/\/o7-organic.com\/fr\/acheter\/mallette-portable-chlorite-de-sodium-activateur-hcl-avec-fermeture-magnetique-compte-gouttes-rechargeable-en-verre-ambre-et-givre-2x30-ml-ideal-pour-les-voyages\/#primaryimage","url":"https:\/\/o7-organic.com\/wp-content\/uploads\/2023\/03\/Caja-magnetica-goteros-purificador_resultado.jpg","contentUrl":"https:\/\/o7-organic.com\/wp-content\/uploads\/2023\/03\/Caja-magnetica-goteros-purificador_resultado.jpg","width":1000,"height":1000},{"@type":"BreadcrumbList","@id":"https:\/\/o7-organic.com\/fr\/acheter\/mallette-portable-chlorite-de-sodium-activateur-hcl-avec-fermeture-magnetique-compte-gouttes-rechargeable-en-verre-ambre-et-givre-2x30-ml-ideal-pour-les-voyages\/#breadcrumb","itemListElement":[{"@type":"ListItem","position":1,"name":"Portada","item":"https:\/\/o7-organic.com\/"},{"@type":"ListItem","position":2,"name":"Boutique","item":"https:\/\/o7-organic.com\/fr\/boutique\/"},{"@type":"ListItem","position":3,"name":"Mallette portable Chlorite de sodium + Activateur (HCL) avec fermeture magn\u00e9tique. Compte-gouttes rechargeable en verre ambr\u00e9 et givr\u00e9. 2&#215;30 ml. Id\u00e9al pour les voyages."}]},{"@type":"WebSite","@id":"https:\/\/o7-organic.com\/#website","url":"https:\/\/o7-organic.com\/","name":"O7-Organic","description":"Innovaci\u00f3n en salud a tu alcance","publisher":{"@id":"https:\/\/o7-organic.com\/#organization"},"potentialAction":[{"@type":"SearchAction","target":{"@type":"EntryPoint","urlTemplate":"https:\/\/o7-organic.com\/?s={search_term_string}"},"query-input":{"@type":"PropertyValueSpecification","valueRequired":true,"valueName":"search_term_string"}}],"inLanguage":"fr-FR"},{"@type":"Organization","@id":"https:\/\/o7-organic.com\/#organization","name":"O7-Organic","url":"https:\/\/o7-organic.com\/","logo":{"@type":"ImageObject","inLanguage":"fr-FR","@id":"https:\/\/o7-organic.com\/#\/schema\/logo\/image\/","url":"https:\/\/o7-organic.com\/wp-content\/uploads\/2023\/03\/logo_o7_organic.png","contentUrl":"https:\/\/o7-organic.com\/wp-content\/uploads\/2023\/03\/logo_o7_organic.png","width":512,"height":512,"caption":"O7-Organic"},"image":{"@id":"https:\/\/o7-organic.com\/#\/schema\/logo\/image\/"},"sameAs":["https:\/\/www.instagram.com\/o7organic\/"]}]}},"_links":{"self":[{"href":"https:\/\/o7-organic.com\/fr\/wp-json\/wp\/v2\/product\/10877","targetHints":{"allow":["GET"]}}],"collection":[{"href":"https:\/\/o7-organic.com\/fr\/wp-json\/wp\/v2\/product"}],"about":[{"href":"https:\/\/o7-organic.com\/fr\/wp-json\/wp\/v2\/types\/product"}],"replies":[{"embeddable":true,"href":"https:\/\/o7-organic.com\/fr\/wp-json\/wp\/v2\/comments?post=10877"}],"version-history":[{"count":0,"href":"https:\/\/o7-organic.com\/fr\/wp-json\/wp\/v2\/product\/10877\/revisions"}],"wp:featuredmedia":[{"embeddable":true,"href":"https:\/\/o7-organic.com\/fr\/wp-json\/wp\/v2\/media\/10769"}],"wp:attachment":[{"href":"https:\/\/o7-organic.com\/fr\/wp-json\/wp\/v2\/media?parent=10877"}],"wp:term":[{"taxonomy":"product_brand","embeddable":true,"href":"https:\/\/o7-organic.com\/fr\/wp-json\/wp\/v2\/product_brand?post=10877"},{"taxonomy":"product_cat","embeddable":true,"href":"https:\/\/o7-organic.com\/fr\/wp-json\/wp\/v2\/product_cat?post=10877"},{"taxonomy":"product_tag","embeddable":true,"href":"https:\/\/o7-organic.com\/fr\/wp-json\/wp\/v2\/product_tag?post=10877"}],"curies":[{"name":"wp","href":"https:\/\/api.w.org\/{rel}","templated":true}]}}