{"id":10872,"date":"2023-03-08T13:34:17","date_gmt":"2023-03-08T13:34:17","guid":{"rendered":"https:\/\/o7-organic.com\/comprar\/chlorite-de-sodium-en-poudre-80-comprend-une-mesure-pour-un-dosage-precis\/"},"modified":"2023-03-08T13:34:17","modified_gmt":"2023-03-08T13:34:17","slug":"sodium-chlorite-poudre-pure-cacite-poudre-dosage","status":"publish","type":"product","link":"https:\/\/o7-organic.com\/fr\/acheter\/sodium-chlorite-poudre-pure-cacite-poudre-dosage\/","title":{"rendered":"Chlorite de sodium en poudre 80%. Comprend une mesure pour un dosage pr\u00e9cis."},"content":{"rendered":"<h2>Qu&rsquo;est-ce que le chlorite de sodium ?<\/h2>\n<p>Le chlorite de sodium en poudre 80% est une poudre cristalline blanche qui se dissout dans l&rsquo;eau, ce qui en fait une solution efficace pour une grande vari\u00e9t\u00e9 d&rsquo;applications.<\/p>\n<h2>\u00c0 quoi sert le chlorite de sodium en poudre ?<\/h2>\n<div class=\"group w-full text-gray-800 dark:text-gray-100 border-b border-black\/10 dark:border-gray-900\/50 bg-gray-50 dark:bg-[#444654]\">\n<div class=\"text-base gap-4 md:gap-6 md:max-w-2xl lg:max-w-2xl xl:max-w-3xl p-4 md:py-6 flex lg:px-0 m-auto\">\n<div class=\"relative flex w-[calc(100%-50px)] flex-col gap-1 md:gap-3 lg:w-[calc(100%-115px)]\">\n<div class=\"flex flex-grow flex-col gap-3\">\n<div class=\"min-h-[20px] flex flex-col items-start gap-4 whitespace-pre-wrap\">\n<div class=\"markdown prose w-full break-words dark:prose-invert light\">\n<p>Le chlorite de sodium en poudre \u00e0 80 % est utilis\u00e9 comme agent de blanchiment dans la fabrication de la p\u00e2te et du papier, ainsi que dans la production de textiles et de produits chimiques. Il est consid\u00e9r\u00e9 comme un puissant agent d\u00e9sinfectant.<\/p>\n<p>En outre, le chlorite de sodium en poudre \u00e0 80 % est utilis\u00e9 pour la purification de l&rsquo;eau. C&rsquo;est un oxydant puissant qui peut d\u00e9truire une grande vari\u00e9t\u00e9 de micro-organismes, y compris les bact\u00e9ries, les virus et les champignons.<\/p>\n<p>C&rsquo;est pourquoi il est utilis\u00e9 pour la d\u00e9sinfection de l&rsquo;eau potable et l&rsquo;\u00e9limination des micro-organismes des eaux us\u00e9es.<\/p>\n<h2>Avantages et utilisations du chlorite de sodium en poudre<\/h2>\n<p>Parmi tous les avantages et utilisations du chlorite de sodium, nous soulignons les suivants :<\/p>\n<ol>\n<li>Agent de purification de l&rsquo;eau pour l&rsquo;eau destin\u00e9e \u00e0 la consommation humaine<\/li>\n<li>D\u00e9sinfection des fruits et l\u00e9gumes<\/li>\n<li>St\u00e9rilisation des zones m\u00e9dicales et des instruments<\/li>\n<li>Nettoyage des produits d&rsquo;hygi\u00e8ne bucco-dentaire<\/li>\n<\/ol>\n<h2>Comment g\u00e9n\u00e9rer du CDS pur \u00e0 3000 ppm avec un g\u00e9n\u00e9rateur \u00e9lectrolytique + du chlorite de sodium en poudre \u00e0 80%.<\/h2>\n<p>Afin de produire du dioxyde de chlore avec notre poudre de chlorite de sodium, vous pourriez \u00eatre int\u00e9ress\u00e9 par <a href=\"https:\/\/lghealth-isystems.eu\/\" target=\"_blank\" rel=\"noopener\">l&rsquo;achat du g\u00e9n\u00e9rateur \u00e9lectrolytique Ultrapure CDS brevet\u00e9 dans le monde entier,<\/a> qui vous aidera \u00e0 produire du dioxyde de chlore \u00e0 3000 ppm \u00e0 la maison. Comprend une mesure de 15 ml.<\/p>\n<p>Pour g\u00e9n\u00e9rer du <a href=\"https:\/\/o7-organic.com\/comprar\/dioxido-de-cloro-cds-3000-ppm\/\" target=\"_blank\" rel=\"noopener\">dioxyde de chlore (CDS) \u00e0 3000 ppm<\/a>, on utilise de la poudre de chlorite \u00e0 80%.<\/p>\n<h2>Formats de chlorite de sodium disponibles<\/h2>\n<p>Ce produit est disponible en deux formats : 300 g et 1 kg.<\/p>\n<h3>Contre-indications<\/h3>\n<p>Le chlorite de sodium en poudre doit \u00eatre utilis\u00e9 avec pr\u00e9caution. Lire l&rsquo;\u00e9tiquette du produit et se r\u00e9f\u00e9rer \u00e0 la <a href=\"https:\/\/o7-organic.com\/wp-content\/uploads\/2023\/03\/ES-FDS-CLORITO-SODICO-Ed.3.pdf\" target=\"_blank\" rel=\"noopener\">fiche de donn\u00e9es de s\u00e9curit\u00e9<\/a> pour plus d&rsquo;informations.<\/p>\n<\/div>\n<\/div>\n<\/div>\n<\/div>\n<\/div>\n<\/div>\n","protected":false},"excerpt":{"rendered":"<div class=\"group w-full text-gray-800 dark:text-gray-100 border-b border-black\/10 dark:border-gray-900\/50 bg-gray-50 dark:bg-[#444654]\">\n<div class=\"text-base gap-4 md:gap-6 md:max-w-2xl lg:max-w-2xl xl:max-w-3xl p-4 md:py-6 flex lg:px-0 m-auto\">\n<div class=\"relative flex w-[calc(100%-50px)] flex-col gap-1 md:gap-3 lg:w-[calc(100%-115px)]\">\n<div class=\"flex flex-grow flex-col gap-3\">\n<div class=\"min-h-[20px] flex flex-col items-start gap-4 whitespace-pre-wrap\">\n<div class=\"markdown prose w-full break-words dark:prose-invert light\">\n<p>Le chlorite de sodium en poudre 80% est un compos\u00e9 chimique utilis\u00e9 dans une vari\u00e9t\u00e9 d&rsquo;applications industrielles et commerciales. Il s&rsquo;agit d&rsquo;un produit hautement concentr\u00e9 et de grande qualit\u00e9 utilis\u00e9 pour le traitement et la d\u00e9sinfection de l&rsquo;eau.<\/p>\n<p>Il est utilis\u00e9 dans la production de produits de nettoyage et de d\u00e9sinfectants, ainsi que dans la purification de l&rsquo;eau destin\u00e9e \u00e0 la consommation humaine et animale.<\/p>\n<p>Le chlorite de sodium en poudre 80% est une solution efficace pour une grande vari\u00e9t\u00e9 d&rsquo;applications.<\/p>\n<p>&nbsp;<\/p>\n<\/div>\n<\/div>\n<\/div>\n<\/div>\n<\/div>\n<\/div>\n","protected":false},"featured_media":10749,"comment_status":"open","ping_status":"closed","template":"","meta":[],"product_brand":[],"product_cat":[129],"product_tag":[],"class_list":{"0":"post-10872","1":"product","2":"type-product","3":"status-publish","4":"has-post-thumbnail","6":"product_cat-chlorite-de-sodium-en-poudre","8":"first","9":"instock","10":"sale","11":"taxable","12":"shipping-taxable","13":"purchasable","14":"product-type-variable"},"yoast_head":"<!-- This site is optimized with the Yoast SEO plugin v27.4 - https:\/\/yoast.com\/product\/yoast-seo-wordpress\/ -->\n<title>Chlorite de sodium en poudre 80%. Cacito Dosificador | O7-Organic<\/title>\n<meta name=\"description\" content=\"Acheter du chlorite de sodium en poudre 80% (NaClO2) pour la d\u00e9sinfection de l&#039;eau destin\u00e9e \u00e0 la consommation humaine et animale. Comprend une mesure de 15 ml.\" \/>\n<meta name=\"robots\" content=\"index, follow, max-snippet:-1, max-image-preview:large, max-video-preview:-1\" \/>\n<link rel=\"canonical\" href=\"https:\/\/o7-organic.com\/fr\/acheter\/chlorite-de-sodium-en-poudre-80-comprend-une-mesure-pour-un-dosage-precis\/\" \/>\n<meta property=\"og:locale\" content=\"fr_FR\" \/>\n<meta property=\"og:type\" content=\"article\" \/>\n<meta property=\"og:title\" content=\"Chlorite de sodium en poudre 80%. Cacito Dosificador | O7-Organic\" \/>\n<meta property=\"og:description\" content=\"Acheter du chlorite de sodium en poudre 80% (NaClO2) pour la d\u00e9sinfection de l&#039;eau destin\u00e9e \u00e0 la consommation humaine et animale. Comprend une mesure de 15 ml.\" \/>\n<meta property=\"og:url\" content=\"https:\/\/o7-organic.com\/fr\/acheter\/chlorite-de-sodium-en-poudre-80-comprend-une-mesure-pour-un-dosage-precis\/\" \/>\n<meta property=\"og:site_name\" content=\"O7-Organic\" \/>\n<meta property=\"og:image\" content=\"https:\/\/o7-organic.com\/wp-content\/uploads\/2023\/03\/Clorito-polvo-300gr_resultado.jpg\" \/>\n\t<meta property=\"og:image:width\" content=\"1000\" \/>\n\t<meta property=\"og:image:height\" content=\"1000\" \/>\n\t<meta property=\"og:image:type\" content=\"image\/jpeg\" \/>\n<meta name=\"twitter:card\" content=\"summary_large_image\" \/>\n<meta name=\"twitter:label1\" content=\"Dur\u00e9e de lecture estim\u00e9e\" \/>\n\t<meta name=\"twitter:data1\" content=\"2 minutes\" \/>\n<script type=\"application\/ld+json\" class=\"yoast-schema-graph\">{\"@context\":\"https:\\\/\\\/schema.org\",\"@graph\":[{\"@type\":\"WebPage\",\"@id\":\"https:\\\/\\\/o7-organic.com\\\/fr\\\/acheter\\\/chlorite-de-sodium-en-poudre-80-comprend-une-mesure-pour-un-dosage-precis\\\/\",\"url\":\"https:\\\/\\\/o7-organic.com\\\/fr\\\/acheter\\\/chlorite-de-sodium-en-poudre-80-comprend-une-mesure-pour-un-dosage-precis\\\/\",\"name\":\"Chlorite de sodium en poudre 80%. Cacito Dosificador | O7-Organic\",\"isPartOf\":{\"@id\":\"https:\\\/\\\/o7-organic.com\\\/#website\"},\"primaryImageOfPage\":{\"@id\":\"https:\\\/\\\/o7-organic.com\\\/fr\\\/acheter\\\/chlorite-de-sodium-en-poudre-80-comprend-une-mesure-pour-un-dosage-precis\\\/#primaryimage\"},\"image\":{\"@id\":\"https:\\\/\\\/o7-organic.com\\\/fr\\\/acheter\\\/chlorite-de-sodium-en-poudre-80-comprend-une-mesure-pour-un-dosage-precis\\\/#primaryimage\"},\"thumbnailUrl\":\"https:\\\/\\\/o7-organic.com\\\/wp-content\\\/uploads\\\/2023\\\/03\\\/Clorito-polvo-300gr_resultado.jpg\",\"datePublished\":\"2023-03-08T13:34:17+00:00\",\"description\":\"Acheter du chlorite de sodium en poudre 80% (NaClO2) pour la d\u00e9sinfection de l'eau destin\u00e9e \u00e0 la consommation humaine et animale. Comprend une mesure de 15 ml.\",\"breadcrumb\":{\"@id\":\"https:\\\/\\\/o7-organic.com\\\/fr\\\/acheter\\\/chlorite-de-sodium-en-poudre-80-comprend-une-mesure-pour-un-dosage-precis\\\/#breadcrumb\"},\"inLanguage\":\"fr-FR\",\"potentialAction\":[{\"@type\":\"ReadAction\",\"target\":[\"https:\\\/\\\/o7-organic.com\\\/fr\\\/acheter\\\/chlorite-de-sodium-en-poudre-80-comprend-une-mesure-pour-un-dosage-precis\\\/\"]}]},{\"@type\":\"ImageObject\",\"inLanguage\":\"fr-FR\",\"@id\":\"https:\\\/\\\/o7-organic.com\\\/fr\\\/acheter\\\/chlorite-de-sodium-en-poudre-80-comprend-une-mesure-pour-un-dosage-precis\\\/#primaryimage\",\"url\":\"https:\\\/\\\/o7-organic.com\\\/wp-content\\\/uploads\\\/2023\\\/03\\\/Clorito-polvo-300gr_resultado.jpg\",\"contentUrl\":\"https:\\\/\\\/o7-organic.com\\\/wp-content\\\/uploads\\\/2023\\\/03\\\/Clorito-polvo-300gr_resultado.jpg\",\"width\":1000,\"height\":1000},{\"@type\":\"BreadcrumbList\",\"@id\":\"https:\\\/\\\/o7-organic.com\\\/fr\\\/acheter\\\/chlorite-de-sodium-en-poudre-80-comprend-une-mesure-pour-un-dosage-precis\\\/#breadcrumb\",\"itemListElement\":[{\"@type\":\"ListItem\",\"position\":1,\"name\":\"Portada\",\"item\":\"https:\\\/\\\/o7-organic.com\\\/\"},{\"@type\":\"ListItem\",\"position\":2,\"name\":\"Boutique\",\"item\":\"https:\\\/\\\/o7-organic.com\\\/fr\\\/boutique\\\/\"},{\"@type\":\"ListItem\",\"position\":3,\"name\":\"Chlorite de sodium en poudre 80%. Comprend une mesure pour un dosage pr\u00e9cis.\"}]},{\"@type\":\"WebSite\",\"@id\":\"https:\\\/\\\/o7-organic.com\\\/#website\",\"url\":\"https:\\\/\\\/o7-organic.com\\\/\",\"name\":\"O7-Organic\",\"description\":\"Innovaci\u00f3n en salud a tu alcance\",\"publisher\":{\"@id\":\"https:\\\/\\\/o7-organic.com\\\/#organization\"},\"potentialAction\":[{\"@type\":\"SearchAction\",\"target\":{\"@type\":\"EntryPoint\",\"urlTemplate\":\"https:\\\/\\\/o7-organic.com\\\/?s={search_term_string}\"},\"query-input\":{\"@type\":\"PropertyValueSpecification\",\"valueRequired\":true,\"valueName\":\"search_term_string\"}}],\"inLanguage\":\"fr-FR\"},{\"@type\":\"Organization\",\"@id\":\"https:\\\/\\\/o7-organic.com\\\/#organization\",\"name\":\"O7-Organic\",\"url\":\"https:\\\/\\\/o7-organic.com\\\/\",\"logo\":{\"@type\":\"ImageObject\",\"inLanguage\":\"fr-FR\",\"@id\":\"https:\\\/\\\/o7-organic.com\\\/#\\\/schema\\\/logo\\\/image\\\/\",\"url\":\"https:\\\/\\\/o7-organic.com\\\/wp-content\\\/uploads\\\/2023\\\/03\\\/logo_o7_organic.png\",\"contentUrl\":\"https:\\\/\\\/o7-organic.com\\\/wp-content\\\/uploads\\\/2023\\\/03\\\/logo_o7_organic.png\",\"width\":512,\"height\":512,\"caption\":\"O7-Organic\"},\"image\":{\"@id\":\"https:\\\/\\\/o7-organic.com\\\/#\\\/schema\\\/logo\\\/image\\\/\"},\"sameAs\":[\"https:\\\/\\\/www.instagram.com\\\/o7organic\\\/\"]}]}<\/script>\n<!-- \/ Yoast SEO plugin. -->","yoast_head_json":{"title":"Chlorite de sodium en poudre 80%. Cacito Dosificador | O7-Organic","description":"Acheter du chlorite de sodium en poudre 80% (NaClO2) pour la d\u00e9sinfection de l'eau destin\u00e9e \u00e0 la consommation humaine et animale. Comprend une mesure de 15 ml.","robots":{"index":"index","follow":"follow","max-snippet":"max-snippet:-1","max-image-preview":"max-image-preview:large","max-video-preview":"max-video-preview:-1"},"canonical":"https:\/\/o7-organic.com\/fr\/acheter\/chlorite-de-sodium-en-poudre-80-comprend-une-mesure-pour-un-dosage-precis\/","og_locale":"fr_FR","og_type":"article","og_title":"Chlorite de sodium en poudre 80%. Cacito Dosificador | O7-Organic","og_description":"Acheter du chlorite de sodium en poudre 80% (NaClO2) pour la d\u00e9sinfection de l'eau destin\u00e9e \u00e0 la consommation humaine et animale. Comprend une mesure de 15 ml.","og_url":"https:\/\/o7-organic.com\/fr\/acheter\/chlorite-de-sodium-en-poudre-80-comprend-une-mesure-pour-un-dosage-precis\/","og_site_name":"O7-Organic","og_image":[{"width":1000,"height":1000,"url":"https:\/\/o7-organic.com\/wp-content\/uploads\/2023\/03\/Clorito-polvo-300gr_resultado.jpg","type":"image\/jpeg"}],"twitter_card":"summary_large_image","twitter_misc":{"Dur\u00e9e de lecture estim\u00e9e":"2 minutes"},"schema":{"@context":"https:\/\/schema.org","@graph":[{"@type":"WebPage","@id":"https:\/\/o7-organic.com\/fr\/acheter\/chlorite-de-sodium-en-poudre-80-comprend-une-mesure-pour-un-dosage-precis\/","url":"https:\/\/o7-organic.com\/fr\/acheter\/chlorite-de-sodium-en-poudre-80-comprend-une-mesure-pour-un-dosage-precis\/","name":"Chlorite de sodium en poudre 80%. Cacito Dosificador | O7-Organic","isPartOf":{"@id":"https:\/\/o7-organic.com\/#website"},"primaryImageOfPage":{"@id":"https:\/\/o7-organic.com\/fr\/acheter\/chlorite-de-sodium-en-poudre-80-comprend-une-mesure-pour-un-dosage-precis\/#primaryimage"},"image":{"@id":"https:\/\/o7-organic.com\/fr\/acheter\/chlorite-de-sodium-en-poudre-80-comprend-une-mesure-pour-un-dosage-precis\/#primaryimage"},"thumbnailUrl":"https:\/\/o7-organic.com\/wp-content\/uploads\/2023\/03\/Clorito-polvo-300gr_resultado.jpg","datePublished":"2023-03-08T13:34:17+00:00","description":"Acheter du chlorite de sodium en poudre 80% (NaClO2) pour la d\u00e9sinfection de l'eau destin\u00e9e \u00e0 la consommation humaine et animale. Comprend une mesure de 15 ml.","breadcrumb":{"@id":"https:\/\/o7-organic.com\/fr\/acheter\/chlorite-de-sodium-en-poudre-80-comprend-une-mesure-pour-un-dosage-precis\/#breadcrumb"},"inLanguage":"fr-FR","potentialAction":[{"@type":"ReadAction","target":["https:\/\/o7-organic.com\/fr\/acheter\/chlorite-de-sodium-en-poudre-80-comprend-une-mesure-pour-un-dosage-precis\/"]}]},{"@type":"ImageObject","inLanguage":"fr-FR","@id":"https:\/\/o7-organic.com\/fr\/acheter\/chlorite-de-sodium-en-poudre-80-comprend-une-mesure-pour-un-dosage-precis\/#primaryimage","url":"https:\/\/o7-organic.com\/wp-content\/uploads\/2023\/03\/Clorito-polvo-300gr_resultado.jpg","contentUrl":"https:\/\/o7-organic.com\/wp-content\/uploads\/2023\/03\/Clorito-polvo-300gr_resultado.jpg","width":1000,"height":1000},{"@type":"BreadcrumbList","@id":"https:\/\/o7-organic.com\/fr\/acheter\/chlorite-de-sodium-en-poudre-80-comprend-une-mesure-pour-un-dosage-precis\/#breadcrumb","itemListElement":[{"@type":"ListItem","position":1,"name":"Portada","item":"https:\/\/o7-organic.com\/"},{"@type":"ListItem","position":2,"name":"Boutique","item":"https:\/\/o7-organic.com\/fr\/boutique\/"},{"@type":"ListItem","position":3,"name":"Chlorite de sodium en poudre 80%. Comprend une mesure pour un dosage pr\u00e9cis."}]},{"@type":"WebSite","@id":"https:\/\/o7-organic.com\/#website","url":"https:\/\/o7-organic.com\/","name":"O7-Organic","description":"Innovaci\u00f3n en salud a tu alcance","publisher":{"@id":"https:\/\/o7-organic.com\/#organization"},"potentialAction":[{"@type":"SearchAction","target":{"@type":"EntryPoint","urlTemplate":"https:\/\/o7-organic.com\/?s={search_term_string}"},"query-input":{"@type":"PropertyValueSpecification","valueRequired":true,"valueName":"search_term_string"}}],"inLanguage":"fr-FR"},{"@type":"Organization","@id":"https:\/\/o7-organic.com\/#organization","name":"O7-Organic","url":"https:\/\/o7-organic.com\/","logo":{"@type":"ImageObject","inLanguage":"fr-FR","@id":"https:\/\/o7-organic.com\/#\/schema\/logo\/image\/","url":"https:\/\/o7-organic.com\/wp-content\/uploads\/2023\/03\/logo_o7_organic.png","contentUrl":"https:\/\/o7-organic.com\/wp-content\/uploads\/2023\/03\/logo_o7_organic.png","width":512,"height":512,"caption":"O7-Organic"},"image":{"@id":"https:\/\/o7-organic.com\/#\/schema\/logo\/image\/"},"sameAs":["https:\/\/www.instagram.com\/o7organic\/"]}]}},"_links":{"self":[{"href":"https:\/\/o7-organic.com\/fr\/wp-json\/wp\/v2\/product\/10872","targetHints":{"allow":["GET"]}}],"collection":[{"href":"https:\/\/o7-organic.com\/fr\/wp-json\/wp\/v2\/product"}],"about":[{"href":"https:\/\/o7-organic.com\/fr\/wp-json\/wp\/v2\/types\/product"}],"replies":[{"embeddable":true,"href":"https:\/\/o7-organic.com\/fr\/wp-json\/wp\/v2\/comments?post=10872"}],"version-history":[{"count":0,"href":"https:\/\/o7-organic.com\/fr\/wp-json\/wp\/v2\/product\/10872\/revisions"}],"wp:featuredmedia":[{"embeddable":true,"href":"https:\/\/o7-organic.com\/fr\/wp-json\/wp\/v2\/media\/10749"}],"wp:attachment":[{"href":"https:\/\/o7-organic.com\/fr\/wp-json\/wp\/v2\/media?parent=10872"}],"wp:term":[{"taxonomy":"product_brand","embeddable":true,"href":"https:\/\/o7-organic.com\/fr\/wp-json\/wp\/v2\/product_brand?post=10872"},{"taxonomy":"product_cat","embeddable":true,"href":"https:\/\/o7-organic.com\/fr\/wp-json\/wp\/v2\/product_cat?post=10872"},{"taxonomy":"product_tag","embeddable":true,"href":"https:\/\/o7-organic.com\/fr\/wp-json\/wp\/v2\/product_tag?post=10872"}],"curies":[{"name":"wp","href":"https:\/\/api.w.org\/{rel}","templated":true}]}}