{"id":10869,"date":"2023-03-30T07:47:00","date_gmt":"2023-03-30T07:47:00","guid":{"rendered":"https:\/\/o7-organic.com\/comprar\/zeolite-en-poudre-200-g-zeolith-med-poudres-de-desintoxication-vulkanmineralien\/"},"modified":"2023-03-30T07:47:00","modified_gmt":"2023-03-30T07:47:00","slug":"zeolite-med-200-g-in-detox-dust","status":"publish","type":"product","link":"https:\/\/o7-organic.com\/fr\/acheter\/zeolite-med-200-g-in-detox-dust\/","title":{"rendered":"Z\u00e9olite en poudre 200 g. Zeolith MED\u00ae. Poudres de d\u00e9sintoxication. Vulkanmineralien."},"content":{"rendered":"<div class=\"group w-full text-gray-800 dark:text-gray-100 border-b border-black\/10 dark:border-gray-900\/50 bg-gray-50 dark:bg-[#444654]\">\n<div class=\"text-base gap-4 md:gap-6 md:max-w-2xl lg:max-w-xl xl:max-w-3xl p-4 md:py-6 flex lg:px-0 m-auto\">\n<div class=\"relative flex w-[calc(100%-50px)] flex-col gap-1 md:gap-3 lg:w-[calc(100%-115px)]\">\n<div class=\"flex flex-grow flex-col gap-3\">\n<div class=\"min-h-[20px] flex flex-col items-start gap-4 whitespace-pre-wrap\">\n<div class=\"markdown prose w-full break-words dark:prose-invert light\">\n<h2>Acheter de la poudre de z\u00e9olite<\/h2>\n<p>La poudre de z\u00e9olithe Vulkanmineralien 200 g est un produit naturel et efficace utilis\u00e9 pour l&rsquo;\u00e9limination des toxines de l&rsquo;organisme.<\/p>\n<h2>Qu&rsquo;est-ce que la z\u00e9olithe ?<\/h2>\n<p>La z\u00e9olite est un min\u00e9ral microporeux dot\u00e9 d&rsquo;une structure cristalline tridimensionnelle unique qui lui permet d&rsquo;agir comme un tamis mol\u00e9culaire, permettant \u00e0 certaines mol\u00e9cules de passer \u00e0 travers ses pores tandis que d&rsquo;autres sont retenues. La z\u00e9olite en poudre 200g est un produit de haute qualit\u00e9 qui a \u00e9t\u00e9 soigneusement trait\u00e9 pour pr\u00e9server sa structure mol\u00e9culaire unique et garantir une efficacit\u00e9 maximale.<\/p>\n<h2>Poudre de z\u00e9olithe pour la d\u00e9sintoxication<\/h2>\n<p>Ce produit est particuli\u00e8rement utile pour les personnes r\u00e9guli\u00e8rement expos\u00e9es aux polluants environnementaux, tels que les m\u00e9taux lourds, les toxines chimiques et les radicaux libres. Il est \u00e9galement utile pour ceux qui cherchent \u00e0 am\u00e9liorer leur \u00e9tat de sant\u00e9 g\u00e9n\u00e9ral, \u00e0 r\u00e9duire l&rsquo;inflammation et \u00e0 renforcer leur syst\u00e8me immunitaire.<\/p>\n<p>La z\u00e9olite peut \u00eatre utilis\u00e9e quotidiennement dans le cadre d&rsquo;un r\u00e9gime de bien-\u00eatre global.<\/p>\n<h3>Zeolite enregistr\u00e9 aupr\u00e8s du minist\u00e8re de la sant\u00e9 &#8211; 100% l\u00e9gal<\/h3>\n<p>Zeolite est un produit s\u00fbr et fiable qui a \u00e9t\u00e9 enregistr\u00e9 aupr\u00e8s du minist\u00e8re de la sant\u00e9 sous le num\u00e9ro PS \/ 2018\/6022.<\/p>\n<h3>Poudre de z\u00e9olithe pour l&rsquo;\u00e9limination des m\u00e9taux lourds<\/h3>\n<p>Ce produit peut \u00eatre utilis\u00e9 en toute confiance pour \u00e9liminer les m\u00e9taux lourds tels que le mercure, le plomb et le cadmium, ainsi que l&rsquo;aluminium, l&rsquo;ammonium et l&rsquo;histamine. Le produit est facile \u00e0 utiliser et peut \u00eatre m\u00e9lang\u00e9 \u00e0 des liquides ou \u00e0 des aliments, ce qui le rend pratique et accessible \u00e0 tous.<\/p>\n<h3>Pourquoi acheter de la poudre de z\u00e9olite ?<\/h3>\n<p>En r\u00e9sum\u00e9, Zeolite Powder 200g est un produit naturel et efficace qui peut contribuer \u00e0 am\u00e9liorer la sant\u00e9 et le bien-\u00eatre en g\u00e9n\u00e9ral. Gr\u00e2ce \u00e0 sa capacit\u00e9 \u00e0 \u00e9liminer les toxines de l&rsquo;organisme et \u00e0 renforcer le syst\u00e8me immunitaire, ce produit est un excellent choix pour ceux qui cherchent \u00e0 am\u00e9liorer leur qualit\u00e9 de vie de mani\u00e8re s\u00fbre et efficace. Avec son enregistrement aupr\u00e8s du Minist\u00e8re de la Sant\u00e9 et sa haute qualit\u00e9, la poudre de z\u00e9olithe &#8211; 200g est un choix fiable et efficace pour ceux qui cherchent \u00e0 prendre soin de leur corps et de leur bien-\u00eatre.<\/p>\n<h3>Acheter Zeolite sur Amazon<\/h3>\n<p>Vous pouvez \u00e9galement acheter <a href=\"https:\/\/amzn.to\/40JtxRl\" target=\"_blank\" rel=\"noopener\">Zeolite Powder 200g<\/a> de ce produit sur Amazon.<\/p>\n<h3>Conservation et stockage de la poudre de z\u00e9olithe<\/h3>\n<p>Tenir hors de port\u00e9e des enfants de moins de 6 ans. Refermez toujours l&#8217;emballage apr\u00e8s chaque utilisation. Stocker le produit dans un endroit sec \u00e0 temp\u00e9rature ambiante.<br \/>\nl&rsquo;environnement. La date de p\u00e9remption est imprim\u00e9e sur le fond de l&#8217;emballage. Ne pas utiliser le produit apr\u00e8s la date de p\u00e9remption.<\/p>\n<h3 class=\"text-gray-400 flex self-end lg:self-center justify-center mt-2 gap-2 md:gap-3 lg:gap-1 lg:absolute lg:top-0 lg:translate-x-full lg:right-0 lg:mt-0 lg:pl-2 visible\">Mode d&#8217;emploi de la poudre de z\u00e9olithe<\/h3>\n<p>T\u00e9l\u00e9chargez le PDF avec <a href=\"https:\/\/o7-organic.com\/wp-content\/uploads\/2023\/03\/instrucciones_de_uso_zeolita-polvo.pdf\">le mode d&#8217;emploi de la poudre de z\u00e9olith<\/a>e selon le fabricant. O7-Organic n&rsquo;est pas responsable de l&rsquo;utilisation recommand\u00e9e par le fabricant. Consultez votre m\u00e9decin avant d&rsquo;appliquer ce produit m\u00e9dical.<\/p>\n<h2>Acheter du dioxyde de chlore (CDS) \u00e0 3000 ppm | DMSO | Kit de purification de l&rsquo;eau | Chlorite de sodium en poudre<\/h2>\n<p>Dans <a href=\"https:\/\/o7-organic.com\/tienda\/\">notre magasin<\/a>, vous trouverez ces produits sous la marque O7-Organic.<\/p>\n<\/div>\n<\/div>\n<\/div>\n<\/div>\n<\/div>\n<\/div>\n","protected":false},"excerpt":{"rendered":"<div class=\"group w-full text-gray-800 dark:text-gray-100 border-b border-black\/10 dark:border-gray-900\/50 bg-gray-50 dark:bg-[#444654]\">\n<div class=\"text-base gap-4 md:gap-6 md:max-w-2xl lg:max-w-xl xl:max-w-3xl p-4 md:py-6 flex lg:px-0 m-auto\">\n<div class=\"relative flex w-[calc(100%-50px)] flex-col gap-1 md:gap-3 lg:w-[calc(100%-115px)]\">\n<div class=\"flex flex-grow flex-col gap-3\">\n<div class=\"min-h-[20px] flex flex-col items-start gap-4 whitespace-pre-wrap\">\n<div class=\"markdown prose w-full break-words dark:prose-invert light\">\n<p>Zeolite MED est un <strong>bior\u00e9gulateur naturel<\/strong> qui peut aider \u00e0 prot\u00e9ger la <strong>sant\u00e9<\/strong> de toute la famille. Ce produit peut \u00eatre utilis\u00e9 quotidiennement pour <strong>pr\u00e9venir et soulager<\/strong> les sympt\u00f4mes li\u00e9s \u00e0 <strong>l&rsquo;accumulation de toxines<\/strong> dans l&rsquo;organisme. La z\u00e9olite MED agit comme une \u00e9ponge naturelle, absorbant et <strong>\u00e9liminant les toxines du corps<\/strong> sans affecter le m\u00e9tabolisme.<\/p>\n<p>Ce produit peut aider \u00e0 <strong>\u00e9liminer les m\u00e9taux lourds<\/strong> tels que le mercure, le plomb et le cadmium, ainsi que l&rsquo;aluminium, l&rsquo;ammonium et l&rsquo;histamine. En outre, D est <strong>Zeolita MEenregistr\u00e9 aupr\u00e8s du minist\u00e8re de la sant\u00e9<\/strong> sous le num\u00e9ro PS \/ 2018\/6022.<\/p>\n<p>Profitez des bienfaits de ce puissant bior\u00e9gulateur naturel pour am\u00e9liorer votre sant\u00e9 et votre bien-\u00eatre !<\/p>\n<\/div>\n<\/div>\n<\/div>\n<\/div>\n<\/div>\n<\/div>\n","protected":false},"featured_media":10809,"comment_status":"open","ping_status":"closed","template":"","meta":[],"product_brand":[],"product_cat":[153],"product_tag":[],"class_list":{"0":"post-10869","1":"product","2":"type-product","3":"status-publish","4":"has-post-thumbnail","6":"product_cat-zeolite-fr","8":"first","9":"instock","10":"taxable","11":"shipping-taxable","12":"purchasable","13":"product-type-simple"},"yoast_head":"<!-- This site is optimized with the Yoast SEO plugin v27.5 - https:\/\/yoast.com\/product\/yoast-seo-wordpress\/ -->\n<title>poudre de z\u00e9olithe Zeolith MED Detox | Vulkanmineralien<\/title>\n<meta name=\"description\" content=\"Acheter de la poudre de z\u00e9olithe aupr\u00e8s de Vulkanmineraien. Poudre min\u00e9rale naturelle 100% pure sans additifs. Z\u00e9olite Clinoptilolite 100% pure.\" \/>\n<meta name=\"robots\" content=\"index, follow, max-snippet:-1, max-image-preview:large, max-video-preview:-1\" \/>\n<link rel=\"canonical\" href=\"https:\/\/o7-organic.com\/fr\/acheter\/zeolite-en-poudre-200-g-zeolith-med-poudres-de-desintoxication-vulkanmineralien\/\" \/>\n<meta property=\"og:locale\" content=\"fr_FR\" \/>\n<meta property=\"og:type\" content=\"article\" \/>\n<meta property=\"og:title\" content=\"poudre de z\u00e9olithe Zeolith MED Detox | Vulkanmineralien\" \/>\n<meta property=\"og:description\" content=\"Acheter de la poudre de z\u00e9olithe aupr\u00e8s de Vulkanmineraien. Poudre min\u00e9rale naturelle 100% pure sans additifs. Z\u00e9olite Clinoptilolite 100% pure.\" \/>\n<meta property=\"og:url\" content=\"https:\/\/o7-organic.com\/fr\/acheter\/zeolite-en-poudre-200-g-zeolith-med-poudres-de-desintoxication-vulkanmineralien\/\" \/>\n<meta property=\"og:site_name\" content=\"O7-Organic\" \/>\n<meta property=\"og:image\" content=\"https:\/\/o7-organic.com\/wp-content\/uploads\/2023\/03\/zeolita-med-vulkan-mineralien-200g-polvos-desintoxicantes.jpg\" \/>\n\t<meta property=\"og:image:width\" content=\"1000\" \/>\n\t<meta property=\"og:image:height\" content=\"1000\" \/>\n\t<meta property=\"og:image:type\" content=\"image\/jpeg\" \/>\n<meta name=\"twitter:card\" content=\"summary_large_image\" \/>\n<meta name=\"twitter:label1\" content=\"Dur\u00e9e de lecture estim\u00e9e\" \/>\n\t<meta name=\"twitter:data1\" content=\"3 minutes\" \/>\n<script type=\"application\/ld+json\" class=\"yoast-schema-graph\">{\"@context\":\"https:\\\/\\\/schema.org\",\"@graph\":[{\"@type\":\"WebPage\",\"@id\":\"https:\\\/\\\/o7-organic.com\\\/fr\\\/acheter\\\/zeolite-en-poudre-200-g-zeolith-med-poudres-de-desintoxication-vulkanmineralien\\\/\",\"url\":\"https:\\\/\\\/o7-organic.com\\\/fr\\\/acheter\\\/zeolite-en-poudre-200-g-zeolith-med-poudres-de-desintoxication-vulkanmineralien\\\/\",\"name\":\"poudre de z\u00e9olithe Zeolith MED Detox | Vulkanmineralien\",\"isPartOf\":{\"@id\":\"https:\\\/\\\/o7-organic.com\\\/#website\"},\"primaryImageOfPage\":{\"@id\":\"https:\\\/\\\/o7-organic.com\\\/fr\\\/acheter\\\/zeolite-en-poudre-200-g-zeolith-med-poudres-de-desintoxication-vulkanmineralien\\\/#primaryimage\"},\"image\":{\"@id\":\"https:\\\/\\\/o7-organic.com\\\/fr\\\/acheter\\\/zeolite-en-poudre-200-g-zeolith-med-poudres-de-desintoxication-vulkanmineralien\\\/#primaryimage\"},\"thumbnailUrl\":\"https:\\\/\\\/o7-organic.com\\\/wp-content\\\/uploads\\\/2023\\\/03\\\/zeolita-med-vulkan-mineralien-200g-polvos-desintoxicantes.jpg\",\"datePublished\":\"2023-03-30T07:47:00+00:00\",\"description\":\"Acheter de la poudre de z\u00e9olithe aupr\u00e8s de Vulkanmineraien. Poudre min\u00e9rale naturelle 100% pure sans additifs. Z\u00e9olite Clinoptilolite 100% pure.\",\"breadcrumb\":{\"@id\":\"https:\\\/\\\/o7-organic.com\\\/fr\\\/acheter\\\/zeolite-en-poudre-200-g-zeolith-med-poudres-de-desintoxication-vulkanmineralien\\\/#breadcrumb\"},\"inLanguage\":\"fr-FR\",\"potentialAction\":[{\"@type\":\"ReadAction\",\"target\":[\"https:\\\/\\\/o7-organic.com\\\/fr\\\/acheter\\\/zeolite-en-poudre-200-g-zeolith-med-poudres-de-desintoxication-vulkanmineralien\\\/\"]}]},{\"@type\":\"ImageObject\",\"inLanguage\":\"fr-FR\",\"@id\":\"https:\\\/\\\/o7-organic.com\\\/fr\\\/acheter\\\/zeolite-en-poudre-200-g-zeolith-med-poudres-de-desintoxication-vulkanmineralien\\\/#primaryimage\",\"url\":\"https:\\\/\\\/o7-organic.com\\\/wp-content\\\/uploads\\\/2023\\\/03\\\/zeolita-med-vulkan-mineralien-200g-polvos-desintoxicantes.jpg\",\"contentUrl\":\"https:\\\/\\\/o7-organic.com\\\/wp-content\\\/uploads\\\/2023\\\/03\\\/zeolita-med-vulkan-mineralien-200g-polvos-desintoxicantes.jpg\",\"width\":1000,\"height\":1000},{\"@type\":\"BreadcrumbList\",\"@id\":\"https:\\\/\\\/o7-organic.com\\\/fr\\\/acheter\\\/zeolite-en-poudre-200-g-zeolith-med-poudres-de-desintoxication-vulkanmineralien\\\/#breadcrumb\",\"itemListElement\":[{\"@type\":\"ListItem\",\"position\":1,\"name\":\"Portada\",\"item\":\"https:\\\/\\\/o7-organic.com\\\/\"},{\"@type\":\"ListItem\",\"position\":2,\"name\":\"Boutique\",\"item\":\"https:\\\/\\\/o7-organic.com\\\/fr\\\/boutique\\\/\"},{\"@type\":\"ListItem\",\"position\":3,\"name\":\"Z\u00e9olite en poudre 200 g. Zeolith MED\u00ae. Poudres de d\u00e9sintoxication. Vulkanmineralien.\"}]},{\"@type\":\"WebSite\",\"@id\":\"https:\\\/\\\/o7-organic.com\\\/#website\",\"url\":\"https:\\\/\\\/o7-organic.com\\\/\",\"name\":\"O7-Organic\",\"description\":\"Innovaci\u00f3n en salud a tu alcance\",\"publisher\":{\"@id\":\"https:\\\/\\\/o7-organic.com\\\/#organization\"},\"potentialAction\":[{\"@type\":\"SearchAction\",\"target\":{\"@type\":\"EntryPoint\",\"urlTemplate\":\"https:\\\/\\\/o7-organic.com\\\/?s={search_term_string}\"},\"query-input\":{\"@type\":\"PropertyValueSpecification\",\"valueRequired\":true,\"valueName\":\"search_term_string\"}}],\"inLanguage\":\"fr-FR\"},{\"@type\":\"Organization\",\"@id\":\"https:\\\/\\\/o7-organic.com\\\/#organization\",\"name\":\"O7-Organic\",\"url\":\"https:\\\/\\\/o7-organic.com\\\/\",\"logo\":{\"@type\":\"ImageObject\",\"inLanguage\":\"fr-FR\",\"@id\":\"https:\\\/\\\/o7-organic.com\\\/#\\\/schema\\\/logo\\\/image\\\/\",\"url\":\"https:\\\/\\\/o7-organic.com\\\/wp-content\\\/uploads\\\/2023\\\/03\\\/logo_o7_organic.png\",\"contentUrl\":\"https:\\\/\\\/o7-organic.com\\\/wp-content\\\/uploads\\\/2023\\\/03\\\/logo_o7_organic.png\",\"width\":512,\"height\":512,\"caption\":\"O7-Organic\"},\"image\":{\"@id\":\"https:\\\/\\\/o7-organic.com\\\/#\\\/schema\\\/logo\\\/image\\\/\"},\"sameAs\":[\"https:\\\/\\\/www.instagram.com\\\/o7organic\\\/\"]}]}<\/script>\n<!-- \/ Yoast SEO plugin. -->","yoast_head_json":{"title":"poudre de z\u00e9olithe Zeolith MED Detox | Vulkanmineralien","description":"Acheter de la poudre de z\u00e9olithe aupr\u00e8s de Vulkanmineraien. Poudre min\u00e9rale naturelle 100% pure sans additifs. Z\u00e9olite Clinoptilolite 100% pure.","robots":{"index":"index","follow":"follow","max-snippet":"max-snippet:-1","max-image-preview":"max-image-preview:large","max-video-preview":"max-video-preview:-1"},"canonical":"https:\/\/o7-organic.com\/fr\/acheter\/zeolite-en-poudre-200-g-zeolith-med-poudres-de-desintoxication-vulkanmineralien\/","og_locale":"fr_FR","og_type":"article","og_title":"poudre de z\u00e9olithe Zeolith MED Detox | Vulkanmineralien","og_description":"Acheter de la poudre de z\u00e9olithe aupr\u00e8s de Vulkanmineraien. Poudre min\u00e9rale naturelle 100% pure sans additifs. Z\u00e9olite Clinoptilolite 100% pure.","og_url":"https:\/\/o7-organic.com\/fr\/acheter\/zeolite-en-poudre-200-g-zeolith-med-poudres-de-desintoxication-vulkanmineralien\/","og_site_name":"O7-Organic","og_image":[{"width":1000,"height":1000,"url":"https:\/\/o7-organic.com\/wp-content\/uploads\/2023\/03\/zeolita-med-vulkan-mineralien-200g-polvos-desintoxicantes.jpg","type":"image\/jpeg"}],"twitter_card":"summary_large_image","twitter_misc":{"Dur\u00e9e de lecture estim\u00e9e":"3 minutes"},"schema":{"@context":"https:\/\/schema.org","@graph":[{"@type":"WebPage","@id":"https:\/\/o7-organic.com\/fr\/acheter\/zeolite-en-poudre-200-g-zeolith-med-poudres-de-desintoxication-vulkanmineralien\/","url":"https:\/\/o7-organic.com\/fr\/acheter\/zeolite-en-poudre-200-g-zeolith-med-poudres-de-desintoxication-vulkanmineralien\/","name":"poudre de z\u00e9olithe Zeolith MED Detox | Vulkanmineralien","isPartOf":{"@id":"https:\/\/o7-organic.com\/#website"},"primaryImageOfPage":{"@id":"https:\/\/o7-organic.com\/fr\/acheter\/zeolite-en-poudre-200-g-zeolith-med-poudres-de-desintoxication-vulkanmineralien\/#primaryimage"},"image":{"@id":"https:\/\/o7-organic.com\/fr\/acheter\/zeolite-en-poudre-200-g-zeolith-med-poudres-de-desintoxication-vulkanmineralien\/#primaryimage"},"thumbnailUrl":"https:\/\/o7-organic.com\/wp-content\/uploads\/2023\/03\/zeolita-med-vulkan-mineralien-200g-polvos-desintoxicantes.jpg","datePublished":"2023-03-30T07:47:00+00:00","description":"Acheter de la poudre de z\u00e9olithe aupr\u00e8s de Vulkanmineraien. Poudre min\u00e9rale naturelle 100% pure sans additifs. Z\u00e9olite Clinoptilolite 100% pure.","breadcrumb":{"@id":"https:\/\/o7-organic.com\/fr\/acheter\/zeolite-en-poudre-200-g-zeolith-med-poudres-de-desintoxication-vulkanmineralien\/#breadcrumb"},"inLanguage":"fr-FR","potentialAction":[{"@type":"ReadAction","target":["https:\/\/o7-organic.com\/fr\/acheter\/zeolite-en-poudre-200-g-zeolith-med-poudres-de-desintoxication-vulkanmineralien\/"]}]},{"@type":"ImageObject","inLanguage":"fr-FR","@id":"https:\/\/o7-organic.com\/fr\/acheter\/zeolite-en-poudre-200-g-zeolith-med-poudres-de-desintoxication-vulkanmineralien\/#primaryimage","url":"https:\/\/o7-organic.com\/wp-content\/uploads\/2023\/03\/zeolita-med-vulkan-mineralien-200g-polvos-desintoxicantes.jpg","contentUrl":"https:\/\/o7-organic.com\/wp-content\/uploads\/2023\/03\/zeolita-med-vulkan-mineralien-200g-polvos-desintoxicantes.jpg","width":1000,"height":1000},{"@type":"BreadcrumbList","@id":"https:\/\/o7-organic.com\/fr\/acheter\/zeolite-en-poudre-200-g-zeolith-med-poudres-de-desintoxication-vulkanmineralien\/#breadcrumb","itemListElement":[{"@type":"ListItem","position":1,"name":"Portada","item":"https:\/\/o7-organic.com\/"},{"@type":"ListItem","position":2,"name":"Boutique","item":"https:\/\/o7-organic.com\/fr\/boutique\/"},{"@type":"ListItem","position":3,"name":"Z\u00e9olite en poudre 200 g. Zeolith MED\u00ae. Poudres de d\u00e9sintoxication. Vulkanmineralien."}]},{"@type":"WebSite","@id":"https:\/\/o7-organic.com\/#website","url":"https:\/\/o7-organic.com\/","name":"O7-Organic","description":"Innovaci\u00f3n en salud a tu alcance","publisher":{"@id":"https:\/\/o7-organic.com\/#organization"},"potentialAction":[{"@type":"SearchAction","target":{"@type":"EntryPoint","urlTemplate":"https:\/\/o7-organic.com\/?s={search_term_string}"},"query-input":{"@type":"PropertyValueSpecification","valueRequired":true,"valueName":"search_term_string"}}],"inLanguage":"fr-FR"},{"@type":"Organization","@id":"https:\/\/o7-organic.com\/#organization","name":"O7-Organic","url":"https:\/\/o7-organic.com\/","logo":{"@type":"ImageObject","inLanguage":"fr-FR","@id":"https:\/\/o7-organic.com\/#\/schema\/logo\/image\/","url":"https:\/\/o7-organic.com\/wp-content\/uploads\/2023\/03\/logo_o7_organic.png","contentUrl":"https:\/\/o7-organic.com\/wp-content\/uploads\/2023\/03\/logo_o7_organic.png","width":512,"height":512,"caption":"O7-Organic"},"image":{"@id":"https:\/\/o7-organic.com\/#\/schema\/logo\/image\/"},"sameAs":["https:\/\/www.instagram.com\/o7organic\/"]}]}},"_links":{"self":[{"href":"https:\/\/o7-organic.com\/fr\/wp-json\/wp\/v2\/product\/10869","targetHints":{"allow":["GET"]}}],"collection":[{"href":"https:\/\/o7-organic.com\/fr\/wp-json\/wp\/v2\/product"}],"about":[{"href":"https:\/\/o7-organic.com\/fr\/wp-json\/wp\/v2\/types\/product"}],"replies":[{"embeddable":true,"href":"https:\/\/o7-organic.com\/fr\/wp-json\/wp\/v2\/comments?post=10869"}],"version-history":[{"count":0,"href":"https:\/\/o7-organic.com\/fr\/wp-json\/wp\/v2\/product\/10869\/revisions"}],"wp:featuredmedia":[{"embeddable":true,"href":"https:\/\/o7-organic.com\/fr\/wp-json\/wp\/v2\/media\/10809"}],"wp:attachment":[{"href":"https:\/\/o7-organic.com\/fr\/wp-json\/wp\/v2\/media?parent=10869"}],"wp:term":[{"taxonomy":"product_brand","embeddable":true,"href":"https:\/\/o7-organic.com\/fr\/wp-json\/wp\/v2\/product_brand?post=10869"},{"taxonomy":"product_cat","embeddable":true,"href":"https:\/\/o7-organic.com\/fr\/wp-json\/wp\/v2\/product_cat?post=10869"},{"taxonomy":"product_tag","embeddable":true,"href":"https:\/\/o7-organic.com\/fr\/wp-json\/wp\/v2\/product_tag?post=10869"}],"curies":[{"name":"wp","href":"https:\/\/api.w.org\/{rel}","templated":true}]}}