{"id":10945,"date":"2023-03-08T11:17:21","date_gmt":"2023-03-08T11:17:21","guid":{"rendered":"https:\/\/o7-organic.com\/comprar\/dimethylsulfoxid-999-dmso-braunglasflaschenverschluss-mit-tropfenspender\/"},"modified":"2023-03-08T11:17:21","modified_gmt":"2023-03-08T11:17:21","slug":"dimethylsulfoxid-rein-dmso-dosiertropfer","status":"publish","type":"product","link":"https:\/\/o7-organic.com\/de\/kaufen\/dimethylsulfoxid-rein-dmso-dosiertropfer\/","title":{"rendered":"Dimethylsulfoxid 99,9% (DMSO) &#8211; Braunglasflaschenverschluss mit Tropfenspender."},"content":{"rendered":"<div class=\"w-full border-b border-black\/10 dark:border-gray-900\/50 text-gray-800 dark:text-gray-100 group bg-gray-50 dark:bg-[#444654]\">\n<div class=\"text-base gap-4 md:gap-6 m-auto md:max-w-2xl lg:max-w-2xl xl:max-w-3xl p-4 md:py-6 flex lg:px-0\">\n<div class=\"relative flex w-[calc(100%-50px)] flex-col gap-1 md:gap-3 lg:w-[calc(100%-115px)]\">\n<div class=\"flex flex-grow flex-col gap-3\">\n<div class=\"min-h-[20px] flex flex-col items-start gap-4 whitespace-pre-wrap\">\n<div class=\"markdown prose w-full break-words dark:prose-invert light\">\n<h2>Was ist DMSO?<\/h2>\n<p>DMSO (Dimethylsulfoxid) ist eine sehr vielseitige organische Verbindung. Diese Chemikalie ist f\u00fcr ihre zahlreichen Eigenschaften in verschiedenen Bereichen bekannt.<\/p>\n<div class=\"celwidget aplus-module module-2 aplus-standard\" data-cel-widget=\"aplus-module-2\" data-csa-c-id=\"a3wgd8-k96mfw-8ip42v-4xkxak\">\n<div class=\"a-expander-collapsed-height a-row a-expander-container a-expander-partial-collapse-container\" data-a-expander-name=\"aplus-module-expander\" data-a-expander-collapsed-height=\"700\">\n<div class=\"a-expander-content a-expander-partial-collapse-content\" aria-expanded=\"false\">\n<div class=\"aplus-module-wrapper apm-floatnone apm-fixed-width\">\n<div class=\"apm-sidemodule apm-spacing\">\n<div class=\"apm-sidemodule-textright\">\n<p><span class=\"a-list-item\">Es handelt sich um ein 100% veganes und grausamfreies Produkt.<\/span><\/p>\n<\/div>\n<\/div>\n<\/div>\n<\/div>\n<\/div>\n<\/div>\n<h2>Hochreines DMSO<\/h2>\n<p>Hochwertiges DMSO wird durch ein sorgf\u00e4ltiges und strenges Destillationsverfahren hergestellt, um seine Reinheit und Qualit\u00e4t zu gew\u00e4hrleisten.<\/p>\n<div class=\"w-full border-b border-black\/10 dark:border-gray-900\/50 text-gray-800 dark:text-gray-100 group bg-gray-50 dark:bg-[#444654]\">\n<div class=\"text-base gap-4 md:gap-6 m-auto md:max-w-2xl lg:max-w-2xl xl:max-w-3xl p-4 md:py-6 flex lg:px-0\">\n<div class=\"relative flex w-[calc(100%-50px)] flex-col gap-1 md:gap-3 lg:w-[calc(100%-115px)]\">\n<div class=\"flex flex-grow flex-col gap-3\">\n<div class=\"min-h-[20px] flex flex-col items-start gap-4 whitespace-pre-wrap\">\n<div class=\"markdown prose w-full break-words dark:prose-invert light\">\n<p>Dieses universelle L\u00f6sungsmittel ist sehr vielseitig und kann in Verbindung mit einer Vielzahl von Substanzen sowie in verschiedenen Situationen und auf verschiedenen Oberfl\u00e4chen verwendet werden.<\/p>\n<h2>Wie wird Dimethylsulfoxid verwendet?<\/h2>\n<div class=\"w-full border-b border-black\/10 dark:border-gray-900\/50 text-gray-800 dark:text-gray-100 group bg-gray-50 dark:bg-[#444654]\">\n<div class=\"text-base gap-4 md:gap-6 m-auto md:max-w-2xl lg:max-w-2xl xl:max-w-3xl p-4 md:py-6 flex lg:px-0\">\n<div class=\"relative flex w-[calc(100%-50px)] flex-col gap-1 md:gap-3 lg:w-[calc(100%-115px)]\">\n<div class=\"flex flex-grow flex-col gap-3\">\n<div class=\"min-h-[20px] flex flex-col items-start gap-4 whitespace-pre-wrap\">\n<div class=\"markdown prose w-full break-words dark:prose-invert light\">\n<p>DMSO ist ein hervorragender Verb\u00fcndeter bei der Reinigung und S\u00e4uberung von Oberfl\u00e4chen, ebenso wie andere Chemikalien wie <a href=\"https:\/\/o7-organic.com\/comprar\/dioxido-de-cloro-ultrapuro-cds-3000-ppm\/\">Chlordioxid<\/a>.<\/p>\n<div class=\"w-full border-b border-black\/10 dark:border-gray-900\/50 text-gray-800 dark:text-gray-100 group bg-gray-50 dark:bg-[#444654]\">\n<div class=\"text-base gap-4 md:gap-6 m-auto md:max-w-2xl lg:max-w-2xl xl:max-w-3xl p-4 md:py-6 flex lg:px-0\">\n<div class=\"relative flex w-[calc(100%-50px)] flex-col gap-1 md:gap-3 lg:w-[calc(100%-115px)]\">\n<div class=\"flex flex-grow flex-col gap-3\">\n<div class=\"min-h-[20px] flex flex-col items-start gap-4 whitespace-pre-wrap\">\n<div class=\"result-streaming markdown prose w-full break-words dark:prose-invert light\">\n<p>Vor der Anwendung von Dimethylsulfoxid sind Vorsichtsma\u00dfnahmen zu treffen, da es sich um ein hochwirksames Produkt handelt, das das Eindringen von Stoffen und Chemikalien durch die Haut f\u00f6rdert.<\/p>\n<p>Es wird empfohlen, das Produkt in seiner Originalverpackung aufzubewahren.<\/p>\n<\/div>\n<\/div>\n<\/div>\n<\/div>\n<\/div>\n<\/div>\n<h3>DMSO in Braunglasflasche mit Dosierkappe und Tropfer<\/h3>\n<p>Unser Dimethylsulfoxid wird in einem Braunglasbeh\u00e4lter mit einem Dosiertropfer aufbewahrt, der eine pr\u00e4zise und genaue Anwendung erm\u00f6glicht.<\/p>\n<h3>Wie lagert man DMSO?<\/h3>\n<p>Bewahren Sie das Produkt im Originalbeh\u00e4lter auf <span class=\"gb-headline-text\">und halten Sie es von Hitze, hei\u00dfen Oberfl\u00e4chen und jeglichen Z\u00fcndquellen fern<\/span>.<\/p>\n<h2>Lernen Sie die letzte Neuheit auf dem Markt kennen: Hochreiner elektrolytischer CDL-Generator mit 3000 ppm<\/h2>\n<p>Als Erg\u00e4nzung zu diesem Produkt sind Sie vielleicht am <a href=\"https:\/\/lghealth-isystems.eu\/\" target=\"_blank\" rel=\"noopener\">Kauf des weltweit patentierten elektrolytischen Ultrapure CDL-Generators<\/a> interessiert, mit dem Sie zu Hause Chlordioxid mit 3000 ppm produzieren k\u00f6nnen.<\/p>\n<h3>Unterst\u00fctzung und Kundendienst<\/h3>\n<p>Wenn Sie Fragen zu dem Produkt haben, k\u00f6nnen Sie uns per E-Mail unter folgender Adresse kontaktieren: <a href=\"mailto:store@o7-organic.com\">store@o7-organic.com<\/a><\/p>\n<\/div>\n<\/div>\n<\/div>\n<\/div>\n<\/div>\n<\/div>\n<\/div>\n<\/div>\n<\/div>\n<\/div>\n<\/div>\n<\/div>\n<\/div>\n<\/div>\n<\/div>\n<\/div>\n<\/div>\n<\/div>\n","protected":false},"excerpt":{"rendered":"<p>Das 99,9 % reine Dimethylsulfoxid (DMSO) von O7-Organic ist ein nat\u00fcrliches L\u00f6sungsmittel, das aufgrund seiner vielf\u00e4ltigen Eigenschaften vielseitig einsetzbar ist. Inklusive Dosiertropfer f\u00fcr eine einfache und genaue Dosierung.<\/p>\n","protected":false},"featured_media":10740,"comment_status":"open","ping_status":"closed","template":"","meta":[],"product_brand":[],"product_cat":[134],"product_tag":[],"class_list":{"0":"post-10945","1":"product","2":"type-product","3":"status-publish","4":"has-post-thumbnail","6":"product_cat-dimethylsulfoxid","8":"first","9":"instock","10":"taxable","11":"shipping-taxable","12":"purchasable","13":"product-type-variable"},"yoast_head":"<!-- This site is optimized with the Yoast SEO plugin v27.5 - https:\/\/yoast.com\/product\/yoast-seo-wordpress\/ -->\n<title>Dimethylsulfoxid 99,9% (DMSO) 250 ml | O7-Organic<\/title>\n<meta name=\"description\" content=\"DMSO ist eine organische Fl\u00fcssigkeit mit einem Reinheitsgrad von 99,9 %. Hochwertiges Dimethylsulfoxid. Ideal f\u00fcr eine verst\u00e4rkte Reinigung der Oberfl\u00e4che.\" \/>\n<meta name=\"robots\" content=\"index, follow, max-snippet:-1, max-image-preview:large, max-video-preview:-1\" \/>\n<link rel=\"canonical\" href=\"https:\/\/o7-organic.com\/de\/kaufen\/dimethylsulfoxid-rein-dmso-dosiertropfer\/\" \/>\n<meta property=\"og:locale\" content=\"de_DE\" \/>\n<meta property=\"og:type\" content=\"article\" \/>\n<meta property=\"og:title\" content=\"Dimethylsulfoxid 99,9% (DMSO) 250 ml | O7-Organic\" \/>\n<meta property=\"og:description\" content=\"DMSO ist eine organische Fl\u00fcssigkeit mit einem Reinheitsgrad von 99,9 %. Hochwertiges Dimethylsulfoxid. Ideal f\u00fcr eine verst\u00e4rkte Reinigung der Oberfl\u00e4che.\" \/>\n<meta property=\"og:url\" content=\"https:\/\/o7-organic.com\/de\/kaufen\/dimethylsulfoxid-rein-dmso-dosiertropfer\/\" \/>\n<meta property=\"og:site_name\" content=\"O7-Organic\" \/>\n<meta property=\"og:image\" content=\"https:\/\/o7-organic.com\/wp-content\/uploads\/2023\/03\/dmso-250-ml_resultado.jpg\" \/>\n\t<meta property=\"og:image:width\" content=\"1000\" \/>\n\t<meta property=\"og:image:height\" content=\"1000\" \/>\n\t<meta property=\"og:image:type\" content=\"image\/jpeg\" \/>\n<meta name=\"twitter:card\" content=\"summary_large_image\" \/>\n<meta name=\"twitter:label1\" content=\"Gesch\u00e4tzte Lesezeit\" \/>\n\t<meta name=\"twitter:data1\" content=\"1\u00a0Minute\" \/>\n<script type=\"application\/ld+json\" class=\"yoast-schema-graph\">{\"@context\":\"https:\\\/\\\/schema.org\",\"@graph\":[{\"@type\":\"WebPage\",\"@id\":\"https:\\\/\\\/o7-organic.com\\\/de\\\/kaufen\\\/dimethylsulfoxid-rein-dmso-dosiertropfer\\\/\",\"url\":\"https:\\\/\\\/o7-organic.com\\\/de\\\/kaufen\\\/dimethylsulfoxid-rein-dmso-dosiertropfer\\\/\",\"name\":\"Dimethylsulfoxid 99,9% (DMSO) 250 ml | O7-Organic\",\"isPartOf\":{\"@id\":\"https:\\\/\\\/o7-organic.com\\\/#website\"},\"primaryImageOfPage\":{\"@id\":\"https:\\\/\\\/o7-organic.com\\\/de\\\/kaufen\\\/dimethylsulfoxid-rein-dmso-dosiertropfer\\\/#primaryimage\"},\"image\":{\"@id\":\"https:\\\/\\\/o7-organic.com\\\/de\\\/kaufen\\\/dimethylsulfoxid-rein-dmso-dosiertropfer\\\/#primaryimage\"},\"thumbnailUrl\":\"https:\\\/\\\/o7-organic.com\\\/wp-content\\\/uploads\\\/2023\\\/03\\\/dmso-250-ml_resultado.jpg\",\"datePublished\":\"2023-03-08T11:17:21+00:00\",\"description\":\"DMSO ist eine organische Fl\u00fcssigkeit mit einem Reinheitsgrad von 99,9 %. Hochwertiges Dimethylsulfoxid. Ideal f\u00fcr eine verst\u00e4rkte Reinigung der Oberfl\u00e4che.\",\"breadcrumb\":{\"@id\":\"https:\\\/\\\/o7-organic.com\\\/de\\\/kaufen\\\/dimethylsulfoxid-rein-dmso-dosiertropfer\\\/#breadcrumb\"},\"inLanguage\":\"de\",\"potentialAction\":[{\"@type\":\"ReadAction\",\"target\":[\"https:\\\/\\\/o7-organic.com\\\/de\\\/kaufen\\\/dimethylsulfoxid-rein-dmso-dosiertropfer\\\/\"]}]},{\"@type\":\"ImageObject\",\"inLanguage\":\"de\",\"@id\":\"https:\\\/\\\/o7-organic.com\\\/de\\\/kaufen\\\/dimethylsulfoxid-rein-dmso-dosiertropfer\\\/#primaryimage\",\"url\":\"https:\\\/\\\/o7-organic.com\\\/wp-content\\\/uploads\\\/2023\\\/03\\\/dmso-250-ml_resultado.jpg\",\"contentUrl\":\"https:\\\/\\\/o7-organic.com\\\/wp-content\\\/uploads\\\/2023\\\/03\\\/dmso-250-ml_resultado.jpg\",\"width\":1000,\"height\":1000},{\"@type\":\"BreadcrumbList\",\"@id\":\"https:\\\/\\\/o7-organic.com\\\/de\\\/kaufen\\\/dimethylsulfoxid-rein-dmso-dosiertropfer\\\/#breadcrumb\",\"itemListElement\":[{\"@type\":\"ListItem\",\"position\":1,\"name\":\"Portada\",\"item\":\"https:\\\/\\\/o7-organic.com\\\/\"},{\"@type\":\"ListItem\",\"position\":2,\"name\":\"Shop\",\"item\":\"https:\\\/\\\/o7-organic.com\\\/de\\\/shop\\\/\"},{\"@type\":\"ListItem\",\"position\":3,\"name\":\"Dimethylsulfoxid 99,9% (DMSO) &#8211; Braunglasflaschenverschluss mit Tropfenspender.\"}]},{\"@type\":\"WebSite\",\"@id\":\"https:\\\/\\\/o7-organic.com\\\/#website\",\"url\":\"https:\\\/\\\/o7-organic.com\\\/\",\"name\":\"O7-Organic\",\"description\":\"Innovaci\u00f3n en salud a tu alcance\",\"publisher\":{\"@id\":\"https:\\\/\\\/o7-organic.com\\\/#organization\"},\"potentialAction\":[{\"@type\":\"SearchAction\",\"target\":{\"@type\":\"EntryPoint\",\"urlTemplate\":\"https:\\\/\\\/o7-organic.com\\\/?s={search_term_string}\"},\"query-input\":{\"@type\":\"PropertyValueSpecification\",\"valueRequired\":true,\"valueName\":\"search_term_string\"}}],\"inLanguage\":\"de\"},{\"@type\":\"Organization\",\"@id\":\"https:\\\/\\\/o7-organic.com\\\/#organization\",\"name\":\"O7-Organic\",\"url\":\"https:\\\/\\\/o7-organic.com\\\/\",\"logo\":{\"@type\":\"ImageObject\",\"inLanguage\":\"de\",\"@id\":\"https:\\\/\\\/o7-organic.com\\\/#\\\/schema\\\/logo\\\/image\\\/\",\"url\":\"https:\\\/\\\/o7-organic.com\\\/wp-content\\\/uploads\\\/2023\\\/03\\\/logo_o7_organic.png\",\"contentUrl\":\"https:\\\/\\\/o7-organic.com\\\/wp-content\\\/uploads\\\/2023\\\/03\\\/logo_o7_organic.png\",\"width\":512,\"height\":512,\"caption\":\"O7-Organic\"},\"image\":{\"@id\":\"https:\\\/\\\/o7-organic.com\\\/#\\\/schema\\\/logo\\\/image\\\/\"},\"sameAs\":[\"https:\\\/\\\/www.instagram.com\\\/o7organic\\\/\"]}]}<\/script>\n<!-- \/ Yoast SEO plugin. -->","yoast_head_json":{"title":"Dimethylsulfoxid 99,9% (DMSO) 250 ml | O7-Organic","description":"DMSO ist eine organische Fl\u00fcssigkeit mit einem Reinheitsgrad von 99,9 %. Hochwertiges Dimethylsulfoxid. Ideal f\u00fcr eine verst\u00e4rkte Reinigung der Oberfl\u00e4che.","robots":{"index":"index","follow":"follow","max-snippet":"max-snippet:-1","max-image-preview":"max-image-preview:large","max-video-preview":"max-video-preview:-1"},"canonical":"https:\/\/o7-organic.com\/de\/kaufen\/dimethylsulfoxid-rein-dmso-dosiertropfer\/","og_locale":"de_DE","og_type":"article","og_title":"Dimethylsulfoxid 99,9% (DMSO) 250 ml | O7-Organic","og_description":"DMSO ist eine organische Fl\u00fcssigkeit mit einem Reinheitsgrad von 99,9 %. Hochwertiges Dimethylsulfoxid. Ideal f\u00fcr eine verst\u00e4rkte Reinigung der Oberfl\u00e4che.","og_url":"https:\/\/o7-organic.com\/de\/kaufen\/dimethylsulfoxid-rein-dmso-dosiertropfer\/","og_site_name":"O7-Organic","og_image":[{"width":1000,"height":1000,"url":"https:\/\/o7-organic.com\/wp-content\/uploads\/2023\/03\/dmso-250-ml_resultado.jpg","type":"image\/jpeg"}],"twitter_card":"summary_large_image","twitter_misc":{"Gesch\u00e4tzte Lesezeit":"1\u00a0Minute"},"schema":{"@context":"https:\/\/schema.org","@graph":[{"@type":"WebPage","@id":"https:\/\/o7-organic.com\/de\/kaufen\/dimethylsulfoxid-rein-dmso-dosiertropfer\/","url":"https:\/\/o7-organic.com\/de\/kaufen\/dimethylsulfoxid-rein-dmso-dosiertropfer\/","name":"Dimethylsulfoxid 99,9% (DMSO) 250 ml | O7-Organic","isPartOf":{"@id":"https:\/\/o7-organic.com\/#website"},"primaryImageOfPage":{"@id":"https:\/\/o7-organic.com\/de\/kaufen\/dimethylsulfoxid-rein-dmso-dosiertropfer\/#primaryimage"},"image":{"@id":"https:\/\/o7-organic.com\/de\/kaufen\/dimethylsulfoxid-rein-dmso-dosiertropfer\/#primaryimage"},"thumbnailUrl":"https:\/\/o7-organic.com\/wp-content\/uploads\/2023\/03\/dmso-250-ml_resultado.jpg","datePublished":"2023-03-08T11:17:21+00:00","description":"DMSO ist eine organische Fl\u00fcssigkeit mit einem Reinheitsgrad von 99,9 %. Hochwertiges Dimethylsulfoxid. Ideal f\u00fcr eine verst\u00e4rkte Reinigung der Oberfl\u00e4che.","breadcrumb":{"@id":"https:\/\/o7-organic.com\/de\/kaufen\/dimethylsulfoxid-rein-dmso-dosiertropfer\/#breadcrumb"},"inLanguage":"de","potentialAction":[{"@type":"ReadAction","target":["https:\/\/o7-organic.com\/de\/kaufen\/dimethylsulfoxid-rein-dmso-dosiertropfer\/"]}]},{"@type":"ImageObject","inLanguage":"de","@id":"https:\/\/o7-organic.com\/de\/kaufen\/dimethylsulfoxid-rein-dmso-dosiertropfer\/#primaryimage","url":"https:\/\/o7-organic.com\/wp-content\/uploads\/2023\/03\/dmso-250-ml_resultado.jpg","contentUrl":"https:\/\/o7-organic.com\/wp-content\/uploads\/2023\/03\/dmso-250-ml_resultado.jpg","width":1000,"height":1000},{"@type":"BreadcrumbList","@id":"https:\/\/o7-organic.com\/de\/kaufen\/dimethylsulfoxid-rein-dmso-dosiertropfer\/#breadcrumb","itemListElement":[{"@type":"ListItem","position":1,"name":"Portada","item":"https:\/\/o7-organic.com\/"},{"@type":"ListItem","position":2,"name":"Shop","item":"https:\/\/o7-organic.com\/de\/shop\/"},{"@type":"ListItem","position":3,"name":"Dimethylsulfoxid 99,9% (DMSO) &#8211; Braunglasflaschenverschluss mit Tropfenspender."}]},{"@type":"WebSite","@id":"https:\/\/o7-organic.com\/#website","url":"https:\/\/o7-organic.com\/","name":"O7-Organic","description":"Innovaci\u00f3n en salud a tu alcance","publisher":{"@id":"https:\/\/o7-organic.com\/#organization"},"potentialAction":[{"@type":"SearchAction","target":{"@type":"EntryPoint","urlTemplate":"https:\/\/o7-organic.com\/?s={search_term_string}"},"query-input":{"@type":"PropertyValueSpecification","valueRequired":true,"valueName":"search_term_string"}}],"inLanguage":"de"},{"@type":"Organization","@id":"https:\/\/o7-organic.com\/#organization","name":"O7-Organic","url":"https:\/\/o7-organic.com\/","logo":{"@type":"ImageObject","inLanguage":"de","@id":"https:\/\/o7-organic.com\/#\/schema\/logo\/image\/","url":"https:\/\/o7-organic.com\/wp-content\/uploads\/2023\/03\/logo_o7_organic.png","contentUrl":"https:\/\/o7-organic.com\/wp-content\/uploads\/2023\/03\/logo_o7_organic.png","width":512,"height":512,"caption":"O7-Organic"},"image":{"@id":"https:\/\/o7-organic.com\/#\/schema\/logo\/image\/"},"sameAs":["https:\/\/www.instagram.com\/o7organic\/"]}]}},"_links":{"self":[{"href":"https:\/\/o7-organic.com\/de\/wp-json\/wp\/v2\/product\/10945","targetHints":{"allow":["GET"]}}],"collection":[{"href":"https:\/\/o7-organic.com\/de\/wp-json\/wp\/v2\/product"}],"about":[{"href":"https:\/\/o7-organic.com\/de\/wp-json\/wp\/v2\/types\/product"}],"replies":[{"embeddable":true,"href":"https:\/\/o7-organic.com\/de\/wp-json\/wp\/v2\/comments?post=10945"}],"version-history":[{"count":0,"href":"https:\/\/o7-organic.com\/de\/wp-json\/wp\/v2\/product\/10945\/revisions"}],"wp:featuredmedia":[{"embeddable":true,"href":"https:\/\/o7-organic.com\/de\/wp-json\/wp\/v2\/media\/10740"}],"wp:attachment":[{"href":"https:\/\/o7-organic.com\/de\/wp-json\/wp\/v2\/media?parent=10945"}],"wp:term":[{"taxonomy":"product_brand","embeddable":true,"href":"https:\/\/o7-organic.com\/de\/wp-json\/wp\/v2\/product_brand?post=10945"},{"taxonomy":"product_cat","embeddable":true,"href":"https:\/\/o7-organic.com\/de\/wp-json\/wp\/v2\/product_cat?post=10945"},{"taxonomy":"product_tag","embeddable":true,"href":"https:\/\/o7-organic.com\/de\/wp-json\/wp\/v2\/product_tag?post=10945"}],"curies":[{"name":"wp","href":"https:\/\/api.w.org\/{rel}","templated":true}]}}