{"id":10940,"date":"2023-03-08T12:54:59","date_gmt":"2023-03-08T12:54:59","guid":{"rendered":"https:\/\/o7-organic.com\/comprar\/natriumchlorit-25-aktivator-chlorwasserstoffsaeure-4-inklusive-stopfen-mit-dosiertropfer\/"},"modified":"2023-03-08T12:54:59","modified_gmt":"2023-03-08T12:54:59","slug":"natrium-chlorit-aktivator-potabilisator-bausatz","status":"publish","type":"product","link":"https:\/\/o7-organic.com\/de\/kaufen\/natrium-chlorit-aktivator-potabilisator-bausatz\/","title":{"rendered":"Natriumchlorit 25% + Aktivator (Chlorwasserstoffs\u00e4ure) 4%. Inklusive Stopfen mit Dosiertropfer."},"content":{"rendered":"<h2>Natriumchlorit 25% (Vorprodukt) + Salzs\u00e4ure 4% (Aktivator)<\/h2>\n<p>Das O7-Organic Watermaker Kit besteht aus 25% fl\u00fcssigem Natriumchlorit, allgemein bekannt als Precursor, und 4% fl\u00fcssiger Salzs\u00e4ure, auch bekannt als Activator. Sie werden im Allgemeinen f\u00fcr die Vor-Ort-Produktion eines Biozids (Chlordioxid MMS) verwendet.<\/p>\n<h2>Zusammensetzung des Chlordioxid-Wasserreinigungskits<\/h2>\n<div class=\"group w-full text-gray-800 dark:text-gray-100 border-b border-black\/10 dark:border-gray-900\/50 bg-gray-50 dark:bg-[#444654]\">\n<div class=\"text-base gap-4 md:gap-6 md:max-w-2xl lg:max-w-2xl xl:max-w-3xl p-4 md:py-6 flex lg:px-0 m-auto\">\n<div class=\"relative flex w-[calc(100%-50px)] flex-col gap-1 md:gap-3 lg:w-[calc(100%-115px)]\">\n<div class=\"flex flex-grow flex-col gap-3\">\n<div class=\"min-h-[20px] flex flex-col items-start gap-4 whitespace-pre-wrap\">\n<div class=\"markdown prose w-full break-words dark:prose-invert light\">\n<p>25%ige Natriumchloritl\u00f6sung (NaCIO2), die als Vorstufe f\u00fcr ein Biozid namens Chlordioxid verwendet wird. Um Chlordioxid zu erhalten, muss die L\u00f6sung mit einem Aktivator (Salzs\u00e4ure) HCL zu 4% anges\u00e4uert werden. Das Trinkwasseraufbereitungsset besteht aus zwei Produkten, eines mit 25%iger Natriumchloritl\u00f6sung und das andere mit 4%igem HCL-Aktivator.<\/p>\n<h2>So bereiten Sie Chlordioxid-MMS mit Natriumchlorit (Vorstufe) + Salzs\u00e4ure HCL (Aktivator)<\/h2>\n<p>Um Chlordioxid zur Beseitigung von Viren und Bakterien f\u00fcr Trinkwasser zu erhalten, geben Sie 3 Tropfen Aktivator (Salzs\u00e4ure HCl &#8211; 4%) und 3 Tropfen Vorl\u00e4ufer (Natriumchlorit 25%) in einen trockenen Beh\u00e4lter f\u00fcr jeden Liter Wasser und warten Sie 20 Sekunden, bis eine goldene Bernsteinfarbe erreicht ist.<\/p>\n<p>Mit dem zu behandelnden Wasser auff\u00fcllen und 30 Minuten warten. Der Gehalt an Aktivchlor sollte zwischen 0,5 und 1,5 ppm liegen.<\/p>\n<p>Sehen Sie, wie man Chlordioxid mit 25% Natriumchlorit und 4% Salzs\u00e4ure (Vorstufe und Aktivator) herstellt, erkl\u00e4rt von <a href=\"https:\/\/andreaskalcker.com\/\" target=\"_blank\" rel=\"noopener\">Andreas Kalcker<\/a>.<\/p>\n<p><a href=\"https:\/\/www.youtube.com\/watch?v=g9umUo-WOtI\">https:\/\/www.youtube.com\/watch?v=g9umUo-WOtI<\/a><\/p>\n<\/div>\n<\/div>\n<\/div>\n<\/div>\n<\/div>\n<\/div>\n<h3>Fertiges Chlordioxid kaufen<\/h3>\n<p>Bei O7-Organic gibt es auch fertiges <a href=\"https:\/\/o7-organic.com\/comprar\/dioxido-de-cloro-cds-3000-ppm\/\" target=\"_blank\" rel=\"noopener\">Chlordioxid (CDL)<\/a> in der 250 ml Braunglasflasche mit Dosierkappe und Spritze. Unser Chlordioxid wird durch Elektrolyse erzeugt, die nat\u00fcrlichste und effizienteste Methode zur Herstellung von CDL.<\/p>\n<h3>Wie man reines Chlordioxid CDL mit 3000 ppm mit einem elektrolytischen Generator erzeugt<\/h3>\n<p>Als Erg\u00e4nzung zu diesem Produkt sind Sie vielleicht am <a href=\"https:\/\/lghealth-isystems.eu\/\" target=\"_blank\" rel=\"noopener\">Kauf des weltweit patentierten elektrolytischen Ultrapure CDL-Generators<\/a> interessiert, mit dem Sie zu Hause Chlordioxid mit 3000 ppm produzieren k\u00f6nnen.<\/p>\n","protected":false},"excerpt":{"rendered":"<p>Natriumchlorit 25% (Vorprodukt) + Salzs\u00e4ure HCL 4% (Aktivator) in 250 ml Braunglas und BPA-freiem lebensmittelechtem Kunststoff (PP) in 120 ml und 60 ml. Inklusive versiegelter Schraubkappe mit Dosiertropfer f\u00fcr eine genaue und einfache Dosierung.<\/p>\n<p>Dieser ideale Bausatz f\u00fcr die Herstellung von Chlordioxid (MMS) enth\u00e4lt zwei Produkte:<\/p>\n<ul>\n<li><strong>Natriumchlorit 25% fl\u00fcssig<\/strong>: Vorprodukt, um in Verbindung mit dem Aktivator <em>in situ<\/em> ein Biozid (Chlordioxid) f\u00fcr die Kalibrierung von Wasser f\u00fcr den menschlichen und tierischen Gebrauch zu erhalten.<\/li>\n<li><strong>Fl\u00fcssige Salzs\u00e4ure 4 %:<\/strong> Aktivator zur <em>In-situ<\/em>-Gewinnung eines Biozids (Chlordioxid) in Verbindung mit dem Vorprodukt f\u00fcr die Pottabilisierung von Wasser f\u00fcr den menschlichen und tierischen Gebrauch.<\/li>\n<\/ul>\n","protected":false},"featured_media":10775,"comment_status":"open","ping_status":"closed","template":"","meta":[],"product_brand":[],"product_cat":[149],"product_tag":[],"class_list":{"0":"post-10940","1":"product","2":"type-product","3":"status-publish","4":"has-post-thumbnail","6":"product_cat-trinkwasseraufbereitungsset","8":"first","9":"instock","10":"taxable","11":"shipping-taxable","12":"purchasable","13":"product-type-variable"},"yoast_head":"<!-- This site is optimized with the Yoast SEO plugin v27.5 - https:\/\/yoast.com\/product\/yoast-seo-wordpress\/ -->\n<title>Natriumchlorit-Wasserreiniger + Aktivator-Kit | O7-Organic<\/title>\n<meta name=\"description\" content=\"Kaufen Sie Natriumchlorit 25% + Aktivator 4% f\u00fcr die Herstellung von MMS (Chlordioxid). Braunglasflaschen mit Tropfer.\" \/>\n<meta name=\"robots\" content=\"index, follow, max-snippet:-1, max-image-preview:large, max-video-preview:-1\" \/>\n<link rel=\"canonical\" href=\"https:\/\/o7-organic.com\/de\/kaufen\/natriumchlorit-25-aktivator-chlorwasserstoffsaeure-4-inklusive-stopfen-mit-dosiertropfer\/\" \/>\n<meta property=\"og:locale\" content=\"de_DE\" \/>\n<meta property=\"og:type\" content=\"article\" \/>\n<meta property=\"og:title\" content=\"Natriumchlorit-Wasserreiniger + Aktivator-Kit | O7-Organic\" \/>\n<meta property=\"og:description\" content=\"Kaufen Sie Natriumchlorit 25% + Aktivator 4% f\u00fcr die Herstellung von MMS (Chlordioxid). Braunglasflaschen mit Tropfer.\" \/>\n<meta property=\"og:url\" content=\"https:\/\/o7-organic.com\/de\/kaufen\/natriumchlorit-25-aktivator-chlorwasserstoffsaeure-4-inklusive-stopfen-mit-dosiertropfer\/\" \/>\n<meta property=\"og:site_name\" content=\"O7-Organic\" \/>\n<meta property=\"og:image\" content=\"https:\/\/o7-organic.com\/wp-content\/uploads\/2023\/03\/Clorito-Cristal-250ml_resultado.jpg\" \/>\n\t<meta property=\"og:image:width\" content=\"1000\" \/>\n\t<meta property=\"og:image:height\" content=\"1000\" \/>\n\t<meta property=\"og:image:type\" content=\"image\/jpeg\" \/>\n<meta name=\"twitter:card\" content=\"summary_large_image\" \/>\n<meta name=\"twitter:label1\" content=\"Gesch\u00e4tzte Lesezeit\" \/>\n\t<meta name=\"twitter:data1\" content=\"1\u00a0Minute\" \/>\n<script type=\"application\/ld+json\" class=\"yoast-schema-graph\">{\"@context\":\"https:\\\/\\\/schema.org\",\"@graph\":[{\"@type\":\"WebPage\",\"@id\":\"https:\\\/\\\/o7-organic.com\\\/de\\\/kaufen\\\/natriumchlorit-25-aktivator-chlorwasserstoffsaeure-4-inklusive-stopfen-mit-dosiertropfer\\\/\",\"url\":\"https:\\\/\\\/o7-organic.com\\\/de\\\/kaufen\\\/natriumchlorit-25-aktivator-chlorwasserstoffsaeure-4-inklusive-stopfen-mit-dosiertropfer\\\/\",\"name\":\"Natriumchlorit-Wasserreiniger + Aktivator-Kit | O7-Organic\",\"isPartOf\":{\"@id\":\"https:\\\/\\\/o7-organic.com\\\/#website\"},\"primaryImageOfPage\":{\"@id\":\"https:\\\/\\\/o7-organic.com\\\/de\\\/kaufen\\\/natriumchlorit-25-aktivator-chlorwasserstoffsaeure-4-inklusive-stopfen-mit-dosiertropfer\\\/#primaryimage\"},\"image\":{\"@id\":\"https:\\\/\\\/o7-organic.com\\\/de\\\/kaufen\\\/natriumchlorit-25-aktivator-chlorwasserstoffsaeure-4-inklusive-stopfen-mit-dosiertropfer\\\/#primaryimage\"},\"thumbnailUrl\":\"https:\\\/\\\/o7-organic.com\\\/wp-content\\\/uploads\\\/2023\\\/03\\\/Clorito-Cristal-250ml_resultado.jpg\",\"datePublished\":\"2023-03-08T12:54:59+00:00\",\"description\":\"Kaufen Sie Natriumchlorit 25% + Aktivator 4% f\u00fcr die Herstellung von MMS (Chlordioxid). Braunglasflaschen mit Tropfer.\",\"breadcrumb\":{\"@id\":\"https:\\\/\\\/o7-organic.com\\\/de\\\/kaufen\\\/natriumchlorit-25-aktivator-chlorwasserstoffsaeure-4-inklusive-stopfen-mit-dosiertropfer\\\/#breadcrumb\"},\"inLanguage\":\"de\",\"potentialAction\":[{\"@type\":\"ReadAction\",\"target\":[\"https:\\\/\\\/o7-organic.com\\\/de\\\/kaufen\\\/natriumchlorit-25-aktivator-chlorwasserstoffsaeure-4-inklusive-stopfen-mit-dosiertropfer\\\/\"]}]},{\"@type\":\"ImageObject\",\"inLanguage\":\"de\",\"@id\":\"https:\\\/\\\/o7-organic.com\\\/de\\\/kaufen\\\/natriumchlorit-25-aktivator-chlorwasserstoffsaeure-4-inklusive-stopfen-mit-dosiertropfer\\\/#primaryimage\",\"url\":\"https:\\\/\\\/o7-organic.com\\\/wp-content\\\/uploads\\\/2023\\\/03\\\/Clorito-Cristal-250ml_resultado.jpg\",\"contentUrl\":\"https:\\\/\\\/o7-organic.com\\\/wp-content\\\/uploads\\\/2023\\\/03\\\/Clorito-Cristal-250ml_resultado.jpg\",\"width\":1000,\"height\":1000},{\"@type\":\"BreadcrumbList\",\"@id\":\"https:\\\/\\\/o7-organic.com\\\/de\\\/kaufen\\\/natriumchlorit-25-aktivator-chlorwasserstoffsaeure-4-inklusive-stopfen-mit-dosiertropfer\\\/#breadcrumb\",\"itemListElement\":[{\"@type\":\"ListItem\",\"position\":1,\"name\":\"Portada\",\"item\":\"https:\\\/\\\/o7-organic.com\\\/\"},{\"@type\":\"ListItem\",\"position\":2,\"name\":\"Shop\",\"item\":\"https:\\\/\\\/o7-organic.com\\\/de\\\/shop\\\/\"},{\"@type\":\"ListItem\",\"position\":3,\"name\":\"Natriumchlorit 25% + Aktivator (Chlorwasserstoffs\u00e4ure) 4%. Inklusive Stopfen mit Dosiertropfer.\"}]},{\"@type\":\"WebSite\",\"@id\":\"https:\\\/\\\/o7-organic.com\\\/#website\",\"url\":\"https:\\\/\\\/o7-organic.com\\\/\",\"name\":\"O7-Organic\",\"description\":\"Innovaci\u00f3n en salud a tu alcance\",\"publisher\":{\"@id\":\"https:\\\/\\\/o7-organic.com\\\/#organization\"},\"potentialAction\":[{\"@type\":\"SearchAction\",\"target\":{\"@type\":\"EntryPoint\",\"urlTemplate\":\"https:\\\/\\\/o7-organic.com\\\/?s={search_term_string}\"},\"query-input\":{\"@type\":\"PropertyValueSpecification\",\"valueRequired\":true,\"valueName\":\"search_term_string\"}}],\"inLanguage\":\"de\"},{\"@type\":\"Organization\",\"@id\":\"https:\\\/\\\/o7-organic.com\\\/#organization\",\"name\":\"O7-Organic\",\"url\":\"https:\\\/\\\/o7-organic.com\\\/\",\"logo\":{\"@type\":\"ImageObject\",\"inLanguage\":\"de\",\"@id\":\"https:\\\/\\\/o7-organic.com\\\/#\\\/schema\\\/logo\\\/image\\\/\",\"url\":\"https:\\\/\\\/o7-organic.com\\\/wp-content\\\/uploads\\\/2023\\\/03\\\/logo_o7_organic.png\",\"contentUrl\":\"https:\\\/\\\/o7-organic.com\\\/wp-content\\\/uploads\\\/2023\\\/03\\\/logo_o7_organic.png\",\"width\":512,\"height\":512,\"caption\":\"O7-Organic\"},\"image\":{\"@id\":\"https:\\\/\\\/o7-organic.com\\\/#\\\/schema\\\/logo\\\/image\\\/\"},\"sameAs\":[\"https:\\\/\\\/www.instagram.com\\\/o7organic\\\/\"]}]}<\/script>\n<!-- \/ Yoast SEO plugin. -->","yoast_head_json":{"title":"Natriumchlorit-Wasserreiniger + Aktivator-Kit | O7-Organic","description":"Kaufen Sie Natriumchlorit 25% + Aktivator 4% f\u00fcr die Herstellung von MMS (Chlordioxid). Braunglasflaschen mit Tropfer.","robots":{"index":"index","follow":"follow","max-snippet":"max-snippet:-1","max-image-preview":"max-image-preview:large","max-video-preview":"max-video-preview:-1"},"canonical":"https:\/\/o7-organic.com\/de\/kaufen\/natriumchlorit-25-aktivator-chlorwasserstoffsaeure-4-inklusive-stopfen-mit-dosiertropfer\/","og_locale":"de_DE","og_type":"article","og_title":"Natriumchlorit-Wasserreiniger + Aktivator-Kit | O7-Organic","og_description":"Kaufen Sie Natriumchlorit 25% + Aktivator 4% f\u00fcr die Herstellung von MMS (Chlordioxid). Braunglasflaschen mit Tropfer.","og_url":"https:\/\/o7-organic.com\/de\/kaufen\/natriumchlorit-25-aktivator-chlorwasserstoffsaeure-4-inklusive-stopfen-mit-dosiertropfer\/","og_site_name":"O7-Organic","og_image":[{"width":1000,"height":1000,"url":"https:\/\/o7-organic.com\/wp-content\/uploads\/2023\/03\/Clorito-Cristal-250ml_resultado.jpg","type":"image\/jpeg"}],"twitter_card":"summary_large_image","twitter_misc":{"Gesch\u00e4tzte Lesezeit":"1\u00a0Minute"},"schema":{"@context":"https:\/\/schema.org","@graph":[{"@type":"WebPage","@id":"https:\/\/o7-organic.com\/de\/kaufen\/natriumchlorit-25-aktivator-chlorwasserstoffsaeure-4-inklusive-stopfen-mit-dosiertropfer\/","url":"https:\/\/o7-organic.com\/de\/kaufen\/natriumchlorit-25-aktivator-chlorwasserstoffsaeure-4-inklusive-stopfen-mit-dosiertropfer\/","name":"Natriumchlorit-Wasserreiniger + Aktivator-Kit | O7-Organic","isPartOf":{"@id":"https:\/\/o7-organic.com\/#website"},"primaryImageOfPage":{"@id":"https:\/\/o7-organic.com\/de\/kaufen\/natriumchlorit-25-aktivator-chlorwasserstoffsaeure-4-inklusive-stopfen-mit-dosiertropfer\/#primaryimage"},"image":{"@id":"https:\/\/o7-organic.com\/de\/kaufen\/natriumchlorit-25-aktivator-chlorwasserstoffsaeure-4-inklusive-stopfen-mit-dosiertropfer\/#primaryimage"},"thumbnailUrl":"https:\/\/o7-organic.com\/wp-content\/uploads\/2023\/03\/Clorito-Cristal-250ml_resultado.jpg","datePublished":"2023-03-08T12:54:59+00:00","description":"Kaufen Sie Natriumchlorit 25% + Aktivator 4% f\u00fcr die Herstellung von MMS (Chlordioxid). Braunglasflaschen mit Tropfer.","breadcrumb":{"@id":"https:\/\/o7-organic.com\/de\/kaufen\/natriumchlorit-25-aktivator-chlorwasserstoffsaeure-4-inklusive-stopfen-mit-dosiertropfer\/#breadcrumb"},"inLanguage":"de","potentialAction":[{"@type":"ReadAction","target":["https:\/\/o7-organic.com\/de\/kaufen\/natriumchlorit-25-aktivator-chlorwasserstoffsaeure-4-inklusive-stopfen-mit-dosiertropfer\/"]}]},{"@type":"ImageObject","inLanguage":"de","@id":"https:\/\/o7-organic.com\/de\/kaufen\/natriumchlorit-25-aktivator-chlorwasserstoffsaeure-4-inklusive-stopfen-mit-dosiertropfer\/#primaryimage","url":"https:\/\/o7-organic.com\/wp-content\/uploads\/2023\/03\/Clorito-Cristal-250ml_resultado.jpg","contentUrl":"https:\/\/o7-organic.com\/wp-content\/uploads\/2023\/03\/Clorito-Cristal-250ml_resultado.jpg","width":1000,"height":1000},{"@type":"BreadcrumbList","@id":"https:\/\/o7-organic.com\/de\/kaufen\/natriumchlorit-25-aktivator-chlorwasserstoffsaeure-4-inklusive-stopfen-mit-dosiertropfer\/#breadcrumb","itemListElement":[{"@type":"ListItem","position":1,"name":"Portada","item":"https:\/\/o7-organic.com\/"},{"@type":"ListItem","position":2,"name":"Shop","item":"https:\/\/o7-organic.com\/de\/shop\/"},{"@type":"ListItem","position":3,"name":"Natriumchlorit 25% + Aktivator (Chlorwasserstoffs\u00e4ure) 4%. Inklusive Stopfen mit Dosiertropfer."}]},{"@type":"WebSite","@id":"https:\/\/o7-organic.com\/#website","url":"https:\/\/o7-organic.com\/","name":"O7-Organic","description":"Innovaci\u00f3n en salud a tu alcance","publisher":{"@id":"https:\/\/o7-organic.com\/#organization"},"potentialAction":[{"@type":"SearchAction","target":{"@type":"EntryPoint","urlTemplate":"https:\/\/o7-organic.com\/?s={search_term_string}"},"query-input":{"@type":"PropertyValueSpecification","valueRequired":true,"valueName":"search_term_string"}}],"inLanguage":"de"},{"@type":"Organization","@id":"https:\/\/o7-organic.com\/#organization","name":"O7-Organic","url":"https:\/\/o7-organic.com\/","logo":{"@type":"ImageObject","inLanguage":"de","@id":"https:\/\/o7-organic.com\/#\/schema\/logo\/image\/","url":"https:\/\/o7-organic.com\/wp-content\/uploads\/2023\/03\/logo_o7_organic.png","contentUrl":"https:\/\/o7-organic.com\/wp-content\/uploads\/2023\/03\/logo_o7_organic.png","width":512,"height":512,"caption":"O7-Organic"},"image":{"@id":"https:\/\/o7-organic.com\/#\/schema\/logo\/image\/"},"sameAs":["https:\/\/www.instagram.com\/o7organic\/"]}]}},"_links":{"self":[{"href":"https:\/\/o7-organic.com\/de\/wp-json\/wp\/v2\/product\/10940","targetHints":{"allow":["GET"]}}],"collection":[{"href":"https:\/\/o7-organic.com\/de\/wp-json\/wp\/v2\/product"}],"about":[{"href":"https:\/\/o7-organic.com\/de\/wp-json\/wp\/v2\/types\/product"}],"replies":[{"embeddable":true,"href":"https:\/\/o7-organic.com\/de\/wp-json\/wp\/v2\/comments?post=10940"}],"version-history":[{"count":0,"href":"https:\/\/o7-organic.com\/de\/wp-json\/wp\/v2\/product\/10940\/revisions"}],"wp:featuredmedia":[{"embeddable":true,"href":"https:\/\/o7-organic.com\/de\/wp-json\/wp\/v2\/media\/10775"}],"wp:attachment":[{"href":"https:\/\/o7-organic.com\/de\/wp-json\/wp\/v2\/media?parent=10940"}],"wp:term":[{"taxonomy":"product_brand","embeddable":true,"href":"https:\/\/o7-organic.com\/de\/wp-json\/wp\/v2\/product_brand?post=10940"},{"taxonomy":"product_cat","embeddable":true,"href":"https:\/\/o7-organic.com\/de\/wp-json\/wp\/v2\/product_cat?post=10940"},{"taxonomy":"product_tag","embeddable":true,"href":"https:\/\/o7-organic.com\/de\/wp-json\/wp\/v2\/product_tag?post=10940"}],"curies":[{"name":"wp","href":"https:\/\/api.w.org\/{rel}","templated":true}]}}