{"id":10939,"date":"2023-03-08T13:25:31","date_gmt":"2023-03-08T13:25:31","guid":{"rendered":"https:\/\/o7-organic.com\/comprar\/tragbarer-koffer-natriumchlorit-aktivator-hcl-mit-magnetischem-verschluss-nachfuellbarer-tropfenfaenger-aus-bernstein-und-milchglas-2x30-ml-ideal-fuer-reisen\/"},"modified":"2023-03-08T13:25:31","modified_gmt":"2023-03-08T13:25:31","slug":"natrium-chlorit-kristall-kristall-trager-kase-aktivator","status":"publish","type":"product","link":"https:\/\/o7-organic.com\/de\/kaufen\/natrium-chlorit-kristall-kristall-trager-kase-aktivator\/","title":{"rendered":"Tragbarer Koffer Natriumchlorit + Aktivator (HCL) mit magnetischem Verschluss. Nachf\u00fcllbarer Tropfenf\u00e4nger aus Bernstein und Milchglas. 2&#215;30 ml. Ideal f\u00fcr Reisen."},"content":{"rendered":"<h2>Wozu dient das Natriumchlorit + Aktivator Portable Kit?<\/h2>\n<p>Der spezielle tragbare Koffer f\u00fcr Natriumchlorit + Aktivator (HCl) ist ideal, um das Wasserreinigungsset f\u00fcr Mensch und Tier \u00fcberallhin mitzunehmen.<\/p>\n<p>Mit diesem Set k\u00f6nnen Sie auf einfache Weise Chlordioxid (MMS) gewinnen, um reines Wasser frei von Bakterien, Viren und Pilzen zu erhalten.<\/p>\n<h2>Was ist das Natriumchlorit-Wassermacher + Aktivator-Kit?<\/h2>\n<p>Das O7-Organic Watermaker Kit besteht aus 25% fl\u00fcssigem Natriumchlorit, allgemein bekannt als Precursor, und 4% fl\u00fcssiger Salzs\u00e4ure, auch bekannt als Activator.<\/p>\n<p>Sie werden im Allgemeinen f\u00fcr die Vor-Ort-Produktion eines Biozids (Chlordioxid MMS) verwendet.<\/p>\n<h2>Woraus besteht der Magnetkoffer Natriumchlorit + O7-Organic Aktivator?<\/h2>\n<p><span class=\"a-list-item\">Enth\u00e4lt eine Tropfflasche aus Braunglas und eine sehr widerstandsf\u00e4hige und 100% BPA-freie (Bisphenol A, eine gesundheits- und umweltsch\u00e4dliche Chemikalie) mattierte Tropfflasche. <\/span><\/p>\n<p><span class=\"a-list-item\">Kurz gesagt, die Tropfer haben Glaspipetten mit einem weichen Silikonkopf f\u00fcr eine bequeme und pr\u00e4zise Dosierung. Die Spender sind recycelbar, geruchlos und ungiftig.<\/span><\/p>\n<h3>Wie man reines Chlordioxid CDL mit 3000 ppm mit einem elektrolytischen Generator erzeugt<\/h3>\n<p>Als Erg\u00e4nzung zu diesem Produkt sind Sie vielleicht am <a href=\"https:\/\/lghealth-isystems.eu\/\" target=\"_blank\" rel=\"noopener\">Kauf des weltweit patentierten elektrolytischen Ultrapure CDL-Generators<\/a> interessiert, mit dem Sie zu Hause Chlordioxid mit 3000 ppm produzieren k\u00f6nnen.<\/p>\n<h2>Enth\u00e4lt der O7-Organic Sodium Chlorite + HCL Portable Magnetic Carry Case mit Aktivator und Precursor gef\u00fcllte Tropfer oder sind sie leer?<\/h2>\n<p>Unser tragbarer O7-Organic-Koffer f\u00fcr Natriumchlorit + Aktivator mit Magnetverschluss enth\u00e4lt zwei leere Tropfflaschen (eine spezielle bernsteinfarbene f\u00fcr den Precursor, 25% Natriumchlorit, und eine spezielle mattierte f\u00fcr den Aktivator, 4% Salzs\u00e4ure).<\/p>\n<p>Um die Tropfer nachf\u00fcllen und \u00fcberallhin mitnehmen zu k\u00f6nnen, k\u00f6nnen Sie <a href=\"https:\/\/o7-organic.com\/comprar\/kit-potabilizador-clorito-de-sodio-activador\/?attribute_pa_opciones=kit-clorito-de-sodio-activador-250-ml\">unser Watermaker Kit kaufen, das aus Natriumchlorit 25% + Aktivator 4% besteht.<\/a><\/p>\n<h2>Wie gro\u00df sind die mitgelieferten Tropfer des Magnetic Carry Case?<\/h2>\n<p>Beide Tropfer haben ein Fassungsverm\u00f6gen von 30 ml Natriumchlorit und Aktivator.<\/p>\n","protected":false},"excerpt":{"rendered":"<p>Spezieller tragbarer Koffer f\u00fcr Natriumchlorit + Aktivator (Salzs\u00e4ure &#8211; HCL) mit magnetischem Verschluss. Bernstein (Vorl\u00e4ufer &#8211; Natriumchlorit) und mattiert (Aktivator &#8211; Salzs\u00e4ure HCL) 30 ml Tropfer.<\/p>\n<p>Schraubkappe und Glaspipette. Nachf\u00fcllbare Tropfer. Ideal f\u00fcr Reisen.<\/p>\n<ul>\n<li>Beide Tropfer sind leer. Das sind Beh\u00e4lter, die nachgef\u00fcllt werden m\u00fcssen.<\/li>\n<\/ul>\n","protected":false},"featured_media":10770,"comment_status":"open","ping_status":"closed","template":"","meta":[],"product_brand":[],"product_cat":[145],"product_tag":[],"class_list":{"0":"post-10939","1":"product","2":"type-product","3":"status-publish","4":"has-post-thumbnail","6":"product_cat-magnetischer-behalter","8":"first","9":"instock","10":"taxable","11":"shipping-taxable","12":"purchasable","13":"product-type-simple"},"yoast_head":"<!-- This site is optimized with the Yoast SEO plugin v27.4 - https:\/\/yoast.com\/product\/yoast-seo-wordpress\/ -->\n<title>Tragbarer Koffer Natriumchlorit + Aktivator (HCL) | O7-Organic<\/title>\n<meta name=\"description\" content=\"Kaufen Sie tragbare Natriumchlorit + Aktivator (Salzs\u00e4ure - HCL) Koffer mit Magnetverschluss. Zwei 30-ml-Glastropfer. Ideal f\u00fcr Reisen.\" \/>\n<meta name=\"robots\" content=\"index, follow, max-snippet:-1, max-image-preview:large, max-video-preview:-1\" \/>\n<link rel=\"canonical\" href=\"https:\/\/o7-organic.com\/de\/kaufen\/tragbarer-koffer-natriumchlorit-aktivator-hcl-mit-magnetischem-verschluss-nachfuellbarer-tropfenfaenger-aus-bernstein-und-milchglas-2x30-ml-ideal-fuer-reisen\/\" \/>\n<meta property=\"og:locale\" content=\"de_DE\" \/>\n<meta property=\"og:type\" content=\"article\" \/>\n<meta property=\"og:title\" content=\"Tragbarer Koffer Natriumchlorit + Aktivator (HCL) | O7-Organic\" \/>\n<meta property=\"og:description\" content=\"Kaufen Sie tragbare Natriumchlorit + Aktivator (Salzs\u00e4ure - HCL) Koffer mit Magnetverschluss. Zwei 30-ml-Glastropfer. Ideal f\u00fcr Reisen.\" \/>\n<meta property=\"og:url\" content=\"https:\/\/o7-organic.com\/de\/kaufen\/tragbarer-koffer-natriumchlorit-aktivator-hcl-mit-magnetischem-verschluss-nachfuellbarer-tropfenfaenger-aus-bernstein-und-milchglas-2x30-ml-ideal-fuer-reisen\/\" \/>\n<meta property=\"og:site_name\" content=\"O7-Organic\" \/>\n<meta property=\"og:image\" content=\"https:\/\/o7-organic.com\/wp-content\/uploads\/2023\/03\/Caja-magnetica-goteros-purificador_resultado.jpg\" \/>\n\t<meta property=\"og:image:width\" content=\"1000\" \/>\n\t<meta property=\"og:image:height\" content=\"1000\" \/>\n\t<meta property=\"og:image:type\" content=\"image\/jpeg\" \/>\n<meta name=\"twitter:card\" content=\"summary_large_image\" \/>\n<meta name=\"twitter:label1\" content=\"Gesch\u00e4tzte Lesezeit\" \/>\n\t<meta name=\"twitter:data1\" content=\"1\u00a0Minute\" \/>\n<script type=\"application\/ld+json\" class=\"yoast-schema-graph\">{\"@context\":\"https:\\\/\\\/schema.org\",\"@graph\":[{\"@type\":\"WebPage\",\"@id\":\"https:\\\/\\\/o7-organic.com\\\/de\\\/kaufen\\\/tragbarer-koffer-natriumchlorit-aktivator-hcl-mit-magnetischem-verschluss-nachfuellbarer-tropfenfaenger-aus-bernstein-und-milchglas-2x30-ml-ideal-fuer-reisen\\\/\",\"url\":\"https:\\\/\\\/o7-organic.com\\\/de\\\/kaufen\\\/tragbarer-koffer-natriumchlorit-aktivator-hcl-mit-magnetischem-verschluss-nachfuellbarer-tropfenfaenger-aus-bernstein-und-milchglas-2x30-ml-ideal-fuer-reisen\\\/\",\"name\":\"Tragbarer Koffer Natriumchlorit + Aktivator (HCL) | O7-Organic\",\"isPartOf\":{\"@id\":\"https:\\\/\\\/o7-organic.com\\\/#website\"},\"primaryImageOfPage\":{\"@id\":\"https:\\\/\\\/o7-organic.com\\\/de\\\/kaufen\\\/tragbarer-koffer-natriumchlorit-aktivator-hcl-mit-magnetischem-verschluss-nachfuellbarer-tropfenfaenger-aus-bernstein-und-milchglas-2x30-ml-ideal-fuer-reisen\\\/#primaryimage\"},\"image\":{\"@id\":\"https:\\\/\\\/o7-organic.com\\\/de\\\/kaufen\\\/tragbarer-koffer-natriumchlorit-aktivator-hcl-mit-magnetischem-verschluss-nachfuellbarer-tropfenfaenger-aus-bernstein-und-milchglas-2x30-ml-ideal-fuer-reisen\\\/#primaryimage\"},\"thumbnailUrl\":\"https:\\\/\\\/o7-organic.com\\\/wp-content\\\/uploads\\\/2023\\\/03\\\/Caja-magnetica-goteros-purificador_resultado.jpg\",\"datePublished\":\"2023-03-08T13:25:31+00:00\",\"description\":\"Kaufen Sie tragbare Natriumchlorit + Aktivator (Salzs\u00e4ure - HCL) Koffer mit Magnetverschluss. Zwei 30-ml-Glastropfer. Ideal f\u00fcr Reisen.\",\"breadcrumb\":{\"@id\":\"https:\\\/\\\/o7-organic.com\\\/de\\\/kaufen\\\/tragbarer-koffer-natriumchlorit-aktivator-hcl-mit-magnetischem-verschluss-nachfuellbarer-tropfenfaenger-aus-bernstein-und-milchglas-2x30-ml-ideal-fuer-reisen\\\/#breadcrumb\"},\"inLanguage\":\"de\",\"potentialAction\":[{\"@type\":\"ReadAction\",\"target\":[\"https:\\\/\\\/o7-organic.com\\\/de\\\/kaufen\\\/tragbarer-koffer-natriumchlorit-aktivator-hcl-mit-magnetischem-verschluss-nachfuellbarer-tropfenfaenger-aus-bernstein-und-milchglas-2x30-ml-ideal-fuer-reisen\\\/\"]}]},{\"@type\":\"ImageObject\",\"inLanguage\":\"de\",\"@id\":\"https:\\\/\\\/o7-organic.com\\\/de\\\/kaufen\\\/tragbarer-koffer-natriumchlorit-aktivator-hcl-mit-magnetischem-verschluss-nachfuellbarer-tropfenfaenger-aus-bernstein-und-milchglas-2x30-ml-ideal-fuer-reisen\\\/#primaryimage\",\"url\":\"https:\\\/\\\/o7-organic.com\\\/wp-content\\\/uploads\\\/2023\\\/03\\\/Caja-magnetica-goteros-purificador_resultado.jpg\",\"contentUrl\":\"https:\\\/\\\/o7-organic.com\\\/wp-content\\\/uploads\\\/2023\\\/03\\\/Caja-magnetica-goteros-purificador_resultado.jpg\",\"width\":1000,\"height\":1000},{\"@type\":\"BreadcrumbList\",\"@id\":\"https:\\\/\\\/o7-organic.com\\\/de\\\/kaufen\\\/tragbarer-koffer-natriumchlorit-aktivator-hcl-mit-magnetischem-verschluss-nachfuellbarer-tropfenfaenger-aus-bernstein-und-milchglas-2x30-ml-ideal-fuer-reisen\\\/#breadcrumb\",\"itemListElement\":[{\"@type\":\"ListItem\",\"position\":1,\"name\":\"Portada\",\"item\":\"https:\\\/\\\/o7-organic.com\\\/\"},{\"@type\":\"ListItem\",\"position\":2,\"name\":\"Shop\",\"item\":\"https:\\\/\\\/o7-organic.com\\\/de\\\/shop\\\/\"},{\"@type\":\"ListItem\",\"position\":3,\"name\":\"Tragbarer Koffer Natriumchlorit + Aktivator (HCL) mit magnetischem Verschluss. Nachf\u00fcllbarer Tropfenf\u00e4nger aus Bernstein und Milchglas. 2&#215;30 ml. Ideal f\u00fcr Reisen.\"}]},{\"@type\":\"WebSite\",\"@id\":\"https:\\\/\\\/o7-organic.com\\\/#website\",\"url\":\"https:\\\/\\\/o7-organic.com\\\/\",\"name\":\"O7-Organic\",\"description\":\"Innovaci\u00f3n en salud a tu alcance\",\"publisher\":{\"@id\":\"https:\\\/\\\/o7-organic.com\\\/#organization\"},\"potentialAction\":[{\"@type\":\"SearchAction\",\"target\":{\"@type\":\"EntryPoint\",\"urlTemplate\":\"https:\\\/\\\/o7-organic.com\\\/?s={search_term_string}\"},\"query-input\":{\"@type\":\"PropertyValueSpecification\",\"valueRequired\":true,\"valueName\":\"search_term_string\"}}],\"inLanguage\":\"de\"},{\"@type\":\"Organization\",\"@id\":\"https:\\\/\\\/o7-organic.com\\\/#organization\",\"name\":\"O7-Organic\",\"url\":\"https:\\\/\\\/o7-organic.com\\\/\",\"logo\":{\"@type\":\"ImageObject\",\"inLanguage\":\"de\",\"@id\":\"https:\\\/\\\/o7-organic.com\\\/#\\\/schema\\\/logo\\\/image\\\/\",\"url\":\"https:\\\/\\\/o7-organic.com\\\/wp-content\\\/uploads\\\/2023\\\/03\\\/logo_o7_organic.png\",\"contentUrl\":\"https:\\\/\\\/o7-organic.com\\\/wp-content\\\/uploads\\\/2023\\\/03\\\/logo_o7_organic.png\",\"width\":512,\"height\":512,\"caption\":\"O7-Organic\"},\"image\":{\"@id\":\"https:\\\/\\\/o7-organic.com\\\/#\\\/schema\\\/logo\\\/image\\\/\"},\"sameAs\":[\"https:\\\/\\\/www.instagram.com\\\/o7organic\\\/\"]}]}<\/script>\n<!-- \/ Yoast SEO plugin. -->","yoast_head_json":{"title":"Tragbarer Koffer Natriumchlorit + Aktivator (HCL) | O7-Organic","description":"Kaufen Sie tragbare Natriumchlorit + Aktivator (Salzs\u00e4ure - HCL) Koffer mit Magnetverschluss. Zwei 30-ml-Glastropfer. Ideal f\u00fcr Reisen.","robots":{"index":"index","follow":"follow","max-snippet":"max-snippet:-1","max-image-preview":"max-image-preview:large","max-video-preview":"max-video-preview:-1"},"canonical":"https:\/\/o7-organic.com\/de\/kaufen\/tragbarer-koffer-natriumchlorit-aktivator-hcl-mit-magnetischem-verschluss-nachfuellbarer-tropfenfaenger-aus-bernstein-und-milchglas-2x30-ml-ideal-fuer-reisen\/","og_locale":"de_DE","og_type":"article","og_title":"Tragbarer Koffer Natriumchlorit + Aktivator (HCL) | O7-Organic","og_description":"Kaufen Sie tragbare Natriumchlorit + Aktivator (Salzs\u00e4ure - HCL) Koffer mit Magnetverschluss. Zwei 30-ml-Glastropfer. Ideal f\u00fcr Reisen.","og_url":"https:\/\/o7-organic.com\/de\/kaufen\/tragbarer-koffer-natriumchlorit-aktivator-hcl-mit-magnetischem-verschluss-nachfuellbarer-tropfenfaenger-aus-bernstein-und-milchglas-2x30-ml-ideal-fuer-reisen\/","og_site_name":"O7-Organic","og_image":[{"width":1000,"height":1000,"url":"https:\/\/o7-organic.com\/wp-content\/uploads\/2023\/03\/Caja-magnetica-goteros-purificador_resultado.jpg","type":"image\/jpeg"}],"twitter_card":"summary_large_image","twitter_misc":{"Gesch\u00e4tzte Lesezeit":"1\u00a0Minute"},"schema":{"@context":"https:\/\/schema.org","@graph":[{"@type":"WebPage","@id":"https:\/\/o7-organic.com\/de\/kaufen\/tragbarer-koffer-natriumchlorit-aktivator-hcl-mit-magnetischem-verschluss-nachfuellbarer-tropfenfaenger-aus-bernstein-und-milchglas-2x30-ml-ideal-fuer-reisen\/","url":"https:\/\/o7-organic.com\/de\/kaufen\/tragbarer-koffer-natriumchlorit-aktivator-hcl-mit-magnetischem-verschluss-nachfuellbarer-tropfenfaenger-aus-bernstein-und-milchglas-2x30-ml-ideal-fuer-reisen\/","name":"Tragbarer Koffer Natriumchlorit + Aktivator (HCL) | O7-Organic","isPartOf":{"@id":"https:\/\/o7-organic.com\/#website"},"primaryImageOfPage":{"@id":"https:\/\/o7-organic.com\/de\/kaufen\/tragbarer-koffer-natriumchlorit-aktivator-hcl-mit-magnetischem-verschluss-nachfuellbarer-tropfenfaenger-aus-bernstein-und-milchglas-2x30-ml-ideal-fuer-reisen\/#primaryimage"},"image":{"@id":"https:\/\/o7-organic.com\/de\/kaufen\/tragbarer-koffer-natriumchlorit-aktivator-hcl-mit-magnetischem-verschluss-nachfuellbarer-tropfenfaenger-aus-bernstein-und-milchglas-2x30-ml-ideal-fuer-reisen\/#primaryimage"},"thumbnailUrl":"https:\/\/o7-organic.com\/wp-content\/uploads\/2023\/03\/Caja-magnetica-goteros-purificador_resultado.jpg","datePublished":"2023-03-08T13:25:31+00:00","description":"Kaufen Sie tragbare Natriumchlorit + Aktivator (Salzs\u00e4ure - HCL) Koffer mit Magnetverschluss. Zwei 30-ml-Glastropfer. Ideal f\u00fcr Reisen.","breadcrumb":{"@id":"https:\/\/o7-organic.com\/de\/kaufen\/tragbarer-koffer-natriumchlorit-aktivator-hcl-mit-magnetischem-verschluss-nachfuellbarer-tropfenfaenger-aus-bernstein-und-milchglas-2x30-ml-ideal-fuer-reisen\/#breadcrumb"},"inLanguage":"de","potentialAction":[{"@type":"ReadAction","target":["https:\/\/o7-organic.com\/de\/kaufen\/tragbarer-koffer-natriumchlorit-aktivator-hcl-mit-magnetischem-verschluss-nachfuellbarer-tropfenfaenger-aus-bernstein-und-milchglas-2x30-ml-ideal-fuer-reisen\/"]}]},{"@type":"ImageObject","inLanguage":"de","@id":"https:\/\/o7-organic.com\/de\/kaufen\/tragbarer-koffer-natriumchlorit-aktivator-hcl-mit-magnetischem-verschluss-nachfuellbarer-tropfenfaenger-aus-bernstein-und-milchglas-2x30-ml-ideal-fuer-reisen\/#primaryimage","url":"https:\/\/o7-organic.com\/wp-content\/uploads\/2023\/03\/Caja-magnetica-goteros-purificador_resultado.jpg","contentUrl":"https:\/\/o7-organic.com\/wp-content\/uploads\/2023\/03\/Caja-magnetica-goteros-purificador_resultado.jpg","width":1000,"height":1000},{"@type":"BreadcrumbList","@id":"https:\/\/o7-organic.com\/de\/kaufen\/tragbarer-koffer-natriumchlorit-aktivator-hcl-mit-magnetischem-verschluss-nachfuellbarer-tropfenfaenger-aus-bernstein-und-milchglas-2x30-ml-ideal-fuer-reisen\/#breadcrumb","itemListElement":[{"@type":"ListItem","position":1,"name":"Portada","item":"https:\/\/o7-organic.com\/"},{"@type":"ListItem","position":2,"name":"Shop","item":"https:\/\/o7-organic.com\/de\/shop\/"},{"@type":"ListItem","position":3,"name":"Tragbarer Koffer Natriumchlorit + Aktivator (HCL) mit magnetischem Verschluss. Nachf\u00fcllbarer Tropfenf\u00e4nger aus Bernstein und Milchglas. 2&#215;30 ml. Ideal f\u00fcr Reisen."}]},{"@type":"WebSite","@id":"https:\/\/o7-organic.com\/#website","url":"https:\/\/o7-organic.com\/","name":"O7-Organic","description":"Innovaci\u00f3n en salud a tu alcance","publisher":{"@id":"https:\/\/o7-organic.com\/#organization"},"potentialAction":[{"@type":"SearchAction","target":{"@type":"EntryPoint","urlTemplate":"https:\/\/o7-organic.com\/?s={search_term_string}"},"query-input":{"@type":"PropertyValueSpecification","valueRequired":true,"valueName":"search_term_string"}}],"inLanguage":"de"},{"@type":"Organization","@id":"https:\/\/o7-organic.com\/#organization","name":"O7-Organic","url":"https:\/\/o7-organic.com\/","logo":{"@type":"ImageObject","inLanguage":"de","@id":"https:\/\/o7-organic.com\/#\/schema\/logo\/image\/","url":"https:\/\/o7-organic.com\/wp-content\/uploads\/2023\/03\/logo_o7_organic.png","contentUrl":"https:\/\/o7-organic.com\/wp-content\/uploads\/2023\/03\/logo_o7_organic.png","width":512,"height":512,"caption":"O7-Organic"},"image":{"@id":"https:\/\/o7-organic.com\/#\/schema\/logo\/image\/"},"sameAs":["https:\/\/www.instagram.com\/o7organic\/"]}]}},"_links":{"self":[{"href":"https:\/\/o7-organic.com\/de\/wp-json\/wp\/v2\/product\/10939","targetHints":{"allow":["GET"]}}],"collection":[{"href":"https:\/\/o7-organic.com\/de\/wp-json\/wp\/v2\/product"}],"about":[{"href":"https:\/\/o7-organic.com\/de\/wp-json\/wp\/v2\/types\/product"}],"replies":[{"embeddable":true,"href":"https:\/\/o7-organic.com\/de\/wp-json\/wp\/v2\/comments?post=10939"}],"version-history":[{"count":0,"href":"https:\/\/o7-organic.com\/de\/wp-json\/wp\/v2\/product\/10939\/revisions"}],"wp:featuredmedia":[{"embeddable":true,"href":"https:\/\/o7-organic.com\/de\/wp-json\/wp\/v2\/media\/10770"}],"wp:attachment":[{"href":"https:\/\/o7-organic.com\/de\/wp-json\/wp\/v2\/media?parent=10939"}],"wp:term":[{"taxonomy":"product_brand","embeddable":true,"href":"https:\/\/o7-organic.com\/de\/wp-json\/wp\/v2\/product_brand?post=10939"},{"taxonomy":"product_cat","embeddable":true,"href":"https:\/\/o7-organic.com\/de\/wp-json\/wp\/v2\/product_cat?post=10939"},{"taxonomy":"product_tag","embeddable":true,"href":"https:\/\/o7-organic.com\/de\/wp-json\/wp\/v2\/product_tag?post=10939"}],"curies":[{"name":"wp","href":"https:\/\/api.w.org\/{rel}","templated":true}]}}