{"id":10900,"date":"2023-03-03T10:01:26","date_gmt":"2023-03-03T10:01:26","guid":{"rendered":"https:\/\/o7-organic.com\/comprar\/reines-chlordioxid-3000-ppm-cds-cdl-250-ml-in-der-braunglasflasche-mit-dosierkappe-und-spritze-enthalten\/"},"modified":"2025-03-02T19:54:48","modified_gmt":"2025-03-02T19:54:48","slug":"chlordioxid-cdl-3000-ppm","status":"publish","type":"product","link":"https:\/\/o7-organic.com\/de\/kaufen\/chlordioxid-cdl-3000-ppm\/","title":{"rendered":"Reines Chlordioxid 3000 ppm &#8211; CDS-CDL 250 ml in der Braunglasflasche mit Dosierkappe und Spritze enthalten."},"content":{"rendered":"<h2>Chlordioxid (CDL) in 250 ml Braunglasflasche kaufen<\/h2>\n<p>Hochgereinigte Chlordioxidl\u00f6sung, die durch Elektrolyse mit einer Konzentration von 3000 ppm erzeugt wird. 250-ml-Braunglasbeh\u00e4lter, speziell entwickelt zum Schutz vor UV-Licht und W\u00e4rmequellen. Inklusive Dosierkappe und 5-ml-Spritze, die perfekt sitzt und so ein Ausstr\u00f6men von Gas aus dem CDS verhindert.<\/p>\n<p>Kaufen Sie Chlordioxid durch Elektrolyse von hoher Qualit\u00e4t und Reinheit bei 0,3% mit destilliertem Wasser aktiviert erzeugt. Die Haltbarkeit betr\u00e4gt mindestens 6 Monate, wenn es unter optimalen Bedingungen aufbewahrt wird. Das Chlordioxid (CDL), das durch Elektrolyse bei 3000 ppm O7-Organic erzeugt wird, enth\u00e4lt keine Hilfsstoffe, Konservierungsmittel, Aromen oder stabilisierende Chemikalien.<\/p>\n<p>Chlordioxid ist in Artikel 95 der EU-Verordnung 528\/2012 \u00fcber Biozidprodukte aufgef\u00fchrt. Ausschlie\u00dfliche Verwendung f\u00fcr die Behandlung und Desinfektion von Wasser f\u00fcr den menschlichen und tierischen Gebrauch.<\/p>\n<h2>Was ist der CDL und wof\u00fcr wird er eingesetzt?<\/h2>\n<h3>Entdecken Sie die Verwendungszwecke und Anwendungen von Chlordioxid<\/h3>\n<p>CDL ist ein Biozid mit mehreren Eigenschaften, das h\u00e4ufig zur Wasserdesinfektion und -stabilisierung eingesetzt wird. Aufgrund seiner starken desinfizierenden Wirkung findet es breite Anwendung bei der gr\u00fcndlichen Reinigung von Gegenst\u00e4nden und Oberfl\u00e4chen sowie in Krankenh\u00e4usern (Sterilisation von medizinischen Ger\u00e4ten und Reinigung von Operationss\u00e4len).<\/p>\n<p>Chlordioxid mit 3000 ppm ist nachweislich hochwirksam und sicher bei der Abt\u00f6tung von Viren, Bakterien, Mikroben, Pilzen und pathogenen Keimen wie <em>Legionellen<\/em>.<\/p>\n<h2>Konservierung von Chlordioxid (CDL)<\/h2>\n<p>Bewahren Sie den Beh\u00e4lter an einem k\u00fchlen, trockenen und vor Licht gesch\u00fctzten Ort auf. Nach dem \u00d6ffnen in aufrechter Position im K\u00fchlschrank lagern. Wir empfehlen, Chlordioxid in einer Konzentration von 3000 ppm bei einer Temperatur unter 11 \u00baC zu verwenden und den Beh\u00e4lter nach dem \u00d6ffnen schnell zu schlie\u00dfen, damit das Gas nicht verdampft. Das CDL mit 3000 ppm ist in einer speziell ausgew\u00e4hlten Braunglasflasche verpackt, die das Chlordioxid gut aufbewahrt und vor ultraviolettem Licht und W\u00e4rmequellen sch\u00fctzt.<\/p>\n<p>Das CDL hat ein Verfallsdatum von 6 Monaten ab dem auf dem Produktetikett angegebenen Herstellungsdatum.<\/p>\n<h2>Anweisungen f\u00fcr den Gebrauch<\/h2>\n<h3>Wie wird Chlordioxid verwendet und in welcher Dosierung?<\/h3>\n<p>1 ml des Produkts pro Liter des zu behandelnden Wassers in Wasser verd\u00fcnnen und mindestens 30 Minuten einwirken lassen. Dazu wird die Spritze einfach in die T\u00fclle der Flasche gesteckt und 1 ml Chlordioxid entnommen. Sie k\u00f6nnen sowohl die mitgelieferte Spritze (mit exakter ml-Zahl) als auch die Messkappe (ca. 20 Tropfen entsprechen 1 ml) verwenden.<\/p>\n<p>Die Menge des Produkts kann je nach der Qualit\u00e4t des zu behandelnden Wassers variieren. Mit Vorsicht zu verwenden.<\/p>\n<p>Verbrauchen Sie kein behandeltes Wasser, bis der Aktivchlorgehalt zwischen 0,5 und 1,5 ppm liegt.<\/p>\n<h2>Kontraindikationen beim Kauf von Chlordioxid (CDL)<\/h2>\n<p>Beim Kauf von Chlordioxid (CDL), das durch Elektrolyse erzeugt wird, empfehlen wir, das <a href=\"https:\/\/o7-organic.com\/wp-content\/uploads\/2023\/03\/ES-FDS-DIOXIDO-DE-CLORO-EN-DISOLUCION-Ed.1.pdf\">Sicherheitsdatenblatt<\/a> des Produkts zu lesen, um eine korrekte und ordnungsgem\u00e4\u00dfe Verwendung sicherzustellen. Bei der Verwendung ist Vorsicht geboten, lesen Sie stets die Etiketten und Produktinformationen.<\/p>\n<h2>Wie man reines CDS mit 3000 ppm mit einem elektrolytischen Generator erzeugt<\/h2>\n<p>Als Erg\u00e4nzung zu diesem Produkt sind Sie vielleicht am <a href=\"https:\/\/lghealth-isystems.eu\/\" target=\"_blank\" rel=\"noopener\">Kauf des weltweit patentierten elektrolytischen Ultrapure CDL-Generators<\/a> interessiert, mit dem Sie zu Hause Chlordioxid mit 3000 ppm produzieren k\u00f6nnen.<\/p>\n<h2>H\u00e4ufig gestellte Fragen beim Kauf von Chlordioxid (FAQ)<\/h2>\n<h3>Ist es notwendig, O7-Organic Chlordioxid (CDL) zu aktivieren?<\/h3>\n<p>Das ist nicht notwendig. Unser durch Elektrolyse erzeugtes CDL ist direkt einsatzbereit, d. h. es ist bereits aktiviert und Sie m\u00fcssen nichts weiter tun. Wir empfehlen lediglich, ihn vor dem Verzehr auf eine Temperatur von unter 11\u00baC abzuk\u00fchlen.<\/p>\n<h3>Enth\u00e4lt CDL 250 ml irgendwelche Hilfsstoffe?<\/h3>\n<p>Nein, unser Chlordioxid (CDL) ist ein Produkt ohne Hilfsstoffe, Konservierungsmittel oder stabilisierende Chemikalien.<\/p>\n<h3>Ich habe beschlossen, Chlordioxid zu kaufen. Welche Dosierung sollte ich verwenden, um 1 Liter Wasser trinkbar zu machen?<\/h3>\n<p>Um 1 Liter Nicht-Trinkwasser zu trinken, wird empfohlen, 1 ml (oder 20 Tropfen) Chlordioxid mit 3000 ppm zu verwenden, das das Wasser von Keimen, Bakterien und Pilzen desinfiziert.<\/p>\n<h4>Wie messe ich die Menge ab, wenn ich mich entschlie\u00dfe, den Tropfer der Dosierkappe zu verwenden?<\/h4>\n<p>Wenn Sie die Messkappe besser verwenden k\u00f6nnen, sollten Sie 20 Tropfen verwenden, da dies 1 ml Chlordioxid entspricht.<\/p>\n<h4>Wie messe ich die Menge ab, wenn ich die Spritze verwenden m\u00f6chte?<\/h4>\n<p>Stecken Sie einfach die 5-ml-Spritze in das Loch in der T\u00fclle des Stopfens und ziehen Sie 1 ml ab.<\/p>\n","protected":false},"excerpt":{"rendered":"<p>Hochreine <strong>Chlordioxidl\u00f6sung<\/strong> mit <strong>3000 ppm<\/strong> <strong>in einer Braunglasflasche<\/strong>. Inklusive <strong>Dosierkappe und 5-ml-Spritze,<\/strong> die perfekt sitzt und so ein Ausstr\u00f6men von Gas aus dem CDL verhindert.<\/p>\n<p><strong>Chlordioxid<\/strong> (CDL) 0,3% in Braunglasflasche mit Dosierkappe. Keine Hilfsstoffe oder Konservierungsmittel.<\/p>\n<p>Durch Elektrolyse erzeugtes CDL, eine nat\u00fcrlichere und wirksamere Methode als die \u00fcbliche Aktivierung mit 25% Natriumchlorit und 4% Salzs\u00e4ure.<\/p>\n","protected":false},"featured_media":10725,"comment_status":"open","ping_status":"closed","template":"","meta":[],"product_brand":[],"product_cat":[139],"product_tag":[],"class_list":{"0":"post-10900","1":"product","2":"type-product","3":"status-publish","4":"has-post-thumbnail","6":"product_cat-chlordioxid","8":"first","9":"outofstock","10":"sale","11":"taxable","12":"shipping-taxable","13":"purchasable","14":"product-type-simple"},"yoast_head":"<!-- This site is optimized with the Yoast SEO plugin v27.4 - https:\/\/yoast.com\/product\/yoast-seo-wordpress\/ -->\n<title>Chlordioxid (CDS-CDL) 3000 ppm - 250 ml kaufen | O7-Organic<\/title>\n<meta name=\"description\" content=\"Kaufen Sie Chlordioxid (CDS-CDL) zu 3000 ppm in einer Braunglasflasche. Exklusiver Reiniger zur Reinigung von Wasser f\u00fcr den menschlichen und tierischen Gebrauch.\" \/>\n<meta name=\"robots\" content=\"index, follow, max-snippet:-1, max-image-preview:large, max-video-preview:-1\" \/>\n<link rel=\"canonical\" href=\"https:\/\/o7-organic.com\/de\/kaufen\/chlordioxid-cdl-3000-ppm\/\" \/>\n<meta property=\"og:locale\" content=\"de_DE\" \/>\n<meta property=\"og:type\" content=\"article\" \/>\n<meta property=\"og:title\" content=\"Chlordioxid (CDS-CDL) 3000 ppm - 250 ml kaufen | O7-Organic\" \/>\n<meta property=\"og:description\" content=\"Kaufen Sie Chlordioxid (CDS-CDL) zu 3000 ppm in einer Braunglasflasche. Exklusiver Reiniger zur Reinigung von Wasser f\u00fcr den menschlichen und tierischen Gebrauch.\" \/>\n<meta property=\"og:url\" content=\"https:\/\/o7-organic.com\/de\/kaufen\/chlordioxid-cdl-3000-ppm\/\" \/>\n<meta property=\"og:site_name\" content=\"O7-Organic\" \/>\n<meta property=\"article:modified_time\" content=\"2025-03-02T19:54:48+00:00\" \/>\n<meta property=\"og:image\" content=\"https:\/\/o7-organic.com\/wp-content\/uploads\/2023\/03\/cds-250-ml_resultado.jpg\" \/>\n\t<meta property=\"og:image:width\" content=\"1000\" \/>\n\t<meta property=\"og:image:height\" content=\"1000\" \/>\n\t<meta property=\"og:image:type\" content=\"image\/jpeg\" \/>\n<meta name=\"twitter:card\" content=\"summary_large_image\" \/>\n<meta name=\"twitter:label1\" content=\"Gesch\u00e4tzte Lesezeit\" \/>\n\t<meta name=\"twitter:data1\" content=\"3\u00a0Minuten\" \/>\n<script type=\"application\/ld+json\" class=\"yoast-schema-graph\">{\"@context\":\"https:\\\/\\\/schema.org\",\"@graph\":[{\"@type\":\"WebPage\",\"@id\":\"https:\\\/\\\/o7-organic.com\\\/de\\\/kaufen\\\/chlordioxid-cdl-3000-ppm\\\/\",\"url\":\"https:\\\/\\\/o7-organic.com\\\/de\\\/kaufen\\\/chlordioxid-cdl-3000-ppm\\\/\",\"name\":\"Chlordioxid (CDS-CDL) 3000 ppm - 250 ml kaufen | O7-Organic\",\"isPartOf\":{\"@id\":\"https:\\\/\\\/o7-organic.com\\\/#website\"},\"primaryImageOfPage\":{\"@id\":\"https:\\\/\\\/o7-organic.com\\\/de\\\/kaufen\\\/chlordioxid-cdl-3000-ppm\\\/#primaryimage\"},\"image\":{\"@id\":\"https:\\\/\\\/o7-organic.com\\\/de\\\/kaufen\\\/chlordioxid-cdl-3000-ppm\\\/#primaryimage\"},\"thumbnailUrl\":\"https:\\\/\\\/o7-organic.com\\\/wp-content\\\/uploads\\\/2023\\\/03\\\/cds-250-ml_resultado.jpg\",\"datePublished\":\"2023-03-03T10:01:26+00:00\",\"dateModified\":\"2025-03-02T19:54:48+00:00\",\"description\":\"Kaufen Sie Chlordioxid (CDS-CDL) zu 3000 ppm in einer Braunglasflasche. Exklusiver Reiniger zur Reinigung von Wasser f\u00fcr den menschlichen und tierischen Gebrauch.\",\"breadcrumb\":{\"@id\":\"https:\\\/\\\/o7-organic.com\\\/de\\\/kaufen\\\/chlordioxid-cdl-3000-ppm\\\/#breadcrumb\"},\"inLanguage\":\"de\",\"potentialAction\":[{\"@type\":\"ReadAction\",\"target\":[\"https:\\\/\\\/o7-organic.com\\\/de\\\/kaufen\\\/chlordioxid-cdl-3000-ppm\\\/\"]}]},{\"@type\":\"ImageObject\",\"inLanguage\":\"de\",\"@id\":\"https:\\\/\\\/o7-organic.com\\\/de\\\/kaufen\\\/chlordioxid-cdl-3000-ppm\\\/#primaryimage\",\"url\":\"https:\\\/\\\/o7-organic.com\\\/wp-content\\\/uploads\\\/2023\\\/03\\\/cds-250-ml_resultado.jpg\",\"contentUrl\":\"https:\\\/\\\/o7-organic.com\\\/wp-content\\\/uploads\\\/2023\\\/03\\\/cds-250-ml_resultado.jpg\",\"width\":1000,\"height\":1000},{\"@type\":\"BreadcrumbList\",\"@id\":\"https:\\\/\\\/o7-organic.com\\\/de\\\/kaufen\\\/chlordioxid-cdl-3000-ppm\\\/#breadcrumb\",\"itemListElement\":[{\"@type\":\"ListItem\",\"position\":1,\"name\":\"Portada\",\"item\":\"https:\\\/\\\/o7-organic.com\\\/\"},{\"@type\":\"ListItem\",\"position\":2,\"name\":\"Shop\",\"item\":\"https:\\\/\\\/o7-organic.com\\\/de\\\/shop\\\/\"},{\"@type\":\"ListItem\",\"position\":3,\"name\":\"Reines Chlordioxid 3000 ppm &#8211; CDS-CDL 250 ml in der Braunglasflasche mit Dosierkappe und Spritze enthalten.\"}]},{\"@type\":\"WebSite\",\"@id\":\"https:\\\/\\\/o7-organic.com\\\/#website\",\"url\":\"https:\\\/\\\/o7-organic.com\\\/\",\"name\":\"O7-Organic\",\"description\":\"Innovaci\u00f3n en salud a tu alcance\",\"publisher\":{\"@id\":\"https:\\\/\\\/o7-organic.com\\\/#organization\"},\"potentialAction\":[{\"@type\":\"SearchAction\",\"target\":{\"@type\":\"EntryPoint\",\"urlTemplate\":\"https:\\\/\\\/o7-organic.com\\\/?s={search_term_string}\"},\"query-input\":{\"@type\":\"PropertyValueSpecification\",\"valueRequired\":true,\"valueName\":\"search_term_string\"}}],\"inLanguage\":\"de\"},{\"@type\":\"Organization\",\"@id\":\"https:\\\/\\\/o7-organic.com\\\/#organization\",\"name\":\"O7-Organic\",\"url\":\"https:\\\/\\\/o7-organic.com\\\/\",\"logo\":{\"@type\":\"ImageObject\",\"inLanguage\":\"de\",\"@id\":\"https:\\\/\\\/o7-organic.com\\\/#\\\/schema\\\/logo\\\/image\\\/\",\"url\":\"https:\\\/\\\/o7-organic.com\\\/wp-content\\\/uploads\\\/2023\\\/03\\\/logo_o7_organic.png\",\"contentUrl\":\"https:\\\/\\\/o7-organic.com\\\/wp-content\\\/uploads\\\/2023\\\/03\\\/logo_o7_organic.png\",\"width\":512,\"height\":512,\"caption\":\"O7-Organic\"},\"image\":{\"@id\":\"https:\\\/\\\/o7-organic.com\\\/#\\\/schema\\\/logo\\\/image\\\/\"},\"sameAs\":[\"https:\\\/\\\/www.instagram.com\\\/o7organic\\\/\"]}]}<\/script>\n<!-- \/ Yoast SEO plugin. -->","yoast_head_json":{"title":"Chlordioxid (CDS-CDL) 3000 ppm - 250 ml kaufen | O7-Organic","description":"Kaufen Sie Chlordioxid (CDS-CDL) zu 3000 ppm in einer Braunglasflasche. Exklusiver Reiniger zur Reinigung von Wasser f\u00fcr den menschlichen und tierischen Gebrauch.","robots":{"index":"index","follow":"follow","max-snippet":"max-snippet:-1","max-image-preview":"max-image-preview:large","max-video-preview":"max-video-preview:-1"},"canonical":"https:\/\/o7-organic.com\/de\/kaufen\/chlordioxid-cdl-3000-ppm\/","og_locale":"de_DE","og_type":"article","og_title":"Chlordioxid (CDS-CDL) 3000 ppm - 250 ml kaufen | O7-Organic","og_description":"Kaufen Sie Chlordioxid (CDS-CDL) zu 3000 ppm in einer Braunglasflasche. Exklusiver Reiniger zur Reinigung von Wasser f\u00fcr den menschlichen und tierischen Gebrauch.","og_url":"https:\/\/o7-organic.com\/de\/kaufen\/chlordioxid-cdl-3000-ppm\/","og_site_name":"O7-Organic","article_modified_time":"2025-03-02T19:54:48+00:00","og_image":[{"width":1000,"height":1000,"url":"https:\/\/o7-organic.com\/wp-content\/uploads\/2023\/03\/cds-250-ml_resultado.jpg","type":"image\/jpeg"}],"twitter_card":"summary_large_image","twitter_misc":{"Gesch\u00e4tzte Lesezeit":"3\u00a0Minuten"},"schema":{"@context":"https:\/\/schema.org","@graph":[{"@type":"WebPage","@id":"https:\/\/o7-organic.com\/de\/kaufen\/chlordioxid-cdl-3000-ppm\/","url":"https:\/\/o7-organic.com\/de\/kaufen\/chlordioxid-cdl-3000-ppm\/","name":"Chlordioxid (CDS-CDL) 3000 ppm - 250 ml kaufen | O7-Organic","isPartOf":{"@id":"https:\/\/o7-organic.com\/#website"},"primaryImageOfPage":{"@id":"https:\/\/o7-organic.com\/de\/kaufen\/chlordioxid-cdl-3000-ppm\/#primaryimage"},"image":{"@id":"https:\/\/o7-organic.com\/de\/kaufen\/chlordioxid-cdl-3000-ppm\/#primaryimage"},"thumbnailUrl":"https:\/\/o7-organic.com\/wp-content\/uploads\/2023\/03\/cds-250-ml_resultado.jpg","datePublished":"2023-03-03T10:01:26+00:00","dateModified":"2025-03-02T19:54:48+00:00","description":"Kaufen Sie Chlordioxid (CDS-CDL) zu 3000 ppm in einer Braunglasflasche. Exklusiver Reiniger zur Reinigung von Wasser f\u00fcr den menschlichen und tierischen Gebrauch.","breadcrumb":{"@id":"https:\/\/o7-organic.com\/de\/kaufen\/chlordioxid-cdl-3000-ppm\/#breadcrumb"},"inLanguage":"de","potentialAction":[{"@type":"ReadAction","target":["https:\/\/o7-organic.com\/de\/kaufen\/chlordioxid-cdl-3000-ppm\/"]}]},{"@type":"ImageObject","inLanguage":"de","@id":"https:\/\/o7-organic.com\/de\/kaufen\/chlordioxid-cdl-3000-ppm\/#primaryimage","url":"https:\/\/o7-organic.com\/wp-content\/uploads\/2023\/03\/cds-250-ml_resultado.jpg","contentUrl":"https:\/\/o7-organic.com\/wp-content\/uploads\/2023\/03\/cds-250-ml_resultado.jpg","width":1000,"height":1000},{"@type":"BreadcrumbList","@id":"https:\/\/o7-organic.com\/de\/kaufen\/chlordioxid-cdl-3000-ppm\/#breadcrumb","itemListElement":[{"@type":"ListItem","position":1,"name":"Portada","item":"https:\/\/o7-organic.com\/"},{"@type":"ListItem","position":2,"name":"Shop","item":"https:\/\/o7-organic.com\/de\/shop\/"},{"@type":"ListItem","position":3,"name":"Reines Chlordioxid 3000 ppm &#8211; CDS-CDL 250 ml in der Braunglasflasche mit Dosierkappe und Spritze enthalten."}]},{"@type":"WebSite","@id":"https:\/\/o7-organic.com\/#website","url":"https:\/\/o7-organic.com\/","name":"O7-Organic","description":"Innovaci\u00f3n en salud a tu alcance","publisher":{"@id":"https:\/\/o7-organic.com\/#organization"},"potentialAction":[{"@type":"SearchAction","target":{"@type":"EntryPoint","urlTemplate":"https:\/\/o7-organic.com\/?s={search_term_string}"},"query-input":{"@type":"PropertyValueSpecification","valueRequired":true,"valueName":"search_term_string"}}],"inLanguage":"de"},{"@type":"Organization","@id":"https:\/\/o7-organic.com\/#organization","name":"O7-Organic","url":"https:\/\/o7-organic.com\/","logo":{"@type":"ImageObject","inLanguage":"de","@id":"https:\/\/o7-organic.com\/#\/schema\/logo\/image\/","url":"https:\/\/o7-organic.com\/wp-content\/uploads\/2023\/03\/logo_o7_organic.png","contentUrl":"https:\/\/o7-organic.com\/wp-content\/uploads\/2023\/03\/logo_o7_organic.png","width":512,"height":512,"caption":"O7-Organic"},"image":{"@id":"https:\/\/o7-organic.com\/#\/schema\/logo\/image\/"},"sameAs":["https:\/\/www.instagram.com\/o7organic\/"]}]}},"_links":{"self":[{"href":"https:\/\/o7-organic.com\/de\/wp-json\/wp\/v2\/product\/10900","targetHints":{"allow":["GET"]}}],"collection":[{"href":"https:\/\/o7-organic.com\/de\/wp-json\/wp\/v2\/product"}],"about":[{"href":"https:\/\/o7-organic.com\/de\/wp-json\/wp\/v2\/types\/product"}],"replies":[{"embeddable":true,"href":"https:\/\/o7-organic.com\/de\/wp-json\/wp\/v2\/comments?post=10900"}],"version-history":[{"count":1,"href":"https:\/\/o7-organic.com\/de\/wp-json\/wp\/v2\/product\/10900\/revisions"}],"predecessor-version":[{"id":10901,"href":"https:\/\/o7-organic.com\/de\/wp-json\/wp\/v2\/product\/10900\/revisions\/10901"}],"wp:featuredmedia":[{"embeddable":true,"href":"https:\/\/o7-organic.com\/de\/wp-json\/wp\/v2\/media\/10725"}],"wp:attachment":[{"href":"https:\/\/o7-organic.com\/de\/wp-json\/wp\/v2\/media?parent=10900"}],"wp:term":[{"taxonomy":"product_brand","embeddable":true,"href":"https:\/\/o7-organic.com\/de\/wp-json\/wp\/v2\/product_brand?post=10900"},{"taxonomy":"product_cat","embeddable":true,"href":"https:\/\/o7-organic.com\/de\/wp-json\/wp\/v2\/product_cat?post=10900"},{"taxonomy":"product_tag","embeddable":true,"href":"https:\/\/o7-organic.com\/de\/wp-json\/wp\/v2\/product_tag?post=10900"}],"curies":[{"name":"wp","href":"https:\/\/api.w.org\/{rel}","templated":true}]}}